{"id":1271,"date":"2022-05-10T16:36:38","date_gmt":"2022-05-10T14:36:38","guid":{"rendered":"https:\/\/agora.xtec.cat\/escaldana\/?page_id=1271"},"modified":"2024-11-13T13:26:13","modified_gmt":"2024-11-13T12:26:13","slug":"elements-naturals","status":"publish","type":"page","link":"https:\/\/agora.xtec.cat\/escaldana\/el-projecte\/ens-cuidem-per-poder-creixer-i-aprendre-junts\/elements-naturals\/","title":{"rendered":"Elements naturals"},"content":{"rendered":"<p><img loading=\"lazy\" decoding=\"async\" class=\"wp-image-2253 alignleft\" src=\"https:\/\/agora.xtec.cat\/escaldana\/wp-content\/uploads\/usu2638\/2024\/11\/natu-300x224.jpg\" alt=\"\" width=\"203\" height=\"152\" srcset=\"https:\/\/agora.xtec.cat\/escaldana\/wp-content\/uploads\/usu2638\/2024\/11\/natu-300x224.jpg 300w, https:\/\/agora.xtec.cat\/escaldana\/wp-content\/uploads\/usu2638\/2024\/11\/natu-1024x766.jpg 1024w, https:\/\/agora.xtec.cat\/escaldana\/wp-content\/uploads\/usu2638\/2024\/11\/natu-768x575.jpg 768w, https:\/\/agora.xtec.cat\/escaldana\/wp-content\/uploads\/usu2638\/2024\/11\/natu-1536x1149.jpg 1536w, https:\/\/agora.xtec.cat\/escaldana\/wp-content\/uploads\/usu2638\/2024\/11\/natu-2048x1532.jpg 2048w, https:\/\/agora.xtec.cat\/escaldana\/wp-content\/uploads\/usu2638\/2024\/11\/natu-200x150.jpg 200w\" sizes=\"auto, (max-width: 203px) 100vw, 203px\" \/><\/p>\n<p style=\"text-align: justify;\"><span style=\"color: #808080;\">El contacte amb elements naturals i amb la natura ofereix als infants possibilitats de plaer i aprenentatge.\u00a0L\u2019acci\u00f3 directa dels infants amb els materials \u00e9s la font principal per construir coneixement no nom\u00e9s sobre l\u2019entorn, sin\u00f3 tamb\u00e9 sobre si mateix i els altres. Per aquest motiu oferim materials<\/span><\/p>\n<p style=\"text-align: justify;\"><span style=\"color: #808080;\">Poder manipular sorra, aigua, sal, pedres, fulles\u2026. recol\u00b7lectar, amassar, observar, enganxar, tocar, fregar, embrutar\u2026\u00a0 Poder estar en contacte amb la natura o amb materials naturals.<\/span><\/p>\n<p style=\"text-align: justify;\"><span style=\"color: #808080;\">Com ho fem?<\/span><\/p>\n<ul>\n<li style=\"text-align: justify;\" aria-level=\"1\"><span style=\"color: #808080;\">Tenint plantes als espais i cuidar-les<\/span><\/li>\n<li style=\"text-align: justify;\" aria-level=\"1\"><span style=\"color: #808080;\">Utilitzant materials naturals: pedres, sorra, fulles, pals \u2026..<\/span><\/li>\n<li style=\"text-align: justify;\" aria-level=\"1\"><span style=\"color: #808080;\">Observar, experimentar i investigar a trav\u00e9s dels sentits aspectes de la natura.<\/span><\/li>\n<li style=\"text-align: justify;\" aria-level=\"1\"><span style=\"color: #808080;\">Sortir a la natura quan sigui possible.<\/span><\/li>\n<\/ul>\n","protected":false},"excerpt":{"rendered":"<p>El contacte amb elements naturals i amb la natura ofereix als infants possibilitats de plaer i aprenentatge.\u00a0L\u2019acci\u00f3 directa dels infants amb els materials \u00e9s la font principal per construir coneixement no nom\u00e9s sobre l\u2019entorn, sin\u00f3 tamb\u00e9 sobre si mateix i els altres. Per aquest motiu&hellip;  <a href=\"https:\/\/agora.xtec.cat\/escaldana\/el-projecte\/ens-cuidem-per-poder-creixer-i-aprendre-junts\/elements-naturals\/\" title=\"Read Elements naturals\">Llegeix m\u00e9s\u00bb<\/a><\/p>\n","protected":false},"author":1,"featured_media":0,"parent":1130,"menu_order":36,"comment_status":"closed","ping_status":"closed","template":"page-templates\/side-menu.php","meta":{"_bbp_topic_count":0,"_bbp_reply_count":0,"_bbp_total_topic_count":0,"_bbp_total_reply_count":0,"_bbp_voice_count":0,"_bbp_anonymous_reply_count":0,"_bbp_topic_count_hidden":0,"_bbp_reply_count_hidden":0,"_bbp_forum_subforum_count":0,"footnotes":""},"class_list":["post-1271","page","type-page","status-publish","hentry"],"post_mailing_queue_ids":[],"_links":{"self":[{"href":"https:\/\/agora.xtec.cat\/escaldana\/wp-json\/wp\/v2\/pages\/1271","targetHints":{"allow":["GET"]}}],"collection":[{"href":"https:\/\/agora.xtec.cat\/escaldana\/wp-json\/wp\/v2\/pages"}],"about":[{"href":"https:\/\/agora.xtec.cat\/escaldana\/wp-json\/wp\/v2\/types\/page"}],"author":[{"embeddable":true,"href":"https:\/\/agora.xtec.cat\/escaldana\/wp-json\/wp\/v2\/users\/1"}],"replies":[{"embeddable":true,"href":"https:\/\/agora.xtec.cat\/escaldana\/wp-json\/wp\/v2\/comments?post=1271"}],"version-history":[{"count":4,"href":"https:\/\/agora.xtec.cat\/escaldana\/wp-json\/wp\/v2\/pages\/1271\/revisions"}],"predecessor-version":[{"id":2254,"href":"https:\/\/agora.xtec.cat\/escaldana\/wp-json\/wp\/v2\/pages\/1271\/revisions\/2254"}],"up":[{"embeddable":true,"href":"https:\/\/agora.xtec.cat\/escaldana\/wp-json\/wp\/v2\/pages\/1130"}],"wp:attachment":[{"href":"https:\/\/agora.xtec.cat\/escaldana\/wp-json\/wp\/v2\/media?parent=1271"}],"curies":[{"name":"wp","href":"https:\/\/api.w.org\/{rel}","templated":true}]}}