{"id":1141,"date":"2022-02-10T09:48:39","date_gmt":"2022-02-10T08:48:39","guid":{"rendered":"https:\/\/agora.xtec.cat\/escaldana\/?page_id=1141"},"modified":"2023-01-18T22:04:45","modified_gmt":"2023-01-18T21:04:45","slug":"els-espais-i-els-materials","status":"publish","type":"page","link":"https:\/\/agora.xtec.cat\/escaldana\/el-projecte\/ens-cuidem-per-poder-creixer-i-aprendre-junts\/els-espais-i-els-materials\/","title":{"rendered":"Els espais i els materials"},"content":{"rendered":"<p style=\"text-align: justify;\"><span style=\"font-weight: 400; color: #808080;\">\u00a0 \u00a0 \u00a0 \u00a0 \u00a0 \u00a0 \u00a0 \u00a0 \u00a0 \u00a0 \u00a0<\/span><img loading=\"lazy\" decoding=\"async\" class=\"wp-image-865 alignleft\" style=\"color: #808080;\" src=\"https:\/\/agora.xtec.cat\/escaldana\/wp-content\/uploads\/usu2638\/2021\/11\/IMG_9414-scaled.jpeg\" alt=\"\" width=\"146\" height=\"97\" srcset=\"https:\/\/agora.xtec.cat\/escaldana\/wp-content\/uploads\/usu2638\/2021\/11\/IMG_9414-scaled.jpeg 2560w, https:\/\/agora.xtec.cat\/escaldana\/wp-content\/uploads\/usu2638\/2021\/11\/IMG_9414-300x200.jpeg 300w, https:\/\/agora.xtec.cat\/escaldana\/wp-content\/uploads\/usu2638\/2021\/11\/IMG_9414-1024x683.jpeg 1024w, https:\/\/agora.xtec.cat\/escaldana\/wp-content\/uploads\/usu2638\/2021\/11\/IMG_9414-768x512.jpeg 768w, https:\/\/agora.xtec.cat\/escaldana\/wp-content\/uploads\/usu2638\/2021\/11\/IMG_9414-1536x1024.jpeg 1536w, https:\/\/agora.xtec.cat\/escaldana\/wp-content\/uploads\/usu2638\/2021\/11\/IMG_9414-2048x1365.jpeg 2048w\" sizes=\"auto, (max-width: 146px) 100vw, 146px\" \/><span style=\"color: #808080; font-family: inherit; font-size: 1em;\">\u00a0\u00a0 \u00a0 \u00a0 \u00a0 \u00a0 \u00a0 \u00a0<\/span><\/p>\n<p style=\"text-align: justify;\"><span style=\"color: #808080; font-family: inherit; font-size: 1em;\">E<\/span><span style=\"color: #808080; font-family: inherit; font-size: 1em;\">ls espais, les propostes i els materials necessiten:<\/span><\/p>\n<p>&nbsp;<\/p>\n<p style=\"text-align: justify;\"><span style=\"color: #808080;\"><span style=\"font-weight: 400;\"><strong>ORDRE I PRESENTACI\u00d3<\/strong>: \u00c9s un facilitador d\u2019aprenentatges i estructures mentals. Tants\u00a0<\/span><span style=\"font-weight: 400;\">pels infants com pels adults. \u00c9s la base d\u2019un espai harm\u00f2nic i en sintonia, i facilita que els infants se\u2019n puguin responsabilitzar i mantenir-lo amb la m\u00e0xima autonomia. Cal trobar l&#8217;equilibri entre la quantitat d\u2019oferta, la facilitat o ajuda per mantenir l\u2019ordre i la seva disposici\u00f3 i col\u00b7locaci\u00f3 en suports.<\/span><\/span><\/p>\n<p style=\"text-align: justify;\"><span style=\"font-weight: 400; color: #808080;\"><strong>FLEXIBILITAT<\/strong>: La nostra intervenci\u00f3 s\u2019ha d\u2019ajustar a les necessitats dels infants i tamb\u00e9 a les dels adults, per tant els espais i els materials tamb\u00e9. La flexibilitat facilita la plasticitat en l\u2019actitud i la generaci\u00f3 d\u2019idees. \u201cUn espai flexible ens parla de persones flexibles al seu c\u00e0rrec\u201d.<\/span><\/p>\n<p style=\"text-align: justify;\"><span style=\"font-weight: 400; color: #808080;\"><strong>AUTONOMIA<\/strong>: els infants posseeixen la necessitat interna d\u2019explorar, descobrir, tocar, jugar.\u00a0 S\u00f3n pura acci\u00f3. Posar a l\u2019abast els materials i propostes lliurement no nom\u00e9s respectem aquesta necessitat sin\u00f3 que a m\u00e9s a m\u00e9s afavorim un aprenentatge mutu, perqu\u00e8 l\u2019acompanyant rep constantment missatges de les necessitats dels infants. En l&#8217;\u00fas i amb la manipulaci\u00f3 d\u2019ells.\u00a0<\/span><\/p>\n<p style=\"text-align: justify;\"><span style=\"color: #808080;\"><span style=\"font-weight: 400;\"><strong>DIVERSITAT<\/strong>: en els ambients trobem materials de diferents \u00e0rees d\u2019inter\u00e8s i fins i tot d\u2019exig\u00e8ncies curriculars. I d\u2019una mateixa \u00e0rea conv\u00e9 que hi hagi almenys dos o tres materials diferents perqu\u00e8 no tots els nens responen igual a tots els materials.<\/span><span style=\"font-weight: 400;\"> Els espais s\u00f3n polivalents amb propostes innovadores, variades i atractives per afavorir el joc i l\u2019aprenentatge\u201d<\/span><\/span><\/p>\n<p style=\"text-align: justify;\"><span style=\"font-weight: 400; color: #808080;\"><strong>FUNCIONALITAT<\/strong>: amb zones ben delimitades per funcions, preveient els recorreguts i els usuaris que en fan \u00fas.<\/span><\/p>\n<p>&nbsp;<\/p>\n","protected":false},"excerpt":{"rendered":"<p>\u00a0 \u00a0 \u00a0 \u00a0 \u00a0 \u00a0 \u00a0 \u00a0 \u00a0 \u00a0 \u00a0\u00a0\u00a0 \u00a0 \u00a0 \u00a0 \u00a0 \u00a0 \u00a0<br \/>\nEls espais, les propostes i els materials necessiten:<br \/>\n&nbsp;<br \/>\nORDRE I PRESENTACI\u00d3: \u00c9s un facilitador d\u2019aprenentatges i estructures mentals. Tants\u00a0pels infants com pels adults. \u00c9s la base d\u2019un espai harm\u00f2nic i&hellip;  <a href=\"https:\/\/agora.xtec.cat\/escaldana\/el-projecte\/ens-cuidem-per-poder-creixer-i-aprendre-junts\/els-espais-i-els-materials\/\" title=\"Read Els espais i els materials\">Llegeix m\u00e9s\u00bb<\/a><\/p>\n","protected":false},"author":1,"featured_media":0,"parent":1130,"menu_order":35,"comment_status":"closed","ping_status":"closed","template":"page-templates\/side-menu.php","meta":{"_bbp_topic_count":0,"_bbp_reply_count":0,"_bbp_total_topic_count":0,"_bbp_total_reply_count":0,"_bbp_voice_count":0,"_bbp_anonymous_reply_count":0,"_bbp_topic_count_hidden":0,"_bbp_reply_count_hidden":0,"_bbp_forum_subforum_count":0,"footnotes":""},"class_list":["post-1141","page","type-page","status-publish","hentry"],"post_mailing_queue_ids":[],"_links":{"self":[{"href":"https:\/\/agora.xtec.cat\/escaldana\/wp-json\/wp\/v2\/pages\/1141","targetHints":{"allow":["GET"]}}],"collection":[{"href":"https:\/\/agora.xtec.cat\/escaldana\/wp-json\/wp\/v2\/pages"}],"about":[{"href":"https:\/\/agora.xtec.cat\/escaldana\/wp-json\/wp\/v2\/types\/page"}],"author":[{"embeddable":true,"href":"https:\/\/agora.xtec.cat\/escaldana\/wp-json\/wp\/v2\/users\/1"}],"replies":[{"embeddable":true,"href":"https:\/\/agora.xtec.cat\/escaldana\/wp-json\/wp\/v2\/comments?post=1141"}],"version-history":[{"count":4,"href":"https:\/\/agora.xtec.cat\/escaldana\/wp-json\/wp\/v2\/pages\/1141\/revisions"}],"predecessor-version":[{"id":1650,"href":"https:\/\/agora.xtec.cat\/escaldana\/wp-json\/wp\/v2\/pages\/1141\/revisions\/1650"}],"up":[{"embeddable":true,"href":"https:\/\/agora.xtec.cat\/escaldana\/wp-json\/wp\/v2\/pages\/1130"}],"wp:attachment":[{"href":"https:\/\/agora.xtec.cat\/escaldana\/wp-json\/wp\/v2\/media?parent=1141"}],"curies":[{"name":"wp","href":"https:\/\/api.w.org\/{rel}","templated":true}]}}