{"id":1139,"date":"2022-02-10T09:45:40","date_gmt":"2022-02-10T08:45:40","guid":{"rendered":"https:\/\/agora.xtec.cat\/escaldana\/?page_id=1139"},"modified":"2024-11-13T13:31:28","modified_gmt":"2024-11-13T12:31:28","slug":"els-espais-i-lestetica","status":"publish","type":"page","link":"https:\/\/agora.xtec.cat\/escaldana\/el-projecte\/ens-cuidem-per-poder-creixer-i-aprendre-junts\/els-espais-i-lestetica\/","title":{"rendered":"Els espais i l&#8217;est\u00e8tica"},"content":{"rendered":"<p><img loading=\"lazy\" decoding=\"async\" class=\"wp-image-2256 alignleft\" src=\"https:\/\/agora.xtec.cat\/escaldana\/wp-content\/uploads\/usu2638\/2024\/11\/passadis-300x169.jpg\" alt=\"\" width=\"238\" height=\"134\" srcset=\"https:\/\/agora.xtec.cat\/escaldana\/wp-content\/uploads\/usu2638\/2024\/11\/passadis-300x169.jpg 300w, https:\/\/agora.xtec.cat\/escaldana\/wp-content\/uploads\/usu2638\/2024\/11\/passadis-1024x576.jpg 1024w, https:\/\/agora.xtec.cat\/escaldana\/wp-content\/uploads\/usu2638\/2024\/11\/passadis-768x432.jpg 768w, https:\/\/agora.xtec.cat\/escaldana\/wp-content\/uploads\/usu2638\/2024\/11\/passadis-1536x864.jpg 1536w, https:\/\/agora.xtec.cat\/escaldana\/wp-content\/uploads\/usu2638\/2024\/11\/passadis-2048x1152.jpg 2048w\" sizes=\"auto, (max-width: 238px) 100vw, 238px\" \/><\/p>\n<ul class=\"op1\">\n<li style=\"text-align: justify;\"><span style=\"color: #808080;\"><em><b>Espais que ens fan sentir com a casa<\/b><\/em>, envoltats de bellesa, de possibilitats i est\u00edmuls.<\/span><\/li>\n<li style=\"text-align: justify;\"><span style=\"color: #808080;\"><b>Espais que promouen l\u2019autonomia<\/b>\u00a0i alhora ens fan sentir segurs.<\/span><\/li>\n<li style=\"text-align: justify;\"><span style=\"color: #808080;\"><b>Espais din\u00e0mics on l\u2019infant \u00e9s el protagonista<\/b>\u00a0i en els que es d\u00f3na resposta a les seves necessitats.<\/span><\/li>\n<\/ul>\n<p style=\"text-align: justify;\"><span style=\"color: #808080;\">I \u00e9s per aquest motiu que estan cuidats i presentats sota una mirada amorosa i respectuosa.<\/span><\/p>\n<p style=\"text-align: justify;\"><span style=\"font-weight: 400; color: #808080;\">A l\u2019escola disposem el mobiliari a l\u2019abast de l\u2019infant i dels adults quan \u00e9s necessari, cuidem de manera acurada l&#8217;est\u00e8tica de l\u2019espai, els colors suaus i poc estridents que predominen. Pensem i escollim els materials i la seva disposici\u00f3. Hi donem import\u00e0ncia a la composici\u00f3. I creem amb la llum entorns singulars, tranquils i de benestar.<\/span><\/p>\n<p>&nbsp;<\/p>\n","protected":false},"excerpt":{"rendered":"<ul class=\"op1\">\n<li style=\"text-align: justify;\">Espais que ens fan sentir com a casa, envoltats de bellesa, de possibilitats i est\u00edmuls.<\/li>\n<li style=\"text-align: justify;\">Espais que promouen l\u2019autonomia\u00a0i alhora ens fan sentir segurs.<\/li>\n<li style=\"text-align: justify;\">Espais din\u00e0mics on l\u2019infant \u00e9s el protagonista\u00a0i en els que es d\u00f3na resposta a les seves&hellip;  <a href=\"https:\/\/agora.xtec.cat\/escaldana\/el-projecte\/ens-cuidem-per-poder-creixer-i-aprendre-junts\/els-espais-i-lestetica\/\" title=\"Read Els espais i l&#8217;est\u00e8tica\">Llegeix m\u00e9s\u00bb<\/a><br \/>\n","protected":false},"author":1,"featured_media":0,"parent":1130,"menu_order":32,"comment_status":"closed","ping_status":"closed","template":"page-templates\/side-menu.php","meta":{"_bbp_topic_count":0,"_bbp_reply_count":0,"_bbp_total_topic_count":0,"_bbp_total_reply_count":0,"_bbp_voice_count":0,"_bbp_anonymous_reply_count":0,"_bbp_topic_count_hidden":0,"_bbp_reply_count_hidden":0,"_bbp_forum_subforum_count":0,"footnotes":""},"class_list":["post-1139","page","type-page","status-publish","hentry"],"post_mailing_queue_ids":[],"_links":{"self":[{"href":"https:\/\/agora.xtec.cat\/escaldana\/wp-json\/wp\/v2\/pages\/1139","targetHints":{"allow":["GET"]}}],"collection":[{"href":"https:\/\/agora.xtec.cat\/escaldana\/wp-json\/wp\/v2\/pages"}],"about":[{"href":"https:\/\/agora.xtec.cat\/escaldana\/wp-json\/wp\/v2\/types\/page"}],"author":[{"embeddable":true,"href":"https:\/\/agora.xtec.cat\/escaldana\/wp-json\/wp\/v2\/users\/1"}],"replies":[{"embeddable":true,"href":"https:\/\/agora.xtec.cat\/escaldana\/wp-json\/wp\/v2\/comments?post=1139"}],"version-history":[{"count":4,"href":"https:\/\/agora.xtec.cat\/escaldana\/wp-json\/wp\/v2\/pages\/1139\/revisions"}],"predecessor-version":[{"id":2257,"href":"https:\/\/agora.xtec.cat\/escaldana\/wp-json\/wp\/v2\/pages\/1139\/revisions\/2257"}],"up":[{"embeddable":true,"href":"https:\/\/agora.xtec.cat\/escaldana\/wp-json\/wp\/v2\/pages\/1130"}],"wp:attachment":[{"href":"https:\/\/agora.xtec.cat\/escaldana\/wp-json\/wp\/v2\/media?parent=1139"}],"curies":[{"name":"wp","href":"https:\/\/api.w.org\/{rel}","templated":true}]}}