{"id":984,"date":"2019-06-16T12:19:09","date_gmt":"2019-06-16T10:19:09","guid":{"rendered":"https:\/\/agora.xtec.cat\/escaixart\/?page_id=984"},"modified":"2024-10-08T10:51:10","modified_gmt":"2024-10-08T08:51:10","slug":"lectures","status":"publish","type":"page","link":"https:\/\/agora.xtec.cat\/escaixart\/recursos\/lectures\/","title":{"rendered":"Lectures"},"content":{"rendered":"<ul style=\"list-style-type: square;\">\n<li><a href=\"https:\/\/app.box.com\/s\/cftphktvk0uwzwfz33ip16d24okj3sp8\"><strong>SALUT DIGITAL A L&#8217;EDAT PEDI\u00c0TRICA<\/strong><\/a><\/li>\n<li><a href=\"https:\/\/educacio.gencat.cat\/ca\/arees-actuacio\/families\/us-tecnologies\/\"><strong>GUIA D\u2019ORIENTACI\u00d3 A FAM\u00cdLIES SOBRE L\u2019\u00daS D\u2019INTERNET I DISPOSITIUS M\u00d2BILS A CASA<\/strong><\/a><\/li>\n<li><a href=\"https:\/\/scientiasalut.gencat.cat\/bitstream\/handle\/11351\/3061\/Criteris_no_assistencia_alumnat_a_escola_o_llar_infants_durant_periode_temps_determinat_causa_malalties_transmissibles.pdf?sequence=1&amp;isAllowed=y\"><strong>CRITERIS DE NO ASSIST\u00c8NCIA DE L\u2019ALUMNAT A L&#8217;ESCOLA O LLAR D&#8217;INFANTS DURANT UN PER\u00cdODE DE TEMPS DETERMINAT A CAUSA DE MALALTIES TRANSMISSIBLES.<\/strong><\/a><\/li>\n<li><a href=\"http:\/\/salutweb.gencat.cat\/ca\/ambits_actuacio\/per_perfils\/centres_educatius\/infancia_i_malaltia\/diabetis_a_lescola\/\"><strong>ATENCI\u00d3 ALS ALUMNES DIAB\u00c8TICS EN L\u2019\u00c0MBIT ESCOLAR<\/strong><\/a><\/li>\n<li><a href=\"https:\/\/canalsalut.gencat.cat\/ca\/vida-saludable\/alimentacio\/saludable\/\"><strong>ALIMENTACI\u00d3 SALUDABLE<\/strong><\/a><\/li>\n<li><a href=\"https:\/\/salutpublica.gencat.cat\/web\/.content\/minisite\/aspcat\/promocio_salut\/alimentacio_saludable\/02Publicacions\/pub_alim_inf\/millorem_esmorzars_i_berenars\/millorem_esmorzars_berenars.pdf\"><strong>MILLOREM ELS ESMORZARS I ELS BERENARS DELS INFANTS<\/strong><\/a><\/li>\n<\/ul>\n<ul>\n<li><strong>NOT\u00cdCIES SOBRE EDUCACI\u00d3:<\/strong>\n<ul style=\"list-style-type: circle;\">\n<li><a href=\"https:\/\/criatures.ara.cat\/escola\/beneficis-hores-lectura-aules_0_2055394453.html\">Beneficis de la lectura<\/a><\/li>\n<\/ul>\n<\/li>\n<\/ul>\n","protected":false},"excerpt":{"rendered":"<p>SALUT DIGITAL A L&#8217;EDAT PEDI\u00c0TRICA GUIA D\u2019ORIENTACI\u00d3 A FAM\u00cdLIES SOBRE L\u2019\u00daS D\u2019INTERNET I DISPOSITIUS M\u00d2BILS A CASA CRITERIS DE NO ASSIST\u00c8NCIA DE L\u2019ALUMNAT A L&#8217;ESCOLA O LLAR D&#8217;INFANTS DURANT UN PER\u00cdODE DE TEMPS DETERMINAT A CAUSA DE MALALTIES TRANSMISSIBLES. ATENCI\u00d3 ALS ALUMNES DIAB\u00c8TICS EN L\u2019\u00c0MBIT ESCOLAR ALIMENTACI\u00d3 SALUDABLE MILLOREM ELS ESMORZARS I ELS BERENARS DELS [&hellip;]<\/p>\n","protected":false},"author":5,"featured_media":0,"parent":1739,"menu_order":2,"comment_status":"closed","ping_status":"closed","template":"page-templates\/side-menu.php","meta":{"_bbp_topic_count":0,"_bbp_reply_count":0,"_bbp_total_topic_count":0,"_bbp_total_reply_count":0,"_bbp_voice_count":0,"_bbp_anonymous_reply_count":0,"_bbp_topic_count_hidden":0,"_bbp_reply_count_hidden":0,"_bbp_forum_subforum_count":0,"site-sidebar-layout":"default","site-content-layout":"","ast-site-content-layout":"","site-content-style":"default","site-sidebar-style":"default","ast-global-header-display":"","ast-banner-title-visibility":"","ast-main-header-display":"","ast-hfb-above-header-display":"","ast-hfb-below-header-display":"","ast-hfb-mobile-header-display":"","site-post-title":"","ast-breadcrumbs-content":"","ast-featured-img":"","footer-sml-layout":"","theme-transparent-header-meta":"","adv-header-id-meta":"","stick-header-meta":"","header-above-stick-meta":"","header-main-stick-meta":"","header-below-stick-meta":"","astra-migrate-meta-layouts":"default","ast-page-background-enabled":"default","ast-page-background-meta":{"desktop":{"background-color":"var(--ast-global-color-4)","background-image":"","background-repeat":"repeat","background-position":"center center","background-size":"auto","background-attachment":"scroll","background-type":"","background-media":"","overlay-type":"","overlay-color":"","overlay-opacity":"","overlay-gradient":""},"tablet":{"background-color":"","background-image":"","background-repeat":"repeat","background-position":"center center","background-size":"auto","background-attachment":"scroll","background-type":"","background-media":"","overlay-type":"","overlay-color":"","overlay-opacity":"","overlay-gradient":""},"mobile":{"background-color":"","background-image":"","background-repeat":"repeat","background-position":"center center","background-size":"auto","background-attachment":"scroll","background-type":"","background-media":"","overlay-type":"","overlay-color":"","overlay-opacity":"","overlay-gradient":""}},"ast-content-background-meta":{"desktop":{"background-color":"var(--ast-global-color-5)","background-image":"","background-repeat":"repeat","background-position":"center center","background-size":"auto","background-attachment":"scroll","background-type":"","background-media":"","overlay-type":"","overlay-color":"","overlay-opacity":"","overlay-gradient":""},"tablet":{"background-color":"var(--ast-global-color-5)","background-image":"","background-repeat":"repeat","background-position":"center center","background-size":"auto","background-attachment":"scroll","background-type":"","background-media":"","overlay-type":"","overlay-color":"","overlay-opacity":"","overlay-gradient":""},"mobile":{"background-color":"var(--ast-global-color-5)","background-image":"","background-repeat":"repeat","background-position":"center center","background-size":"auto","background-attachment":"scroll","background-type":"","background-media":"","overlay-type":"","overlay-color":"","overlay-opacity":"","overlay-gradient":""}},"footnotes":""},"class_list":["post-984","page","type-page","status-publish","hentry"],"post_mailing_queue_ids":[],"_links":{"self":[{"href":"https:\/\/agora.xtec.cat\/escaixart\/wp-json\/wp\/v2\/pages\/984","targetHints":{"allow":["GET"]}}],"collection":[{"href":"https:\/\/agora.xtec.cat\/escaixart\/wp-json\/wp\/v2\/pages"}],"about":[{"href":"https:\/\/agora.xtec.cat\/escaixart\/wp-json\/wp\/v2\/types\/page"}],"author":[{"embeddable":true,"href":"https:\/\/agora.xtec.cat\/escaixart\/wp-json\/wp\/v2\/users\/5"}],"replies":[{"embeddable":true,"href":"https:\/\/agora.xtec.cat\/escaixart\/wp-json\/wp\/v2\/comments?post=984"}],"version-history":[{"count":6,"href":"https:\/\/agora.xtec.cat\/escaixart\/wp-json\/wp\/v2\/pages\/984\/revisions"}],"predecessor-version":[{"id":5643,"href":"https:\/\/agora.xtec.cat\/escaixart\/wp-json\/wp\/v2\/pages\/984\/revisions\/5643"}],"up":[{"embeddable":true,"href":"https:\/\/agora.xtec.cat\/escaixart\/wp-json\/wp\/v2\/pages\/1739"}],"wp:attachment":[{"href":"https:\/\/agora.xtec.cat\/escaixart\/wp-json\/wp\/v2\/media?parent=984"}],"curies":[{"name":"wp","href":"https:\/\/api.w.org\/{rel}","templated":true}]}}