{"id":629,"date":"2019-05-30T14:16:15","date_gmt":"2019-05-30T12:16:15","guid":{"rendered":"https:\/\/agora.xtec.cat\/escaixart\/?page_id=629"},"modified":"2019-06-17T00:46:45","modified_gmt":"2019-06-16T22:46:45","slug":"projectes-descola","status":"publish","type":"page","link":"https:\/\/agora.xtec.cat\/escaixart\/projectes-descola\/","title":{"rendered":"Projectes d&#8217;escola"},"content":{"rendered":"<p><span style=\"font-weight: 400;\">Al llarg del curs portem a terme diferents projectes que defineixen la nostra l\u00ednia d\u2019escola. Alguns d\u2019ells, a continuaci\u00f3 us els detallem. Per m\u00e9s informaci\u00f3 i con\u00e8ixer els projectes llegiu l\u2019apartat Projectes d\u2019escola.<\/span><\/p>\n<p><b>&#8211; PROJECTE PATI\/HORT I GALLINER: <\/b><span style=\"font-weight: 400;\">seguim somiant el pati que volem i entre tots l\u2019anem fent possible. Entre tots fem cr\u00e9ixer l\u2019hort i el galliner.<\/span><\/p>\n<p><b>&#8211; PROJECTE \u00a0XARXA: <\/b><span style=\"font-weight: 400;\">pretenem teixir una xarxa social (fam\u00edlies, avis i \u00e0vies, associacions, empreses&#8230;) per transmetre als nens\/es el valor del treball en equip, la cooperaci\u00f3, l\u2019empatia, la generositat i la solidaritat. <\/span><\/p>\n<p><b>-FIRA SOLID\u00c0RIA:<\/b> <span style=\"font-weight: 400;\">cada any escollim una iniciativa solid\u00e0ria amb qui col\u00b7laborar venent manualitats o menjars que han fet tots els nens\/es de l\u2019escola.<\/span><\/p>\n<p><b>-DESCOBERTA DEL POBLE:<\/b> <span style=\"font-weight: 400;\">cada curs es duen a terme activitats per a con\u00e8ixer els pobles de Cervi\u00e0 de Ter i Viladasens, el seu entorn natural i la seva hist\u00f2ria, amb la col\u00b7laboraci\u00f3 d\u2019Ajuntaments, associacions i la gent del poble.<\/span><\/p>\n<p><b>-TALLERS INTERCICLES: <\/b><span style=\"font-weight: 400;\">treballem en grups internivells l\u2019educaci\u00f3 art\u00edstica de P3 a 6\u00e8.<\/span><\/p>\n<p><b>&#8211; ENTREM AMB M\u00daSICA:<\/b><span style=\"font-weight: 400;\"> els alumnes escullen i treballen la m\u00fasica que sona a les entrades a l\u2019escola.<\/span><\/p>\n","protected":false},"excerpt":{"rendered":"<p>Al llarg del curs portem a terme diferents projectes que defineixen la nostra l\u00ednia d\u2019escola. Alguns d\u2019ells, a continuaci\u00f3 us els detallem. Per m\u00e9s informaci\u00f3 i con\u00e8ixer els projectes llegiu l\u2019apartat Projectes d\u2019escola. &#8211; PROJECTE PATI\/HORT I GALLINER: seguim somiant el pati que volem i entre tots l\u2019anem fent possible. Entre tots fem cr\u00e9ixer l\u2019hort [&hellip;]<\/p>\n","protected":false},"author":3,"featured_media":0,"parent":0,"menu_order":7,"comment_status":"closed","ping_status":"closed","template":"page-templates\/side-menu.php","meta":{"_bbp_topic_count":0,"_bbp_reply_count":0,"_bbp_total_topic_count":0,"_bbp_total_reply_count":0,"_bbp_voice_count":0,"_bbp_anonymous_reply_count":0,"_bbp_topic_count_hidden":0,"_bbp_reply_count_hidden":0,"_bbp_forum_subforum_count":0,"site-sidebar-layout":"default","site-content-layout":"","ast-site-content-layout":"","site-content-style":"default","site-sidebar-style":"default","ast-global-header-display":"","ast-banner-title-visibility":"","ast-main-header-display":"","ast-hfb-above-header-display":"","ast-hfb-below-header-display":"","ast-hfb-mobile-header-display":"","site-post-title":"","ast-breadcrumbs-content":"","ast-featured-img":"","footer-sml-layout":"","theme-transparent-header-meta":"","adv-header-id-meta":"","stick-header-meta":"","header-above-stick-meta":"","header-main-stick-meta":"","header-below-stick-meta":"","astra-migrate-meta-layouts":"default","ast-page-background-enabled":"default","ast-page-background-meta":{"desktop":{"background-color":"var(--ast-global-color-4)","background-image":"","background-repeat":"repeat","background-position":"center center","background-size":"auto","background-attachment":"scroll","background-type":"","background-media":"","overlay-type":"","overlay-color":"","overlay-opacity":"","overlay-gradient":""},"tablet":{"background-color":"","background-image":"","background-repeat":"repeat","background-position":"center center","background-size":"auto","background-attachment":"scroll","background-type":"","background-media":"","overlay-type":"","overlay-color":"","overlay-opacity":"","overlay-gradient":""},"mobile":{"background-color":"","background-image":"","background-repeat":"repeat","background-position":"center center","background-size":"auto","background-attachment":"scroll","background-type":"","background-media":"","overlay-type":"","overlay-color":"","overlay-opacity":"","overlay-gradient":""}},"ast-content-background-meta":{"desktop":{"background-color":"var(--ast-global-color-5)","background-image":"","background-repeat":"repeat","background-position":"center center","background-size":"auto","background-attachment":"scroll","background-type":"","background-media":"","overlay-type":"","overlay-color":"","overlay-opacity":"","overlay-gradient":""},"tablet":{"background-color":"var(--ast-global-color-5)","background-image":"","background-repeat":"repeat","background-position":"center center","background-size":"auto","background-attachment":"scroll","background-type":"","background-media":"","overlay-type":"","overlay-color":"","overlay-opacity":"","overlay-gradient":""},"mobile":{"background-color":"var(--ast-global-color-5)","background-image":"","background-repeat":"repeat","background-position":"center center","background-size":"auto","background-attachment":"scroll","background-type":"","background-media":"","overlay-type":"","overlay-color":"","overlay-opacity":"","overlay-gradient":""}},"footnotes":""},"class_list":["post-629","page","type-page","status-publish","hentry"],"post_mailing_queue_ids":[],"_links":{"self":[{"href":"https:\/\/agora.xtec.cat\/escaixart\/wp-json\/wp\/v2\/pages\/629","targetHints":{"allow":["GET"]}}],"collection":[{"href":"https:\/\/agora.xtec.cat\/escaixart\/wp-json\/wp\/v2\/pages"}],"about":[{"href":"https:\/\/agora.xtec.cat\/escaixart\/wp-json\/wp\/v2\/types\/page"}],"author":[{"embeddable":true,"href":"https:\/\/agora.xtec.cat\/escaixart\/wp-json\/wp\/v2\/users\/3"}],"replies":[{"embeddable":true,"href":"https:\/\/agora.xtec.cat\/escaixart\/wp-json\/wp\/v2\/comments?post=629"}],"version-history":[{"count":2,"href":"https:\/\/agora.xtec.cat\/escaixart\/wp-json\/wp\/v2\/pages\/629\/revisions"}],"predecessor-version":[{"id":1049,"href":"https:\/\/agora.xtec.cat\/escaixart\/wp-json\/wp\/v2\/pages\/629\/revisions\/1049"}],"wp:attachment":[{"href":"https:\/\/agora.xtec.cat\/escaixart\/wp-json\/wp\/v2\/media?parent=629"}],"curies":[{"name":"wp","href":"https:\/\/api.w.org\/{rel}","templated":true}]}}