{"id":5492,"date":"2024-06-06T11:16:13","date_gmt":"2024-06-06T09:16:13","guid":{"rendered":"https:\/\/agora.xtec.cat\/escaixart\/?page_id=5492"},"modified":"2026-04-16T13:10:29","modified_gmt":"2026-04-16T11:10:29","slug":"recomanacions-per-les-families","status":"publish","type":"page","link":"https:\/\/agora.xtec.cat\/escaixart\/estrategia-digital\/recomanacions-per-les-families\/","title":{"rendered":"Recomanacions per les fam\u00edlies"},"content":{"rendered":"<p>Cliqueu la imatge per obtenir m\u00e9s informaci\u00f3 sobre com ajudar als infants a aconseguir un benestar digital.<\/p>\n<p><a href=\"https:\/\/view.genially.com\/66040dd480b7f0001412c30e\/interactive-content-benestar-digital\"><img loading=\"lazy\" decoding=\"async\" class=\"alignnone wp-image-5493\" src=\"https:\/\/agora.xtec.cat\/escaixart\/wp-content\/uploads\/usu489\/2024\/06\/imatge-mentor-300x162.png\" alt=\"\" width=\"700\" height=\"378\" srcset=\"https:\/\/agora.xtec.cat\/escaixart\/wp-content\/uploads\/usu489\/2024\/06\/imatge-mentor-300x162.png 300w, https:\/\/agora.xtec.cat\/escaixart\/wp-content\/uploads\/usu489\/2024\/06\/imatge-mentor-1024x553.png 1024w, https:\/\/agora.xtec.cat\/escaixart\/wp-content\/uploads\/usu489\/2024\/06\/imatge-mentor-768x415.png 768w, https:\/\/agora.xtec.cat\/escaixart\/wp-content\/uploads\/usu489\/2024\/06\/imatge-mentor.png 1528w\" sizes=\"auto, (max-width: 700px) 100vw, 700px\" \/><\/a><\/p>\n<ul style=\"list-style-type: square;\">\n<li><a href=\"https:\/\/www.youtube.com\/watch?v=QaPoeuvY5d8\"><b>PODCAST DE MERC\u00c8 GUILLEN SOBRE EDUCACI\u00d3 DIGITAL COMPARTIDA: FAM\u00cdLIES, PROFESSORAT I \u00daS RESPONSABLE DE LES XARXES<\/b><\/a><\/li>\n<li><a href=\"https:\/\/app.box.com\/s\/bb2mwflnbd8wc42ykxfdpw3mn397igug\"><strong>GUIA PER LES FAM\u00cdLIES: RECOMANACIONS SOBRE LA GESTI\u00d3 DELS DISPOSITIUS DIGITALS A CASA<\/strong><\/a><\/li>\n<li><a href=\"https:\/\/app.box.com\/s\/35hxupi5uleg8238cto5xdo087t9sqml\"><b>PLA DE DIGITALITZACI\u00d3 RESPONSABLE<\/b><\/a><\/li>\n<li><a href=\"https:\/\/app.box.com\/s\/cftphktvk0uwzwfz33ip16d24okj3sp8\"><strong>SALUT DIGITAL A L&#8217;EDAT PEDI\u00c0TRICA<\/strong><\/a><\/li>\n<li><a href=\"http:\/\/www2.girona.cat\/documents\/11622\/5626314\/guiaedudigital.pdf\"><strong>GUIA D\u2019ORIENTACI\u00d3 A FAM\u00cdLIES SOBRE L\u2019\u00daS D\u2019INTERNET I DISPOSITIUS M\u00d2BILS A CASA<\/strong><\/a><\/li>\n<\/ul>\n","protected":false},"excerpt":{"rendered":"<p>Cliqueu la imatge per obtenir m\u00e9s informaci\u00f3 sobre com ajudar als infants a aconseguir un benestar digital. PODCAST DE MERC\u00c8 GUILLEN SOBRE EDUCACI\u00d3 DIGITAL COMPARTIDA: FAM\u00cdLIES, PROFESSORAT I \u00daS RESPONSABLE DE LES XARXES GUIA PER LES FAM\u00cdLIES: RECOMANACIONS SOBRE LA GESTI\u00d3 DELS DISPOSITIUS DIGITALS A CASA PLA DE DIGITALITZACI\u00d3 RESPONSABLE SALUT DIGITAL A L&#8217;EDAT PEDI\u00c0TRICA [&hellip;]<\/p>\n","protected":false},"author":3,"featured_media":0,"parent":4984,"menu_order":3,"comment_status":"closed","ping_status":"closed","template":"","meta":{"_bbp_topic_count":0,"_bbp_reply_count":0,"_bbp_total_topic_count":0,"_bbp_total_reply_count":0,"_bbp_voice_count":0,"_bbp_anonymous_reply_count":0,"_bbp_topic_count_hidden":0,"_bbp_reply_count_hidden":0,"_bbp_forum_subforum_count":0,"site-sidebar-layout":"default","site-content-layout":"","ast-site-content-layout":"default","site-content-style":"default","site-sidebar-style":"default","ast-global-header-display":"","ast-banner-title-visibility":"","ast-main-header-display":"","ast-hfb-above-header-display":"","ast-hfb-below-header-display":"","ast-hfb-mobile-header-display":"","site-post-title":"","ast-breadcrumbs-content":"","ast-featured-img":"","footer-sml-layout":"","theme-transparent-header-meta":"default","adv-header-id-meta":"","stick-header-meta":"","header-above-stick-meta":"","header-main-stick-meta":"","header-below-stick-meta":"","astra-migrate-meta-layouts":"set","ast-page-background-enabled":"default","ast-page-background-meta":{"desktop":{"background-color":"var(--ast-global-color-4)","background-image":"","background-repeat":"repeat","background-position":"center center","background-size":"auto","background-attachment":"scroll","background-type":"","background-media":"","overlay-type":"","overlay-color":"","overlay-opacity":"","overlay-gradient":""},"tablet":{"background-color":"","background-image":"","background-repeat":"repeat","background-position":"center center","background-size":"auto","background-attachment":"scroll","background-type":"","background-media":"","overlay-type":"","overlay-color":"","overlay-opacity":"","overlay-gradient":""},"mobile":{"background-color":"","background-image":"","background-repeat":"repeat","background-position":"center center","background-size":"auto","background-attachment":"scroll","background-type":"","background-media":"","overlay-type":"","overlay-color":"","overlay-opacity":"","overlay-gradient":""}},"ast-content-background-meta":{"desktop":{"background-color":"var(--ast-global-color-5)","background-image":"","background-repeat":"repeat","background-position":"center center","background-size":"auto","background-attachment":"scroll","background-type":"","background-media":"","overlay-type":"","overlay-color":"","overlay-opacity":"","overlay-gradient":""},"tablet":{"background-color":"var(--ast-global-color-5)","background-image":"","background-repeat":"repeat","background-position":"center center","background-size":"auto","background-attachment":"scroll","background-type":"","background-media":"","overlay-type":"","overlay-color":"","overlay-opacity":"","overlay-gradient":""},"mobile":{"background-color":"var(--ast-global-color-5)","background-image":"","background-repeat":"repeat","background-position":"center center","background-size":"auto","background-attachment":"scroll","background-type":"","background-media":"","overlay-type":"","overlay-color":"","overlay-opacity":"","overlay-gradient":""}},"footnotes":""},"class_list":["post-5492","page","type-page","status-publish","hentry"],"post_mailing_queue_ids":[],"_links":{"self":[{"href":"https:\/\/agora.xtec.cat\/escaixart\/wp-json\/wp\/v2\/pages\/5492","targetHints":{"allow":["GET"]}}],"collection":[{"href":"https:\/\/agora.xtec.cat\/escaixart\/wp-json\/wp\/v2\/pages"}],"about":[{"href":"https:\/\/agora.xtec.cat\/escaixart\/wp-json\/wp\/v2\/types\/page"}],"author":[{"embeddable":true,"href":"https:\/\/agora.xtec.cat\/escaixart\/wp-json\/wp\/v2\/users\/3"}],"replies":[{"embeddable":true,"href":"https:\/\/agora.xtec.cat\/escaixart\/wp-json\/wp\/v2\/comments?post=5492"}],"version-history":[{"count":6,"href":"https:\/\/agora.xtec.cat\/escaixart\/wp-json\/wp\/v2\/pages\/5492\/revisions"}],"predecessor-version":[{"id":6462,"href":"https:\/\/agora.xtec.cat\/escaixart\/wp-json\/wp\/v2\/pages\/5492\/revisions\/6462"}],"up":[{"embeddable":true,"href":"https:\/\/agora.xtec.cat\/escaixart\/wp-json\/wp\/v2\/pages\/4984"}],"wp:attachment":[{"href":"https:\/\/agora.xtec.cat\/escaixart\/wp-json\/wp\/v2\/media?parent=5492"}],"curies":[{"name":"wp","href":"https:\/\/api.w.org\/{rel}","templated":true}]}}