{"id":5000,"date":"2023-06-15T08:57:30","date_gmt":"2023-06-15T06:57:30","guid":{"rendered":"https:\/\/agora.xtec.cat\/escaixart\/?page_id=5000"},"modified":"2024-10-08T10:03:37","modified_gmt":"2024-10-08T08:03:37","slug":"planificacio-estrategica","status":"publish","type":"page","link":"https:\/\/agora.xtec.cat\/escaixart\/estrategia-digital\/planificacio-estrategica\/","title":{"rendered":"Planificaci\u00f3 estrat\u00e8gica"},"content":{"rendered":"<p><span style=\"text-decoration: underline;\"><strong>COMPET\u00c8NCIA DIGITAL DE L&#8217;ALUMNAT<\/strong><\/span><\/p>\n<p>Podeu consultar la CDA per cursos clicant el seg\u00fcent <span style=\"text-decoration: underline;\"><a href=\"https:\/\/docs.google.com\/spreadsheets\/d\/e\/2PACX-1vR85BychFjZau_TtbINvnr74Zc4k01B1y9RdDNu5a6SxThSdGt-urjalabnc3vkPFWPp3XIsZdoFjxh\/pubhtml?gid=564007185&amp;single=true\">enlla<\/a><\/span><a href=\"https:\/\/docs.google.com\/spreadsheets\/d\/e\/2PACX-1vR85BychFjZau_TtbINvnr74Zc4k01B1y9RdDNu5a6SxThSdGt-urjalabnc3vkPFWPp3XIsZdoFjxh\/pubhtml?gid=564007185&amp;single=true\"><span style=\"text-decoration: underline;\">\u00e7<\/span><\/a>.<\/p>\n<p>Aquesta compet\u00e8ncia, s&#8217;anir\u00e0 treballant i desenvolupant al llarg dels propers cursos.<\/p>\n<p>&nbsp;<\/p>\n","protected":false},"excerpt":{"rendered":"<p>COMPET\u00c8NCIA DIGITAL DE L&#8217;ALUMNAT Podeu consultar la CDA per cursos clicant el seg\u00fcent enlla\u00e7. Aquesta compet\u00e8ncia, s&#8217;anir\u00e0 treballant i desenvolupant al llarg dels propers cursos. &nbsp;<\/p>\n","protected":false},"author":3,"featured_media":0,"parent":4984,"menu_order":0,"comment_status":"closed","ping_status":"closed","template":"page-templates\/side-menu.php","meta":{"_bbp_topic_count":0,"_bbp_reply_count":0,"_bbp_total_topic_count":0,"_bbp_total_reply_count":0,"_bbp_voice_count":0,"_bbp_anonymous_reply_count":0,"_bbp_topic_count_hidden":0,"_bbp_reply_count_hidden":0,"_bbp_forum_subforum_count":0,"site-sidebar-layout":"default","site-content-layout":"","ast-site-content-layout":"","site-content-style":"default","site-sidebar-style":"default","ast-global-header-display":"","ast-banner-title-visibility":"","ast-main-header-display":"","ast-hfb-above-header-display":"","ast-hfb-below-header-display":"","ast-hfb-mobile-header-display":"","site-post-title":"","ast-breadcrumbs-content":"","ast-featured-img":"","footer-sml-layout":"","theme-transparent-header-meta":"","adv-header-id-meta":"","stick-header-meta":"","header-above-stick-meta":"","header-main-stick-meta":"","header-below-stick-meta":"","astra-migrate-meta-layouts":"default","ast-page-background-enabled":"default","ast-page-background-meta":{"desktop":{"background-color":"var(--ast-global-color-4)","background-image":"","background-repeat":"repeat","background-position":"center center","background-size":"auto","background-attachment":"scroll","background-type":"","background-media":"","overlay-type":"","overlay-color":"","overlay-opacity":"","overlay-gradient":""},"tablet":{"background-color":"","background-image":"","background-repeat":"repeat","background-position":"center center","background-size":"auto","background-attachment":"scroll","background-type":"","background-media":"","overlay-type":"","overlay-color":"","overlay-opacity":"","overlay-gradient":""},"mobile":{"background-color":"","background-image":"","background-repeat":"repeat","background-position":"center center","background-size":"auto","background-attachment":"scroll","background-type":"","background-media":"","overlay-type":"","overlay-color":"","overlay-opacity":"","overlay-gradient":""}},"ast-content-background-meta":{"desktop":{"background-color":"var(--ast-global-color-5)","background-image":"","background-repeat":"repeat","background-position":"center center","background-size":"auto","background-attachment":"scroll","background-type":"","background-media":"","overlay-type":"","overlay-color":"","overlay-opacity":"","overlay-gradient":""},"tablet":{"background-color":"var(--ast-global-color-5)","background-image":"","background-repeat":"repeat","background-position":"center center","background-size":"auto","background-attachment":"scroll","background-type":"","background-media":"","overlay-type":"","overlay-color":"","overlay-opacity":"","overlay-gradient":""},"mobile":{"background-color":"var(--ast-global-color-5)","background-image":"","background-repeat":"repeat","background-position":"center center","background-size":"auto","background-attachment":"scroll","background-type":"","background-media":"","overlay-type":"","overlay-color":"","overlay-opacity":"","overlay-gradient":""}},"footnotes":""},"class_list":["post-5000","page","type-page","status-publish","hentry"],"post_mailing_queue_ids":[],"_links":{"self":[{"href":"https:\/\/agora.xtec.cat\/escaixart\/wp-json\/wp\/v2\/pages\/5000","targetHints":{"allow":["GET"]}}],"collection":[{"href":"https:\/\/agora.xtec.cat\/escaixart\/wp-json\/wp\/v2\/pages"}],"about":[{"href":"https:\/\/agora.xtec.cat\/escaixart\/wp-json\/wp\/v2\/types\/page"}],"author":[{"embeddable":true,"href":"https:\/\/agora.xtec.cat\/escaixart\/wp-json\/wp\/v2\/users\/3"}],"replies":[{"embeddable":true,"href":"https:\/\/agora.xtec.cat\/escaixart\/wp-json\/wp\/v2\/comments?post=5000"}],"version-history":[{"count":5,"href":"https:\/\/agora.xtec.cat\/escaixart\/wp-json\/wp\/v2\/pages\/5000\/revisions"}],"predecessor-version":[{"id":5634,"href":"https:\/\/agora.xtec.cat\/escaixart\/wp-json\/wp\/v2\/pages\/5000\/revisions\/5634"}],"up":[{"embeddable":true,"href":"https:\/\/agora.xtec.cat\/escaixart\/wp-json\/wp\/v2\/pages\/4984"}],"wp:attachment":[{"href":"https:\/\/agora.xtec.cat\/escaixart\/wp-json\/wp\/v2\/media?parent=5000"}],"curies":[{"name":"wp","href":"https:\/\/api.w.org\/{rel}","templated":true}]}}