{"id":4112,"date":"2022-05-19T13:43:54","date_gmt":"2022-05-19T11:43:54","guid":{"rendered":"https:\/\/agora.xtec.cat\/escaixart\/?page_id=4112"},"modified":"2022-05-19T13:43:54","modified_gmt":"2022-05-19T11:43:54","slug":"llibres-de-valors","status":"publish","type":"page","link":"https:\/\/agora.xtec.cat\/escaixart\/llibres-de-valors\/","title":{"rendered":"LLIBRES DE VALORS"},"content":{"rendered":"<p>Si voleu con\u00e8ixer els llibres que ha seleccionat l&#8217;escola l&#8217;Aixart per treballar l&#8217;educaci\u00f3 emocional i l&#8217;educaci\u00f3 en valors, cliqueu la imatge:<\/p>\n<p><a href=\"https:\/\/drive.google.com\/file\/d\/1z4LG8RWeEoKvDx1FxSIAZEPWw86cvCaE\/view?usp=sharing\"><img loading=\"lazy\" decoding=\"async\" class=\"alignnone size-medium wp-image-4114\" src=\"https:\/\/agora.xtec.cat\/escaixart\/wp-content\/uploads\/usu489\/2022\/05\/conte-llop-1-300x167.jpg\" alt=\"\" width=\"300\" height=\"167\" srcset=\"https:\/\/agora.xtec.cat\/escaixart\/wp-content\/uploads\/usu489\/2022\/05\/conte-llop-1-300x167.jpg 300w, https:\/\/agora.xtec.cat\/escaixart\/wp-content\/uploads\/usu489\/2022\/05\/conte-llop-1.jpg 498w\" sizes=\"auto, (max-width: 300px) 100vw, 300px\" \/><\/a><\/p>\n","protected":false},"excerpt":{"rendered":"<p>Si voleu con\u00e8ixer els llibres que ha seleccionat l&#8217;escola l&#8217;Aixart per treballar l&#8217;educaci\u00f3 emocional i l&#8217;educaci\u00f3 en valors, cliqueu la imatge:<\/p>\n","protected":false},"author":3,"featured_media":0,"parent":0,"menu_order":0,"comment_status":"closed","ping_status":"closed","template":"","meta":{"_bbp_topic_count":0,"_bbp_reply_count":0,"_bbp_total_topic_count":0,"_bbp_total_reply_count":0,"_bbp_voice_count":0,"_bbp_anonymous_reply_count":0,"_bbp_topic_count_hidden":0,"_bbp_reply_count_hidden":0,"_bbp_forum_subforum_count":0,"site-sidebar-layout":"default","site-content-layout":"","ast-site-content-layout":"","site-content-style":"default","site-sidebar-style":"default","ast-global-header-display":"","ast-banner-title-visibility":"","ast-main-header-display":"","ast-hfb-above-header-display":"","ast-hfb-below-header-display":"","ast-hfb-mobile-header-display":"","site-post-title":"","ast-breadcrumbs-content":"","ast-featured-img":"","footer-sml-layout":"","theme-transparent-header-meta":"","adv-header-id-meta":"","stick-header-meta":"","header-above-stick-meta":"","header-main-stick-meta":"","header-below-stick-meta":"","astra-migrate-meta-layouts":"default","ast-page-background-enabled":"default","ast-page-background-meta":{"desktop":{"background-color":"var(--ast-global-color-4)","background-image":"","background-repeat":"repeat","background-position":"center center","background-size":"auto","background-attachment":"scroll","background-type":"","background-media":"","overlay-type":"","overlay-color":"","overlay-opacity":"","overlay-gradient":""},"tablet":{"background-color":"","background-image":"","background-repeat":"repeat","background-position":"center center","background-size":"auto","background-attachment":"scroll","background-type":"","background-media":"","overlay-type":"","overlay-color":"","overlay-opacity":"","overlay-gradient":""},"mobile":{"background-color":"","background-image":"","background-repeat":"repeat","background-position":"center center","background-size":"auto","background-attachment":"scroll","background-type":"","background-media":"","overlay-type":"","overlay-color":"","overlay-opacity":"","overlay-gradient":""}},"ast-content-background-meta":{"desktop":{"background-color":"var(--ast-global-color-5)","background-image":"","background-repeat":"repeat","background-position":"center center","background-size":"auto","background-attachment":"scroll","background-type":"","background-media":"","overlay-type":"","overlay-color":"","overlay-opacity":"","overlay-gradient":""},"tablet":{"background-color":"var(--ast-global-color-5)","background-image":"","background-repeat":"repeat","background-position":"center center","background-size":"auto","background-attachment":"scroll","background-type":"","background-media":"","overlay-type":"","overlay-color":"","overlay-opacity":"","overlay-gradient":""},"mobile":{"background-color":"var(--ast-global-color-5)","background-image":"","background-repeat":"repeat","background-position":"center center","background-size":"auto","background-attachment":"scroll","background-type":"","background-media":"","overlay-type":"","overlay-color":"","overlay-opacity":"","overlay-gradient":""}},"footnotes":""},"class_list":["post-4112","page","type-page","status-publish","hentry"],"post_mailing_queue_ids":[],"_links":{"self":[{"href":"https:\/\/agora.xtec.cat\/escaixart\/wp-json\/wp\/v2\/pages\/4112","targetHints":{"allow":["GET"]}}],"collection":[{"href":"https:\/\/agora.xtec.cat\/escaixart\/wp-json\/wp\/v2\/pages"}],"about":[{"href":"https:\/\/agora.xtec.cat\/escaixart\/wp-json\/wp\/v2\/types\/page"}],"author":[{"embeddable":true,"href":"https:\/\/agora.xtec.cat\/escaixart\/wp-json\/wp\/v2\/users\/3"}],"replies":[{"embeddable":true,"href":"https:\/\/agora.xtec.cat\/escaixart\/wp-json\/wp\/v2\/comments?post=4112"}],"version-history":[{"count":2,"href":"https:\/\/agora.xtec.cat\/escaixart\/wp-json\/wp\/v2\/pages\/4112\/revisions"}],"predecessor-version":[{"id":4117,"href":"https:\/\/agora.xtec.cat\/escaixart\/wp-json\/wp\/v2\/pages\/4112\/revisions\/4117"}],"wp:attachment":[{"href":"https:\/\/agora.xtec.cat\/escaixart\/wp-json\/wp\/v2\/media?parent=4112"}],"curies":[{"name":"wp","href":"https:\/\/api.w.org\/{rel}","templated":true}]}}