{"id":2620,"date":"2020-12-18T16:13:32","date_gmt":"2020-12-18T15:13:32","guid":{"rendered":"https:\/\/agora.xtec.cat\/escaixart\/?page_id=2620"},"modified":"2023-07-03T10:31:29","modified_gmt":"2023-07-03T08:31:29","slug":"objectius-de-6e","status":"publish","type":"page","link":"https:\/\/agora.xtec.cat\/escaixart\/objectius\/objectius-de-6e\/","title":{"rendered":"OBJECTIUS DE 6\u00c8"},"content":{"rendered":"<p><a href=\"https:\/\/agora.xtec.cat\/escaixart\/wp-content\/uploads\/usu489\/2020\/12\/SIS\u00c8-MATEM\u00c0TIQUES.pdf\">Objectius de matem\u00e0tiques 6\u00e8<\/a><\/p>\n<p><a href=\"https:\/\/agora.xtec.cat\/escaixart\/wp-content\/uploads\/usu489\/2020\/12\/SIS\u00c8-CATAL\u00c0.pdf\">Objectius Catal\u00e0 6\u00e8<\/a><\/p>\n<p><a href=\"https:\/\/agora.xtec.cat\/escaixart\/wp-content\/uploads\/usu489\/2020\/12\/SIS\u00c8-CASTELL\u00c0.pdf\">Objectius de Castell\u00e0 6\u00e8<\/a><\/p>\n<p><a href=\"https:\/\/agora.xtec.cat\/escaixart\/wp-content\/uploads\/usu489\/2020\/12\/SIS\u00c8-ANGL\u00c8S.pdf\">Objectius d&#8217;Angl\u00e8s 6\u00e8<\/a><\/p>\n<p>&nbsp;<\/p>\n","protected":false},"excerpt":{"rendered":"<p>Objectius de matem\u00e0tiques 6\u00e8 Objectius Catal\u00e0 6\u00e8 Objectius de Castell\u00e0 6\u00e8 Objectius d&#8217;Angl\u00e8s 6\u00e8 &nbsp;<\/p>\n","protected":false},"author":3,"featured_media":0,"parent":2575,"menu_order":6,"comment_status":"closed","ping_status":"closed","template":"page-templates\/side-menu.php","meta":{"_bbp_topic_count":0,"_bbp_reply_count":0,"_bbp_total_topic_count":0,"_bbp_total_reply_count":0,"_bbp_voice_count":0,"_bbp_anonymous_reply_count":0,"_bbp_topic_count_hidden":0,"_bbp_reply_count_hidden":0,"_bbp_forum_subforum_count":0,"site-sidebar-layout":"default","site-content-layout":"","ast-site-content-layout":"","site-content-style":"default","site-sidebar-style":"default","ast-global-header-display":"","ast-banner-title-visibility":"","ast-main-header-display":"","ast-hfb-above-header-display":"","ast-hfb-below-header-display":"","ast-hfb-mobile-header-display":"","site-post-title":"","ast-breadcrumbs-content":"","ast-featured-img":"","footer-sml-layout":"","theme-transparent-header-meta":"","adv-header-id-meta":"","stick-header-meta":"","header-above-stick-meta":"","header-main-stick-meta":"","header-below-stick-meta":"","astra-migrate-meta-layouts":"default","ast-page-background-enabled":"default","ast-page-background-meta":{"desktop":{"background-color":"var(--ast-global-color-4)","background-image":"","background-repeat":"repeat","background-position":"center center","background-size":"auto","background-attachment":"scroll","background-type":"","background-media":"","overlay-type":"","overlay-color":"","overlay-opacity":"","overlay-gradient":""},"tablet":{"background-color":"","background-image":"","background-repeat":"repeat","background-position":"center center","background-size":"auto","background-attachment":"scroll","background-type":"","background-media":"","overlay-type":"","overlay-color":"","overlay-opacity":"","overlay-gradient":""},"mobile":{"background-color":"","background-image":"","background-repeat":"repeat","background-position":"center center","background-size":"auto","background-attachment":"scroll","background-type":"","background-media":"","overlay-type":"","overlay-color":"","overlay-opacity":"","overlay-gradient":""}},"ast-content-background-meta":{"desktop":{"background-color":"var(--ast-global-color-5)","background-image":"","background-repeat":"repeat","background-position":"center center","background-size":"auto","background-attachment":"scroll","background-type":"","background-media":"","overlay-type":"","overlay-color":"","overlay-opacity":"","overlay-gradient":""},"tablet":{"background-color":"var(--ast-global-color-5)","background-image":"","background-repeat":"repeat","background-position":"center center","background-size":"auto","background-attachment":"scroll","background-type":"","background-media":"","overlay-type":"","overlay-color":"","overlay-opacity":"","overlay-gradient":""},"mobile":{"background-color":"var(--ast-global-color-5)","background-image":"","background-repeat":"repeat","background-position":"center center","background-size":"auto","background-attachment":"scroll","background-type":"","background-media":"","overlay-type":"","overlay-color":"","overlay-opacity":"","overlay-gradient":""}},"footnotes":""},"class_list":["post-2620","page","type-page","status-publish","hentry"],"post_mailing_queue_ids":[],"_links":{"self":[{"href":"https:\/\/agora.xtec.cat\/escaixart\/wp-json\/wp\/v2\/pages\/2620","targetHints":{"allow":["GET"]}}],"collection":[{"href":"https:\/\/agora.xtec.cat\/escaixart\/wp-json\/wp\/v2\/pages"}],"about":[{"href":"https:\/\/agora.xtec.cat\/escaixart\/wp-json\/wp\/v2\/types\/page"}],"author":[{"embeddable":true,"href":"https:\/\/agora.xtec.cat\/escaixart\/wp-json\/wp\/v2\/users\/3"}],"replies":[{"embeddable":true,"href":"https:\/\/agora.xtec.cat\/escaixart\/wp-json\/wp\/v2\/comments?post=2620"}],"version-history":[{"count":2,"href":"https:\/\/agora.xtec.cat\/escaixart\/wp-json\/wp\/v2\/pages\/2620\/revisions"}],"predecessor-version":[{"id":2628,"href":"https:\/\/agora.xtec.cat\/escaixart\/wp-json\/wp\/v2\/pages\/2620\/revisions\/2628"}],"up":[{"embeddable":true,"href":"https:\/\/agora.xtec.cat\/escaixart\/wp-json\/wp\/v2\/pages\/2575"}],"wp:attachment":[{"href":"https:\/\/agora.xtec.cat\/escaixart\/wp-json\/wp\/v2\/media?parent=2620"}],"curies":[{"name":"wp","href":"https:\/\/api.w.org\/{rel}","templated":true}]}}