{"id":26,"date":"2014-09-18T12:24:32","date_gmt":"2014-09-18T11:24:32","guid":{"rendered":"http:\/\/agora.xtec.cat\/escaixart\/?page_id=26"},"modified":"2019-06-17T23:04:32","modified_gmt":"2019-06-17T21:04:32","slug":"historia","status":"publish","type":"page","link":"https:\/\/agora.xtec.cat\/escaixart\/escola\/historia\/","title":{"rendered":"Presentaci\u00f3"},"content":{"rendered":"<p>Us donem la benvinguda a l\u2019Aixart. Esperem que, amb l\u2019ajuda de tots, sigui l\u2019escola que sempre heu imaginat pels vostres fills\/es!<\/p>\n<p>A l\u2019escola venen infants de Cervi\u00e0 de Ter i Viladasens, repartits en Educaci\u00f3 Infantil i Prim\u00e0ria.<\/p>\n<p><strong>PUNTS FORTS DE LA NOSTRA L\u2019ESCOLA<\/strong>:<\/p>\n<ul>\n<li>Una baixa r\u00e0tio d\u2019alumnes \/professor.<\/li>\n<li>Una atenci\u00f3 personalitzada de l\u2019alumnat.<\/li>\n<li>Una millor distribuci\u00f3 dels recursos per alumne.<\/li>\n<li>Un foment de metodologies de treball m\u00e9s competencial ( projectes, tallers)i treball en equip.<\/li>\n<li>Unes relacions socials entre tots els membres de la comunitat educativa m\u00e9s properes.<\/li>\n<\/ul>\n<p>&nbsp;<\/p>\n<p><b>L\u00cdNIA D\u2019ESCOLA:<\/b><\/p>\n<ul style=\"list-style-type: disc;\">\n<li><span style=\"font-weight: 400;\">Aprenentatge competencial de les lleng\u00fces i de les matem\u00e0tiques.<\/span><\/li>\n<li><span style=\"font-weight: 400;\">Foment de l\u2019\u00fas de les TAC.<\/span><\/li>\n<li><span style=\"font-weight: 400;\">Autoregulaci\u00f3 del proc\u00e9s d\u2019aprenentatge i treball en equip.<\/span><\/li>\n<\/ul>\n<p>&nbsp;<\/p>\n<p><strong>SERVEIS:<\/strong><\/p>\n<p>&#8211; <em><span style=\"text-decoration: underline;\">Menjador<\/span>:<\/em><\/p>\n<p>El centre disposa de servei de menjador, amb cuinera a la mateixa escola, gestionat per l\u2019AFA.<\/p>\n<p>Els alumnes de Viladasens disposen de gratu\u00eftat en aquest servei.<\/p>\n<p>Des de direcci\u00f3 se us informar\u00e0 dels per\u00edodes de sol\u00b7licitud d\u2019ajudes per aquest servei.<\/p>\n<p>&#8211;<em><span style=\"text-decoration: underline;\">Transport<\/span>:<\/em><\/p>\n<p>Els alumnes de Viladasens gaudeixen de gratu\u00eftat en aquest servei.<\/p>\n<p>&#8211;<span style=\"text-decoration: underline;\"><em>Extraescolars<\/em><\/span>:<\/p>\n<p>Cada curs l\u2019AFA i l\u2019Ajuntament del municipi organitzen diferents activitats extraescolars pels alumnes del centre en horaris de mat\u00ed, migdia i tarda.<\/p>\n<p><strong>\u00a0<\/strong><\/p>\n<p><strong><u>L\u2019AFA:<\/u><\/strong><\/p>\n<p>L\u2019Associaci\u00f3 de Fam\u00edlies d\u2019Alumnes, AFA, s\u2019ocupa de gestionar diferents aspectes importants del dia a dia de l\u2019escola.<\/p>\n","protected":false},"excerpt":{"rendered":"<p>Us donem la benvinguda a l\u2019Aixart. Esperem que, amb l\u2019ajuda de tots, sigui l\u2019escola que sempre heu imaginat pels vostres fills\/es! A l\u2019escola venen infants de Cervi\u00e0 de Ter i Viladasens, repartits en Educaci\u00f3 Infantil i Prim\u00e0ria. PUNTS FORTS DE LA NOSTRA L\u2019ESCOLA: Una baixa r\u00e0tio d\u2019alumnes \/professor. Una atenci\u00f3 personalitzada de l\u2019alumnat. Una millor [&hellip;]<\/p>\n","protected":false},"author":1,"featured_media":0,"parent":1126,"menu_order":2,"comment_status":"closed","ping_status":"closed","template":"page-templates\/side-menu.php","meta":{"_bbp_topic_count":0,"_bbp_reply_count":0,"_bbp_total_topic_count":0,"_bbp_total_reply_count":0,"_bbp_voice_count":0,"_bbp_anonymous_reply_count":0,"_bbp_topic_count_hidden":0,"_bbp_reply_count_hidden":0,"_bbp_forum_subforum_count":0,"site-sidebar-layout":"default","site-content-layout":"","ast-site-content-layout":"","site-content-style":"default","site-sidebar-style":"default","ast-global-header-display":"","ast-banner-title-visibility":"","ast-main-header-display":"","ast-hfb-above-header-display":"","ast-hfb-below-header-display":"","ast-hfb-mobile-header-display":"","site-post-title":"","ast-breadcrumbs-content":"","ast-featured-img":"","footer-sml-layout":"","theme-transparent-header-meta":"","adv-header-id-meta":"","stick-header-meta":"","header-above-stick-meta":"","header-main-stick-meta":"","header-below-stick-meta":"","astra-migrate-meta-layouts":"default","ast-page-background-enabled":"default","ast-page-background-meta":{"desktop":{"background-color":"var(--ast-global-color-4)","background-image":"","background-repeat":"repeat","background-position":"center center","background-size":"auto","background-attachment":"scroll","background-type":"","background-media":"","overlay-type":"","overlay-color":"","overlay-opacity":"","overlay-gradient":""},"tablet":{"background-color":"","background-image":"","background-repeat":"repeat","background-position":"center center","background-size":"auto","background-attachment":"scroll","background-type":"","background-media":"","overlay-type":"","overlay-color":"","overlay-opacity":"","overlay-gradient":""},"mobile":{"background-color":"","background-image":"","background-repeat":"repeat","background-position":"center center","background-size":"auto","background-attachment":"scroll","background-type":"","background-media":"","overlay-type":"","overlay-color":"","overlay-opacity":"","overlay-gradient":""}},"ast-content-background-meta":{"desktop":{"background-color":"var(--ast-global-color-5)","background-image":"","background-repeat":"repeat","background-position":"center center","background-size":"auto","background-attachment":"scroll","background-type":"","background-media":"","overlay-type":"","overlay-color":"","overlay-opacity":"","overlay-gradient":""},"tablet":{"background-color":"var(--ast-global-color-5)","background-image":"","background-repeat":"repeat","background-position":"center center","background-size":"auto","background-attachment":"scroll","background-type":"","background-media":"","overlay-type":"","overlay-color":"","overlay-opacity":"","overlay-gradient":""},"mobile":{"background-color":"var(--ast-global-color-5)","background-image":"","background-repeat":"repeat","background-position":"center center","background-size":"auto","background-attachment":"scroll","background-type":"","background-media":"","overlay-type":"","overlay-color":"","overlay-opacity":"","overlay-gradient":""}},"footnotes":""},"class_list":["post-26","page","type-page","status-publish","hentry"],"post_mailing_queue_ids":[],"_links":{"self":[{"href":"https:\/\/agora.xtec.cat\/escaixart\/wp-json\/wp\/v2\/pages\/26","targetHints":{"allow":["GET"]}}],"collection":[{"href":"https:\/\/agora.xtec.cat\/escaixart\/wp-json\/wp\/v2\/pages"}],"about":[{"href":"https:\/\/agora.xtec.cat\/escaixart\/wp-json\/wp\/v2\/types\/page"}],"author":[{"embeddable":true,"href":"https:\/\/agora.xtec.cat\/escaixart\/wp-json\/wp\/v2\/users\/1"}],"replies":[{"embeddable":true,"href":"https:\/\/agora.xtec.cat\/escaixart\/wp-json\/wp\/v2\/comments?post=26"}],"version-history":[{"count":4,"href":"https:\/\/agora.xtec.cat\/escaixart\/wp-json\/wp\/v2\/pages\/26\/revisions"}],"predecessor-version":[{"id":852,"href":"https:\/\/agora.xtec.cat\/escaixart\/wp-json\/wp\/v2\/pages\/26\/revisions\/852"}],"up":[{"embeddable":true,"href":"https:\/\/agora.xtec.cat\/escaixart\/wp-json\/wp\/v2\/pages\/1126"}],"wp:attachment":[{"href":"https:\/\/agora.xtec.cat\/escaixart\/wp-json\/wp\/v2\/media?parent=26"}],"curies":[{"name":"wp","href":"https:\/\/api.w.org\/{rel}","templated":true}]}}