{"id":2590,"date":"2020-12-18T15:51:30","date_gmt":"2020-12-18T14:51:30","guid":{"rendered":"https:\/\/agora.xtec.cat\/escaixart\/?page_id=2590"},"modified":"2023-07-03T10:30:32","modified_gmt":"2023-07-03T08:30:32","slug":"objectius-2n","status":"publish","type":"page","link":"https:\/\/agora.xtec.cat\/escaixart\/objectius\/objectius-2n\/","title":{"rendered":"OBJECTIUS DE 2n"},"content":{"rendered":"<p><a href=\"https:\/\/agora.xtec.cat\/escaixart\/wp-content\/uploads\/usu489\/2020\/12\/SEGON-MATES-1.pdf\">Objectius de matem\u00e0tiques 2n<\/a><\/p>\n<p><a href=\"https:\/\/agora.xtec.cat\/escaixart\/wp-content\/uploads\/usu489\/2020\/12\/SEGON-CATAL\u00c0.pdf\">Objectius de Catal\u00e0 2n<\/a><\/p>\n<p><a href=\"https:\/\/agora.xtec.cat\/escaixart\/wp-content\/uploads\/usu489\/2020\/12\/SEGON-CASTELL\u00c0.pdf\">Objectius de Castell\u00e0 2n<\/a><\/p>\n<p><a href=\"https:\/\/agora.xtec.cat\/escaixart\/wp-content\/uploads\/usu489\/2020\/12\/SEGON-ANGL\u00c8S-.pdf\">Objectius d&#8217;Angl\u00e8s de 2n<\/a><\/p>\n","protected":false},"excerpt":{"rendered":"<p>Objectius de matem\u00e0tiques 2n Objectius de Catal\u00e0 2n Objectius de Castell\u00e0 2n Objectius d&#8217;Angl\u00e8s de 2n<\/p>\n","protected":false},"author":3,"featured_media":0,"parent":2575,"menu_order":2,"comment_status":"closed","ping_status":"closed","template":"","meta":{"_bbp_topic_count":0,"_bbp_reply_count":0,"_bbp_total_topic_count":0,"_bbp_total_reply_count":0,"_bbp_voice_count":0,"_bbp_anonymous_reply_count":0,"_bbp_topic_count_hidden":0,"_bbp_reply_count_hidden":0,"_bbp_forum_subforum_count":0,"site-sidebar-layout":"default","site-content-layout":"","ast-site-content-layout":"","site-content-style":"default","site-sidebar-style":"default","ast-global-header-display":"","ast-banner-title-visibility":"","ast-main-header-display":"","ast-hfb-above-header-display":"","ast-hfb-below-header-display":"","ast-hfb-mobile-header-display":"","site-post-title":"","ast-breadcrumbs-content":"","ast-featured-img":"","footer-sml-layout":"","theme-transparent-header-meta":"","adv-header-id-meta":"","stick-header-meta":"","header-above-stick-meta":"","header-main-stick-meta":"","header-below-stick-meta":"","astra-migrate-meta-layouts":"default","ast-page-background-enabled":"default","ast-page-background-meta":{"desktop":{"background-color":"var(--ast-global-color-4)","background-image":"","background-repeat":"repeat","background-position":"center center","background-size":"auto","background-attachment":"scroll","background-type":"","background-media":"","overlay-type":"","overlay-color":"","overlay-opacity":"","overlay-gradient":""},"tablet":{"background-color":"","background-image":"","background-repeat":"repeat","background-position":"center center","background-size":"auto","background-attachment":"scroll","background-type":"","background-media":"","overlay-type":"","overlay-color":"","overlay-opacity":"","overlay-gradient":""},"mobile":{"background-color":"","background-image":"","background-repeat":"repeat","background-position":"center center","background-size":"auto","background-attachment":"scroll","background-type":"","background-media":"","overlay-type":"","overlay-color":"","overlay-opacity":"","overlay-gradient":""}},"ast-content-background-meta":{"desktop":{"background-color":"var(--ast-global-color-5)","background-image":"","background-repeat":"repeat","background-position":"center center","background-size":"auto","background-attachment":"scroll","background-type":"","background-media":"","overlay-type":"","overlay-color":"","overlay-opacity":"","overlay-gradient":""},"tablet":{"background-color":"var(--ast-global-color-5)","background-image":"","background-repeat":"repeat","background-position":"center center","background-size":"auto","background-attachment":"scroll","background-type":"","background-media":"","overlay-type":"","overlay-color":"","overlay-opacity":"","overlay-gradient":""},"mobile":{"background-color":"var(--ast-global-color-5)","background-image":"","background-repeat":"repeat","background-position":"center center","background-size":"auto","background-attachment":"scroll","background-type":"","background-media":"","overlay-type":"","overlay-color":"","overlay-opacity":"","overlay-gradient":""}},"footnotes":""},"class_list":["post-2590","page","type-page","status-publish","hentry"],"post_mailing_queue_ids":[],"_links":{"self":[{"href":"https:\/\/agora.xtec.cat\/escaixart\/wp-json\/wp\/v2\/pages\/2590","targetHints":{"allow":["GET"]}}],"collection":[{"href":"https:\/\/agora.xtec.cat\/escaixart\/wp-json\/wp\/v2\/pages"}],"about":[{"href":"https:\/\/agora.xtec.cat\/escaixart\/wp-json\/wp\/v2\/types\/page"}],"author":[{"embeddable":true,"href":"https:\/\/agora.xtec.cat\/escaixart\/wp-json\/wp\/v2\/users\/3"}],"replies":[{"embeddable":true,"href":"https:\/\/agora.xtec.cat\/escaixart\/wp-json\/wp\/v2\/comments?post=2590"}],"version-history":[{"count":3,"href":"https:\/\/agora.xtec.cat\/escaixart\/wp-json\/wp\/v2\/pages\/2590\/revisions"}],"predecessor-version":[{"id":5040,"href":"https:\/\/agora.xtec.cat\/escaixart\/wp-json\/wp\/v2\/pages\/2590\/revisions\/5040"}],"up":[{"embeddable":true,"href":"https:\/\/agora.xtec.cat\/escaixart\/wp-json\/wp\/v2\/pages\/2575"}],"wp:attachment":[{"href":"https:\/\/agora.xtec.cat\/escaixart\/wp-json\/wp\/v2\/media?parent=2590"}],"curies":[{"name":"wp","href":"https:\/\/api.w.org\/{rel}","templated":true}]}}