{"id":1630,"date":"2019-12-19T10:02:03","date_gmt":"2019-12-19T09:02:03","guid":{"rendered":"https:\/\/agora.xtec.cat\/escaixart\/?page_id=1630"},"modified":"2024-10-15T10:21:22","modified_gmt":"2024-10-15T08:21:22","slug":"curriculums-equip-directiu","status":"publish","type":"page","link":"https:\/\/agora.xtec.cat\/escaixart\/projecte-educatiu\/curriculums-equip-directiu\/","title":{"rendered":"Curr\u00edculums equip directiu"},"content":{"rendered":"<p><a href=\"https:\/\/drive.google.com\/file\/d\/1lo7pvLVS9fzaDOOjODjEyfu_lpbq5aZU\/view?usp=sharing\">Perfil i traject\u00f2ria de la directora: Helena M\u00e0rquez<\/a><\/p>\n<p><a href=\"https:\/\/app.box.com\/s\/d6m1mhioxw0s1wygiu4bmth315j9dmby\">Perfil i traject\u00f2ria de la cap d&#8217;estudis: Elena Trijueque<\/a><\/p>\n<p><a href=\"https:\/\/drive.google.com\/file\/d\/1tnJKgGuiptFA20lLd6mhso14UwjX0Jpp\/view?usp=sharing\">Perfil i traject\u00f2ria de la secret\u00e0ria: Helena Creus<\/a><\/p>\n","protected":false},"excerpt":{"rendered":"<p>Perfil i traject\u00f2ria de la directora: Helena M\u00e0rquez Perfil i traject\u00f2ria de la cap d&#8217;estudis: Elena Trijueque Perfil i traject\u00f2ria de la secret\u00e0ria: Helena Creus<\/p>\n","protected":false},"author":3,"featured_media":0,"parent":64,"menu_order":6,"comment_status":"closed","ping_status":"closed","template":"page-templates\/side-menu.php","meta":{"_bbp_topic_count":0,"_bbp_reply_count":0,"_bbp_total_topic_count":0,"_bbp_total_reply_count":0,"_bbp_voice_count":0,"_bbp_anonymous_reply_count":0,"_bbp_topic_count_hidden":0,"_bbp_reply_count_hidden":0,"_bbp_forum_subforum_count":0,"site-sidebar-layout":"default","site-content-layout":"","ast-site-content-layout":"","site-content-style":"default","site-sidebar-style":"default","ast-global-header-display":"","ast-banner-title-visibility":"","ast-main-header-display":"","ast-hfb-above-header-display":"","ast-hfb-below-header-display":"","ast-hfb-mobile-header-display":"","site-post-title":"","ast-breadcrumbs-content":"","ast-featured-img":"","footer-sml-layout":"","theme-transparent-header-meta":"","adv-header-id-meta":"","stick-header-meta":"","header-above-stick-meta":"","header-main-stick-meta":"","header-below-stick-meta":"","astra-migrate-meta-layouts":"default","ast-page-background-enabled":"default","ast-page-background-meta":{"desktop":{"background-color":"var(--ast-global-color-4)","background-image":"","background-repeat":"repeat","background-position":"center center","background-size":"auto","background-attachment":"scroll","background-type":"","background-media":"","overlay-type":"","overlay-color":"","overlay-opacity":"","overlay-gradient":""},"tablet":{"background-color":"","background-image":"","background-repeat":"repeat","background-position":"center center","background-size":"auto","background-attachment":"scroll","background-type":"","background-media":"","overlay-type":"","overlay-color":"","overlay-opacity":"","overlay-gradient":""},"mobile":{"background-color":"","background-image":"","background-repeat":"repeat","background-position":"center center","background-size":"auto","background-attachment":"scroll","background-type":"","background-media":"","overlay-type":"","overlay-color":"","overlay-opacity":"","overlay-gradient":""}},"ast-content-background-meta":{"desktop":{"background-color":"var(--ast-global-color-5)","background-image":"","background-repeat":"repeat","background-position":"center center","background-size":"auto","background-attachment":"scroll","background-type":"","background-media":"","overlay-type":"","overlay-color":"","overlay-opacity":"","overlay-gradient":""},"tablet":{"background-color":"var(--ast-global-color-5)","background-image":"","background-repeat":"repeat","background-position":"center center","background-size":"auto","background-attachment":"scroll","background-type":"","background-media":"","overlay-type":"","overlay-color":"","overlay-opacity":"","overlay-gradient":""},"mobile":{"background-color":"var(--ast-global-color-5)","background-image":"","background-repeat":"repeat","background-position":"center center","background-size":"auto","background-attachment":"scroll","background-type":"","background-media":"","overlay-type":"","overlay-color":"","overlay-opacity":"","overlay-gradient":""}},"footnotes":""},"class_list":["post-1630","page","type-page","status-publish","hentry"],"post_mailing_queue_ids":[],"_links":{"self":[{"href":"https:\/\/agora.xtec.cat\/escaixart\/wp-json\/wp\/v2\/pages\/1630","targetHints":{"allow":["GET"]}}],"collection":[{"href":"https:\/\/agora.xtec.cat\/escaixart\/wp-json\/wp\/v2\/pages"}],"about":[{"href":"https:\/\/agora.xtec.cat\/escaixart\/wp-json\/wp\/v2\/types\/page"}],"author":[{"embeddable":true,"href":"https:\/\/agora.xtec.cat\/escaixart\/wp-json\/wp\/v2\/users\/3"}],"replies":[{"embeddable":true,"href":"https:\/\/agora.xtec.cat\/escaixart\/wp-json\/wp\/v2\/comments?post=1630"}],"version-history":[{"count":6,"href":"https:\/\/agora.xtec.cat\/escaixart\/wp-json\/wp\/v2\/pages\/1630\/revisions"}],"predecessor-version":[{"id":5709,"href":"https:\/\/agora.xtec.cat\/escaixart\/wp-json\/wp\/v2\/pages\/1630\/revisions\/5709"}],"up":[{"embeddable":true,"href":"https:\/\/agora.xtec.cat\/escaixart\/wp-json\/wp\/v2\/pages\/64"}],"wp:attachment":[{"href":"https:\/\/agora.xtec.cat\/escaixart\/wp-json\/wp\/v2\/media?parent=1630"}],"curies":[{"name":"wp","href":"https:\/\/api.w.org\/{rel}","templated":true}]}}