{"id":1477,"date":"2019-10-31T13:06:38","date_gmt":"2019-10-31T12:06:38","guid":{"rendered":"https:\/\/agora.xtec.cat\/escaixart\/?page_id=1477"},"modified":"2026-02-24T13:42:11","modified_gmt":"2026-02-24T12:42:11","slug":"projecte-de-direccio","status":"publish","type":"page","link":"https:\/\/agora.xtec.cat\/escaixart\/projecte-educatiu\/projecte-de-direccio\/","title":{"rendered":"Acords del consell escolar"},"content":{"rendered":"<p>Per con\u00e8ixer els acords presos en el consell escolar del mes de gener de 2021, cliqueu a l&#8217;enlla\u00e7.<\/p>\n<p><a href=\"https:\/\/agora.xtec.cat\/escaixart\/wp-content\/uploads\/usu489\/2021\/01\/20-21_Acords-Consell-Escolar_GEN.pdf\">20-21_Acords Consell Escolar_GEN<\/a><\/p>\n<p>Per con\u00e8ixer els acords presos en el consell escolar extraordinari del mes de mar\u00e7 de 2021, cliqueu a l&#8217;enlla\u00e7.<\/p>\n<p><a href=\"https:\/\/agora.xtec.cat\/escaixart\/wp-content\/uploads\/usu489\/2021\/03\/20-21_Acords-Consell-Escolar-extraordinari_MAR\u00c7.pdf\">20-21_Acords Consell Escolar extraordinari_MAR\u00c7<\/a><\/p>\n<p>Per con\u00e8ixer els acords presos en el consell escolar del mes de juny de 2021, cliqueu a l&#8217;enlla\u00e7.<\/p>\n<p><a href=\"https:\/\/agora.xtec.cat\/escaixart\/wp-content\/uploads\/usu489\/2021\/06\/20-21_Acords-Consell-Escolar_JUNY.pdf\">20-21_Acords Consell Escolar_JUNY<\/a><\/p>\n<p>Per con\u00e8ixer els acords presos en el consell escolar del mes de setembre de 2021, cliqueu a l&#8217;enlla\u00e7.<\/p>\n<p><a href=\"https:\/\/app.box.com\/s\/0mynxeyzuz5nbaekej4m7bz9qis0w1lq\">21-22_Acords Consell Escolar_SETEMBRE<\/a><\/p>\n<p>Per con\u00e8ixer els acrods presos en el consell escolar del mes de gener de 2022, cliqueu a l&#8217;enlla\u00e7.<\/p>\n<p><a href=\"https:\/\/drive.google.com\/file\/d\/1QU0GG0DoOynR6tNXD9D9HSsbRwRfUInH\/view?usp=sharing\">21-22_Acords Consell Escolar_GENER<\/a><\/p>\n<p>Per con\u00e8ixer els acrods presos en el consell escolar del mes de gener de 2023, cliqueu a l&#8217;enlla\u00e7.<\/p>\n<p><a href=\"https:\/\/drive.google.com\/file\/d\/1-rr9bcSXvWcnmZgR5Vhx1fW0HA-G7Af8\/view?usp=sharing\">22-23_Acords Consell Escolar_GENER<\/a><\/p>\n<p>Per con\u00e8ixer els acords presos en el consell escolar del mes de juny de 2023, cliqueu a l&#8217;enlla\u00e7.<\/p>\n<p><a href=\"https:\/\/app.box.com\/s\/gzf2lxu22neh05jug6i06vpmnkyxgqzk\">22-23_Acords Consell Escolar_JUNY<\/a><\/p>\n<p>Per con\u00e8ixer els acords presos en el consell escolar del mes de setembre de 2023, cliqueu a l&#8217;enlla\u00e7.<\/p>\n<p><a href=\"https:\/\/app.box.com\/s\/vq25i50xo8u5log3gtzdwb4zmc30pgla\">23-24_Acords Consell Escolar_SETEMBRE<\/a><\/p>\n<p>Per con\u00e8ixer els acords presos en el consell escolar del mes de gener de 2024, cliqueu a l&#8217;enlla\u00e7.<\/p>\n<p><a href=\"https:\/\/app.box.com\/s\/5aqrrjg7kn4bajeeh97d2xjmk6y5ov6k\">23-24_Acords Consell Escolar_GENER<\/a><\/p>\n<p>Per con\u00e8ixer els acords presos en el consell escolar del mes de juny de 2024, cliqueu a l&#8217;enlla\u00e7.<\/p>\n<p><a href=\"https:\/\/app.box.com\/s\/784vefreodepqznayt2i1xmiyfhnm711\">23-24_Acords Consell Escolar_JUNY<\/a><\/p>\n<p>Per con\u00e8ixer els acords presos en el consell escolar del mes de setembre de 2024, cliqueu a l&#8217;enlla\u00e7.<\/p>\n<p><a href=\"https:\/\/app.box.com\/s\/9mzrzeiw5l4z9dqehpwbzwe20atj64u6\">24-25_Acords Consell Escolar_SETEMBRE<\/a><\/p>\n<p>Per con\u00e8ixer els acords presos en el consell escolar del mes de gener de 2025, cliqueu a l&#8217;enlla\u00e7<\/p>\n<p><a href=\"https:\/\/app.box.com\/s\/aep9oi11nslffpz6ecoqvr7pcsn47dp7\">24-25_Acords Consell Escolar_GENER<\/a><\/p>\n<p>Per con\u00e8ixer els acords presos en el consell escolar del mes deJUNY de 2025, cliqueu a l&#8217;enlla\u00e7<\/p>\n<p><a href=\"https:\/\/app.box.com\/s\/45od9p0g8ppvj3fxhlg8j2j9lcxmhf8v\">24-25_Acords Consell Escolar_JUNY<\/a><\/p>\n<p>Per con\u00e8ixer els acords presos en el consell escolar del mes de SETEMBRE de 2025, cliqueu a l&#8217;enlla\u00e7<\/p>\n<p><a href=\"https:\/\/app.box.com\/s\/phr3x1p9ceisxbtpsz35j2e8bupvl7ji\">25-26_Acords Consell Escolar SETEMBRE<\/a><\/p>\n<p>Per con\u00e8ixer els acords presos en el consell escolar del mes de GENER de 2026, cliqueu a l&#8217;enlla\u00e7<\/p>\n<p><a href=\"https:\/\/app.box.com\/s\/49h6q0y7gjvwnoihxa7asvi2fb3bp1ye\">25-26_Acords Consell Escolar GENER<\/a><\/p>\n","protected":false},"excerpt":{"rendered":"<p>Per con\u00e8ixer els acords presos en el consell escolar del mes de gener de 2021, cliqueu a l&#8217;enlla\u00e7. 20-21_Acords Consell Escolar_GEN Per con\u00e8ixer els acords presos en el consell escolar extraordinari del mes de mar\u00e7 de 2021, cliqueu a l&#8217;enlla\u00e7. 20-21_Acords Consell Escolar extraordinari_MAR\u00c7 Per con\u00e8ixer els acords presos en el consell escolar del mes [&hellip;]<\/p>\n","protected":false},"author":3,"featured_media":0,"parent":64,"menu_order":3,"comment_status":"closed","ping_status":"closed","template":"page-templates\/side-menu.php","meta":{"_bbp_topic_count":0,"_bbp_reply_count":0,"_bbp_total_topic_count":0,"_bbp_total_reply_count":0,"_bbp_voice_count":0,"_bbp_anonymous_reply_count":0,"_bbp_topic_count_hidden":0,"_bbp_reply_count_hidden":0,"_bbp_forum_subforum_count":0,"site-sidebar-layout":"default","site-content-layout":"","ast-site-content-layout":"","site-content-style":"default","site-sidebar-style":"default","ast-global-header-display":"","ast-banner-title-visibility":"","ast-main-header-display":"","ast-hfb-above-header-display":"","ast-hfb-below-header-display":"","ast-hfb-mobile-header-display":"","site-post-title":"","ast-breadcrumbs-content":"","ast-featured-img":"","footer-sml-layout":"","theme-transparent-header-meta":"","adv-header-id-meta":"","stick-header-meta":"","header-above-stick-meta":"","header-main-stick-meta":"","header-below-stick-meta":"","astra-migrate-meta-layouts":"default","ast-page-background-enabled":"default","ast-page-background-meta":{"desktop":{"background-color":"var(--ast-global-color-4)","background-image":"","background-repeat":"repeat","background-position":"center center","background-size":"auto","background-attachment":"scroll","background-type":"","background-media":"","overlay-type":"","overlay-color":"","overlay-opacity":"","overlay-gradient":""},"tablet":{"background-color":"","background-image":"","background-repeat":"repeat","background-position":"center center","background-size":"auto","background-attachment":"scroll","background-type":"","background-media":"","overlay-type":"","overlay-color":"","overlay-opacity":"","overlay-gradient":""},"mobile":{"background-color":"","background-image":"","background-repeat":"repeat","background-position":"center center","background-size":"auto","background-attachment":"scroll","background-type":"","background-media":"","overlay-type":"","overlay-color":"","overlay-opacity":"","overlay-gradient":""}},"ast-content-background-meta":{"desktop":{"background-color":"var(--ast-global-color-5)","background-image":"","background-repeat":"repeat","background-position":"center center","background-size":"auto","background-attachment":"scroll","background-type":"","background-media":"","overlay-type":"","overlay-color":"","overlay-opacity":"","overlay-gradient":""},"tablet":{"background-color":"var(--ast-global-color-5)","background-image":"","background-repeat":"repeat","background-position":"center center","background-size":"auto","background-attachment":"scroll","background-type":"","background-media":"","overlay-type":"","overlay-color":"","overlay-opacity":"","overlay-gradient":""},"mobile":{"background-color":"var(--ast-global-color-5)","background-image":"","background-repeat":"repeat","background-position":"center center","background-size":"auto","background-attachment":"scroll","background-type":"","background-media":"","overlay-type":"","overlay-color":"","overlay-opacity":"","overlay-gradient":""}},"footnotes":""},"class_list":["post-1477","page","type-page","status-publish","hentry"],"post_mailing_queue_ids":[],"_links":{"self":[{"href":"https:\/\/agora.xtec.cat\/escaixart\/wp-json\/wp\/v2\/pages\/1477","targetHints":{"allow":["GET"]}}],"collection":[{"href":"https:\/\/agora.xtec.cat\/escaixart\/wp-json\/wp\/v2\/pages"}],"about":[{"href":"https:\/\/agora.xtec.cat\/escaixart\/wp-json\/wp\/v2\/types\/page"}],"author":[{"embeddable":true,"href":"https:\/\/agora.xtec.cat\/escaixart\/wp-json\/wp\/v2\/users\/3"}],"replies":[{"embeddable":true,"href":"https:\/\/agora.xtec.cat\/escaixart\/wp-json\/wp\/v2\/comments?post=1477"}],"version-history":[{"count":6,"href":"https:\/\/agora.xtec.cat\/escaixart\/wp-json\/wp\/v2\/pages\/1477\/revisions"}],"predecessor-version":[{"id":6324,"href":"https:\/\/agora.xtec.cat\/escaixart\/wp-json\/wp\/v2\/pages\/1477\/revisions\/6324"}],"up":[{"embeddable":true,"href":"https:\/\/agora.xtec.cat\/escaixart\/wp-json\/wp\/v2\/pages\/64"}],"wp:attachment":[{"href":"https:\/\/agora.xtec.cat\/escaixart\/wp-json\/wp\/v2\/media?parent=1477"}],"curies":[{"name":"wp","href":"https:\/\/api.w.org\/{rel}","templated":true}]}}