{"id":1148,"date":"2019-06-24T21:21:58","date_gmt":"2019-06-24T19:21:58","guid":{"rendered":"https:\/\/agora.xtec.cat\/escaixart\/?page_id=1148"},"modified":"2024-10-17T10:31:31","modified_gmt":"2024-10-17T08:31:31","slug":"autoritzacions","status":"publish","type":"page","link":"https:\/\/agora.xtec.cat\/escaixart\/documents\/documents-de-gestio-i-sortides\/autoritzacions\/","title":{"rendered":"Autoritzacions"},"content":{"rendered":"<p><a href=\"https:\/\/agora.xtec.cat\/escaixart\/wp-content\/uploads\/usu489\/2021\/02\/Autoritzaci\u00f3-al\u00b7lergies-aliment\u00e0ries.pdf\">Autoritzaci\u00f3 al\u00b7l\u00e8rgies aliment\u00e0ries<\/a><br \/>\n<a href=\"https:\/\/app.box.com\/s\/w5npu75pbr2xzlxxw7ti1wionmfxzd95\">Autoritzaci\u00f3 per donar medicaments<\/a><\/p>\n<p><a href=\"https:\/\/agora.xtec.cat\/escaixart\/wp-content\/uploads\/usu489\/2021\/02\/autoritzaci\u00f3-alumnes-menys-14-anys-recursos-digitals-i-internet.pdf\">Autoritzaci\u00f3 alumnes menys 14 anys recursos digitals i internet<\/a><\/p>\n<p><a href=\"https:\/\/app.box.com\/s\/0hmndu2usivfb3mh2cx17p5dr93rm7u2\">Autoritzaci\u00f3 religi\u00f3<\/a><br \/>\n<a href=\"https:\/\/app.box.com\/s\/1v9weihj6j0uowylewnqdmjxp1n9ag7a\">Autoritzacions sortides municipi<\/a><\/p>\n<p><a href=\"https:\/\/app.box.com\/s\/35l1c6aplg761x1yxkypuqq1i9rlxadm\">Autoritzaci\u00f3 imatge-escrit<\/a><br \/>\n<a href=\"https:\/\/app.box.com\/s\/fkv75k6o1bcv122j3u4vcfded3hee9yc\">Cessi\u00f3 e-mail a entitats<\/a><\/p>\n<p><a href=\"https:\/\/app.box.com\/s\/04bbvbfmytkowau07izj5njkmnza1fq2\">Model Autoritzacions pares per sortir amb una altra persona<\/a><br \/>\n<a href=\"https:\/\/app.box.com\/s\/xrdsmzsbbtl35tr2x7bwulvi6dik7qxi\">Model Autoritzacions pares per sortir amb germans grans<\/a><br \/>\n<a href=\"https:\/\/app.box.com\/s\/bqb1v8ex086844di32dieohsng3mt498\">Model Autoritzacions pares per sortir sol<\/a><\/p>\n<p>&nbsp;<\/p>\n","protected":false},"excerpt":{"rendered":"<p>Autoritzaci\u00f3 al\u00b7l\u00e8rgies aliment\u00e0ries Autoritzaci\u00f3 per donar medicaments Autoritzaci\u00f3 alumnes menys 14 anys recursos digitals i internet Autoritzaci\u00f3 religi\u00f3 Autoritzacions sortides municipi Autoritzaci\u00f3 imatge-escrit Cessi\u00f3 e-mail a entitats Model Autoritzacions pares per sortir amb una altra persona Model Autoritzacions pares per sortir amb germans grans Model Autoritzacions pares per sortir sol &nbsp;<\/p>\n","protected":false},"author":3,"featured_media":0,"parent":620,"menu_order":0,"comment_status":"closed","ping_status":"closed","template":"","meta":{"_bbp_topic_count":0,"_bbp_reply_count":0,"_bbp_total_topic_count":0,"_bbp_total_reply_count":0,"_bbp_voice_count":0,"_bbp_anonymous_reply_count":0,"_bbp_topic_count_hidden":0,"_bbp_reply_count_hidden":0,"_bbp_forum_subforum_count":0,"site-sidebar-layout":"default","site-content-layout":"","ast-site-content-layout":"","site-content-style":"default","site-sidebar-style":"default","ast-global-header-display":"","ast-banner-title-visibility":"","ast-main-header-display":"","ast-hfb-above-header-display":"","ast-hfb-below-header-display":"","ast-hfb-mobile-header-display":"","site-post-title":"","ast-breadcrumbs-content":"","ast-featured-img":"","footer-sml-layout":"","theme-transparent-header-meta":"","adv-header-id-meta":"","stick-header-meta":"","header-above-stick-meta":"","header-main-stick-meta":"","header-below-stick-meta":"","astra-migrate-meta-layouts":"default","ast-page-background-enabled":"default","ast-page-background-meta":{"desktop":{"background-color":"var(--ast-global-color-4)","background-image":"","background-repeat":"repeat","background-position":"center center","background-size":"auto","background-attachment":"scroll","background-type":"","background-media":"","overlay-type":"","overlay-color":"","overlay-opacity":"","overlay-gradient":""},"tablet":{"background-color":"","background-image":"","background-repeat":"repeat","background-position":"center center","background-size":"auto","background-attachment":"scroll","background-type":"","background-media":"","overlay-type":"","overlay-color":"","overlay-opacity":"","overlay-gradient":""},"mobile":{"background-color":"","background-image":"","background-repeat":"repeat","background-position":"center center","background-size":"auto","background-attachment":"scroll","background-type":"","background-media":"","overlay-type":"","overlay-color":"","overlay-opacity":"","overlay-gradient":""}},"ast-content-background-meta":{"desktop":{"background-color":"var(--ast-global-color-5)","background-image":"","background-repeat":"repeat","background-position":"center center","background-size":"auto","background-attachment":"scroll","background-type":"","background-media":"","overlay-type":"","overlay-color":"","overlay-opacity":"","overlay-gradient":""},"tablet":{"background-color":"var(--ast-global-color-5)","background-image":"","background-repeat":"repeat","background-position":"center center","background-size":"auto","background-attachment":"scroll","background-type":"","background-media":"","overlay-type":"","overlay-color":"","overlay-opacity":"","overlay-gradient":""},"mobile":{"background-color":"var(--ast-global-color-5)","background-image":"","background-repeat":"repeat","background-position":"center center","background-size":"auto","background-attachment":"scroll","background-type":"","background-media":"","overlay-type":"","overlay-color":"","overlay-opacity":"","overlay-gradient":""}},"footnotes":""},"class_list":["post-1148","page","type-page","status-publish","hentry"],"post_mailing_queue_ids":[],"_links":{"self":[{"href":"https:\/\/agora.xtec.cat\/escaixart\/wp-json\/wp\/v2\/pages\/1148","targetHints":{"allow":["GET"]}}],"collection":[{"href":"https:\/\/agora.xtec.cat\/escaixart\/wp-json\/wp\/v2\/pages"}],"about":[{"href":"https:\/\/agora.xtec.cat\/escaixart\/wp-json\/wp\/v2\/types\/page"}],"author":[{"embeddable":true,"href":"https:\/\/agora.xtec.cat\/escaixart\/wp-json\/wp\/v2\/users\/3"}],"replies":[{"embeddable":true,"href":"https:\/\/agora.xtec.cat\/escaixart\/wp-json\/wp\/v2\/comments?post=1148"}],"version-history":[{"count":6,"href":"https:\/\/agora.xtec.cat\/escaixart\/wp-json\/wp\/v2\/pages\/1148\/revisions"}],"predecessor-version":[{"id":5719,"href":"https:\/\/agora.xtec.cat\/escaixart\/wp-json\/wp\/v2\/pages\/1148\/revisions\/5719"}],"up":[{"embeddable":true,"href":"https:\/\/agora.xtec.cat\/escaixart\/wp-json\/wp\/v2\/pages\/620"}],"wp:attachment":[{"href":"https:\/\/agora.xtec.cat\/escaixart\/wp-json\/wp\/v2\/media?parent=1148"}],"curies":[{"name":"wp","href":"https:\/\/api.w.org\/{rel}","templated":true}]}}