{"id":1122,"date":"2019-06-17T22:55:36","date_gmt":"2019-06-17T20:55:36","guid":{"rendered":"https:\/\/agora.xtec.cat\/escaixart\/?page_id=1122"},"modified":"2024-10-08T09:58:05","modified_gmt":"2024-10-08T07:58:05","slug":"collaboracions-solidaries","status":"publish","type":"page","link":"https:\/\/agora.xtec.cat\/escaixart\/projectes\/collaboracions-solidaries\/","title":{"rendered":"Col\u00b7laboracions solid\u00e0ries"},"content":{"rendered":"<p><em>Les col\u00b7laboracions solid\u00e0ries a l\u2019escola, es treballen a trav\u00e9s de les situacions d\u2019aprenentatge. Cada cicle s\u2019encarrega de treballar algun aspecte del reciclatge i tamb\u00e9 algun projecte solidari.<\/em><\/p>\n<p><strong><u>Apilo:<\/u><\/strong> els alumnes de cicle inicial disposen de contenidors de piles, i s&#8217;encarreguen del projecte.<\/p>\n<p><strong><u>Recollida de roba <em>Glorr:<\/em><\/u><\/strong> durant algun per\u00edode del curs, aquesta associaci\u00f3 ens proporciona unes bosses de pl\u00e0stic que els alumnes poden retornar plenes de roba per donar.<\/p>\n<p><strong><u>Recollida de taps: <\/u><\/strong>aquest projecte s\u2019ha fet extensiu al poble i disposem d\u2019un contenidor a fora de l\u2019escola on tothom qui ho desitgi pot dipositar els taps, que es recullen amb finalitats solid\u00e0ries.<\/p>\n<p><strong><u>Fira solid\u00e0ria:<\/u><\/strong> (veure apartat de projectes).<\/p>\n<p><strong><u>Donaci\u00f3 de sang<\/u><\/strong><strong>: <\/strong>(veure apartat de projectes).<\/p>\n","protected":false},"excerpt":{"rendered":"<p>Les col\u00b7laboracions solid\u00e0ries a l\u2019escola, es treballen a trav\u00e9s de les situacions d\u2019aprenentatge. Cada cicle s\u2019encarrega de treballar algun aspecte del reciclatge i tamb\u00e9 algun projecte solidari. Apilo: els alumnes de cicle inicial disposen de contenidors de piles, i s&#8217;encarreguen del projecte. Recollida de roba Glorr: durant algun per\u00edode del curs, aquesta associaci\u00f3 ens proporciona [&hellip;]<\/p>\n","protected":false},"author":3,"featured_media":0,"parent":1110,"menu_order":3,"comment_status":"closed","ping_status":"closed","template":"page-templates\/side-menu.php","meta":{"_bbp_topic_count":0,"_bbp_reply_count":0,"_bbp_total_topic_count":0,"_bbp_total_reply_count":0,"_bbp_voice_count":0,"_bbp_anonymous_reply_count":0,"_bbp_topic_count_hidden":0,"_bbp_reply_count_hidden":0,"_bbp_forum_subforum_count":0,"site-sidebar-layout":"default","site-content-layout":"","ast-site-content-layout":"","site-content-style":"default","site-sidebar-style":"default","ast-global-header-display":"","ast-banner-title-visibility":"","ast-main-header-display":"","ast-hfb-above-header-display":"","ast-hfb-below-header-display":"","ast-hfb-mobile-header-display":"","site-post-title":"","ast-breadcrumbs-content":"","ast-featured-img":"","footer-sml-layout":"","theme-transparent-header-meta":"","adv-header-id-meta":"","stick-header-meta":"","header-above-stick-meta":"","header-main-stick-meta":"","header-below-stick-meta":"","astra-migrate-meta-layouts":"default","ast-page-background-enabled":"default","ast-page-background-meta":{"desktop":{"background-color":"var(--ast-global-color-4)","background-image":"","background-repeat":"repeat","background-position":"center center","background-size":"auto","background-attachment":"scroll","background-type":"","background-media":"","overlay-type":"","overlay-color":"","overlay-opacity":"","overlay-gradient":""},"tablet":{"background-color":"","background-image":"","background-repeat":"repeat","background-position":"center center","background-size":"auto","background-attachment":"scroll","background-type":"","background-media":"","overlay-type":"","overlay-color":"","overlay-opacity":"","overlay-gradient":""},"mobile":{"background-color":"","background-image":"","background-repeat":"repeat","background-position":"center center","background-size":"auto","background-attachment":"scroll","background-type":"","background-media":"","overlay-type":"","overlay-color":"","overlay-opacity":"","overlay-gradient":""}},"ast-content-background-meta":{"desktop":{"background-color":"var(--ast-global-color-5)","background-image":"","background-repeat":"repeat","background-position":"center center","background-size":"auto","background-attachment":"scroll","background-type":"","background-media":"","overlay-type":"","overlay-color":"","overlay-opacity":"","overlay-gradient":""},"tablet":{"background-color":"var(--ast-global-color-5)","background-image":"","background-repeat":"repeat","background-position":"center center","background-size":"auto","background-attachment":"scroll","background-type":"","background-media":"","overlay-type":"","overlay-color":"","overlay-opacity":"","overlay-gradient":""},"mobile":{"background-color":"var(--ast-global-color-5)","background-image":"","background-repeat":"repeat","background-position":"center center","background-size":"auto","background-attachment":"scroll","background-type":"","background-media":"","overlay-type":"","overlay-color":"","overlay-opacity":"","overlay-gradient":""}},"footnotes":""},"class_list":["post-1122","page","type-page","status-publish","hentry"],"post_mailing_queue_ids":[],"_links":{"self":[{"href":"https:\/\/agora.xtec.cat\/escaixart\/wp-json\/wp\/v2\/pages\/1122","targetHints":{"allow":["GET"]}}],"collection":[{"href":"https:\/\/agora.xtec.cat\/escaixart\/wp-json\/wp\/v2\/pages"}],"about":[{"href":"https:\/\/agora.xtec.cat\/escaixart\/wp-json\/wp\/v2\/types\/page"}],"author":[{"embeddable":true,"href":"https:\/\/agora.xtec.cat\/escaixart\/wp-json\/wp\/v2\/users\/3"}],"replies":[{"embeddable":true,"href":"https:\/\/agora.xtec.cat\/escaixart\/wp-json\/wp\/v2\/comments?post=1122"}],"version-history":[{"count":4,"href":"https:\/\/agora.xtec.cat\/escaixart\/wp-json\/wp\/v2\/pages\/1122\/revisions"}],"predecessor-version":[{"id":5633,"href":"https:\/\/agora.xtec.cat\/escaixart\/wp-json\/wp\/v2\/pages\/1122\/revisions\/5633"}],"up":[{"embeddable":true,"href":"https:\/\/agora.xtec.cat\/escaixart\/wp-json\/wp\/v2\/pages\/1110"}],"wp:attachment":[{"href":"https:\/\/agora.xtec.cat\/escaixart\/wp-json\/wp\/v2\/media?parent=1122"}],"curies":[{"name":"wp","href":"https:\/\/api.w.org\/{rel}","templated":true}]}}