{"id":1118,"date":"2019-06-17T22:53:21","date_gmt":"2019-06-17T20:53:21","guid":{"rendered":"https:\/\/agora.xtec.cat\/escaixart\/?page_id=1118"},"modified":"2024-10-08T09:22:46","modified_gmt":"2024-10-08T07:22:46","slug":"premis-i-concursos","status":"publish","type":"page","link":"https:\/\/agora.xtec.cat\/escaixart\/projectes\/premis-i-concursos\/","title":{"rendered":"Premis i concursos"},"content":{"rendered":"<p><strong><u>Premi Sebas Parra:<\/u><\/strong> premis de narrativa destinats als alumnes de prim\u00e0ria. Cada curs presenta els escrits de m\u00e9s qualitat, seleccionats per el\/la tutor\/a.<\/p>\n<p><strong><u>Quin munt de llibres:<\/u><\/strong> es comptabilitzaran els llibre llegits cada any a l\u2019escola per intentar superar-nos any a any.<\/p>\n<p><strong><u>Lect\u00f2metres:<\/u><\/strong> activitat vinculada a <em>Quin munt de llibres<\/em>. Cada mes es recullen les fitxes on hi ha escrit el t\u00edtol de tots els llibres que s\u2019han llegit. S\u2019escull el\/la nen\/a que ha llegit m\u00e9s de cada cicle i se li fa una fotografia per penjar a l\u2019entrada, se li d\u00f3na un diploma i es penja en el bloc.<\/p>\n<p><strong><u>Proves cangur:<\/u><\/strong> prova de reptes matem\u00e0tics que t\u00e9 lloc cap al mes de mar\u00e7. Hi participen els alumnes de 5\u00e8. S\u00f3n a nivell de Catalunya; se celebren conjuntament amb totes les escoles participants i s\u00f3n de correcci\u00f3 externa.<\/p>\n<p><strong><u>Art\/paraules:<\/u><\/strong> per potenciar la creativitat en els alumnes i l\u2019esperit art\u00edstic es crear\u00e0 el concurs del bloc de les paraules. Cada alumne dissenyar\u00e0\u00a0 les paraules treballades en el seu bloc i trimestralment es realitzaran votacions per escollir els blocs m\u00e9s art\u00edstics.<\/p>\n<p><strong><u>Concurs de dibuix del cartell de la fira de la ceba i la tomata de Viladasens<\/u><\/strong> els alumnes de I5, 2n i 4t participen fent un dibuix pel\u00a0 concurs del cartell de la fira. Els guanyadors reben un premi el dia de la fira.<\/p>\n","protected":false},"excerpt":{"rendered":"<p>Premi Sebas Parra: premis de narrativa destinats als alumnes de prim\u00e0ria. Cada curs presenta els escrits de m\u00e9s qualitat, seleccionats per el\/la tutor\/a. Quin munt de llibres: es comptabilitzaran els llibre llegits cada any a l\u2019escola per intentar superar-nos any a any. Lect\u00f2metres: activitat vinculada a Quin munt de llibres. Cada mes es recullen les [&hellip;]<\/p>\n","protected":false},"author":3,"featured_media":0,"parent":1110,"menu_order":2,"comment_status":"closed","ping_status":"closed","template":"page-templates\/side-menu.php","meta":{"_bbp_topic_count":0,"_bbp_reply_count":0,"_bbp_total_topic_count":0,"_bbp_total_reply_count":0,"_bbp_voice_count":0,"_bbp_anonymous_reply_count":0,"_bbp_topic_count_hidden":0,"_bbp_reply_count_hidden":0,"_bbp_forum_subforum_count":0,"site-sidebar-layout":"default","site-content-layout":"","ast-site-content-layout":"","site-content-style":"default","site-sidebar-style":"default","ast-global-header-display":"","ast-banner-title-visibility":"","ast-main-header-display":"","ast-hfb-above-header-display":"","ast-hfb-below-header-display":"","ast-hfb-mobile-header-display":"","site-post-title":"","ast-breadcrumbs-content":"","ast-featured-img":"","footer-sml-layout":"","theme-transparent-header-meta":"","adv-header-id-meta":"","stick-header-meta":"","header-above-stick-meta":"","header-main-stick-meta":"","header-below-stick-meta":"","astra-migrate-meta-layouts":"default","ast-page-background-enabled":"default","ast-page-background-meta":{"desktop":{"background-color":"var(--ast-global-color-4)","background-image":"","background-repeat":"repeat","background-position":"center center","background-size":"auto","background-attachment":"scroll","background-type":"","background-media":"","overlay-type":"","overlay-color":"","overlay-opacity":"","overlay-gradient":""},"tablet":{"background-color":"","background-image":"","background-repeat":"repeat","background-position":"center center","background-size":"auto","background-attachment":"scroll","background-type":"","background-media":"","overlay-type":"","overlay-color":"","overlay-opacity":"","overlay-gradient":""},"mobile":{"background-color":"","background-image":"","background-repeat":"repeat","background-position":"center center","background-size":"auto","background-attachment":"scroll","background-type":"","background-media":"","overlay-type":"","overlay-color":"","overlay-opacity":"","overlay-gradient":""}},"ast-content-background-meta":{"desktop":{"background-color":"var(--ast-global-color-5)","background-image":"","background-repeat":"repeat","background-position":"center center","background-size":"auto","background-attachment":"scroll","background-type":"","background-media":"","overlay-type":"","overlay-color":"","overlay-opacity":"","overlay-gradient":""},"tablet":{"background-color":"var(--ast-global-color-5)","background-image":"","background-repeat":"repeat","background-position":"center center","background-size":"auto","background-attachment":"scroll","background-type":"","background-media":"","overlay-type":"","overlay-color":"","overlay-opacity":"","overlay-gradient":""},"mobile":{"background-color":"var(--ast-global-color-5)","background-image":"","background-repeat":"repeat","background-position":"center center","background-size":"auto","background-attachment":"scroll","background-type":"","background-media":"","overlay-type":"","overlay-color":"","overlay-opacity":"","overlay-gradient":""}},"footnotes":""},"class_list":["post-1118","page","type-page","status-publish","hentry"],"post_mailing_queue_ids":[],"_links":{"self":[{"href":"https:\/\/agora.xtec.cat\/escaixart\/wp-json\/wp\/v2\/pages\/1118","targetHints":{"allow":["GET"]}}],"collection":[{"href":"https:\/\/agora.xtec.cat\/escaixart\/wp-json\/wp\/v2\/pages"}],"about":[{"href":"https:\/\/agora.xtec.cat\/escaixart\/wp-json\/wp\/v2\/types\/page"}],"author":[{"embeddable":true,"href":"https:\/\/agora.xtec.cat\/escaixart\/wp-json\/wp\/v2\/users\/3"}],"replies":[{"embeddable":true,"href":"https:\/\/agora.xtec.cat\/escaixart\/wp-json\/wp\/v2\/comments?post=1118"}],"version-history":[{"count":4,"href":"https:\/\/agora.xtec.cat\/escaixart\/wp-json\/wp\/v2\/pages\/1118\/revisions"}],"predecessor-version":[{"id":5629,"href":"https:\/\/agora.xtec.cat\/escaixart\/wp-json\/wp\/v2\/pages\/1118\/revisions\/5629"}],"up":[{"embeddable":true,"href":"https:\/\/agora.xtec.cat\/escaixart\/wp-json\/wp\/v2\/pages\/1110"}],"wp:attachment":[{"href":"https:\/\/agora.xtec.cat\/escaixart\/wp-json\/wp\/v2\/media?parent=1118"}],"curies":[{"name":"wp","href":"https:\/\/api.w.org\/{rel}","templated":true}]}}