{"id":882,"date":"2016-10-11T08:49:44","date_gmt":"2016-10-11T07:49:44","guid":{"rendered":"http:\/\/agora.xtec.cat\/escaiguerols\/?page_id=882"},"modified":"2020-11-12T10:11:31","modified_gmt":"2020-11-12T09:11:31","slug":"consell-dinfants","status":"publish","type":"page","link":"https:\/\/agora.xtec.cat\/escaiguerols\/projecte-educatiu\/consell-dinfants\/","title":{"rendered":"CONSELL D&#8217;INFANTS"},"content":{"rendered":"<h3>Qu\u00e8 \u00e9s el Consell d\u2019Infants?<\/h3>\n<ul>\n<li>Es donar un espai als infants perqu\u00e8 expressin la seva visi\u00f3 de l\u2019escola, la valorin i la transformin cap als seus interessos.<\/li>\n<li>Fer possible una reflexi\u00f3 dels infants sobre la seva escola i facilitar-los els mecanismes perqu\u00e8 les seves propostes i idees puguin incorporar-se.<\/li>\n<li>Facilitar a l\u2019alumnat l\u2019aprenentatge dels mecanismes de representaci\u00f3 i participaci\u00f3 democr\u00e0tica, que seran essencials de manera permanent en la seva formaci\u00f3 com a ciutadans i ciutadanes.<\/li>\n<li>Crear un mecanisme v\u00e0lid i estable de participaci\u00f3 dels infants i de comunicaci\u00f3 d\u2019aquests amb els c\u00e0rrecs de l\u2019escola.<\/li>\n<li>Valorar la veu dels infants i concretar d\u2019una manera visible la seva consideraci\u00f3 de ciutadans i ciutadanes amb plena capacitat d\u2019opini\u00f3 i expressi\u00f3.<\/li>\n<\/ul>\n<h3 style=\"text-align: center;\"><span style=\"background-color: #3366ff; color: #ffffff;\">REPRESENTANTS DEL CONSELL D&#8217;INFANTS 20-21:<\/span><\/h3>\n<p>&nbsp;<\/p>\n<p>Els i les representants d&#8217;aquest any s\u00f3n:<\/p>\n<p>&nbsp;<\/p>\n<p>&nbsp;<\/p>\n<p>&nbsp;<\/p>\n<h3 style=\"text-align: left;\"><span style=\"color: #ffffff;\"><span style=\"background-color: #3366ff;\">Temes de treball curs 2020-21:\u00a0<\/span><\/span><\/h3>\n<p>Enguany les reunions del consell d&#8217;infants estaran enfocades principalment a els seg\u00fcents temes:<\/p>\n<p>&nbsp;<\/p>\n<p>&nbsp;<\/p>\n","protected":false},"excerpt":{"rendered":"<p>Qu\u00e8 \u00e9s el Consell d\u2019Infants?<\/p>\n<ul>\n<li>Es donar un espai als infants perqu\u00e8 expressin la seva visi\u00f3 de l\u2019escola, la valorin i la transformin cap als seus interessos.<\/li>\n<li>Fer possible una reflexi\u00f3 dels infants sobre la seva escola i facilitar-los els mecanismes perqu\u00e8 les seves propostes i idees&hellip;  <a href=\"https:\/\/agora.xtec.cat\/escaiguerols\/projecte-educatiu\/consell-dinfants\/\" title=\"Read CONSELL D&#8217;INFANTS\">Llegeix m\u00e9s\u00bb<\/a><br \/>\n","protected":false},"author":1,"featured_media":0,"parent":64,"menu_order":0,"comment_status":"closed","ping_status":"closed","template":"page-templates\/side-menu.php","meta":{"_bbp_topic_count":0,"_bbp_reply_count":0,"_bbp_total_topic_count":0,"_bbp_total_reply_count":0,"_bbp_voice_count":0,"_bbp_anonymous_reply_count":0,"_bbp_topic_count_hidden":0,"_bbp_reply_count_hidden":0,"_bbp_forum_subforum_count":0,"footnotes":""},"class_list":["post-882","page","type-page","status-publish","hentry"],"post_mailing_queue_ids":[],"_links":{"self":[{"href":"https:\/\/agora.xtec.cat\/escaiguerols\/wp-json\/wp\/v2\/pages\/882","targetHints":{"allow":["GET"]}}],"collection":[{"href":"https:\/\/agora.xtec.cat\/escaiguerols\/wp-json\/wp\/v2\/pages"}],"about":[{"href":"https:\/\/agora.xtec.cat\/escaiguerols\/wp-json\/wp\/v2\/types\/page"}],"author":[{"embeddable":true,"href":"https:\/\/agora.xtec.cat\/escaiguerols\/wp-json\/wp\/v2\/users\/1"}],"replies":[{"embeddable":true,"href":"https:\/\/agora.xtec.cat\/escaiguerols\/wp-json\/wp\/v2\/comments?post=882"}],"version-history":[{"count":4,"href":"https:\/\/agora.xtec.cat\/escaiguerols\/wp-json\/wp\/v2\/pages\/882\/revisions"}],"predecessor-version":[{"id":8595,"href":"https:\/\/agora.xtec.cat\/escaiguerols\/wp-json\/wp\/v2\/pages\/882\/revisions\/8595"}],"up":[{"embeddable":true,"href":"https:\/\/agora.xtec.cat\/escaiguerols\/wp-json\/wp\/v2\/pages\/64"}],"wp:attachment":[{"href":"https:\/\/agora.xtec.cat\/escaiguerols\/wp-json\/wp\/v2\/media?parent=882"}],"curies":[{"name":"wp","href":"https:\/\/api.w.org\/{rel}","templated":true}]}}