{"id":6777,"date":"2019-12-02T12:48:15","date_gmt":"2019-12-02T11:48:15","guid":{"rendered":"http:\/\/agora.xtec.cat\/escaiguerols\/?page_id=6777"},"modified":"2019-12-02T13:03:16","modified_gmt":"2019-12-02T12:03:16","slug":"autoritzacio-de-recollida-dalumna-o-alumne","status":"publish","type":"page","link":"https:\/\/agora.xtec.cat\/escaiguerols\/autoritzacio-de-recollida-dalumna-o-alumne\/","title":{"rendered":"AUTORITZACI\u00d3 DE RECOLLIDA"},"content":{"rendered":"<p>Us adjuntem l&#8217;autoritzaci\u00f3 que haureu d&#8217;omplir en el cas que necessiteu que una altra persona no autoritzada pr\u00e8viament, hagi de venir a l&#8217;escola a recollir el vostre fill o filla.<\/p>\n<h3 style=\"text-align: center;\"><a href=\"https:\/\/drive.google.com\/file\/d\/1fMiGxQPkz12Jq_3UbiblyIPJR0qFa4-Y\/view?usp=sharing\" target=\"_blank\" rel=\"noopener noreferrer\">CLIQUEU AQU\u00cd PER DESCARREGAR L&#8217;AUTORITZACI\u00d3<\/a><\/h3>\n","protected":false},"excerpt":{"rendered":"<p>Us adjuntem l&#8217;autoritzaci\u00f3 que haureu d&#8217;omplir en el cas que necessiteu que una altra persona no autoritzada pr\u00e8viament, hagi de venir a l&#8217;escola a recollir el vostre fill o filla.<br \/>\n<a href=\"https:\/\/drive.google.com\/file\/d\/1fMiGxQPkz12Jq_3UbiblyIPJR0qFa4-Y\/view?usp=sharing\" target=\"_blank\" rel=\"noopener noreferrer\">CLIQUEU AQU\u00cd PER DESCARREGAR L&#8217;AUTORITZACI\u00d3<\/a><\/p>\n","protected":false},"author":1,"featured_media":0,"parent":0,"menu_order":0,"comment_status":"closed","ping_status":"closed","template":"","meta":{"_bbp_topic_count":0,"_bbp_reply_count":0,"_bbp_total_topic_count":0,"_bbp_total_reply_count":0,"_bbp_voice_count":0,"_bbp_anonymous_reply_count":0,"_bbp_topic_count_hidden":0,"_bbp_reply_count_hidden":0,"_bbp_forum_subforum_count":0,"footnotes":""},"class_list":["post-6777","page","type-page","status-publish","hentry"],"post_mailing_queue_ids":[],"_links":{"self":[{"href":"https:\/\/agora.xtec.cat\/escaiguerols\/wp-json\/wp\/v2\/pages\/6777","targetHints":{"allow":["GET"]}}],"collection":[{"href":"https:\/\/agora.xtec.cat\/escaiguerols\/wp-json\/wp\/v2\/pages"}],"about":[{"href":"https:\/\/agora.xtec.cat\/escaiguerols\/wp-json\/wp\/v2\/types\/page"}],"author":[{"embeddable":true,"href":"https:\/\/agora.xtec.cat\/escaiguerols\/wp-json\/wp\/v2\/users\/1"}],"replies":[{"embeddable":true,"href":"https:\/\/agora.xtec.cat\/escaiguerols\/wp-json\/wp\/v2\/comments?post=6777"}],"version-history":[{"count":2,"href":"https:\/\/agora.xtec.cat\/escaiguerols\/wp-json\/wp\/v2\/pages\/6777\/revisions"}],"predecessor-version":[{"id":6783,"href":"https:\/\/agora.xtec.cat\/escaiguerols\/wp-json\/wp\/v2\/pages\/6777\/revisions\/6783"}],"wp:attachment":[{"href":"https:\/\/agora.xtec.cat\/escaiguerols\/wp-json\/wp\/v2\/media?parent=6777"}],"curies":[{"name":"wp","href":"https:\/\/api.w.org\/{rel}","templated":true}]}}