{"id":6746,"date":"2019-12-02T11:20:51","date_gmt":"2019-12-02T10:20:51","guid":{"rendered":"http:\/\/agora.xtec.cat\/escaiguerols\/?page_id=6746"},"modified":"2019-12-02T11:20:51","modified_gmt":"2019-12-02T10:20:51","slug":"projecte-linguistic","status":"publish","type":"page","link":"https:\/\/agora.xtec.cat\/escaiguerols\/projecte-linguistic\/","title":{"rendered":"PROJECTE LING\u00dc\u00cdSTIC"},"content":{"rendered":"<h3 style=\"text-align: center;\"><a href=\"https:\/\/drive.google.com\/file\/d\/1dHcLEQlGiigMQpEEN37agPnlupYzxCMG\/view?usp=sharing\" target=\"_blank\" rel=\"noopener noreferrer\">CLIQUEU AQU\u00cd PER CONSULTAR EL PROJECTE LING\u00dc\u00cdSTIC<\/a><\/h3>\n","protected":false},"excerpt":{"rendered":"<p><a href=\"https:\/\/drive.google.com\/file\/d\/1dHcLEQlGiigMQpEEN37agPnlupYzxCMG\/view?usp=sharing\" target=\"_blank\" rel=\"noopener noreferrer\">CLIQUEU AQU\u00cd PER CONSULTAR EL PROJECTE LING\u00dc\u00cdSTIC<\/a><\/p>\n","protected":false},"author":1,"featured_media":0,"parent":0,"menu_order":0,"comment_status":"closed","ping_status":"closed","template":"","meta":{"_bbp_topic_count":0,"_bbp_reply_count":0,"_bbp_total_topic_count":0,"_bbp_total_reply_count":0,"_bbp_voice_count":0,"_bbp_anonymous_reply_count":0,"_bbp_topic_count_hidden":0,"_bbp_reply_count_hidden":0,"_bbp_forum_subforum_count":0,"footnotes":""},"class_list":["post-6746","page","type-page","status-publish","hentry"],"post_mailing_queue_ids":[],"_links":{"self":[{"href":"https:\/\/agora.xtec.cat\/escaiguerols\/wp-json\/wp\/v2\/pages\/6746","targetHints":{"allow":["GET"]}}],"collection":[{"href":"https:\/\/agora.xtec.cat\/escaiguerols\/wp-json\/wp\/v2\/pages"}],"about":[{"href":"https:\/\/agora.xtec.cat\/escaiguerols\/wp-json\/wp\/v2\/types\/page"}],"author":[{"embeddable":true,"href":"https:\/\/agora.xtec.cat\/escaiguerols\/wp-json\/wp\/v2\/users\/1"}],"replies":[{"embeddable":true,"href":"https:\/\/agora.xtec.cat\/escaiguerols\/wp-json\/wp\/v2\/comments?post=6746"}],"version-history":[{"count":1,"href":"https:\/\/agora.xtec.cat\/escaiguerols\/wp-json\/wp\/v2\/pages\/6746\/revisions"}],"predecessor-version":[{"id":6748,"href":"https:\/\/agora.xtec.cat\/escaiguerols\/wp-json\/wp\/v2\/pages\/6746\/revisions\/6748"}],"wp:attachment":[{"href":"https:\/\/agora.xtec.cat\/escaiguerols\/wp-json\/wp\/v2\/media?parent=6746"}],"curies":[{"name":"wp","href":"https:\/\/api.w.org\/{rel}","templated":true}]}}