{"id":38,"date":"2014-09-18T12:34:08","date_gmt":"2014-09-18T11:34:08","guid":{"rendered":"http:\/\/agora.xtec.cat\/escaiguerols\/?page_id=38"},"modified":"2021-10-06T09:56:45","modified_gmt":"2021-10-06T07:56:45","slug":"salut","status":"publish","type":"page","link":"https:\/\/agora.xtec.cat\/escaiguerols\/lescola\/salut\/","title":{"rendered":"Personal de l&#8217;escola"},"content":{"rendered":"<p><span style=\"color: #000000;\"><strong>Equip directiu:<\/strong><\/span><\/p>\n<p><span style=\"color: #000000;\">Robert Compta: Director<\/span><br \/>\n<span style=\"color: #000000;\">Olaya G\u00e1lvez: Cap d\u2019Estudis<\/span><br \/>\n<span style=\"color: #000000;\">Mireia Monjo: Secret\u00e0ria<\/span><\/p>\n<p><span style=\"color: #000000;\"><strong>Equip de mestres:<\/strong><\/span><br \/>\n<strong>Tutors i tutores:<\/strong><\/p>\n<p>&#8211; P3: Ana Jim\u00e9nez<\/p>\n<p>&#8211; P4: Esther Cusola<\/p>\n<p>&#8211; P5: Esther Medina<\/p>\n<p>Refor\u00e7 Ed. Infantil: Mireia Monjo i Rosana S\u00e1nchez<\/p>\n<ul>\n<li>1r: Mireia Blanco<\/li>\n<li>2n. Elena Carreras (Comissi\u00f3 pedag\u00f2gica i Coordinadora Educaci\u00f3 Prim\u00e0ria)<\/li>\n<li>3r. Ana\u00efs Perulero<\/li>\n<li>4t. Marta Baqu\u00e9 (Comissi\u00f3 pedag\u00f2gica i coordinadora TAC)<\/li>\n<li><span style=\"font-family: inherit; font-size: 1em;\">5\u00e8: In\u00e9s Postigo<br \/>\n<\/span><\/li>\n<li>6\u00e8: Siscu Ruiz<\/li>\n<\/ul>\n<p>Suports a Educaci\u00f3 Prim\u00e0ria: Lluc Forn<\/p>\n<p><strong>Mestre especialistes d&#8217;atenci\u00f3 a la diversitat<\/strong>: Sandra Robledo<\/p>\n<p><strong>Mestre especialista de M\u00fasica<\/strong>: Arnau Obiols<\/p>\n<p><strong>Mestres especialistes de Llengua Anglesa<\/strong>:<\/p>\n<ul>\n<li>Patricia Padilla (Coordinadora LIC)<\/li>\n<\/ul>\n<p><strong>Mestres especialistes d&#8217;Educaci\u00f3 F\u00edsica<\/strong>:<\/p>\n<ul>\n<li>Ra\u00fal Salmer\u00f3n<\/li>\n<li>Lluc Forn (Comissi\u00f3 pedag\u00f2gica)<\/li>\n<\/ul>\n<p><strong>Mestres de suport i desdoblaments<\/strong>:<\/p>\n<ul>\n<li>Mireia Monjo<\/li>\n<li>Olaya G\u00e1lvez<\/li>\n<li>Robert Compta<\/li>\n<\/ul>\n<p><strong>Vetlladora<\/strong>: Saladina Cadenas<\/p>\n<p><strong>Personal d\u2019administraci\u00f3 i serveis<\/strong>:<br \/>\n&#8211; Rosa Biosca: Conserge.<br \/>\n&#8211; Joan Pere Tortosa: Administratiu.<\/p>\n<p><strong>Equip de menjador i acollida<\/strong>:<\/p>\n<p>-Feli Fern\u00e1ndez (Coordinadora de menjador)<\/p>\n<p>-S\u00edlvia Torres (Responsable del servei d\u2019acollida)<\/p>\n<p><strong>Serveis Externs<\/strong>:<br \/>\n&#8211; Teresa Escrigas: EAP<br \/>\n&#8211; Judit Vi\u00f1als: Logopeda<\/p>\n","protected":false},"excerpt":{"rendered":"<p>Equip directiu:<br \/>\nRobert Compta: Director<br \/>\nOlaya G\u00e1lvez: Cap d\u2019Estudis<br \/>\nMireia Monjo: Secret\u00e0ria<br \/>\nEquip de mestres:<br \/>\nTutors i tutores:<br \/>\n&#8211; P3: Ana Jim\u00e9nez<br \/>\n&#8211; P4: Esther Cusola<br \/>\n&#8211; P5: Esther Medina<br \/>\nRefor\u00e7 Ed. Infantil: Mireia Monjo i Rosana S\u00e1nchez<\/p>\n<ul>\n<li>1r: Mireia Blanco<\/li>\n<li>2n. Elena Carreras (Comissi\u00f3 pedag\u00f2gica i Coordinadora Educaci\u00f3 Prim\u00e0ria)<\/li>\n<li>3r. Ana\u00efs Perulero<\/li>\n<li>4t. Marta Baqu\u00e9 (Comissi\u00f3 pedag\u00f2gica&hellip;  <a href=\"https:\/\/agora.xtec.cat\/escaiguerols\/lescola\/salut\/\" title=\"Read Personal de l&#8217;escola\">Llegeix m\u00e9s\u00bb<\/a><br \/>\n","protected":false},"author":1,"featured_media":0,"parent":22,"menu_order":80,"comment_status":"closed","ping_status":"closed","template":"page-templates\/side-menu.php","meta":{"_bbp_topic_count":0,"_bbp_reply_count":0,"_bbp_total_topic_count":0,"_bbp_total_reply_count":0,"_bbp_voice_count":0,"_bbp_anonymous_reply_count":0,"_bbp_topic_count_hidden":0,"_bbp_reply_count_hidden":0,"_bbp_forum_subforum_count":0,"footnotes":""},"class_list":["post-38","page","type-page","status-publish","hentry"],"post_mailing_queue_ids":[],"_links":{"self":[{"href":"https:\/\/agora.xtec.cat\/escaiguerols\/wp-json\/wp\/v2\/pages\/38","targetHints":{"allow":["GET"]}}],"collection":[{"href":"https:\/\/agora.xtec.cat\/escaiguerols\/wp-json\/wp\/v2\/pages"}],"about":[{"href":"https:\/\/agora.xtec.cat\/escaiguerols\/wp-json\/wp\/v2\/types\/page"}],"author":[{"embeddable":true,"href":"https:\/\/agora.xtec.cat\/escaiguerols\/wp-json\/wp\/v2\/users\/1"}],"replies":[{"embeddable":true,"href":"https:\/\/agora.xtec.cat\/escaiguerols\/wp-json\/wp\/v2\/comments?post=38"}],"version-history":[{"count":4,"href":"https:\/\/agora.xtec.cat\/escaiguerols\/wp-json\/wp\/v2\/pages\/38\/revisions"}],"predecessor-version":[{"id":9983,"href":"https:\/\/agora.xtec.cat\/escaiguerols\/wp-json\/wp\/v2\/pages\/38\/revisions\/9983"}],"up":[{"embeddable":true,"href":"https:\/\/agora.xtec.cat\/escaiguerols\/wp-json\/wp\/v2\/pages\/22"}],"wp:attachment":[{"href":"https:\/\/agora.xtec.cat\/escaiguerols\/wp-json\/wp\/v2\/media?parent=38"}],"curies":[{"name":"wp","href":"https:\/\/api.w.org\/{rel}","templated":true}]}}