{"id":32,"date":"2014-09-18T12:31:33","date_gmt":"2014-09-18T11:31:33","guid":{"rendered":"http:\/\/agora.xtec.cat\/escaiguerols\/?page_id=32"},"modified":"2021-09-15T09:51:14","modified_gmt":"2021-09-15T07:51:14","slug":"calendari-del-curs","status":"publish","type":"page","link":"https:\/\/agora.xtec.cat\/escaiguerols\/lescola\/calendari-del-curs\/","title":{"rendered":"Calendari del curs 2021-22"},"content":{"rendered":"<p>El calendari escolar \u00e9s el que determina el Departament d\u2019Ensenyament de la Generalitat:<\/p>\n<p><strong>Inici de curs:<\/strong> 13 de setembre de 2021.<\/p>\n<p><strong>Darrer dia de curs:<\/strong> 22 de juny de 2022.<\/p>\n<p><strong><u>Vacances: <\/u><\/strong><\/p>\n<ul>\n<li><strong>Nadal:<\/strong> 23 de desembre al 7 de gener incl\u00f2s.<\/li>\n<li><strong>Setmana Santa:<\/strong> 11 al 18 d&#8217;abril incl\u00f2s.<\/li>\n<\/ul>\n<p><strong><u>Festius i dies de lliure disposici\u00f3:<\/u><\/strong><\/p>\n<p><strong>2021<\/strong><\/p>\n<ul>\n<li>11 d&#8217;octubre, dia de lliure disposici\u00f3.<\/li>\n<li>7 de desembre, dia de lliure disposici\u00f3.<\/li>\n<\/ul>\n<p><strong>2022<\/strong><\/p>\n<ul>\n<li>28 de febrer, dia de lliure disposici\u00f3.<\/li>\n<li>7 de mar\u00e7, Festa Local.<\/li>\n<li>3 de juny, dia de lliure disposici\u00f3.<\/li>\n<\/ul>\n<p><strong><u>Jornada intensiva (horari de 9-13 h.)<\/u><\/strong><\/p>\n<ul>\n<li>22 de desembre.<\/li>\n<li>Del 7 al 22 de juny.<\/li>\n<\/ul>\n<p>Estem pendents encara de concretar les dates de col\u00f2nies de 1r, 3r i 5\u00e8.<\/p>\n<p>El Departament d&#8217;Ensenyament no ha fet encara oficial les dates de les proves de compet\u00e8ncies b\u00e0siques de 6\u00e8. prim\u00e0ria.<\/p>\n<h3 style=\"text-align: center;\"><a href=\"https:\/\/drive.google.com\/file\/d\/18UizF0xHWkatR5N9VBVTGXfKEmNqtZdv\/view?usp=sharing\" target=\"_blank\" rel=\"noopener\">CALENDARI ESCOLAR 21-22<\/a><\/h3>\n","protected":false},"excerpt":{"rendered":"<p>El calendari escolar \u00e9s el que determina el Departament d\u2019Ensenyament de la Generalitat:<br \/>\nInici de curs: 13 de setembre de 2021.<br \/>\nDarrer dia de curs: 22 de juny de 2022.<br \/>\nVacances: <\/p>\n<ul>\n<li>Nadal: 23 de desembre al 7 de gener incl\u00f2s.<\/li>\n<li>Setmana Santa: 11 al 18 d&#8217;abril incl\u00f2s.<\/li>\n<\/ul>\n<p>Festius i dies&hellip;  <a href=\"https:\/\/agora.xtec.cat\/escaiguerols\/lescola\/calendari-del-curs\/\" title=\"Read Calendari del curs 2021-22\">Llegeix m\u00e9s\u00bb<\/a><\/p>\n","protected":false},"author":1,"featured_media":0,"parent":22,"menu_order":50,"comment_status":"closed","ping_status":"closed","template":"page-templates\/side-menu.php","meta":{"_bbp_topic_count":0,"_bbp_reply_count":0,"_bbp_total_topic_count":0,"_bbp_total_reply_count":0,"_bbp_voice_count":0,"_bbp_anonymous_reply_count":0,"_bbp_topic_count_hidden":0,"_bbp_reply_count_hidden":0,"_bbp_forum_subforum_count":0,"footnotes":""},"class_list":["post-32","page","type-page","status-publish","hentry"],"post_mailing_queue_ids":[],"_links":{"self":[{"href":"https:\/\/agora.xtec.cat\/escaiguerols\/wp-json\/wp\/v2\/pages\/32","targetHints":{"allow":["GET"]}}],"collection":[{"href":"https:\/\/agora.xtec.cat\/escaiguerols\/wp-json\/wp\/v2\/pages"}],"about":[{"href":"https:\/\/agora.xtec.cat\/escaiguerols\/wp-json\/wp\/v2\/types\/page"}],"author":[{"embeddable":true,"href":"https:\/\/agora.xtec.cat\/escaiguerols\/wp-json\/wp\/v2\/users\/1"}],"replies":[{"embeddable":true,"href":"https:\/\/agora.xtec.cat\/escaiguerols\/wp-json\/wp\/v2\/comments?post=32"}],"version-history":[{"count":4,"href":"https:\/\/agora.xtec.cat\/escaiguerols\/wp-json\/wp\/v2\/pages\/32\/revisions"}],"predecessor-version":[{"id":9941,"href":"https:\/\/agora.xtec.cat\/escaiguerols\/wp-json\/wp\/v2\/pages\/32\/revisions\/9941"}],"up":[{"embeddable":true,"href":"https:\/\/agora.xtec.cat\/escaiguerols\/wp-json\/wp\/v2\/pages\/22"}],"wp:attachment":[{"href":"https:\/\/agora.xtec.cat\/escaiguerols\/wp-json\/wp\/v2\/media?parent=32"}],"curies":[{"name":"wp","href":"https:\/\/api.w.org\/{rel}","templated":true}]}}