{"id":2927,"date":"2017-06-20T11:08:52","date_gmt":"2017-06-20T09:08:52","guid":{"rendered":"http:\/\/agora.xtec.cat\/escaiguerols\/?page_id=2927"},"modified":"2021-06-30T13:05:34","modified_gmt":"2021-06-30T11:05:34","slug":"pas-deducacio-infantil-a-educacio-infantil","status":"publish","type":"page","link":"https:\/\/agora.xtec.cat\/escaiguerols\/informacions-importants-curs-2017-2018\/pas-deducacio-infantil-a-educacio-infantil\/","title":{"rendered":"Pas d&#8217;Educaci\u00f3 Infantil a Educaci\u00f3 Prim\u00e0ria"},"content":{"rendered":"<h1 style=\"text-align: center;\"><a href=\"https:\/\/agora.xtec.cat\/escaiguerols\/wp-content\/uploads\/usu1047\/2019\/06\/DOSSIER-PAS-EI-A-EP-19-20.pdf\">PAS D&#8217;EDUCACI\u00d3 INFANTIL A EDUCACI\u00d3 PRIM\u00c0RIA 21-22<\/a><\/h1>\n","protected":false},"excerpt":{"rendered":"<p><a href=\"https:\/\/agora.xtec.cat\/escaiguerols\/wp-content\/uploads\/usu1047\/2019\/06\/DOSSIER-PAS-EI-A-EP-19-20.pdf\">PAS D&#8217;EDUCACI\u00d3 INFANTIL A EDUCACI\u00d3 PRIM\u00c0RIA 21-22<\/a><\/p>\n","protected":false},"author":1,"featured_media":0,"parent":2916,"menu_order":0,"comment_status":"closed","ping_status":"closed","template":"","meta":{"_bbp_topic_count":0,"_bbp_reply_count":0,"_bbp_total_topic_count":0,"_bbp_total_reply_count":0,"_bbp_voice_count":0,"_bbp_anonymous_reply_count":0,"_bbp_topic_count_hidden":0,"_bbp_reply_count_hidden":0,"_bbp_forum_subforum_count":0,"footnotes":""},"class_list":["post-2927","page","type-page","status-publish","hentry"],"post_mailing_queue_ids":[],"_links":{"self":[{"href":"https:\/\/agora.xtec.cat\/escaiguerols\/wp-json\/wp\/v2\/pages\/2927","targetHints":{"allow":["GET"]}}],"collection":[{"href":"https:\/\/agora.xtec.cat\/escaiguerols\/wp-json\/wp\/v2\/pages"}],"about":[{"href":"https:\/\/agora.xtec.cat\/escaiguerols\/wp-json\/wp\/v2\/types\/page"}],"author":[{"embeddable":true,"href":"https:\/\/agora.xtec.cat\/escaiguerols\/wp-json\/wp\/v2\/users\/1"}],"replies":[{"embeddable":true,"href":"https:\/\/agora.xtec.cat\/escaiguerols\/wp-json\/wp\/v2\/comments?post=2927"}],"version-history":[{"count":3,"href":"https:\/\/agora.xtec.cat\/escaiguerols\/wp-json\/wp\/v2\/pages\/2927\/revisions"}],"predecessor-version":[{"id":9898,"href":"https:\/\/agora.xtec.cat\/escaiguerols\/wp-json\/wp\/v2\/pages\/2927\/revisions\/9898"}],"up":[{"embeddable":true,"href":"https:\/\/agora.xtec.cat\/escaiguerols\/wp-json\/wp\/v2\/pages\/2916"}],"wp:attachment":[{"href":"https:\/\/agora.xtec.cat\/escaiguerols\/wp-json\/wp\/v2\/media?parent=2927"}],"curies":[{"name":"wp","href":"https:\/\/api.w.org\/{rel}","templated":true}]}}