{"id":2918,"date":"2017-06-20T09:47:14","date_gmt":"2017-06-20T07:47:14","guid":{"rendered":"http:\/\/agora.xtec.cat\/escaiguerols\/?page_id=2918"},"modified":"2017-06-20T09:52:04","modified_gmt":"2017-06-20T07:52:04","slug":"nota-sobre-les-notes","status":"publish","type":"page","link":"https:\/\/agora.xtec.cat\/escaiguerols\/informacions-importants-curs-2017-2018\/nota-sobre-les-notes\/","title":{"rendered":"Nota sobre les notes"},"content":{"rendered":"<p>Benvolgudes fam\u00edlies,<\/p>\n<p>Els vostres fills\/es, a banda dels <strong>informes<\/strong>, porten les <strong>\u201cnotes\u201d<\/strong>. L\u2019avaluaci\u00f3 s\u2019ha fet segons la normativa derivada de l\u2019 <strong>ORDRE ENS\/164\/2016, de 14 de juny del Departament d\u2019Ensenyament.<\/strong><\/p>\n<p><strong>Us volem fer les seg\u00fcents reflexions:<\/strong><\/p>\n<ol>\n<li>\u201cL\u2019avaluaci\u00f3 dels processos d\u2019aprenentatge de l\u2019alumnat en l\u2019Educaci\u00f3 Prim\u00e0ria ser\u00e0 cont\u00ednua i global, amb observaci\u00f3 sistem\u00e0tica de l\u2019adquisici\u00f3 dels continguts educatius, integradora de les valoracions de totes les \u00e0rees, amb una visi\u00f3 globalitzada del proc\u00e9s d\u2019aprenentatge al llarg de l\u2019etapa i centrada en el desenvolupament i la consolidaci\u00f3 de les compet\u00e8ncies b\u00e0siques\u201d (EDU\/296\/2008, de 13 de juny).<\/li>\n<li><strong>Llegiu els informes i mireu l\u2019evoluci\u00f3 de l\u2019infant.<\/strong><\/li>\n<li><strong>No compareu. Cada nen i nena \u00e9s diferent.<\/strong><\/li>\n<li><strong>Les notes no han de servir per competir en aquestes edats.<\/strong><\/li>\n<li><strong>L\u2019autoestima i la valoraci\u00f3 s\u00f3n importants per crear la seva personalitat. El nen\/a <\/strong>no ha de percebre mai que se l&#8217;estima o no en funci\u00f3 de les notes.<\/li>\n<li>No s&#8217;ha de premiar o castigar si l\u2019infant aprova o susp\u00e8n.<\/li>\n<li>Tan despreocupar-se com obsessionar-se per les notes, pot fer que el nen\/a pugui sentir-se menyspreat per la tasca que realitza, transmetent-li desinter\u00e8s o manca de confian\u00e7a en ambd\u00f3s casos.<\/li>\n<\/ol>\n<p>El bon seguiment de l\u2019evoluci\u00f3 escolar del nen\/a ajuda a interpretar les notes i establir mesures de millora quan sigui necessari.<\/p>\n<p>&nbsp;<\/p>\n<p style=\"text-align: center;\"><strong>L\u2019INFANT HA DE GAUDIR DE L&#8217;ESTUDI, DE L&#8217;ESCOLA, D&#8217;APRENDRE A APRENDRE!<\/strong><\/p>\n","protected":false},"excerpt":{"rendered":"<p>Benvolgudes fam\u00edlies,<br \/>\nEls vostres fills\/es, a banda dels informes, porten les \u201cnotes\u201d. L\u2019avaluaci\u00f3 s\u2019ha fet segons la normativa derivada de l\u2019 ORDRE ENS\/164\/2016, de 14 de juny del Departament d\u2019Ensenyament.<br \/>\nUs volem fer les seg\u00fcents reflexions:<\/p>\n<ol>\n<li>\u201cL\u2019avaluaci\u00f3 dels processos d\u2019aprenentatge de l\u2019alumnat en l\u2019Educaci\u00f3 Prim\u00e0ria ser\u00e0 cont\u00ednua i&hellip;  <a href=\"https:\/\/agora.xtec.cat\/escaiguerols\/informacions-importants-curs-2017-2018\/nota-sobre-les-notes\/\" title=\"Read Nota sobre les notes\">Llegeix m\u00e9s\u00bb<\/a><br \/>\n","protected":false},"author":1,"featured_media":0,"parent":2916,"menu_order":0,"comment_status":"closed","ping_status":"closed","template":"","meta":{"_bbp_topic_count":0,"_bbp_reply_count":0,"_bbp_total_topic_count":0,"_bbp_total_reply_count":0,"_bbp_voice_count":0,"_bbp_anonymous_reply_count":0,"_bbp_topic_count_hidden":0,"_bbp_reply_count_hidden":0,"_bbp_forum_subforum_count":0,"footnotes":""},"class_list":["post-2918","page","type-page","status-publish","hentry"],"post_mailing_queue_ids":[],"_links":{"self":[{"href":"https:\/\/agora.xtec.cat\/escaiguerols\/wp-json\/wp\/v2\/pages\/2918","targetHints":{"allow":["GET"]}}],"collection":[{"href":"https:\/\/agora.xtec.cat\/escaiguerols\/wp-json\/wp\/v2\/pages"}],"about":[{"href":"https:\/\/agora.xtec.cat\/escaiguerols\/wp-json\/wp\/v2\/types\/page"}],"author":[{"embeddable":true,"href":"https:\/\/agora.xtec.cat\/escaiguerols\/wp-json\/wp\/v2\/users\/1"}],"replies":[{"embeddable":true,"href":"https:\/\/agora.xtec.cat\/escaiguerols\/wp-json\/wp\/v2\/comments?post=2918"}],"version-history":[{"count":1,"href":"https:\/\/agora.xtec.cat\/escaiguerols\/wp-json\/wp\/v2\/pages\/2918\/revisions"}],"predecessor-version":[{"id":2919,"href":"https:\/\/agora.xtec.cat\/escaiguerols\/wp-json\/wp\/v2\/pages\/2918\/revisions\/2919"}],"up":[{"embeddable":true,"href":"https:\/\/agora.xtec.cat\/escaiguerols\/wp-json\/wp\/v2\/pages\/2916"}],"wp:attachment":[{"href":"https:\/\/agora.xtec.cat\/escaiguerols\/wp-json\/wp\/v2\/media?parent=2918"}],"curies":[{"name":"wp","href":"https:\/\/api.w.org\/{rel}","templated":true}]}}