{"id":28,"date":"2014-09-18T12:29:35","date_gmt":"2014-09-18T11:29:35","guid":{"rendered":"http:\/\/agora.xtec.cat\/escaiguerols\/?page_id=28"},"modified":"2019-12-03T11:05:08","modified_gmt":"2019-12-03T10:05:08","slug":"consell-escolar","status":"publish","type":"page","link":"https:\/\/agora.xtec.cat\/escaiguerols\/lescola\/consell-escolar\/","title":{"rendered":"Consell escolar"},"content":{"rendered":"<p style=\"text-align: justify;\"><strong>Qu\u00e8 \u00e9s\u00a0 el Consell <\/strong><strong>Escolar<\/strong><strong>?<\/strong><\/p>\n<p style=\"text-align: justify;\">El Consell Escolar \u00e9s l&#8217;\u00f2rgan col\u00b7legiat de participaci\u00f3 de la comunitat escolar en el govern del centre.<\/p>\n<p style=\"text-align: justify;\"><strong>Qui el forma?<\/strong><\/p>\n<p style=\"text-align: justify;\">El director o directora, que el presideix.<br \/>\nEl cap o la cap d&#8217;estudis.<br \/>\nUn o una representant de l&#8217;Ajuntament.<br \/>\nTres representants del claustre de mestres.<br \/>\nTres representants dels pares i mares o tutors : 2 electes i 1 nomenat per l\u2019AMPA<br \/>\nUn o una representant del personal d&#8217;administraci\u00f3 i serveis.<br \/>\nEl secretari o secret\u00e0ria del centre amb veu i sense vot.<\/p>\n<p style=\"text-align: justify;\"><strong>Durada dels c\u00e0rrecs<\/strong><\/p>\n<p style=\"text-align: justify;\">La condici\u00f3 de membre electe del Consell Escolar s\u2019adquireix per quatre anys. Cada dos anys es renova la meitat dels membres representants del professorat i la meitat dels membres representants dels pares i mares d\u2019alumnes. La vacant que es produeixi \u00e9s ocupada pel procediment establert en les normes d\u2019organitzaci\u00f3 i funcionament de l\u2019Escola.<\/p>\n<p style=\"text-align: justify;\"><strong>Comissions<\/strong><\/p>\n<p style=\"text-align: justify;\">&#8211; Comissi\u00f3 permanent.<\/p>\n<p style=\"text-align: justify;\">&#8211; Comissi\u00f3 econ\u00f2mica.<\/p>\n<p style=\"text-align: justify;\">&#8211; Comissi\u00f3 de conviv\u00e8ncia.<\/p>\n<p style=\"text-align: justify;\">&#8211; Comissi\u00f3 d&#8217;obres.<\/p>\n<p style=\"text-align: justify;\">&#8211; Comissi\u00f3 de menjador- acollida.<\/p>\n<p style=\"text-align: justify;\">&#8211; Consell Escolar Municipal.<\/p>\n<p style=\"text-align: justify;\">&#8211; Membre impulsor de mesures educatives de foment de la igualtat entre homes i dones.<\/p>\n<p style=\"text-align: justify;\"><strong>Funcions<\/strong><\/p>\n<p style=\"text-align: justify;\">a) Aprovar el projecte educatiu i les modificacions corresponents per una majoria de tres cinquenes parts dels membres.<br \/>\nb) Aprovar la programaci\u00f3 general anual del centre i avaluar-ne el desenvolupament i els resultats.<br \/>\nc) Aprovar les propostes d&#8217;acords de corresponsabilitat, convenis i altres acords de col\u00b7laboraci\u00f3 del centre amb entitats o institucions.<br \/>\nd) Aprovar les normes d&#8217;organitzaci\u00f3 i funcionament i les modificacions corresponents.<br \/>\ne) Aprovar la carta de comprom\u00eds educatiu.<br \/>\nf) Aprovar el pressupost del centre i el rendiment de comptes.<br \/>\ng) Intervenir en el procediment d&#8217;admissi\u00f3 d&#8217;alumnes.<br \/>\nh) Participar en el procediment de selecci\u00f3 i en la proposta de cessament del director o directora.<br \/>\ni) Intervenir en la resoluci\u00f3 dels conflictes i, si escau, revisar les sancions als alumnes.<br \/>\nj) Aprovar les directrius per a la programaci\u00f3 d&#8217;activitats escolars complement\u00e0ries, d&#8217;activitats extraescolars , tipus de gesti\u00f3 del menjador, i avaluar-ne el desenvolupament.<br \/>\nk) Participar en les an\u00e0lisis i les avaluacions del funcionament general del centre i con\u00e8ixer l&#8217;evoluci\u00f3 del rendiment escolar.<br \/>\nl) Aprovar els criteris de col\u00b7laboraci\u00f3 amb altres centres i amb l&#8217;entorn.<br \/>\nm) Qualsevol altra que li sigui atribu\u00efda per les normes legals o reglament\u00e0ries.<br \/>\nn) Aprovar les seves normes de funcionament.<br \/>\no)Vetllar i donar suport a l&#8217;equip directiu pel compliment del PEC.<\/p>\n<p>&nbsp;<\/p>\n<h3><span style=\"background-color: #3366ff;\"><strong><span style=\"color: #ffffff;\">Composici\u00f3 del Consell Escolar curs 2018\/2020<\/span><br \/>\n<\/strong><\/span><\/h3>\n<p>&nbsp;<\/p>\n<h3><span style=\"color: #ffffff; background-color: #3366ff;\"><strong>Comissions<\/strong><\/span><\/h3>\n<p><span style=\"color: #333399;\"><strong>Comissi\u00f3 Permanent<\/strong><\/span><\/p>\n<p><span style=\"color: #333399;\"><strong>Comissi\u00f3 econ\u00f2mica<\/strong><\/span><\/p>\n<p><span style=\"color: #333399;\"><strong>Comissi\u00f3 de conviv\u00e8ncia<\/strong><\/span><\/p>\n<p><span style=\"color: #333399;\"><strong>Comissi\u00f3 d\u2019obres<\/strong><\/span><\/p>\n<p><span style=\"color: #333399;\"><strong>Comissi\u00f3 de menjador-acollida<\/strong><\/span><\/p>\n<p><span style=\"color: #333399;\"><strong>Representants al Consell Escolar Municipal<\/strong><\/span><\/p>\n<p><span style=\"color: #333399;\"><strong>Membre impulsor de mesures educatives de foment de la igualtat entre homes i dones<\/strong><\/span><strong>\u00a0<\/strong><\/p>\n","protected":false},"excerpt":{"rendered":"<p>Qu\u00e8 \u00e9s\u00a0 el Consell Escolar?<br \/>\nEl Consell Escolar \u00e9s l&#8217;\u00f2rgan col\u00b7legiat de participaci\u00f3 de la comunitat escolar en el govern del centre.<br \/>\nQui el forma?<br \/>\nEl director o directora, que el presideix.<br \/>\nEl cap o la cap d&#8217;estudis.<br \/>\nUn o una representant de l&#8217;Ajuntament.<br \/>\nTres representants del claustre de mestres.<br \/>\nTres representants&hellip;  <a href=\"https:\/\/agora.xtec.cat\/escaiguerols\/lescola\/consell-escolar\/\" title=\"Read Consell escolar\">Llegeix m\u00e9s\u00bb<\/a><\/p>\n","protected":false},"author":1,"featured_media":0,"parent":22,"menu_order":30,"comment_status":"closed","ping_status":"closed","template":"page-templates\/side-menu.php","meta":{"_bbp_topic_count":0,"_bbp_reply_count":0,"_bbp_total_topic_count":0,"_bbp_total_reply_count":0,"_bbp_voice_count":0,"_bbp_anonymous_reply_count":0,"_bbp_topic_count_hidden":0,"_bbp_reply_count_hidden":0,"_bbp_forum_subforum_count":0,"footnotes":""},"class_list":["post-28","page","type-page","status-publish","hentry"],"post_mailing_queue_ids":[],"_links":{"self":[{"href":"https:\/\/agora.xtec.cat\/escaiguerols\/wp-json\/wp\/v2\/pages\/28","targetHints":{"allow":["GET"]}}],"collection":[{"href":"https:\/\/agora.xtec.cat\/escaiguerols\/wp-json\/wp\/v2\/pages"}],"about":[{"href":"https:\/\/agora.xtec.cat\/escaiguerols\/wp-json\/wp\/v2\/types\/page"}],"author":[{"embeddable":true,"href":"https:\/\/agora.xtec.cat\/escaiguerols\/wp-json\/wp\/v2\/users\/1"}],"replies":[{"embeddable":true,"href":"https:\/\/agora.xtec.cat\/escaiguerols\/wp-json\/wp\/v2\/comments?post=28"}],"version-history":[{"count":4,"href":"https:\/\/agora.xtec.cat\/escaiguerols\/wp-json\/wp\/v2\/pages\/28\/revisions"}],"predecessor-version":[{"id":6800,"href":"https:\/\/agora.xtec.cat\/escaiguerols\/wp-json\/wp\/v2\/pages\/28\/revisions\/6800"}],"up":[{"embeddable":true,"href":"https:\/\/agora.xtec.cat\/escaiguerols\/wp-json\/wp\/v2\/pages\/22"}],"wp:attachment":[{"href":"https:\/\/agora.xtec.cat\/escaiguerols\/wp-json\/wp\/v2\/media?parent=28"}],"curies":[{"name":"wp","href":"https:\/\/api.w.org\/{rel}","templated":true}]}}