{"id":87,"date":"2014-09-18T14:28:12","date_gmt":"2014-09-18T13:28:12","guid":{"rendered":"http:\/\/agora.xtec.cat\/escagustibartra\/?page_id=87"},"modified":"2025-07-21T22:12:49","modified_gmt":"2025-07-21T20:12:49","slug":"tutories-i-especialitats","status":"publish","type":"page","link":"https:\/\/agora.xtec.cat\/escagustibartra\/tutories-i-especialitats\/","title":{"rendered":"Tutories i especialitats"},"content":{"rendered":"        <div class=\"wp-block-getwid-custom-post-type custom-post-type-post has-layout-grid has-spacing-medium\">\n            <div class=\"wp-block-getwid-custom-post-type__wrapper getwid-columns getwid-columns-2\">\n                \t\t\t\t\t\t\t\t<div class='wp-block-getwid-custom-post-type__post'>\n\t\t\t\t\t\t\t\t\t\n<div class=\"wp-block-getwid-custom-post-type__post-wrapper\">\n            <div class=\"wp-block-getwid-custom-post-type__post-thumbnail\">\n            <a href=\"https:\/\/agora.xtec.cat\/escagustibartra\/portada\/activitats-amb-rodes-a-5e\/\"><img loading=\"lazy\" decoding=\"async\" width=\"1725\" height=\"1119\" src=\"https:\/\/agora.xtec.cat\/escagustibartra\/wp-content\/uploads\/usu2289\/2026\/05\/patinatge26.jpg\" class=\"attachment-post-thumbnail size-post-thumbnail wp-post-image\" alt=\"\" srcset=\"https:\/\/agora.xtec.cat\/escagustibartra\/wp-content\/uploads\/usu2289\/2026\/05\/patinatge26.jpg 1725w, https:\/\/agora.xtec.cat\/escagustibartra\/wp-content\/uploads\/usu2289\/2026\/05\/patinatge26-300x195.jpg 300w, https:\/\/agora.xtec.cat\/escagustibartra\/wp-content\/uploads\/usu2289\/2026\/05\/patinatge26-1024x664.jpg 1024w, https:\/\/agora.xtec.cat\/escagustibartra\/wp-content\/uploads\/usu2289\/2026\/05\/patinatge26-768x498.jpg 768w, https:\/\/agora.xtec.cat\/escagustibartra\/wp-content\/uploads\/usu2289\/2026\/05\/patinatge26-1536x996.jpg 1536w\" sizes=\"auto, (max-width: 1725px) 100vw, 1725px\" \/><\/a>\n        <\/div>\n        <div class=\"wp-block-getwid-custom-post-type__content-wrapper\">\n        <div class=\"wp-block-getwid-custom-post-type__post-header\">\n            <h3 class=\"wp-block-getwid-custom-post-type__post-title\"><a href=\"https:\/\/agora.xtec.cat\/escagustibartra\/portada\/activitats-amb-rodes-a-5e\/\">Activitats amb rodes a 5\u00e8<\/a><\/h3>        <\/div>\n        <div class=\"wp-block-getwid-custom-post-type__post-excerpt \"><p>Durant aquest curs hem dut a terme una situaci\u00f3 d&#8217;aprenentatge titulada Activitats amb rodes a l&#8217;escola. S&#8217;han dedicat un total de 8 sessions a fer un seguit d&#8217;activitats amb patins i patinets per millorar l&#8217;equilibri i la coordinaci\u00f3 general. S&#8217;han plantejat: Per aquell alumnat que ja tenia un cert nivell de patinatge s&#8217;han plantejat exercicis [&hellip;]<\/p>\n<\/div>\n    <\/div>\n<\/div>\n\t\t\t\t\t\t\t\t<\/div>\n\t\t\t\t\t\t\t\t\t\t\t\t\t\t\t<div class='wp-block-getwid-custom-post-type__post'>\n\t\t\t\t\t\t\t\t\t\n<div class=\"wp-block-getwid-custom-post-type__post-wrapper\">\n            <div class=\"wp-block-getwid-custom-post-type__post-thumbnail\">\n            <a href=\"https:\/\/agora.xtec.cat\/escagustibartra\/portada\/cantata-lany-tirurany-mes-poetic\/\"><img loading=\"lazy\" decoding=\"async\" width=\"907\" height=\"700\" src=\"https:\/\/agora.xtec.cat\/escagustibartra\/wp-content\/uploads\/usu2289\/2026\/05\/CANTATA-4T.png\" class=\"attachment-post-thumbnail size-post-thumbnail wp-post-image\" alt=\"\" srcset=\"https:\/\/agora.xtec.cat\/escagustibartra\/wp-content\/uploads\/usu2289\/2026\/05\/CANTATA-4T.png 907w, https:\/\/agora.xtec.cat\/escagustibartra\/wp-content\/uploads\/usu2289\/2026\/05\/CANTATA-4T-300x232.png 300w, https:\/\/agora.xtec.cat\/escagustibartra\/wp-content\/uploads\/usu2289\/2026\/05\/CANTATA-4T-768x593.png 768w\" sizes=\"auto, (max-width: 907px) 100vw, 907px\" \/><\/a>\n        <\/div>\n        <div class=\"wp-block-getwid-custom-post-type__content-wrapper\">\n        <div class=\"wp-block-getwid-custom-post-type__post-header\">\n            <h3 class=\"wp-block-getwid-custom-post-type__post-title\"><a href=\"https:\/\/agora.xtec.cat\/escagustibartra\/portada\/cantata-lany-tirurany-mes-poetic\/\">CANTATA &#8220;L&#8217;any Tirurany m\u00e9s po\u00e8tic&#8221;<\/a><\/h3>        <\/div>\n        <div class=\"wp-block-getwid-custom-post-type__post-excerpt \"><p>Els nens i nenes de 4t hem anat al Teatre Principal per participar en aquesta divertida cantata amb diferents escoles de Terrassa. Si voleu veure el v\u00eddeo cliqueu a l&#8217;enlla\u00e7.<\/p>\n<\/div>\n    <\/div>\n<\/div>\n\t\t\t\t\t\t\t\t<\/div>\n\t\t\t\t\t\t\t\t\t\t\t\t\t\t\t<div class='wp-block-getwid-custom-post-type__post'>\n\t\t\t\t\t\t\t\t\t\n<div class=\"wp-block-getwid-custom-post-type__post-wrapper\">\n            <div class=\"wp-block-getwid-custom-post-type__post-thumbnail\">\n            <a href=\"https:\/\/agora.xtec.cat\/escagustibartra\/portada\/activitats-de-ciclisme-a-6e\/\"><img loading=\"lazy\" decoding=\"async\" width=\"2265\" height=\"1620\" src=\"https:\/\/agora.xtec.cat\/escagustibartra\/wp-content\/uploads\/usu2289\/2026\/05\/ciclisme26.jpg\" class=\"attachment-post-thumbnail size-post-thumbnail wp-post-image\" alt=\"\" srcset=\"https:\/\/agora.xtec.cat\/escagustibartra\/wp-content\/uploads\/usu2289\/2026\/05\/ciclisme26.jpg 2265w, https:\/\/agora.xtec.cat\/escagustibartra\/wp-content\/uploads\/usu2289\/2026\/05\/ciclisme26-300x215.jpg 300w, https:\/\/agora.xtec.cat\/escagustibartra\/wp-content\/uploads\/usu2289\/2026\/05\/ciclisme26-1024x732.jpg 1024w, https:\/\/agora.xtec.cat\/escagustibartra\/wp-content\/uploads\/usu2289\/2026\/05\/ciclisme26-768x549.jpg 768w, https:\/\/agora.xtec.cat\/escagustibartra\/wp-content\/uploads\/usu2289\/2026\/05\/ciclisme26-1536x1099.jpg 1536w, https:\/\/agora.xtec.cat\/escagustibartra\/wp-content\/uploads\/usu2289\/2026\/05\/ciclisme26-2048x1465.jpg 2048w\" sizes=\"auto, (max-width: 2265px) 100vw, 2265px\" \/><\/a>\n        <\/div>\n        <div class=\"wp-block-getwid-custom-post-type__content-wrapper\">\n        <div class=\"wp-block-getwid-custom-post-type__post-header\">\n            <h3 class=\"wp-block-getwid-custom-post-type__post-title\"><a href=\"https:\/\/agora.xtec.cat\/escagustibartra\/portada\/activitats-de-ciclisme-a-6e\/\">Activitats de ciclisme a 6\u00e8<\/a><\/h3>        <\/div>\n        <div class=\"wp-block-getwid-custom-post-type__post-excerpt \"><p>L&#8217;alumnat de 6\u00e8 ha dut a terme durant aquest curs una situaci\u00f3 d&#8217;aprenentatge titulada Activitats de ciclisme a l&#8217;escola. En aquesta situaci\u00f3 d&#8217;aprenentatge s&#8217;han realitzat una s\u00e8rie d&#8217;activitats orientades a Com a culminaci\u00f3 de la situaci\u00f3 d&#8217;aprenentatge es far\u00e0 una sortida al circuit municipal de ciclisme de Terrassa. En aquestes fotografies i v\u00eddeos es pot [&hellip;]<\/p>\n<\/div>\n    <\/div>\n<\/div>\n\t\t\t\t\t\t\t\t<\/div>\n\t\t\t\t\t\t\t\t\t\t\t\t\t\t\t<div class='wp-block-getwid-custom-post-type__post'>\n\t\t\t\t\t\t\t\t\t\n<div class=\"wp-block-getwid-custom-post-type__post-wrapper\">\n            <div class=\"wp-block-getwid-custom-post-type__post-thumbnail\">\n            <a href=\"https:\/\/agora.xtec.cat\/escagustibartra\/portada\/i3-sessio-de-psicomotricitat-amb-tires-de-paper-reciclat\/\"><img loading=\"lazy\" decoding=\"async\" width=\"1682\" height=\"1080\" src=\"https:\/\/agora.xtec.cat\/escagustibartra\/wp-content\/uploads\/usu2289\/2026\/04\/capcalera-paper.jpeg\" class=\"attachment-post-thumbnail size-post-thumbnail wp-post-image\" alt=\"\" srcset=\"https:\/\/agora.xtec.cat\/escagustibartra\/wp-content\/uploads\/usu2289\/2026\/04\/capcalera-paper.jpeg 1682w, https:\/\/agora.xtec.cat\/escagustibartra\/wp-content\/uploads\/usu2289\/2026\/04\/capcalera-paper-300x193.jpeg 300w, https:\/\/agora.xtec.cat\/escagustibartra\/wp-content\/uploads\/usu2289\/2026\/04\/capcalera-paper-1024x658.jpeg 1024w, https:\/\/agora.xtec.cat\/escagustibartra\/wp-content\/uploads\/usu2289\/2026\/04\/capcalera-paper-768x493.jpeg 768w, https:\/\/agora.xtec.cat\/escagustibartra\/wp-content\/uploads\/usu2289\/2026\/04\/capcalera-paper-1536x986.jpeg 1536w\" sizes=\"auto, (max-width: 1682px) 100vw, 1682px\" \/><\/a>\n        <\/div>\n        <div class=\"wp-block-getwid-custom-post-type__content-wrapper\">\n        <div class=\"wp-block-getwid-custom-post-type__post-header\">\n            <h3 class=\"wp-block-getwid-custom-post-type__post-title\"><a href=\"https:\/\/agora.xtec.cat\/escagustibartra\/portada\/i3-sessio-de-psicomotricitat-amb-tires-de-paper-reciclat\/\">i3 Sessi\u00f3 de psicomotricitat amb tires de paper reciclat<\/a><\/h3>        <\/div>\n        <div class=\"wp-block-getwid-custom-post-type__post-excerpt \"><p>En aquesta ocasi\u00f3 ha sigut el grup d&#8217;i3 (Dracs i Dragones de Terrassa) el que ha gaudit d&#8217;una sessi\u00f3 de Psicomotricitat diferent i especial! Els nens i nenes van trobar al gimn\u00e0s una gran muntanya de tires de paper reciclat acompanyada de caixes de cartr\u00f3, cilindres, ringos, cercles i pots. Els infants van llen\u00e7ar les [&hellip;]<\/p>\n<\/div>\n    <\/div>\n<\/div>\n\t\t\t\t\t\t\t\t<\/div>\n\t\t\t\t\t\t\t\t\t\t\t\t\t\t\t<div class='wp-block-getwid-custom-post-type__post'>\n\t\t\t\t\t\t\t\t\t\n<div class=\"wp-block-getwid-custom-post-type__post-wrapper\">\n            <div class=\"wp-block-getwid-custom-post-type__post-thumbnail\">\n            <a href=\"https:\/\/agora.xtec.cat\/escagustibartra\/portada\/sortida-de-vela-de-4t\/\"><img loading=\"lazy\" decoding=\"async\" width=\"2235\" height=\"1446\" src=\"https:\/\/agora.xtec.cat\/escagustibartra\/wp-content\/uploads\/usu2289\/2026\/05\/aventura-blava-26.jpg\" class=\"attachment-post-thumbnail size-post-thumbnail wp-post-image\" alt=\"\" srcset=\"https:\/\/agora.xtec.cat\/escagustibartra\/wp-content\/uploads\/usu2289\/2026\/05\/aventura-blava-26.jpg 2235w, https:\/\/agora.xtec.cat\/escagustibartra\/wp-content\/uploads\/usu2289\/2026\/05\/aventura-blava-26-300x194.jpg 300w, https:\/\/agora.xtec.cat\/escagustibartra\/wp-content\/uploads\/usu2289\/2026\/05\/aventura-blava-26-1024x663.jpg 1024w, https:\/\/agora.xtec.cat\/escagustibartra\/wp-content\/uploads\/usu2289\/2026\/05\/aventura-blava-26-768x497.jpg 768w, https:\/\/agora.xtec.cat\/escagustibartra\/wp-content\/uploads\/usu2289\/2026\/05\/aventura-blava-26-1536x994.jpg 1536w, https:\/\/agora.xtec.cat\/escagustibartra\/wp-content\/uploads\/usu2289\/2026\/05\/aventura-blava-26-2048x1325.jpg 2048w\" sizes=\"auto, (max-width: 2235px) 100vw, 2235px\" \/><\/a>\n        <\/div>\n        <div class=\"wp-block-getwid-custom-post-type__content-wrapper\">\n        <div class=\"wp-block-getwid-custom-post-type__post-header\">\n            <h3 class=\"wp-block-getwid-custom-post-type__post-title\"><a href=\"https:\/\/agora.xtec.cat\/escagustibartra\/portada\/sortida-de-vela-de-4t\/\">Sortida de vela de 4t<\/a><\/h3>        <\/div>\n        <div class=\"wp-block-getwid-custom-post-type__post-excerpt \"><p>L&#8217;alumnat de 4t ha participat un any m\u00e9s en l&#8217;activitat &#8220;Aventura Blava&#8221; a les instal\u00b7lacions del BISC (Barcelona international sailing center) al Port F\u00f2rum de Barcelona. L&#8217;activitat s&#8217;ha dividit en dues parts. Sessi\u00f3 divulgativa. Una sessi\u00f3 l\u00fadica a terra, on s&#8217;han explicat els conceptes b\u00e0sics de la navegaci\u00f3 i s&#8217;han fet jocs relacionats amb l&#8217;esport [&hellip;]<\/p>\n<\/div>\n    <\/div>\n<\/div>\n\t\t\t\t\t\t\t\t<\/div>\n\t\t\t\t\t\t\t\t\t\t\t\t\t\t\t<div class='wp-block-getwid-custom-post-type__post'>\n\t\t\t\t\t\t\t\t\t\n<div class=\"wp-block-getwid-custom-post-type__post-wrapper\">\n            <div class=\"wp-block-getwid-custom-post-type__post-thumbnail\">\n            <a href=\"https:\/\/agora.xtec.cat\/escagustibartra\/portada\/taller-de-robotica-de-5e-2\/\"><img loading=\"lazy\" decoding=\"async\" width=\"1632\" height=\"1218\" src=\"https:\/\/agora.xtec.cat\/escagustibartra\/wp-content\/uploads\/usu2289\/2026\/05\/noria26.jpg\" class=\"attachment-post-thumbnail size-post-thumbnail wp-post-image\" alt=\"\" srcset=\"https:\/\/agora.xtec.cat\/escagustibartra\/wp-content\/uploads\/usu2289\/2026\/05\/noria26.jpg 1632w, https:\/\/agora.xtec.cat\/escagustibartra\/wp-content\/uploads\/usu2289\/2026\/05\/noria26-300x224.jpg 300w, https:\/\/agora.xtec.cat\/escagustibartra\/wp-content\/uploads\/usu2289\/2026\/05\/noria26-1024x764.jpg 1024w, https:\/\/agora.xtec.cat\/escagustibartra\/wp-content\/uploads\/usu2289\/2026\/05\/noria26-768x573.jpg 768w, https:\/\/agora.xtec.cat\/escagustibartra\/wp-content\/uploads\/usu2289\/2026\/05\/noria26-1536x1146.jpg 1536w\" sizes=\"auto, (max-width: 1632px) 100vw, 1632px\" \/><\/a>\n        <\/div>\n        <div class=\"wp-block-getwid-custom-post-type__content-wrapper\">\n        <div class=\"wp-block-getwid-custom-post-type__post-header\">\n            <h3 class=\"wp-block-getwid-custom-post-type__post-title\"><a href=\"https:\/\/agora.xtec.cat\/escagustibartra\/portada\/taller-de-robotica-de-5e-2\/\">Taller de rob\u00f2tica de 5\u00e8<\/a><\/h3>        <\/div>\n        <div class=\"wp-block-getwid-custom-post-type__post-excerpt \"><p>L&#8217;alumnat de 5\u00e8 ja ha comen\u00e7at a familiaritzar-se amb els materials de Lego Spike Essential en el taller de rob\u00f2tica. Les dues primeres construccions guiades que han muntat i programat per poder-les fer funcionar han estat un cotxe i una n\u00f2ria.<\/p>\n<\/div>\n    <\/div>\n<\/div>\n\t\t\t\t\t\t\t\t<\/div>\n\t\t\t\t\t\t\t\t\t\t\t\t\t\t\t<div class='wp-block-getwid-custom-post-type__post'>\n\t\t\t\t\t\t\t\t\t\n<div class=\"wp-block-getwid-custom-post-type__post-wrapper\">\n            <div class=\"wp-block-getwid-custom-post-type__post-thumbnail\">\n            <a href=\"https:\/\/agora.xtec.cat\/escagustibartra\/portada\/tercer-dia-de-colonies-de-6e-2026-a-camprodon\/\"><img loading=\"lazy\" decoding=\"async\" width=\"1187\" height=\"581\" src=\"https:\/\/agora.xtec.cat\/escagustibartra\/wp-content\/uploads\/usu2289\/2026\/04\/excursio-colonies.jpg\" class=\"attachment-post-thumbnail size-post-thumbnail wp-post-image\" alt=\"\" srcset=\"https:\/\/agora.xtec.cat\/escagustibartra\/wp-content\/uploads\/usu2289\/2026\/04\/excursio-colonies.jpg 1187w, https:\/\/agora.xtec.cat\/escagustibartra\/wp-content\/uploads\/usu2289\/2026\/04\/excursio-colonies-300x147.jpg 300w, https:\/\/agora.xtec.cat\/escagustibartra\/wp-content\/uploads\/usu2289\/2026\/04\/excursio-colonies-1024x501.jpg 1024w, https:\/\/agora.xtec.cat\/escagustibartra\/wp-content\/uploads\/usu2289\/2026\/04\/excursio-colonies-768x376.jpg 768w\" sizes=\"auto, (max-width: 1187px) 100vw, 1187px\" \/><\/a>\n        <\/div>\n        <div class=\"wp-block-getwid-custom-post-type__content-wrapper\">\n        <div class=\"wp-block-getwid-custom-post-type__post-header\">\n            <h3 class=\"wp-block-getwid-custom-post-type__post-title\"><a href=\"https:\/\/agora.xtec.cat\/escagustibartra\/portada\/tercer-dia-de-colonies-de-6e-2026-a-camprodon\/\">Tercer dia de col\u00f2nies de 6\u00e8 2026 a Camprodon<\/a><\/h3>        <\/div>\n        <div class=\"wp-block-getwid-custom-post-type__post-excerpt \"><p>Aqu\u00ed podeu veure les fotografies de les activitats que hem realitzat durant el dia d\u2019avui. FOTOS DIA 3 Excursi\u00f3 a la font de Sant Patllari i visita a Camprodon<\/p>\n<\/div>\n    <\/div>\n<\/div>\n\t\t\t\t\t\t\t\t<\/div>\n\t\t\t\t\t\t\t\t\t\t\t\t\t\t\t<div class='wp-block-getwid-custom-post-type__post'>\n\t\t\t\t\t\t\t\t\t\n<div class=\"wp-block-getwid-custom-post-type__post-wrapper\">\n            <div class=\"wp-block-getwid-custom-post-type__post-thumbnail\">\n            <a href=\"https:\/\/agora.xtec.cat\/escagustibartra\/portada\/colonies-i5-a-la-carral-2\/\"><img loading=\"lazy\" decoding=\"async\" width=\"760\" height=\"1012\" src=\"https:\/\/agora.xtec.cat\/escagustibartra\/wp-content\/uploads\/usu2289\/2026\/04\/PXL_20260415_084821209.MP_.jpg\" class=\"attachment-post-thumbnail size-post-thumbnail wp-post-image\" alt=\"\" srcset=\"https:\/\/agora.xtec.cat\/escagustibartra\/wp-content\/uploads\/usu2289\/2026\/04\/PXL_20260415_084821209.MP_.jpg 760w, https:\/\/agora.xtec.cat\/escagustibartra\/wp-content\/uploads\/usu2289\/2026\/04\/PXL_20260415_084821209.MP_-225x300.jpg 225w\" sizes=\"auto, (max-width: 760px) 100vw, 760px\" \/><\/a>\n        <\/div>\n        <div class=\"wp-block-getwid-custom-post-type__content-wrapper\">\n        <div class=\"wp-block-getwid-custom-post-type__post-header\">\n            <h3 class=\"wp-block-getwid-custom-post-type__post-title\"><a href=\"https:\/\/agora.xtec.cat\/escagustibartra\/portada\/colonies-i5-a-la-carral-2\/\">Col\u00f2nies I5 a La Carral<\/a><\/h3>        <\/div>\n        <div class=\"wp-block-getwid-custom-post-type__post-excerpt \"><p>Les col\u00f2nies a La Carral han estat una experi\u00e8ncia molt especial per als infants d\u2019I5. Hem viscut aventures, rialles i moments compartits que no oblidarem. Ten\u00edem dos monitors molt divertits, el Pol i la Joana, que ens han fet gaudir de cada activitat amb entusiasme i alegria.Hem fet moltes activitats: el joc dels indis, on [&hellip;]<\/p>\n<\/div>\n    <\/div>\n<\/div>\n\t\t\t\t\t\t\t\t<\/div>\n\t\t\t\t\t\t\t\t\t\t\t\t\t\t\t<div class='wp-block-getwid-custom-post-type__post'>\n\t\t\t\t\t\t\t\t\t\n<div class=\"wp-block-getwid-custom-post-type__post-wrapper\">\n            <div class=\"wp-block-getwid-custom-post-type__post-thumbnail\">\n            <a href=\"https:\/\/agora.xtec.cat\/escagustibartra\/portada\/segon-dia-de-colonies-de-6e-2026-a-camprodon\/\"><img loading=\"lazy\" decoding=\"async\" width=\"1183\" height=\"642\" src=\"https:\/\/agora.xtec.cat\/escagustibartra\/wp-content\/uploads\/usu2289\/2026\/04\/colonies26.jpg\" class=\"attachment-post-thumbnail size-post-thumbnail wp-post-image\" alt=\"\" srcset=\"https:\/\/agora.xtec.cat\/escagustibartra\/wp-content\/uploads\/usu2289\/2026\/04\/colonies26.jpg 1183w, https:\/\/agora.xtec.cat\/escagustibartra\/wp-content\/uploads\/usu2289\/2026\/04\/colonies26-300x163.jpg 300w, https:\/\/agora.xtec.cat\/escagustibartra\/wp-content\/uploads\/usu2289\/2026\/04\/colonies26-1024x556.jpg 1024w, https:\/\/agora.xtec.cat\/escagustibartra\/wp-content\/uploads\/usu2289\/2026\/04\/colonies26-768x417.jpg 768w\" sizes=\"auto, (max-width: 1183px) 100vw, 1183px\" \/><\/a>\n        <\/div>\n        <div class=\"wp-block-getwid-custom-post-type__content-wrapper\">\n        <div class=\"wp-block-getwid-custom-post-type__post-header\">\n            <h3 class=\"wp-block-getwid-custom-post-type__post-title\"><a href=\"https:\/\/agora.xtec.cat\/escagustibartra\/portada\/segon-dia-de-colonies-de-6e-2026-a-camprodon\/\">Segon dia de col\u00f2nies de 6\u00e8 2026 a Camprodon<\/a><\/h3>        <\/div>\n        <div class=\"wp-block-getwid-custom-post-type__post-excerpt \"><p>Aqu\u00ed podeu veure les fotografies de les activitats que hem realitzat durant el dia d\u2019avui. FOTOS DIA 2<\/p>\n<\/div>\n    <\/div>\n<\/div>\n\t\t\t\t\t\t\t\t<\/div>\n\t\t\t\t\t\t\t\t\t\t\t\t\t\t\t<div class='wp-block-getwid-custom-post-type__post'>\n\t\t\t\t\t\t\t\t\t\n<div class=\"wp-block-getwid-custom-post-type__post-wrapper\">\n            <div class=\"wp-block-getwid-custom-post-type__post-thumbnail\">\n            <a href=\"https:\/\/agora.xtec.cat\/escagustibartra\/portada\/primer-dia-de-colonies-de-6e-a-camprodon\/\"><img loading=\"lazy\" decoding=\"async\" width=\"1375\" height=\"865\" src=\"https:\/\/agora.xtec.cat\/escagustibartra\/wp-content\/uploads\/usu2289\/2026\/04\/casa.jpg\" class=\"attachment-post-thumbnail size-post-thumbnail wp-post-image\" alt=\"\" srcset=\"https:\/\/agora.xtec.cat\/escagustibartra\/wp-content\/uploads\/usu2289\/2026\/04\/casa.jpg 1375w, https:\/\/agora.xtec.cat\/escagustibartra\/wp-content\/uploads\/usu2289\/2026\/04\/casa-300x189.jpg 300w, https:\/\/agora.xtec.cat\/escagustibartra\/wp-content\/uploads\/usu2289\/2026\/04\/casa-1024x644.jpg 1024w, https:\/\/agora.xtec.cat\/escagustibartra\/wp-content\/uploads\/usu2289\/2026\/04\/casa-768x483.jpg 768w\" sizes=\"auto, (max-width: 1375px) 100vw, 1375px\" \/><\/a>\n        <\/div>\n        <div class=\"wp-block-getwid-custom-post-type__content-wrapper\">\n        <div class=\"wp-block-getwid-custom-post-type__post-header\">\n            <h3 class=\"wp-block-getwid-custom-post-type__post-title\"><a href=\"https:\/\/agora.xtec.cat\/escagustibartra\/portada\/primer-dia-de-colonies-de-6e-a-camprodon\/\">Primer dia de col\u00f2nies de 6\u00e8 a Camprodon<\/a><\/h3>        <\/div>\n        <div class=\"wp-block-getwid-custom-post-type__post-excerpt \"><p>Aqu\u00ed podeu veure les fotografies de les activitats que hem realitzat durant el dia d&#8217;avui. FOTOS DIA 1 Recorregut en BTT<\/p>\n<\/div>\n    <\/div>\n<\/div>\n\t\t\t\t\t\t\t\t<\/div>\n\t\t\t\t\t\t\t            <\/div>\n\n                            <nav class=\"navigation pagination\" role=\"navigation\">\n                    <h2 class=\"screen-reader-text\"><\/h2>\n                    <div class=\"nav-links\">\n                    <span aria-current=\"page\" class=\"page-numbers current\">1<\/span>\n<a class=\"page-numbers\" href=\"https:\/\/agora.xtec.cat\/escagustibartra\/wp-json\/wp\/v2\/pages\/87\/page\/2\/\">2<\/a>\n<span class=\"page-numbers dots\">&hellip;<\/span>\n<a class=\"page-numbers\" href=\"https:\/\/agora.xtec.cat\/escagustibartra\/wp-json\/wp\/v2\/pages\/87\/page\/109\/\">109<\/a>\n<a class=\"page-numbers\" href=\"https:\/\/agora.xtec.cat\/escagustibartra\/wp-json\/wp\/v2\/pages\/87\/page\/110\/\">110<\/a>\n<a class=\"next page-numbers\" href=\"https:\/\/agora.xtec.cat\/escagustibartra\/wp-json\/wp\/v2\/pages\/87\/page\/2\/\">> <i><\/i><\/a>                    <\/div>\n                <\/nav>\n                    <\/div>\n        ","protected":false},"excerpt":{"rendered":"","protected":false},"author":1,"featured_media":0,"parent":0,"menu_order":0,"comment_status":"closed","ping_status":"closed","template":"page-templates\/side-menu.php","meta":{"site-sidebar-layout":"default","site-content-layout":"","ast-site-content-layout":"default","site-content-style":"default","site-sidebar-style":"default","ast-global-header-display":"","ast-banner-title-visibility":"","ast-main-header-display":"","ast-hfb-above-header-display":"","ast-hfb-below-header-display":"","ast-hfb-mobile-header-display":"","site-post-title":"","ast-breadcrumbs-content":"","ast-featured-img":"","footer-sml-layout":"","theme-transparent-header-meta":"","adv-header-id-meta":"","stick-header-meta":"","header-above-stick-meta":"","header-main-stick-meta":"","header-below-stick-meta":"","astra-migrate-meta-layouts":"set","ast-page-background-enabled":"default","ast-page-background-meta":{"desktop":{"background-color":"var(--ast-global-color-4)","background-image":"","background-repeat":"repeat","background-position":"center center","background-size":"auto","background-attachment":"scroll","background-type":"","background-media":"","overlay-type":"","overlay-color":"","overlay-opacity":"","overlay-gradient":""},"tablet":{"background-color":"","background-image":"","background-repeat":"repeat","background-position":"center center","background-size":"auto","background-attachment":"scroll","background-type":"","background-media":"","overlay-type":"","overlay-color":"","overlay-opacity":"","overlay-gradient":""},"mobile":{"background-color":"","background-image":"","background-repeat":"repeat","background-position":"center center","background-size":"auto","background-attachment":"scroll","background-type":"","background-media":"","overlay-type":"","overlay-color":"","overlay-opacity":"","overlay-gradient":""}},"ast-content-background-meta":{"desktop":{"background-color":"var(--ast-global-color-5)","background-image":"","background-repeat":"repeat","background-position":"center center","background-size":"auto","background-attachment":"scroll","background-type":"","background-media":"","overlay-type":"","overlay-color":"","overlay-opacity":"","overlay-gradient":""},"tablet":{"background-color":"var(--ast-global-color-5)","background-image":"","background-repeat":"repeat","background-position":"center center","background-size":"auto","background-attachment":"scroll","background-type":"","background-media":"","overlay-type":"","overlay-color":"","overlay-opacity":"","overlay-gradient":""},"mobile":{"background-color":"var(--ast-global-color-5)","background-image":"","background-repeat":"repeat","background-position":"center center","background-size":"auto","background-attachment":"scroll","background-type":"","background-media":"","overlay-type":"","overlay-color":"","overlay-opacity":"","overlay-gradient":""}},"footnotes":""},"class_list":["post-87","page","type-page","status-publish","hentry"],"post_mailing_queue_ids":[],"_links":{"self":[{"href":"https:\/\/agora.xtec.cat\/escagustibartra\/wp-json\/wp\/v2\/pages\/87","targetHints":{"allow":["GET"]}}],"collection":[{"href":"https:\/\/agora.xtec.cat\/escagustibartra\/wp-json\/wp\/v2\/pages"}],"about":[{"href":"https:\/\/agora.xtec.cat\/escagustibartra\/wp-json\/wp\/v2\/types\/page"}],"author":[{"embeddable":true,"href":"https:\/\/agora.xtec.cat\/escagustibartra\/wp-json\/wp\/v2\/users\/1"}],"replies":[{"embeddable":true,"href":"https:\/\/agora.xtec.cat\/escagustibartra\/wp-json\/wp\/v2\/comments?post=87"}],"version-history":[{"count":6,"href":"https:\/\/agora.xtec.cat\/escagustibartra\/wp-json\/wp\/v2\/pages\/87\/revisions"}],"predecessor-version":[{"id":9875,"href":"https:\/\/agora.xtec.cat\/escagustibartra\/wp-json\/wp\/v2\/pages\/87\/revisions\/9875"}],"wp:attachment":[{"href":"https:\/\/agora.xtec.cat\/escagustibartra\/wp-json\/wp\/v2\/media?parent=87"}],"curies":[{"name":"wp","href":"https:\/\/api.w.org\/{rel}","templated":true}]}}