{"id":853,"date":"2024-02-17T20:30:18","date_gmt":"2024-02-17T19:30:18","guid":{"rendered":"https:\/\/agora.xtec.cat\/escagustibartra\/?page_id=853"},"modified":"2026-01-28T12:58:00","modified_gmt":"2026-01-28T11:58:00","slug":"gestio-economica","status":"publish","type":"page","link":"https:\/\/agora.xtec.cat\/escagustibartra\/escola\/gestio-economica\/","title":{"rendered":"Gesti\u00f3 econ\u00f2mica"},"content":{"rendered":"\n<h2 class=\"wp-block-heading\">Aportacions de les fam\u00edlies curs 2025-2026<\/h2>\n\n\n\n<h3 class=\"wp-block-heading\">Educaci\u00f3 infantil<\/h3>\n\n\n\n<div data-wp-interactive=\"core\/file\" class=\"wp-block-file\"><object data-wp-bind--hidden=\"!state.hasPdfPreview\" hidden class=\"wp-block-file__embed\" data=\"https:\/\/agora.xtec.cat\/escagustibartra\/wp-content\/uploads\/usu2289\/2025\/10\/Quota-25-26-Ed.Infantil.docx.pdf\" type=\"application\/pdf\" style=\"width:100%;height:600px\" aria-label=\"Incrustaci\u00f3 del fitxer Quota 25-26 Ed.Infantil.docx.\"><\/object><a id=\"wp-block-file--media-ac2fcbc0-4311-4692-b47a-c5826de03d47\" href=\"https:\/\/agora.xtec.cat\/escagustibartra\/wp-content\/uploads\/usu2289\/2025\/10\/Quota-25-26-Ed.Infantil.docx.pdf\">Quota 25-26 Ed.Infantil.docx<\/a><a href=\"https:\/\/agora.xtec.cat\/escagustibartra\/wp-content\/uploads\/usu2289\/2025\/10\/Quota-25-26-Ed.Infantil.docx.pdf\" class=\"wp-block-file__button wp-element-button\" download aria-describedby=\"wp-block-file--media-ac2fcbc0-4311-4692-b47a-c5826de03d47\">Baixa<\/a><\/div>\n\n\n\n<h3 class=\"wp-block-heading\">Educaci\u00f3 prim\u00e0ria<\/h3>\n\n\n\n<div data-wp-interactive=\"core\/file\" class=\"wp-block-file\"><object data-wp-bind--hidden=\"!state.hasPdfPreview\" hidden class=\"wp-block-file__embed\" data=\"https:\/\/agora.xtec.cat\/escagustibartra\/wp-content\/uploads\/usu2289\/2025\/10\/Quota-25-26-Primaria.docx.pdf\" type=\"application\/pdf\" style=\"width:100%;height:600px\" aria-label=\"Incrustaci\u00f3 del fitxer Quota 25-26 Prim\u00e0ria.docx.\"><\/object><a id=\"wp-block-file--media-b655a6e3-7ec5-49ed-ac48-bce171bf031f\" href=\"https:\/\/agora.xtec.cat\/escagustibartra\/wp-content\/uploads\/usu2289\/2025\/10\/Quota-25-26-Primaria.docx.pdf\">Quota 25-26 Prim\u00e0ria.docx<\/a><a href=\"https:\/\/agora.xtec.cat\/escagustibartra\/wp-content\/uploads\/usu2289\/2025\/10\/Quota-25-26-Primaria.docx.pdf\" class=\"wp-block-file__button wp-element-button\" download aria-describedby=\"wp-block-file--media-b655a6e3-7ec5-49ed-ac48-bce171bf031f\">Baixa<\/a><\/div>\n\n\n\n<figure class=\"wp-block-embed is-type-video is-provider-youtube wp-block-embed-youtube wp-embed-aspect-4-3 wp-has-aspect-ratio\"><div class=\"wp-block-embed__wrapper\">\n<div class=\"ast-oembed-container \" style=\"height: 100%;\"><iframe loading=\"lazy\" title=\"Ingr\u00e9s quota material caixer autom\u00e0tic\" width=\"500\" height=\"375\" src=\"https:\/\/www.youtube.com\/embed\/jObmF_aqrt4?feature=oembed\" frameborder=\"0\" allow=\"accelerometer; autoplay; clipboard-write; encrypted-media; gyroscope; picture-in-picture; web-share\" referrerpolicy=\"strict-origin-when-cross-origin\" allowfullscreen><\/iframe><\/div>\n<\/div><\/figure>\n\n\n\n<div style=\"height:50px\" aria-hidden=\"true\" class=\"wp-block-spacer\"><\/div>\n\n\n\n<h2 class=\"wp-block-heading\">Ingressos i despeses any 2025<\/h2>\n\n\n\n<div data-wp-interactive=\"core\/file\" class=\"wp-block-file\"><object data-wp-bind--hidden=\"!state.hasPdfPreview\" hidden class=\"wp-block-file__embed\" data=\"https:\/\/agora.xtec.cat\/escagustibartra\/wp-content\/uploads\/usu2289\/2026\/01\/Tancament-economic-2025.pdf\" type=\"application\/pdf\" style=\"width:100%;height:600px\" aria-label=\"Incrustaci\u00f3 del fitxer Tancament econ\u00f2mic 2025.\"><\/object><a id=\"wp-block-file--media-ff977a6f-c1e2-40bd-86cd-14a2798d619a\" href=\"https:\/\/agora.xtec.cat\/escagustibartra\/wp-content\/uploads\/usu2289\/2026\/01\/Tancament-economic-2025.pdf\">Tancament econ\u00f2mic 2025<\/a><a href=\"https:\/\/agora.xtec.cat\/escagustibartra\/wp-content\/uploads\/usu2289\/2026\/01\/Tancament-economic-2025.pdf\" class=\"wp-block-file__button wp-element-button\" download aria-describedby=\"wp-block-file--media-ff977a6f-c1e2-40bd-86cd-14a2798d619a\">Baixa<\/a><\/div>\n\n\n\n<h2 class=\"wp-block-heading\">Avantprojecte pressupost any 2026<\/h2>\n\n\n\n<div data-wp-interactive=\"core\/file\" class=\"wp-block-file\"><object data-wp-bind--hidden=\"!state.hasPdfPreview\" hidden class=\"wp-block-file__embed\" data=\"https:\/\/agora.xtec.cat\/escagustibartra\/wp-content\/uploads\/usu2289\/2026\/01\/Pressupost-2026.pdf\" type=\"application\/pdf\" style=\"width:100%;height:600px\" aria-label=\"Incrustaci\u00f3 del fitxer Pressupost 2026.\"><\/object><a id=\"wp-block-file--media-39128ed9-ef33-4910-9826-be4768ad0457\" href=\"https:\/\/agora.xtec.cat\/escagustibartra\/wp-content\/uploads\/usu2289\/2026\/01\/Pressupost-2026.pdf\">Pressupost 2026<\/a><a href=\"https:\/\/agora.xtec.cat\/escagustibartra\/wp-content\/uploads\/usu2289\/2026\/01\/Pressupost-2026.pdf\" class=\"wp-block-file__button wp-element-button\" download aria-describedby=\"wp-block-file--media-39128ed9-ef33-4910-9826-be4768ad0457\">Baixa<\/a><\/div>\n\n\n\n<h2 class=\"wp-block-heading\">Ingressos i despeses any 2024<\/h2>\n\n\n\n<div data-wp-interactive=\"core\/file\" class=\"wp-block-file\"><object data-wp-bind--hidden=\"!state.hasPdfPreview\" hidden class=\"wp-block-file__embed\" data=\"https:\/\/agora.xtec.cat\/escagustibartra\/wp-content\/uploads\/usu2289\/2025\/05\/Ingressos-i-Despeses-2024.pdf\" type=\"application\/pdf\" style=\"width:100%;height:600px\" aria-label=\"Incrustaci\u00f3 del fitxer Ingressos-i-Despeses-2024.\"><\/object><a id=\"wp-block-file--media-c8e85559-26ea-427d-800a-9faa9fe270e8\" href=\"https:\/\/agora.xtec.cat\/escagustibartra\/wp-content\/uploads\/usu2289\/2025\/05\/Ingressos-i-Despeses-2024.pdf\">Ingressos-i-Despeses-2024<\/a><a href=\"https:\/\/agora.xtec.cat\/escagustibartra\/wp-content\/uploads\/usu2289\/2025\/05\/Ingressos-i-Despeses-2024.pdf\" class=\"wp-block-file__button wp-element-button\" download aria-describedby=\"wp-block-file--media-c8e85559-26ea-427d-800a-9faa9fe270e8\">Baixa<\/a><\/div>\n\n\n\n<h2 class=\"wp-block-heading\">Avantprojecte pressupost any 2025<\/h2>\n\n\n\n<div data-wp-interactive=\"core\/file\" class=\"wp-block-file\"><object data-wp-bind--hidden=\"!state.hasPdfPreview\" hidden class=\"wp-block-file__embed\" data=\"https:\/\/agora.xtec.cat\/escagustibartra\/wp-content\/uploads\/usu2289\/2025\/05\/Avantprojecte-2025.pdf\" type=\"application\/pdf\" style=\"width:100%;height:600px\" aria-label=\"Incrustaci\u00f3 del fitxer Avantprojecte-2025.\"><\/object><a id=\"wp-block-file--media-d003929e-85d0-478b-aa67-a0dc6483d2f7\" href=\"https:\/\/agora.xtec.cat\/escagustibartra\/wp-content\/uploads\/usu2289\/2025\/05\/Avantprojecte-2025.pdf\">Avantprojecte-2025<\/a><a href=\"https:\/\/agora.xtec.cat\/escagustibartra\/wp-content\/uploads\/usu2289\/2025\/05\/Avantprojecte-2025.pdf\" class=\"wp-block-file__button wp-element-button\" download aria-describedby=\"wp-block-file--media-d003929e-85d0-478b-aa67-a0dc6483d2f7\">Baixa<\/a><\/div>\n\n\n\n<div style=\"height:50px\" aria-hidden=\"true\" class=\"wp-block-spacer\"><\/div>\n\n\n\n<h2 class=\"wp-block-heading\">Ingressos i despeses any 2023<\/h2>\n\n\n\n<div data-wp-interactive=\"core\/file\" class=\"wp-block-file\"><object data-wp-bind--hidden=\"!state.hasPdfPreview\" hidden class=\"wp-block-file__embed\" data=\"https:\/\/agora.xtec.cat\/escagustibartra\/wp-content\/uploads\/usu2289\/2025\/05\/Ingressos-i-Despeses-2023.pdf\" type=\"application\/pdf\" style=\"width:100%;height:600px\" aria-label=\"Incrustaci\u00f3 del fitxer Ingressos-i-Despeses-2023.\"><\/object><a id=\"wp-block-file--media-a2e25836-5d2e-472e-b269-c7eb1d151ea2\" href=\"https:\/\/agora.xtec.cat\/escagustibartra\/wp-content\/uploads\/usu2289\/2025\/05\/Ingressos-i-Despeses-2023.pdf\">Ingressos-i-Despeses-2023<\/a><a href=\"https:\/\/agora.xtec.cat\/escagustibartra\/wp-content\/uploads\/usu2289\/2025\/05\/Ingressos-i-Despeses-2023.pdf\" class=\"wp-block-file__button wp-element-button\" download aria-describedby=\"wp-block-file--media-a2e25836-5d2e-472e-b269-c7eb1d151ea2\">Baixa<\/a><\/div>\n\n\n\n<h2 class=\"wp-block-heading\">Avantprojecte pressupost any 2024<\/h2>\n\n\n\n<div data-wp-interactive=\"core\/file\" class=\"wp-block-file\"><object data-wp-bind--hidden=\"!state.hasPdfPreview\" hidden class=\"wp-block-file__embed\" data=\"https:\/\/agora.xtec.cat\/escagustibartra\/wp-content\/uploads\/usu2289\/2025\/05\/Avantprojecte-2024.pdf\" type=\"application\/pdf\" style=\"width:100%;height:600px\" aria-label=\"Incrustaci\u00f3 del fitxer Avantprojecte-2024.\"><\/object><a id=\"wp-block-file--media-70e6abd8-f49e-46f0-ae3c-f333f0df954f\" href=\"https:\/\/agora.xtec.cat\/escagustibartra\/wp-content\/uploads\/usu2289\/2025\/05\/Avantprojecte-2024.pdf\">Avantprojecte-2024<\/a><a href=\"https:\/\/agora.xtec.cat\/escagustibartra\/wp-content\/uploads\/usu2289\/2025\/05\/Avantprojecte-2024.pdf\" class=\"wp-block-file__button wp-element-button\" download aria-describedby=\"wp-block-file--media-70e6abd8-f49e-46f0-ae3c-f333f0df954f\">Baixa<\/a><\/div>\n\n\n\n<div style=\"height:50px\" aria-hidden=\"true\" class=\"wp-block-spacer\"><\/div>\n\n\n\n<h2 class=\"wp-block-heading\">Ingressos i despeses any 2022<\/h2>\n\n\n\n<div data-wp-interactive=\"core\/file\" class=\"wp-block-file\"><object data-wp-bind--hidden=\"!state.hasPdfPreview\" hidden class=\"wp-block-file__embed\" data=\"https:\/\/agora.xtec.cat\/escagustibartra\/wp-content\/uploads\/usu2289\/2025\/05\/Ingressos-i-Despeses-2022-Full-1.pdf\" type=\"application\/pdf\" style=\"width:100%;height:600px\" aria-label=\"Incrustaci\u00f3 del fitxer Ingressos-i-Despeses-2022-Full-1.\"><\/object><a id=\"wp-block-file--media-1d3142db-819c-41e0-b83f-a478f392ef73\" href=\"https:\/\/agora.xtec.cat\/escagustibartra\/wp-content\/uploads\/usu2289\/2025\/05\/Ingressos-i-Despeses-2022-Full-1.pdf\">Ingressos-i-Despeses-2022-Full-1<\/a><a href=\"https:\/\/agora.xtec.cat\/escagustibartra\/wp-content\/uploads\/usu2289\/2025\/05\/Ingressos-i-Despeses-2022-Full-1.pdf\" class=\"wp-block-file__button wp-element-button\" download aria-describedby=\"wp-block-file--media-1d3142db-819c-41e0-b83f-a478f392ef73\">Baixa<\/a><\/div>\n\n\n\n<h2 class=\"wp-block-heading\">Avantprojecte pressupost any 2023<\/h2>\n\n\n\n<div data-wp-interactive=\"core\/file\" class=\"wp-block-file\"><object data-wp-bind--hidden=\"!state.hasPdfPreview\" hidden class=\"wp-block-file__embed\" data=\"https:\/\/agora.xtec.cat\/escagustibartra\/wp-content\/uploads\/usu2289\/2025\/05\/Avantprojecte-2023-Full-1.pdf\" type=\"application\/pdf\" style=\"width:100%;height:600px\" aria-label=\"Incrustaci\u00f3 del fitxer Avantprojecte-2023-Full-1.\"><\/object><a id=\"wp-block-file--media-06bd1e13-cb98-418e-a0e7-ad11f7821ca4\" href=\"https:\/\/agora.xtec.cat\/escagustibartra\/wp-content\/uploads\/usu2289\/2025\/05\/Avantprojecte-2023-Full-1.pdf\">Avantprojecte-2023-Full-1<\/a><a href=\"https:\/\/agora.xtec.cat\/escagustibartra\/wp-content\/uploads\/usu2289\/2025\/05\/Avantprojecte-2023-Full-1.pdf\" class=\"wp-block-file__button wp-element-button\" download aria-describedby=\"wp-block-file--media-06bd1e13-cb98-418e-a0e7-ad11f7821ca4\">Baixa<\/a><\/div>\n\n\n\n<div style=\"height:50px\" aria-hidden=\"true\" class=\"wp-block-spacer\"><\/div>\n\n\n\n<h2 class=\"wp-block-heading\">Ingressos i despeses any 2021<\/h2>\n\n\n\n<div data-wp-interactive=\"core\/file\" class=\"wp-block-file\"><object data-wp-bind--hidden=\"!state.hasPdfPreview\" hidden class=\"wp-block-file__embed\" data=\"https:\/\/agora.xtec.cat\/escagustibartra\/wp-content\/uploads\/usu2289\/2025\/05\/Ingressos-i-despeses-2021.pdf\" type=\"application\/pdf\" style=\"width:100%;height:600px\" aria-label=\"Incrustaci\u00f3 del fitxer Ingressos-i-despeses-2021.\"><\/object><a id=\"wp-block-file--media-c2816fd0-7763-4584-8681-e9e74bf92208\" href=\"https:\/\/agora.xtec.cat\/escagustibartra\/wp-content\/uploads\/usu2289\/2025\/05\/Ingressos-i-despeses-2021.pdf\">Ingressos-i-despeses-2021<\/a><a href=\"https:\/\/agora.xtec.cat\/escagustibartra\/wp-content\/uploads\/usu2289\/2025\/05\/Ingressos-i-despeses-2021.pdf\" class=\"wp-block-file__button wp-element-button\" download aria-describedby=\"wp-block-file--media-c2816fd0-7763-4584-8681-e9e74bf92208\">Baixa<\/a><\/div>\n\n\n\n<h2 class=\"wp-block-heading\">Avantprojecte pressupost any 2022<\/h2>\n\n\n\n<div data-wp-interactive=\"core\/file\" class=\"wp-block-file\"><object data-wp-bind--hidden=\"!state.hasPdfPreview\" hidden class=\"wp-block-file__embed\" data=\"https:\/\/agora.xtec.cat\/escagustibartra\/wp-content\/uploads\/usu2289\/2025\/05\/Avantprojecte-2022.pdf\" type=\"application\/pdf\" style=\"width:100%;height:600px\" aria-label=\"Incrustaci\u00f3 del fitxer Avantprojecte-2022.\"><\/object><a id=\"wp-block-file--media-0b2ffa18-2bcc-4142-b16c-7febd212bab5\" href=\"https:\/\/agora.xtec.cat\/escagustibartra\/wp-content\/uploads\/usu2289\/2025\/05\/Avantprojecte-2022.pdf\">Avantprojecte-2022<\/a><a href=\"https:\/\/agora.xtec.cat\/escagustibartra\/wp-content\/uploads\/usu2289\/2025\/05\/Avantprojecte-2022.pdf\" class=\"wp-block-file__button wp-element-button\" download aria-describedby=\"wp-block-file--media-0b2ffa18-2bcc-4142-b16c-7febd212bab5\">Baixa<\/a><\/div>\n","protected":false},"excerpt":{"rendered":"<p>Aportacions de les fam\u00edlies curs 2025-2026 Educaci\u00f3 infantil Educaci\u00f3 prim\u00e0ria Ingressos i despeses any 2025 Avantprojecte pressupost any 2026 Ingressos i despeses any 2024 Avantprojecte pressupost any 2025 Ingressos i despeses any 2023 Avantprojecte pressupost any 2024 Ingressos i despeses any 2022 Avantprojecte pressupost any 2023 Ingressos i despeses any 2021 Avantprojecte pressupost any 2022<\/p>\n","protected":false},"author":1,"featured_media":0,"parent":22,"menu_order":80,"comment_status":"closed","ping_status":"closed","template":"","meta":{"site-sidebar-layout":"left-sidebar","site-content-layout":"","ast-site-content-layout":"default","site-content-style":"default","site-sidebar-style":"default","ast-global-header-display":"","ast-banner-title-visibility":"","ast-main-header-display":"","ast-hfb-above-header-display":"","ast-hfb-below-header-display":"","ast-hfb-mobile-header-display":"","site-post-title":"","ast-breadcrumbs-content":"","ast-featured-img":"","footer-sml-layout":"","theme-transparent-header-meta":"","adv-header-id-meta":"","stick-header-meta":"","header-above-stick-meta":"","header-main-stick-meta":"","header-below-stick-meta":"","astra-migrate-meta-layouts":"set","ast-page-background-enabled":"default","ast-page-background-meta":{"desktop":{"background-color":"var(--ast-global-color-4)","background-image":"","background-repeat":"repeat","background-position":"center center","background-size":"auto","background-attachment":"scroll","background-type":"","background-media":"","overlay-type":"","overlay-color":"","overlay-opacity":"","overlay-gradient":""},"tablet":{"background-color":"","background-image":"","background-repeat":"repeat","background-position":"center center","background-size":"auto","background-attachment":"scroll","background-type":"","background-media":"","overlay-type":"","overlay-color":"","overlay-opacity":"","overlay-gradient":""},"mobile":{"background-color":"","background-image":"","background-repeat":"repeat","background-position":"center center","background-size":"auto","background-attachment":"scroll","background-type":"","background-media":"","overlay-type":"","overlay-color":"","overlay-opacity":"","overlay-gradient":""}},"ast-content-background-meta":{"desktop":{"background-color":"var(--ast-global-color-5)","background-image":"","background-repeat":"repeat","background-position":"center center","background-size":"auto","background-attachment":"scroll","background-type":"","background-media":"","overlay-type":"","overlay-color":"","overlay-opacity":"","overlay-gradient":""},"tablet":{"background-color":"var(--ast-global-color-5)","background-image":"","background-repeat":"repeat","background-position":"center center","background-size":"auto","background-attachment":"scroll","background-type":"","background-media":"","overlay-type":"","overlay-color":"","overlay-opacity":"","overlay-gradient":""},"mobile":{"background-color":"var(--ast-global-color-5)","background-image":"","background-repeat":"repeat","background-position":"center center","background-size":"auto","background-attachment":"scroll","background-type":"","background-media":"","overlay-type":"","overlay-color":"","overlay-opacity":"","overlay-gradient":""}},"footnotes":""},"class_list":["post-853","page","type-page","status-publish","hentry"],"post_mailing_queue_ids":[],"_links":{"self":[{"href":"https:\/\/agora.xtec.cat\/escagustibartra\/wp-json\/wp\/v2\/pages\/853","targetHints":{"allow":["GET"]}}],"collection":[{"href":"https:\/\/agora.xtec.cat\/escagustibartra\/wp-json\/wp\/v2\/pages"}],"about":[{"href":"https:\/\/agora.xtec.cat\/escagustibartra\/wp-json\/wp\/v2\/types\/page"}],"author":[{"embeddable":true,"href":"https:\/\/agora.xtec.cat\/escagustibartra\/wp-json\/wp\/v2\/users\/1"}],"replies":[{"embeddable":true,"href":"https:\/\/agora.xtec.cat\/escagustibartra\/wp-json\/wp\/v2\/comments?post=853"}],"version-history":[{"count":6,"href":"https:\/\/agora.xtec.cat\/escagustibartra\/wp-json\/wp\/v2\/pages\/853\/revisions"}],"predecessor-version":[{"id":10433,"href":"https:\/\/agora.xtec.cat\/escagustibartra\/wp-json\/wp\/v2\/pages\/853\/revisions\/10433"}],"up":[{"embeddable":true,"href":"https:\/\/agora.xtec.cat\/escagustibartra\/wp-json\/wp\/v2\/pages\/22"}],"wp:attachment":[{"href":"https:\/\/agora.xtec.cat\/escagustibartra\/wp-json\/wp\/v2\/media?parent=853"}],"curies":[{"name":"wp","href":"https:\/\/api.w.org\/{rel}","templated":true}]}}