{"id":851,"date":"2024-02-17T20:24:08","date_gmt":"2024-02-17T19:24:08","guid":{"rendered":"https:\/\/agora.xtec.cat\/escagustibartra\/?page_id=851"},"modified":"2025-05-06T01:17:40","modified_gmt":"2025-05-05T23:17:40","slug":"projectes-de-centre","status":"publish","type":"page","link":"https:\/\/agora.xtec.cat\/escagustibartra\/escola\/projectes-de-centre\/","title":{"rendered":"Projectes de centre"},"content":{"rendered":"\n<h2 class=\"wp-block-heading\">Pla de millora d&#8217;oportunitats educatives (PMOE PROA+)<\/h2>\n\n\n\n<p>El Pla t\u00e9 com a destinatari l&#8217;alumnat d&#8217;educaci\u00f3 infantil, prim\u00e0ria, secund\u00e0ria i formaci\u00f3 professional de grau b\u00e0sic, dels centres amb m\u00e9s complexitat educativa derivada de les condicions socioecon\u00f2miques desafavorides de l&#8217;alumnat, d&#8217;acord amb el darrer estudi de complexitat del Consell Superior d&#8217;Avaluaci\u00f3 del Sistema Educatiu elaborat l&#8217;any 2020.<\/p>\n\n\n\n<p>Els seus objectius principals s\u00f3n:<\/p>\n\n\n\n<ul class=\"wp-block-list\">\n<li>Contribuir a la millora de l&#8217;equitat en l&#8217;acc\u00e9s a oportunitats educatives i a l&#8217;\u00e8xit escolar de tot l&#8217;alumnat amb l&#8217;enfortiment dels centres educatius p\u00fablics de m\u00e9s complexitat educativa del Servei d&#8217;Educaci\u00f3 de Catalunya per tal que disposin dels recursos necessaris per compensar les necessitats i desigualtats educatives de l&#8217;alumnat i les seves fam\u00edlies.<\/li>\n\n\n\n<li>Integrar el Programa de cooperaci\u00f3 territorial per a l&#8217;orientaci\u00f3, l&#8217;aven\u00e7 i l&#8217;enriquiment educatiu PROA+ en el Pla de millora d&#8217;oportunitats educatives PMOE.<\/li>\n\n\n\n<li>Refor\u00e7ar l&#8217;atenci\u00f3 de l&#8217;alumnat amb necessitats espec\u00edfiques de suport educatiu i millorar l&#8217;enfocament inclusiu.<\/li>\n\n\n\n<li>Refor\u00e7ar la dimensi\u00f3 comunit\u00e0ria de l&#8217;acci\u00f3 educativa.<\/li>\n<\/ul>\n\n\n\n<h2 class=\"wp-block-heading\">Projecte CROMA 2.0<\/h2>\n\n\n\n<p>Iniciativa de la Fundaci\u00f3 Aut\u00f2noma Solid\u00e0ria (FAS), entitat lligada a la Universitat Aut\u00f2noma de Barcelona (UAB). El projecte consisteix a organitzar a centres de prim\u00e0ria del Vall\u00e8s Occidental una s\u00e8rie de tallers adre\u00e7ats a alumnat de 5\u00e8 i 6\u00e8 en situaci\u00f3 de vulnerabilitat socioecon\u00f2mica que mostra dificultats en el seguiment escolar. L&#8217;objectiu dels tallers \u00e9s ajudar aquests infants a recuperar la motivaci\u00f3 i l&#8217;inter\u00e8s per aprendre i per anar a l&#8217;escola, reduint aix\u00ed el risc de frac\u00e0s escolar.\u00a0<\/p>\n\n\n\n<p>Els tallers es fan en horari extraescolar, dinamitzats per alumnat voluntari de ci\u00e8ncies de l&#8217;educaci\u00f3 o de psicologia de la UAB, i dissenyats per equips de recerca de la mateixa universitat per a brindar a l&#8217;alumnat la possibilitat de convertir-se en responsable de les seves descobertes, propiciant que s&#8217;incrementi el seu inter\u00e8s pels coneixements que els ofereix l&#8217;escola.&nbsp;<\/p>\n\n\n\n<h2 class=\"wp-block-heading\">Pla educatiu d&#8217;entorn (PEE)<\/h2>\n\n\n\n<p>Conjunt d&#8217;accions impulsades per l&#8217;Ajuntament de Terrassa i el Departament d&#8217;Educaci\u00f3 i Formaci\u00f3 Professional, amb el suport de nombrosos agents educatius, adre\u00e7ades a donar una resposta integrada i comunit\u00e0ria a les necessitats educatives de l&#8217;alumnat de prim\u00e0ria i secund\u00e0ria de la ciutat. S&#8217;adre\u00e7a a tot l&#8217;alumnat, i a tota la comunitat educativa, per\u00f2 amb una especial sensibilitat als sectors socials m\u00e9s desafavorits. El pla \u00e9s tamb\u00e9 una eina de coordinaci\u00f3 i dinamitzaci\u00f3 de l&#8217;acci\u00f3 educativa en els diferents \u00e0mbits de la vida dels infants i joves.\u00a0<\/p>\n\n\n\n<p>Els objectius del pla s\u00f3n aconseguir l&#8217;\u00e8xit educatiu de tot l&#8217;alumnat i contribuir a la cohesi\u00f3 social mitjan\u00e7ant l&#8217;equitat, l&#8217;\u00fas de la llengua catalana, l&#8217;educaci\u00f3 intercultural i el foment de la conviv\u00e8ncia.<\/p>\n\n\n\n<h2 class=\"wp-block-heading\">Projecte Vincles<\/h2>\n\n\n\n<p>En col\u00b7laboraci\u00f3 amb l\u2019Institut Can Jofresa, antics alumnes de l\u2019escola que ara estudien en aquest institut venen a l\u2019escola de manera volunt\u00e0ria durant unes tardes fora del seu horari lectiu per donar suport a als mestres en l\u2019organitzaci\u00f3 de diferents activitats.<\/p>\n\n\n\n<h2 class=\"wp-block-heading\">Projecte Lecxit<\/h2>\n\n\n\n<p>Projecte en col\u00b7laboraci\u00f3 amb la biblioteca del districte II i la Fundaci\u00f3 Bofill per incrementar l\u2019\u00e8xit educatiu de l\u2019alumnat a trav\u00e9s de la millora de la seva comprensi\u00f3 lectora.<\/p>\n\n\n\n<p>Intervenen en el programa escoles de prim\u00e0ria, instituts i biblioteques. Les escoles seleccionen l&#8217;alumnat que es beneficiar\u00e0 del projecte i els instituts aporten el gruix de les persones volunt\u00e0ries que fan d&#8217;acompanyants a la lectura (estudiants de secund\u00e0ria) a trav\u00e9s dels programes de Servei Comunitari. Les biblioteques de la BCT Xarxa ofereixen espais per desenvolupar l&#8217;activitat i, en alguns casos, tamb\u00e9 canalitzen voluntariat (persones adultes). La Fundaci\u00f3 Bofill aporta la formaci\u00f3 del voluntariat i material per incentivar la lectura. A m\u00e9s, el Centre de Recursos Pedag\u00f2gics del Departament d&#8217;Educaci\u00f3 i Formaci\u00f3 Professional ofereix cada any un seminari adre\u00e7at al professorat i a les persones referents de les biblioteques.<\/p>\n\n\n\n<h2 class=\"wp-block-heading\">Pla catal\u00e0 de l\u2019esport a l\u2019escola (PCEE)<\/h2>\n\n\n\n<p>Projecte en col\u00b7laboraci\u00f3 amb la Secretaria General de l\u2019esport i el Consell Esportiu del Vall\u00e8s Occidental \u2013 Terrassa per promoure la participaci\u00f3 en activitats f\u00edsiques i esportives de l\u2019alumnat en horari no lectiu i aprofitar la funci\u00f3 integradora i de cohesi\u00f3 social de l\u2019esport escolar.<\/p>\n\n\n\n<p>Els objectius principals\u00a0s\u00f3n:<\/p>\n\n\n\n<ul class=\"wp-block-list\">\n<li>Incrementar la pr\u00e0ctica regular d&#8217;activitat f\u00edsica i esportiva en horari no lectiu<\/li>\n\n\n\n<li>Facilitar l\u2019acc\u00e9s a la pr\u00e0ctica esportiva escolar a tota la comunitat educativa, aix\u00ed com la col\u00b7laboraci\u00f3 en la seva dinamitzaci\u00f3<\/li>\n\n\n\n<li>Fomentar l\u2019adquisici\u00f3 d\u2019h\u00e0bits saludables que contribueixin a la millora del benestar personal i social<\/li>\n\n\n\n<li>Contribuir mitjan\u00e7ant la pr\u00e0ctica esportiva a l\u2019educaci\u00f3 en valors i fomentar la participaci\u00f3 per sobre de la competici\u00f3<\/li>\n<\/ul>\n\n\n\n<h2 class=\"wp-block-heading\">Pla de consum de fruita a les escoles<\/h2>\n\n\n\n<p>En col\u00b7laboraci\u00f3 amb el Departament d\u2019Agricultura, Ramaderia, Pesca i Alimentaci\u00f3 l\u2019escola rep regularment diferents tipus de fruites de temporada per repartir entre l\u2019alumnat de l\u2019escola amb la voluntat promoure h\u00e0bits d\u2019alimentaci\u00f3 saludable.<\/p>\n\n\n\n<h2 class=\"wp-block-heading\">Centre formador d\u2019estudiants en pr\u00e0ctiques dels graus de mestre d\u2019educaci\u00f3 infantil i d\u2019educaci\u00f3 prim\u00e0ria<\/h2>\n\n\n\n<p>L\u2019escola acull estudiants de diferents cursos del grau de mestre de la UAB i d&#8217;altres universitats per tal que realitzin les seves estades de pr\u00e0ctica en col\u00b7laboraci\u00f3 amb mestres de l\u2019escola.<\/p>\n","protected":false},"excerpt":{"rendered":"<p>Pla de millora d&#8217;oportunitats educatives (PMOE PROA+) El Pla t\u00e9 com a destinatari l&#8217;alumnat d&#8217;educaci\u00f3 infantil, prim\u00e0ria, secund\u00e0ria i formaci\u00f3 professional de grau b\u00e0sic, dels centres amb m\u00e9s complexitat educativa derivada de les condicions socioecon\u00f2miques desafavorides de l&#8217;alumnat, d&#8217;acord amb el darrer estudi de complexitat del Consell Superior d&#8217;Avaluaci\u00f3 del Sistema Educatiu elaborat l&#8217;any 2020. [&hellip;]<\/p>\n","protected":false},"author":1,"featured_media":0,"parent":22,"menu_order":30,"comment_status":"closed","ping_status":"closed","template":"","meta":{"site-sidebar-layout":"left-sidebar","site-content-layout":"","ast-site-content-layout":"default","site-content-style":"default","site-sidebar-style":"default","ast-global-header-display":"","ast-banner-title-visibility":"","ast-main-header-display":"","ast-hfb-above-header-display":"","ast-hfb-below-header-display":"","ast-hfb-mobile-header-display":"","site-post-title":"","ast-breadcrumbs-content":"","ast-featured-img":"","footer-sml-layout":"","theme-transparent-header-meta":"","adv-header-id-meta":"","stick-header-meta":"","header-above-stick-meta":"","header-main-stick-meta":"","header-below-stick-meta":"","astra-migrate-meta-layouts":"set","ast-page-background-enabled":"default","ast-page-background-meta":{"desktop":{"background-color":"var(--ast-global-color-4)","background-image":"","background-repeat":"repeat","background-position":"center center","background-size":"auto","background-attachment":"scroll","background-type":"","background-media":"","overlay-type":"","overlay-color":"","overlay-opacity":"","overlay-gradient":""},"tablet":{"background-color":"","background-image":"","background-repeat":"repeat","background-position":"center center","background-size":"auto","background-attachment":"scroll","background-type":"","background-media":"","overlay-type":"","overlay-color":"","overlay-opacity":"","overlay-gradient":""},"mobile":{"background-color":"","background-image":"","background-repeat":"repeat","background-position":"center center","background-size":"auto","background-attachment":"scroll","background-type":"","background-media":"","overlay-type":"","overlay-color":"","overlay-opacity":"","overlay-gradient":""}},"ast-content-background-meta":{"desktop":{"background-color":"var(--ast-global-color-5)","background-image":"","background-repeat":"repeat","background-position":"center center","background-size":"auto","background-attachment":"scroll","background-type":"","background-media":"","overlay-type":"","overlay-color":"","overlay-opacity":"","overlay-gradient":""},"tablet":{"background-color":"var(--ast-global-color-5)","background-image":"","background-repeat":"repeat","background-position":"center center","background-size":"auto","background-attachment":"scroll","background-type":"","background-media":"","overlay-type":"","overlay-color":"","overlay-opacity":"","overlay-gradient":""},"mobile":{"background-color":"var(--ast-global-color-5)","background-image":"","background-repeat":"repeat","background-position":"center center","background-size":"auto","background-attachment":"scroll","background-type":"","background-media":"","overlay-type":"","overlay-color":"","overlay-opacity":"","overlay-gradient":""}},"footnotes":""},"class_list":["post-851","page","type-page","status-publish","hentry"],"post_mailing_queue_ids":[],"_links":{"self":[{"href":"https:\/\/agora.xtec.cat\/escagustibartra\/wp-json\/wp\/v2\/pages\/851","targetHints":{"allow":["GET"]}}],"collection":[{"href":"https:\/\/agora.xtec.cat\/escagustibartra\/wp-json\/wp\/v2\/pages"}],"about":[{"href":"https:\/\/agora.xtec.cat\/escagustibartra\/wp-json\/wp\/v2\/types\/page"}],"author":[{"embeddable":true,"href":"https:\/\/agora.xtec.cat\/escagustibartra\/wp-json\/wp\/v2\/users\/1"}],"replies":[{"embeddable":true,"href":"https:\/\/agora.xtec.cat\/escagustibartra\/wp-json\/wp\/v2\/comments?post=851"}],"version-history":[{"count":5,"href":"https:\/\/agora.xtec.cat\/escagustibartra\/wp-json\/wp\/v2\/pages\/851\/revisions"}],"predecessor-version":[{"id":1388,"href":"https:\/\/agora.xtec.cat\/escagustibartra\/wp-json\/wp\/v2\/pages\/851\/revisions\/1388"}],"up":[{"embeddable":true,"href":"https:\/\/agora.xtec.cat\/escagustibartra\/wp-json\/wp\/v2\/pages\/22"}],"wp:attachment":[{"href":"https:\/\/agora.xtec.cat\/escagustibartra\/wp-json\/wp\/v2\/media?parent=851"}],"curies":[{"name":"wp","href":"https:\/\/api.w.org\/{rel}","templated":true}]}}