{"id":71,"date":"2014-09-18T12:44:56","date_gmt":"2014-09-18T11:44:56","guid":{"rendered":"http:\/\/agora.xtec.cat\/escagustibartra\/?page_id=71"},"modified":"2025-05-06T01:19:59","modified_gmt":"2025-05-05T23:19:59","slug":"tokapp-school","status":"publish","type":"page","link":"https:\/\/agora.xtec.cat\/escagustibartra\/escola\/tokapp-school\/","title":{"rendered":"TokApp School"},"content":{"rendered":"\n<p>L\u2019escola Agust\u00ed Bartra utilitza la plataforma TokApp School per comunicar-se amb les fam\u00edlies de forma r\u00e0pida, senzilla i sostenible a trav\u00e9s del dispositiu m\u00f2bil.<\/p>\n\n\n\n<p>Per poder rebre totes les informacions que envia l&#8217;escola \u00e9s necessari descarregar l&#8217;aplicaci\u00f3 TokApp School al dispositiu m\u00f2bil.<\/p>\n\n\n\n<h2 class=\"wp-block-heading\">Guia completa de com instal\u00b7lar TokApp School al dispositiu m\u00f2bil<\/h2>\n\n\n\n<p><strong>1. Accediu a la botiga d&#8217;aplicacions del dispositiu m\u00f2bil.<\/strong><\/p>\n\n\n\n<p>Usuaris d&#8217;Android: <a href=\"https:\/\/play.google.com\/store\/apps\/details?id=com.MultiExpo.tokappschool&amp;hl=ca\" target=\"_blank\" rel=\"noreferrer noopener\">Google Play Store<\/a><\/p>\n\n\n\n<figure class=\"wp-block-image size-full\"><a href=\"https:\/\/agora.xtec.cat\/escagustibartra\/wp-content\/uploads\/usu2289\/2025\/05\/google-play-tookapp.png\"><img loading=\"lazy\" decoding=\"async\" width=\"180\" height=\"180\" src=\"https:\/\/agora.xtec.cat\/escagustibartra\/wp-content\/uploads\/usu2289\/2025\/05\/google-play-tookapp.png\" alt=\"\" class=\"wp-image-1426\" srcset=\"https:\/\/agora.xtec.cat\/escagustibartra\/wp-content\/uploads\/usu2289\/2025\/05\/google-play-tookapp.png 180w, https:\/\/agora.xtec.cat\/escagustibartra\/wp-content\/uploads\/usu2289\/2025\/05\/google-play-tookapp-150x150.png 150w\" sizes=\"auto, (max-width: 180px) 100vw, 180px\" \/><\/a><\/figure>\n\n\n\n<p>Usuaris d&#8217;iOS: <a href=\"https:\/\/apps.apple.com\/es\/app\/tokapp-school\/id731900359\" target=\"_blank\" rel=\"noreferrer noopener\">App Store<\/a><\/p>\n\n\n\n<figure class=\"wp-block-image size-full\"><a href=\"https:\/\/agora.xtec.cat\/escagustibartra\/wp-content\/uploads\/usu2289\/2025\/05\/apple-store-tokapp.png\"><img loading=\"lazy\" decoding=\"async\" width=\"164\" height=\"164\" src=\"https:\/\/agora.xtec.cat\/escagustibartra\/wp-content\/uploads\/usu2289\/2025\/05\/apple-store-tokapp.png\" alt=\"\" class=\"wp-image-1427\" srcset=\"https:\/\/agora.xtec.cat\/escagustibartra\/wp-content\/uploads\/usu2289\/2025\/05\/apple-store-tokapp.png 164w, https:\/\/agora.xtec.cat\/escagustibartra\/wp-content\/uploads\/usu2289\/2025\/05\/apple-store-tokapp-150x150.png 150w\" sizes=\"auto, (max-width: 164px) 100vw, 164px\" \/><\/a><\/figure>\n\n\n\n<p><strong>2. Cerqueu l\u2019aplicaci\u00f3 TokApp School, descarregueu-la i instal\u00b7leu-la. Aquest proc\u00e9s nom\u00e9s pren uns segons.<\/strong><\/p>\n\n\n\n<p><strong>3. Creeu un usuari.<\/strong><\/p>\n\n\n\n<p>Obriu l&#8217;aplicaci\u00f3 TokApp School i seleccioneu l&#8217;opci\u00f3 &#8220;Registrar-se&#8221;.<\/p>\n\n\n\n<p>Ompliu el pa\u00eds, accepteu els termes i condicions i ompliu el formulari amb la vostra informaci\u00f3 b\u00e0sica incloent nom d&#8217;usuari, correu electr\u00f2nic i una contrasenya segura.<\/p>\n\n\n\n<p>Feu clic a &#8220;Continuar&#8221;.<\/p>\n\n\n\n<p>Si el nom d\u2019usuari que heu triat ja est\u00e0 ocupat n\u2019haureu de seleccionar un altre.<\/p>\n\n\n\n<p><strong>4. Verifiqueu el correu electr\u00f2nic.<\/strong><\/p>\n\n\n\n<p>Seleccioneu el vostre pa\u00eds i escolliu \u201cRegistrar-se amb email\u201d.<\/p>\n\n\n\n<p>Rebreu un codi al vostre correu electr\u00f2nic. Si no el trobeu, reviseu la safata del correu brossa.<\/p>\n\n\n\n<p>Introdu\u00efu el codi de verificaci\u00f3 rebut per confirmar el vostre correu electr\u00f2nic.<\/p>\n\n\n\n<p><strong>5. Verifiqueu el tel\u00e8fon.<\/strong><\/p>\n\n\n\n<p>Per a m\u00e9s seguretat, valideu el vostre tel\u00e8fon. Pitgeu a l&#8217;av\u00eds per validar el vostre tel\u00e8fon.<\/p>\n\n\n\n<p>Escriviu el vostre n\u00famero de tel\u00e8fon. Rebreu un codi al tel\u00e8fon m\u00f2bil. Introdu\u00efu aquest codi per completar la verificaci\u00f3.<\/p>\n\n\n\n<p><strong>6. Completeu el vostre perfil.<\/strong><\/p>\n\n\n\n<p>Un cop verificat el n\u00famero de tel\u00e8fon, completeu el vostre perfil amb la informaci\u00f3 addicional sol\u00b7licitada.<\/p>\n\n\n\n<p><strong>7. Ja teniu l\u2019aplicaci\u00f3 TokApp School instal\u00b7lada i podeu rebre els missatges de l\u2019escola.<\/strong><\/p>\n\n\n\n<p><strong>8. Quan l\u2019escola actualitzi la base de dades d\u2019usuaris i detecti que us heu registrat correctament comen\u00e7areu a rebre els missatges. Per aix\u00f2 \u00e9s important que coincideixin les dades de registre amb les que heu facilitat a l\u2019escola.<\/strong><\/p>\n\n\n\n<p>Si canvieu de tel\u00e8fon m\u00f2bil heu de tornar a instal\u00b7lar l\u2019aplicaci\u00f3 i heu de comunicar a l\u2019escola el nou n\u00famero per poder seguir rebent els missatges.<\/p>\n\n\n\n<p>Per a qualsevol dubte o consulta, podeu contactar amb soporte@tokapp.com o al tel\u00e8fon 886 080 996.<\/p>\n\n\n\n<h3 class=\"wp-block-heading\">Instal\u00b7laci\u00f3 de TokApp School al dispositiu m\u00f2bil<\/h3>\n\n\n\n<figure class=\"wp-block-embed is-type-video is-provider-youtube wp-block-embed-youtube wp-embed-aspect-16-9 wp-has-aspect-ratio\"><div class=\"wp-block-embed__wrapper\">\n<div class=\"ast-oembed-container \" style=\"height: 100%;\"><iframe loading=\"lazy\" title=\"\ud83d\udcf2 C\u00f3mo Descargar y Registrarse en TokApp y TokApp School - Gu\u00eda F\u00e1cil 2024 \u2b50\" width=\"500\" height=\"281\" src=\"https:\/\/www.youtube.com\/embed\/XY3ZPIw9KZs?feature=oembed\" frameborder=\"0\" allow=\"accelerometer; autoplay; clipboard-write; encrypted-media; gyroscope; picture-in-picture; web-share\" referrerpolicy=\"strict-origin-when-cross-origin\" allowfullscreen><\/iframe><\/div>\n<\/div><\/figure>\n\n\n\n<h2 class=\"wp-block-heading\">Preguntes m\u00e9s freq\u00fcents<\/h2>\n\n\n\n<p><a href=\"https:\/\/www.tokappschool.com\/usuarios-familias-alumnos\" target=\"_blank\" rel=\"noopener\">https:\/\/www.tokappschool.com\/usuarios-familias-alumnos<\/a><\/p>\n\n\n\n<p><a href=\"https:\/\/tokapp.com\/blog\/categoria\/ayuda\">https:\/\/tokapp.com\/blog\/categoria\/ayuda<\/a><\/p>\n\n\n\n<figure class=\"wp-block-image\"><a href=\"https:\/\/www.tokappschool.com\/\" target=\"_blank\" rel=\"noreferrer noopener\"><img loading=\"lazy\" decoding=\"async\" width=\"320\" height=\"480\" src=\"https:\/\/agora.xtec.cat\/escagustibartra\/wp-content\/uploads\/usu2289\/2018\/07\/IMG_9729.jpg\" alt=\"\" class=\"wp-image-5426\" srcset=\"https:\/\/agora.xtec.cat\/escagustibartra\/wp-content\/uploads\/usu2289\/2018\/07\/IMG_9729.jpg 320w, https:\/\/agora.xtec.cat\/escagustibartra\/wp-content\/uploads\/usu2289\/2018\/07\/IMG_9729-200x300.jpg 200w\" sizes=\"auto, (max-width: 320px) 100vw, 320px\" \/><\/a><\/figure>\n","protected":false},"excerpt":{"rendered":"<p>L\u2019escola Agust\u00ed Bartra utilitza la plataforma TokApp School per comunicar-se amb les fam\u00edlies de forma r\u00e0pida, senzilla i sostenible a trav\u00e9s del dispositiu m\u00f2bil. Per poder rebre totes les informacions que envia l&#8217;escola \u00e9s necessari descarregar l&#8217;aplicaci\u00f3 TokApp School al dispositiu m\u00f2bil. Guia completa de com instal\u00b7lar TokApp School al dispositiu m\u00f2bil 1. Accediu a [&hellip;]<\/p>\n","protected":false},"author":1,"featured_media":0,"parent":22,"menu_order":90,"comment_status":"closed","ping_status":"closed","template":"","meta":{"site-sidebar-layout":"left-sidebar","site-content-layout":"","ast-site-content-layout":"default","site-content-style":"default","site-sidebar-style":"default","ast-global-header-display":"","ast-banner-title-visibility":"","ast-main-header-display":"","ast-hfb-above-header-display":"","ast-hfb-below-header-display":"","ast-hfb-mobile-header-display":"","site-post-title":"","ast-breadcrumbs-content":"","ast-featured-img":"","footer-sml-layout":"","theme-transparent-header-meta":"","adv-header-id-meta":"","stick-header-meta":"","header-above-stick-meta":"","header-main-stick-meta":"","header-below-stick-meta":"","astra-migrate-meta-layouts":"set","ast-page-background-enabled":"default","ast-page-background-meta":{"desktop":{"background-color":"var(--ast-global-color-4)","background-image":"","background-repeat":"repeat","background-position":"center center","background-size":"auto","background-attachment":"scroll","background-type":"","background-media":"","overlay-type":"","overlay-color":"","overlay-opacity":"","overlay-gradient":""},"tablet":{"background-color":"","background-image":"","background-repeat":"repeat","background-position":"center center","background-size":"auto","background-attachment":"scroll","background-type":"","background-media":"","overlay-type":"","overlay-color":"","overlay-opacity":"","overlay-gradient":""},"mobile":{"background-color":"","background-image":"","background-repeat":"repeat","background-position":"center center","background-size":"auto","background-attachment":"scroll","background-type":"","background-media":"","overlay-type":"","overlay-color":"","overlay-opacity":"","overlay-gradient":""}},"ast-content-background-meta":{"desktop":{"background-color":"var(--ast-global-color-5)","background-image":"","background-repeat":"repeat","background-position":"center center","background-size":"auto","background-attachment":"scroll","background-type":"","background-media":"","overlay-type":"","overlay-color":"","overlay-opacity":"","overlay-gradient":""},"tablet":{"background-color":"var(--ast-global-color-5)","background-image":"","background-repeat":"repeat","background-position":"center center","background-size":"auto","background-attachment":"scroll","background-type":"","background-media":"","overlay-type":"","overlay-color":"","overlay-opacity":"","overlay-gradient":""},"mobile":{"background-color":"var(--ast-global-color-5)","background-image":"","background-repeat":"repeat","background-position":"center center","background-size":"auto","background-attachment":"scroll","background-type":"","background-media":"","overlay-type":"","overlay-color":"","overlay-opacity":"","overlay-gradient":""}},"footnotes":""},"class_list":["post-71","page","type-page","status-publish","hentry"],"post_mailing_queue_ids":[],"_links":{"self":[{"href":"https:\/\/agora.xtec.cat\/escagustibartra\/wp-json\/wp\/v2\/pages\/71","targetHints":{"allow":["GET"]}}],"collection":[{"href":"https:\/\/agora.xtec.cat\/escagustibartra\/wp-json\/wp\/v2\/pages"}],"about":[{"href":"https:\/\/agora.xtec.cat\/escagustibartra\/wp-json\/wp\/v2\/types\/page"}],"author":[{"embeddable":true,"href":"https:\/\/agora.xtec.cat\/escagustibartra\/wp-json\/wp\/v2\/users\/1"}],"replies":[{"embeddable":true,"href":"https:\/\/agora.xtec.cat\/escagustibartra\/wp-json\/wp\/v2\/comments?post=71"}],"version-history":[{"count":6,"href":"https:\/\/agora.xtec.cat\/escagustibartra\/wp-json\/wp\/v2\/pages\/71\/revisions"}],"predecessor-version":[{"id":1432,"href":"https:\/\/agora.xtec.cat\/escagustibartra\/wp-json\/wp\/v2\/pages\/71\/revisions\/1432"}],"up":[{"embeddable":true,"href":"https:\/\/agora.xtec.cat\/escagustibartra\/wp-json\/wp\/v2\/pages\/22"}],"wp:attachment":[{"href":"https:\/\/agora.xtec.cat\/escagustibartra\/wp-json\/wp\/v2\/media?parent=71"}],"curies":[{"name":"wp","href":"https:\/\/api.w.org\/{rel}","templated":true}]}}