{"id":659,"date":"2022-02-20T10:14:19","date_gmt":"2022-02-20T09:14:19","guid":{"rendered":"https:\/\/agora.xtec.cat\/escagustibartra\/?page_id=659"},"modified":"2025-05-07T18:00:24","modified_gmt":"2025-05-07T16:00:24","slug":"estrategia-digital-de-centre-edc","status":"publish","type":"page","link":"https:\/\/agora.xtec.cat\/escagustibartra\/documents-de-centre\/estrategia-digital-de-centre-edc\/","title":{"rendered":"Estrat\u00e8gia digital de centre (EDC)"},"content":{"rendered":"\n<p>L\u2019estrat\u00e8gia digital de centre (EDC) \u00e9s el document que t\u00e9 com a referent el Pla d\u2019educaci\u00f3 digital de Catalunya (PEDC) i que recull totes les accions que es realitzen a l\u2019escola i les que es realitzaran en el per\u00edode 2023-2027, per aconseguir la m\u00e0xima compet\u00e8ncia digital de l\u2019alumnat, del professorat i de l\u2019escola.<\/p>\n\n\n\n<p>L\u2019estrat\u00e8gia digital de centre (EDC) es va elaborar durant el curs 2022-2023 per la comissi\u00f3 digital de l\u2019escola amb representants de tots els cicles i de l\u2019equip directiu.<\/p>\n\n\n\n<p>En l\u2019estrat\u00e8gia digital de centre (EDC) es defineixen un total de tres objectius que es desenvolupen a trav\u00e9s de nou estrat\u00e8gies i trenta-tres activitats en el per\u00edode 2023-2027.<\/p>\n\n\n\n<p>Objectiu 1: Contribuir a l\u2019assoliment de la compet\u00e8ncia digital per part de l\u2019alumnat de l\u2019escola d\u2019acord amb el marc curricular vigent incrementant l\u2019\u00fas did\u00e0ctic de les tecnologies en el proc\u00e9s d\u2019ensenyament i aprenentatge.<\/p>\n\n\n\n<p>Estrat\u00e8gia 1: Gesti\u00f3 dels equipaments digitals adquirits per l\u2019escola i dels equipaments i infraestructures digitals proporcionats pel Departament d\u2019Educaci\u00f3.<\/p>\n\n\n\n<p>Estrat\u00e8gia 2: Incorporaci\u00f3 de la compet\u00e8ncia digital com a compet\u00e8ncia transversal en les programacions d\u2019aula de les diferents \u00e0rees i\/o \u00e0mbits del curr\u00edculum.<\/p>\n\n\n\n<p>Estrat\u00e8gia 3: Consolidaci\u00f3 del treball de pensament computacional, rob\u00f2tica i programaci\u00f3 a tota l\u2019escola.<\/p>\n\n\n\n<p>Estrat\u00e8gia 4: Consolidaci\u00f3 i aprofundiment de la utilitzaci\u00f3 de Moodle a educaci\u00f3 infantil, primer cicle i segon cicle i de les eines de Google Workspace i Google Classroom a tercer cicle com a EVEA.<\/p>\n\n\n\n<p>Estrat\u00e8gia 5: Recolzar i incentivar l\u2019\u00fas de les tecnologies per part de les fam\u00edlies.<\/p>\n\n\n\n<p>Objectiu 2: Establir d\u2019una manera clara la visi\u00f3 estrat\u00e8gica del centre en relaci\u00f3 a les tecnologies digitals.<\/p>\n\n\n\n<p>Estrat\u00e8gia 1: Desplegament de l\u2019estrat\u00e8gia digital de centre.<\/p>\n\n\n\n<p>Estrat\u00e8gia 2: Incorporaci\u00f3 de la visi\u00f3 de l\u2019escola en relaci\u00f3 a les tecnologies digitals i la compet\u00e8ncia digital i de les normes relatives a l\u2019\u00fas de les tecnologies en els documents de funcionament del centre aplicant la legislaci\u00f3 vigent.<\/p>\n\n\n\n<p>Estrat\u00e8gia 3: Elaboraci\u00f3 d\u2019una estrat\u00e8gia de comunicaci\u00f3 del centre usant eines TAC.<\/p>\n\n\n\n<p>Objectiu 3: Coordinar la formaci\u00f3 de l\u2019equip docent per afavorir la implementaci\u00f3 sistem\u00e0tica de la compet\u00e8ncia digital de forma transversal en totes les \u00e0rees i\/o \u00e0mbits.<\/p>\n\n\n\n<p>Estrat\u00e8gia 1: Acompanyament al professorat en l\u2019assoliment i consolidaci\u00f3 de la seva compet\u00e8ncia digital.<\/p>\n\n\n\n<p>Estrat\u00e8gia 2: Formaci\u00f3 del professorat per contribuir a que assoleixi la seva compet\u00e8ncia digital com a docent.<\/p>\n\n\n\n<p>Tota la informaci\u00f3 relacionada amb l\u2019elaboraci\u00f3, l\u2019aplicaci\u00f3 i la valoraci\u00f3 de l\u2019EDC est\u00e0 recollida en aquest lloc web.<\/p>\n\n\n\n<p class=\"has-text-align-center\"><a href=\"https:\/\/sites.google.com\/xtec.cat\/edc-escola-agusti-bartra\">https:\/\/sites.google.com\/xtec.cat\/edc-escola-agusti-bartra<\/a><\/p>\n","protected":false},"excerpt":{"rendered":"<p>L\u2019estrat\u00e8gia digital de centre (EDC) \u00e9s el document que t\u00e9 com a referent el Pla d\u2019educaci\u00f3 digital de Catalunya (PEDC) i que recull totes les accions que es realitzen a l\u2019escola i les que es realitzaran en el per\u00edode 2023-2027, per aconseguir la m\u00e0xima compet\u00e8ncia digital de l\u2019alumnat, del professorat i de l\u2019escola. L\u2019estrat\u00e8gia digital [&hellip;]<\/p>\n","protected":false},"author":1,"featured_media":0,"parent":64,"menu_order":50,"comment_status":"closed","ping_status":"closed","template":"","meta":{"site-sidebar-layout":"left-sidebar","site-content-layout":"","ast-site-content-layout":"default","site-content-style":"default","site-sidebar-style":"default","ast-global-header-display":"","ast-banner-title-visibility":"","ast-main-header-display":"","ast-hfb-above-header-display":"","ast-hfb-below-header-display":"","ast-hfb-mobile-header-display":"","site-post-title":"","ast-breadcrumbs-content":"","ast-featured-img":"","footer-sml-layout":"","theme-transparent-header-meta":"","adv-header-id-meta":"","stick-header-meta":"","header-above-stick-meta":"","header-main-stick-meta":"","header-below-stick-meta":"","astra-migrate-meta-layouts":"set","ast-page-background-enabled":"default","ast-page-background-meta":{"desktop":{"background-color":"var(--ast-global-color-4)","background-image":"","background-repeat":"repeat","background-position":"center center","background-size":"auto","background-attachment":"scroll","background-type":"","background-media":"","overlay-type":"","overlay-color":"","overlay-opacity":"","overlay-gradient":""},"tablet":{"background-color":"","background-image":"","background-repeat":"repeat","background-position":"center center","background-size":"auto","background-attachment":"scroll","background-type":"","background-media":"","overlay-type":"","overlay-color":"","overlay-opacity":"","overlay-gradient":""},"mobile":{"background-color":"","background-image":"","background-repeat":"repeat","background-position":"center center","background-size":"auto","background-attachment":"scroll","background-type":"","background-media":"","overlay-type":"","overlay-color":"","overlay-opacity":"","overlay-gradient":""}},"ast-content-background-meta":{"desktop":{"background-color":"var(--ast-global-color-5)","background-image":"","background-repeat":"repeat","background-position":"center center","background-size":"auto","background-attachment":"scroll","background-type":"","background-media":"","overlay-type":"","overlay-color":"","overlay-opacity":"","overlay-gradient":""},"tablet":{"background-color":"var(--ast-global-color-5)","background-image":"","background-repeat":"repeat","background-position":"center center","background-size":"auto","background-attachment":"scroll","background-type":"","background-media":"","overlay-type":"","overlay-color":"","overlay-opacity":"","overlay-gradient":""},"mobile":{"background-color":"var(--ast-global-color-5)","background-image":"","background-repeat":"repeat","background-position":"center center","background-size":"auto","background-attachment":"scroll","background-type":"","background-media":"","overlay-type":"","overlay-color":"","overlay-opacity":"","overlay-gradient":""}},"footnotes":""},"class_list":["post-659","page","type-page","status-publish","hentry"],"post_mailing_queue_ids":[],"_links":{"self":[{"href":"https:\/\/agora.xtec.cat\/escagustibartra\/wp-json\/wp\/v2\/pages\/659","targetHints":{"allow":["GET"]}}],"collection":[{"href":"https:\/\/agora.xtec.cat\/escagustibartra\/wp-json\/wp\/v2\/pages"}],"about":[{"href":"https:\/\/agora.xtec.cat\/escagustibartra\/wp-json\/wp\/v2\/types\/page"}],"author":[{"embeddable":true,"href":"https:\/\/agora.xtec.cat\/escagustibartra\/wp-json\/wp\/v2\/users\/1"}],"replies":[{"embeddable":true,"href":"https:\/\/agora.xtec.cat\/escagustibartra\/wp-json\/wp\/v2\/comments?post=659"}],"version-history":[{"count":6,"href":"https:\/\/agora.xtec.cat\/escagustibartra\/wp-json\/wp\/v2\/pages\/659\/revisions"}],"predecessor-version":[{"id":1684,"href":"https:\/\/agora.xtec.cat\/escagustibartra\/wp-json\/wp\/v2\/pages\/659\/revisions\/1684"}],"up":[{"embeddable":true,"href":"https:\/\/agora.xtec.cat\/escagustibartra\/wp-json\/wp\/v2\/pages\/64"}],"wp:attachment":[{"href":"https:\/\/agora.xtec.cat\/escagustibartra\/wp-json\/wp\/v2\/media?parent=659"}],"curies":[{"name":"wp","href":"https:\/\/api.w.org\/{rel}","templated":true}]}}