{"id":602,"date":"2022-02-19T22:24:07","date_gmt":"2022-02-19T21:24:07","guid":{"rendered":"https:\/\/agora.xtec.cat\/escagustibartra\/?page_id=602"},"modified":"2025-08-20T00:28:05","modified_gmt":"2025-08-19T22:28:05","slug":"contacte","status":"publish","type":"page","link":"https:\/\/agora.xtec.cat\/escagustibartra\/contacte\/","title":{"rendered":"Contacte"},"content":{"rendered":"\n<p>Podeu fer servir aquest formulari per posar-vos en contacte amb l&#8217;escola.<\/p>\n\n\n\n<p>Tamb\u00e9 podeu trucar al tel\u00e8fon 93 784 17 32 en horari escolar o enviar un missatge de correu electr\u00f2nic a l&#8217;adre\u00e7a <a href=\"mailto:escagustibartra@xtec.cat\">escagustibartra@xtec.cat<\/a><\/p>\n\n\n        <div class=\"wp-block-getwid-contact-form\" >\n            <form class='wp-block-getwid-contact-form__form'>\n    \n        <p class='wp-block-getwid-field-name'>\n\t    <label\n        for='name-6a091feeb723e'\n        class='wp-block-getwid-field-name__label'\n    >Nom<\/label>\n\t    <input id='name-6a091feeb723e' type='text' name='name'            required=''\n            \/>\n<\/p>\n\n\n        <p class='wp-block-getwid-field-email'>\n\t    <label\n\t\tfor='email-6a091feeb764c'\n        class='wp-block-getwid-field-email__label'\n    >Correu electr\u00f2nic<\/label>\n\t    <input id='email-6a091feeb764c' type='email' name='email'             required=''    \/>\n<\/p>\n\n\n        <p class='wp-block-getwid-field-textarea'>\n\t    <label\n\t\tfor='message-6a091feeb7a1e'\n        class='wp-block-getwid-field-textarea__label'\n    >Missatge<\/label>\n\t    <textarea\n\t\tid='message-6a091feeb7a1e' rows='5' name='message'    ><\/textarea>\n<\/p>\n\n\n    <input name='subject'             value='Formulari de contacte web escola'\t\ttype='hidden'\n\t\/>\n\n\t<p class='wp-block-getwid-contact-form__result'><\/p>\n\n\t<div class='wp-block-getwid-contact-form__submit'>\n\t\t<div class='wp-block-button'>\n\t\t\t<button\n\t\t\t\ttype='submit'\n\t\t\t\tclass='wp-block-button__link '\t\t\t\t\tstyle=''\t\t\t>Envia<\/button>\n\t\t<\/div>\n\n\t<\/div>\n<\/form>\n        <\/div>","protected":false},"excerpt":{"rendered":"<p>Podeu fer servir aquest formulari per posar-vos en contacte amb l&#8217;escola. Tamb\u00e9 podeu trucar al tel\u00e8fon 93 784 17 32 en horari escolar o enviar un missatge de correu electr\u00f2nic a l&#8217;adre\u00e7a escagustibartra@xtec.cat<\/p>\n","protected":false},"author":1,"featured_media":0,"parent":0,"menu_order":0,"comment_status":"closed","ping_status":"closed","template":"","meta":{"site-sidebar-layout":"default","site-content-layout":"","ast-site-content-layout":"default","site-content-style":"default","site-sidebar-style":"default","ast-global-header-display":"","ast-banner-title-visibility":"","ast-main-header-display":"","ast-hfb-above-header-display":"","ast-hfb-below-header-display":"","ast-hfb-mobile-header-display":"","site-post-title":"","ast-breadcrumbs-content":"","ast-featured-img":"","footer-sml-layout":"","theme-transparent-header-meta":"","adv-header-id-meta":"","stick-header-meta":"","header-above-stick-meta":"","header-main-stick-meta":"","header-below-stick-meta":"","astra-migrate-meta-layouts":"set","ast-page-background-enabled":"default","ast-page-background-meta":{"desktop":{"background-color":"var(--ast-global-color-4)","background-image":"","background-repeat":"repeat","background-position":"center center","background-size":"auto","background-attachment":"scroll","background-type":"","background-media":"","overlay-type":"","overlay-color":"","overlay-opacity":"","overlay-gradient":""},"tablet":{"background-color":"","background-image":"","background-repeat":"repeat","background-position":"center center","background-size":"auto","background-attachment":"scroll","background-type":"","background-media":"","overlay-type":"","overlay-color":"","overlay-opacity":"","overlay-gradient":""},"mobile":{"background-color":"","background-image":"","background-repeat":"repeat","background-position":"center center","background-size":"auto","background-attachment":"scroll","background-type":"","background-media":"","overlay-type":"","overlay-color":"","overlay-opacity":"","overlay-gradient":""}},"ast-content-background-meta":{"desktop":{"background-color":"var(--ast-global-color-5)","background-image":"","background-repeat":"repeat","background-position":"center center","background-size":"auto","background-attachment":"scroll","background-type":"","background-media":"","overlay-type":"","overlay-color":"","overlay-opacity":"","overlay-gradient":""},"tablet":{"background-color":"var(--ast-global-color-5)","background-image":"","background-repeat":"repeat","background-position":"center center","background-size":"auto","background-attachment":"scroll","background-type":"","background-media":"","overlay-type":"","overlay-color":"","overlay-opacity":"","overlay-gradient":""},"mobile":{"background-color":"var(--ast-global-color-5)","background-image":"","background-repeat":"repeat","background-position":"center center","background-size":"auto","background-attachment":"scroll","background-type":"","background-media":"","overlay-type":"","overlay-color":"","overlay-opacity":"","overlay-gradient":""}},"footnotes":""},"class_list":["post-602","page","type-page","status-publish","hentry"],"post_mailing_queue_ids":[],"_links":{"self":[{"href":"https:\/\/agora.xtec.cat\/escagustibartra\/wp-json\/wp\/v2\/pages\/602","targetHints":{"allow":["GET"]}}],"collection":[{"href":"https:\/\/agora.xtec.cat\/escagustibartra\/wp-json\/wp\/v2\/pages"}],"about":[{"href":"https:\/\/agora.xtec.cat\/escagustibartra\/wp-json\/wp\/v2\/types\/page"}],"author":[{"embeddable":true,"href":"https:\/\/agora.xtec.cat\/escagustibartra\/wp-json\/wp\/v2\/users\/1"}],"replies":[{"embeddable":true,"href":"https:\/\/agora.xtec.cat\/escagustibartra\/wp-json\/wp\/v2\/comments?post=602"}],"version-history":[{"count":6,"href":"https:\/\/agora.xtec.cat\/escagustibartra\/wp-json\/wp\/v2\/pages\/602\/revisions"}],"predecessor-version":[{"id":10039,"href":"https:\/\/agora.xtec.cat\/escagustibartra\/wp-json\/wp\/v2\/pages\/602\/revisions\/10039"}],"wp:attachment":[{"href":"https:\/\/agora.xtec.cat\/escagustibartra\/wp-json\/wp\/v2\/media?parent=602"}],"curies":[{"name":"wp","href":"https:\/\/api.w.org\/{rel}","templated":true}]}}