{"id":591,"date":"2022-02-19T21:16:56","date_gmt":"2022-02-19T20:16:56","guid":{"rendered":"https:\/\/agora.xtec.cat\/escagustibartra\/?page_id=591"},"modified":"2026-05-09T02:10:11","modified_gmt":"2026-05-09T00:10:11","slug":"qui-som","status":"publish","type":"page","link":"https:\/\/agora.xtec.cat\/escagustibartra\/escola\/qui-som\/","title":{"rendered":"Qui som"},"content":{"rendered":"\n<h2 class=\"wp-block-heading\">Equip de mestres<\/h2>\n\n\n\n<h3 class=\"wp-block-heading\">Tutories Educaci\u00f3 infantil<\/h3>\n\n\n\n<p>I3 Ana L\u00f3pez<\/p>\n\n\n\n<p>I4A Mercedes Garc\u00eda i Marta Reyes &#8211; I4B Andrea Juan<\/p>\n\n\n\n<p>I5A Joan Gener &#8211; I5B Silvia Lozano<\/p>\n\n\n\n<h3 class=\"wp-block-heading\">Tutories Educaci\u00f3 prim\u00e0ria<\/h3>\n\n\n\n<p>1rA Anna Serra &#8211; 1rB Silvia Delgado<\/p>\n\n\n\n<p>2nA Naila Caballero &#8211; 2nB Iris Castillo<\/p>\n\n\n\n<p>3rA Irene Mu\u00f1oz &#8211; 3rB Marina Mart\u00ednez<\/p>\n\n\n\n<p>4tA Anna Navarro &#8211; 4tB Anna Palau i Roger Gomes<\/p>\n\n\n\n<p>5\u00e8 A S\u00f2nia S\u00e1nchez &#8211; 5\u00e8B Ivan Mart\u00ednez<\/p>\n\n\n\n<p>6\u00e8A Aurora Mu\u00f1oz &#8211; 6\u00e8B Carmen Juan -6\u00e8 C Jordi Calm<\/p>\n\n\n\n<h3 class=\"wp-block-heading\">Coordinacions<\/h3>\n\n\n\n<p>Educaci\u00f3 infantil:  Ana L\u00f3pez<\/p>\n\n\n\n<p>Primer cicle: Naila Caballero<\/p>\n\n\n\n<p>Segon cicle: Eva L\u00f3pez<\/p>\n\n\n\n<p>Tercer cicle: Carmen Juan<\/p>\n\n\n\n<p>Digital: Enric Alvarez Nebot<\/p>\n\n\n\n<p>Llengua, interculturalitat i cohesi\u00f3 social (LIC): Anna Palau<\/p>\n\n\n\n<p>Coeducaci\u00f3, conviv\u00e8ncia i benestar (COCOBE): Aurora Mu\u00f1oz<\/p>\n\n\n\n<p>Pla catal\u00e0 d&#8217;esport a l&#8217;escola (PCEE): Enric Alvarez Nebot<\/p>\n\n\n\n<p>Riscos Laborals: Silvia Lozano<\/p>\n\n\n\n<h3 class=\"wp-block-heading\">Especialitats<\/h3>\n\n\n\n<p>Angl\u00e8s: L\u00eddia Prieto, Cristina Dorca, Tanit Jorba<\/p>\n\n\n\n<p>M\u00fasica: M\u00f2nica Bern\u00fas, Ysa Trujillo<\/p>\n\n\n\n<p>Educaci\u00f3 f\u00edsica: Elisabet Calbet, Marina Mart\u00ednez, Anna Palau, Enric Alvarez Nebot<\/p>\n\n\n\n<p>Psicomotricitat: Laura Moya<\/p>\n\n\n\n<p>Educaci\u00f3 especial: Laia Faura, Eva L\u00f3pez<\/p>\n\n\n\n<p>Aula d&#8217;acollida: Mireia Torres<\/p>\n\n\n\n<p>Refor\u00e7: Susana Torres, Laura Moya, Elisabet Calvet, L\u00eddia Prieto, Laia Casas, Marta Bernaus<\/p>\n\n\n\n<h2 class=\"wp-block-heading\">Equip directiu<\/h2>\n\n\n\n<p>Direcci\u00f3: Marta Bernaus. <a href=\"https:\/\/agora.xtec.cat\/escagustibartra\/wp-content\/uploads\/usu2289\/2024\/02\/CE_Marta.pdf\" target=\"_blank\" rel=\"noopener\">Perfil professional<\/a><\/p>\n\n\n\n<p>Cap d&#8217;estudis: Laia Casas. <a href=\"https:\/\/agora.xtec.cat\/escagustibartra\/wp-content\/uploads\/usu2289\/2024\/02\/CE_Laia.pdf\" target=\"_blank\" rel=\"noopener\">Perfil professional<\/a><\/p>\n\n\n\n<p>Secretaria: L\u00eddia Prieto. <a href=\"https:\/\/agora.xtec.cat\/escagustibartra\/wp-content\/uploads\/usu2289\/2025\/05\/CE_Lidia.pdf\" target=\"_blank\" rel=\"noreferrer noopener\">Perfil professional<\/a><\/p>\n\n\n\n<h2 class=\"wp-block-heading\">Altres professionals<\/h2>\n\n\n\n<p>Assessorament psicopedag\u00f2gic: <\/p>\n\n\n\n<p>Fisioter\u00e0pia: <\/p>\n\n\n\n<p>T\u00e8cnica d&#8217;educaci\u00f3 infantil (TEI): L\u00eddia \u00dabeda<\/p>\n\n\n\n<p>T\u00e8cnic d&#8217;integraci\u00f3 social (TIS):<\/p>\n\n\n\n<p>Vetlladores:<\/p>\n\n\n\n<p>Bibliotec\u00e0ria:<\/p>\n\n\n\n<h2 class=\"wp-block-heading\">Administraci\u00f3 i serveis<\/h2>\n\n\n\n<p>Consergeria i manteniment: Jos\u00e9 Manuel Mart\u00ednez<\/p>\n\n\n\n<p>Administraci\u00f3: M\u00f3nica Cantero<\/p>\n\n\n\n<p>Coordinaci\u00f3 de menjador: Fina Carreras<\/p>\n\n\n\n<p>Servei de cuina: MEDITERR\u00c1NEA DE C\u00c1TERING<\/p>\n\n\n\n<p>Servei de neteja NDAVANT<\/p>\n\n\n\n<figure class=\"wp-block-image size-large\"><a href=\"https:\/\/agora.xtec.cat\/escagustibartra\/wp-content\/uploads\/usu2289\/2025\/09\/EQUIP-25-26.jpg\"><img loading=\"lazy\" decoding=\"async\" width=\"1024\" height=\"403\" src=\"https:\/\/agora.xtec.cat\/escagustibartra\/wp-content\/uploads\/usu2289\/2025\/09\/EQUIP-25-26-1024x403.jpg\" alt=\"\" class=\"wp-image-10070\" srcset=\"https:\/\/agora.xtec.cat\/escagustibartra\/wp-content\/uploads\/usu2289\/2025\/09\/EQUIP-25-26-1024x403.jpg 1024w, https:\/\/agora.xtec.cat\/escagustibartra\/wp-content\/uploads\/usu2289\/2025\/09\/EQUIP-25-26-300x118.jpg 300w, https:\/\/agora.xtec.cat\/escagustibartra\/wp-content\/uploads\/usu2289\/2025\/09\/EQUIP-25-26-768x302.jpg 768w, https:\/\/agora.xtec.cat\/escagustibartra\/wp-content\/uploads\/usu2289\/2025\/09\/EQUIP-25-26-1536x604.jpg 1536w, https:\/\/agora.xtec.cat\/escagustibartra\/wp-content\/uploads\/usu2289\/2025\/09\/EQUIP-25-26-2048x805.jpg 2048w\" sizes=\"auto, (max-width: 1024px) 100vw, 1024px\" \/><\/a><\/figure>\n","protected":false},"excerpt":{"rendered":"<p>Equip de mestres Tutories Educaci\u00f3 infantil I3 Ana L\u00f3pez I4A Mercedes Garc\u00eda i Marta Reyes &#8211; I4B Andrea Juan I5A Joan Gener &#8211; I5B Silvia Lozano Tutories Educaci\u00f3 prim\u00e0ria 1rA Anna Serra &#8211; 1rB Silvia Delgado 2nA Naila Caballero &#8211; 2nB Iris Castillo 3rA Irene Mu\u00f1oz &#8211; 3rB Marina Mart\u00ednez 4tA Anna Navarro &#8211; 4tB [&hellip;]<\/p>\n","protected":false},"author":1,"featured_media":0,"parent":22,"menu_order":70,"comment_status":"closed","ping_status":"closed","template":"","meta":{"site-sidebar-layout":"left-sidebar","site-content-layout":"","ast-site-content-layout":"default","site-content-style":"default","site-sidebar-style":"default","ast-global-header-display":"","ast-banner-title-visibility":"","ast-main-header-display":"","ast-hfb-above-header-display":"","ast-hfb-below-header-display":"","ast-hfb-mobile-header-display":"","site-post-title":"","ast-breadcrumbs-content":"","ast-featured-img":"","footer-sml-layout":"","theme-transparent-header-meta":"","adv-header-id-meta":"","stick-header-meta":"","header-above-stick-meta":"","header-main-stick-meta":"","header-below-stick-meta":"","astra-migrate-meta-layouts":"set","ast-page-background-enabled":"default","ast-page-background-meta":{"desktop":{"background-color":"var(--ast-global-color-4)","background-image":"","background-repeat":"repeat","background-position":"center center","background-size":"auto","background-attachment":"scroll","background-type":"","background-media":"","overlay-type":"","overlay-color":"","overlay-opacity":"","overlay-gradient":""},"tablet":{"background-color":"","background-image":"","background-repeat":"repeat","background-position":"center center","background-size":"auto","background-attachment":"scroll","background-type":"","background-media":"","overlay-type":"","overlay-color":"","overlay-opacity":"","overlay-gradient":""},"mobile":{"background-color":"","background-image":"","background-repeat":"repeat","background-position":"center center","background-size":"auto","background-attachment":"scroll","background-type":"","background-media":"","overlay-type":"","overlay-color":"","overlay-opacity":"","overlay-gradient":""}},"ast-content-background-meta":{"desktop":{"background-color":"var(--ast-global-color-5)","background-image":"","background-repeat":"repeat","background-position":"center center","background-size":"auto","background-attachment":"scroll","background-type":"","background-media":"","overlay-type":"","overlay-color":"","overlay-opacity":"","overlay-gradient":""},"tablet":{"background-color":"var(--ast-global-color-5)","background-image":"","background-repeat":"repeat","background-position":"center center","background-size":"auto","background-attachment":"scroll","background-type":"","background-media":"","overlay-type":"","overlay-color":"","overlay-opacity":"","overlay-gradient":""},"mobile":{"background-color":"var(--ast-global-color-5)","background-image":"","background-repeat":"repeat","background-position":"center center","background-size":"auto","background-attachment":"scroll","background-type":"","background-media":"","overlay-type":"","overlay-color":"","overlay-opacity":"","overlay-gradient":""}},"footnotes":""},"class_list":["post-591","page","type-page","status-publish","hentry"],"post_mailing_queue_ids":[],"_links":{"self":[{"href":"https:\/\/agora.xtec.cat\/escagustibartra\/wp-json\/wp\/v2\/pages\/591","targetHints":{"allow":["GET"]}}],"collection":[{"href":"https:\/\/agora.xtec.cat\/escagustibartra\/wp-json\/wp\/v2\/pages"}],"about":[{"href":"https:\/\/agora.xtec.cat\/escagustibartra\/wp-json\/wp\/v2\/types\/page"}],"author":[{"embeddable":true,"href":"https:\/\/agora.xtec.cat\/escagustibartra\/wp-json\/wp\/v2\/users\/1"}],"replies":[{"embeddable":true,"href":"https:\/\/agora.xtec.cat\/escagustibartra\/wp-json\/wp\/v2\/comments?post=591"}],"version-history":[{"count":6,"href":"https:\/\/agora.xtec.cat\/escagustibartra\/wp-json\/wp\/v2\/pages\/591\/revisions"}],"predecessor-version":[{"id":10704,"href":"https:\/\/agora.xtec.cat\/escagustibartra\/wp-json\/wp\/v2\/pages\/591\/revisions\/10704"}],"up":[{"embeddable":true,"href":"https:\/\/agora.xtec.cat\/escagustibartra\/wp-json\/wp\/v2\/pages\/22"}],"wp:attachment":[{"href":"https:\/\/agora.xtec.cat\/escagustibartra\/wp-json\/wp\/v2\/media?parent=591"}],"curies":[{"name":"wp","href":"https:\/\/api.w.org\/{rel}","templated":true}]}}