{"id":585,"date":"2022-02-19T21:14:37","date_gmt":"2022-02-19T20:14:37","guid":{"rendered":"https:\/\/agora.xtec.cat\/escagustibartra\/?page_id=585"},"modified":"2025-05-07T17:58:34","modified_gmt":"2025-05-07T15:58:34","slug":"normes-dorganitzacio-i-funcionament-de-centre-nofc","status":"publish","type":"page","link":"https:\/\/agora.xtec.cat\/escagustibartra\/documents-de-centre\/normes-dorganitzacio-i-funcionament-de-centre-nofc\/","title":{"rendered":"Normes d&#8217;organitzaci\u00f3 i funcionament de centre (NOFC)"},"content":{"rendered":"\n<p>Les Normes d\u2019Organitzaci\u00f3 i Funcionament del Centre (NOFC) s\u00f3n el document que regula el dia a dia de l&#8217;escola. Aquestes normes estableixen com s\u2019organitza el centre, quins s\u00f3n els drets i deures de l\u2019alumnat i de les fam\u00edlies, i com es gestionen els diferents serveis i activitats.<\/p>\n\n\n\n<p>S\u00f3n una eina que garanteix una conviv\u00e8ncia ordenada i un funcionament adequat en tots els aspectes relacionats amb l\u2019escola, des de la gesti\u00f3 acad\u00e8mica fins a les relacions entre tots els membres de la comunitat educativa.<\/p>\n\n\n\n<div data-wp-interactive=\"core\/file\" class=\"wp-block-file\"><object data-wp-bind--hidden=\"!state.hasPdfPreview\" hidden class=\"wp-block-file__embed\" data=\"https:\/\/agora.xtec.cat\/escagustibartra\/wp-content\/uploads\/usu2289\/2025\/05\/NOFC-DEFINITIU_SIGNAT.pdf\" type=\"application\/pdf\" style=\"width:100%;height:600px\" aria-label=\"Incrustaci\u00f3 del fitxer NOFC-DEFINITIU_SIGNAT.\"><\/object><a id=\"wp-block-file--media-860a3e70-778e-4d42-a4b8-4fd4b6d9cfd3\" href=\"https:\/\/agora.xtec.cat\/escagustibartra\/wp-content\/uploads\/usu2289\/2025\/05\/NOFC-DEFINITIU_SIGNAT.pdf\">NOFC-DEFINITIU_SIGNAT<\/a><a href=\"https:\/\/agora.xtec.cat\/escagustibartra\/wp-content\/uploads\/usu2289\/2025\/05\/NOFC-DEFINITIU_SIGNAT.pdf\" class=\"wp-block-file__button wp-element-button\" download aria-describedby=\"wp-block-file--media-860a3e70-778e-4d42-a4b8-4fd4b6d9cfd3\">Baixa<\/a><\/div>\n","protected":false},"excerpt":{"rendered":"<p>Les Normes d\u2019Organitzaci\u00f3 i Funcionament del Centre (NOFC) s\u00f3n el document que regula el dia a dia de l&#8217;escola. Aquestes normes estableixen com s\u2019organitza el centre, quins s\u00f3n els drets i deures de l\u2019alumnat i de les fam\u00edlies, i com es gestionen els diferents serveis i activitats. S\u00f3n una eina que garanteix una conviv\u00e8ncia ordenada [&hellip;]<\/p>\n","protected":false},"author":1,"featured_media":0,"parent":64,"menu_order":30,"comment_status":"closed","ping_status":"closed","template":"","meta":{"site-sidebar-layout":"left-sidebar","site-content-layout":"","ast-site-content-layout":"default","site-content-style":"default","site-sidebar-style":"default","ast-global-header-display":"","ast-banner-title-visibility":"","ast-main-header-display":"","ast-hfb-above-header-display":"","ast-hfb-below-header-display":"","ast-hfb-mobile-header-display":"","site-post-title":"","ast-breadcrumbs-content":"","ast-featured-img":"","footer-sml-layout":"","theme-transparent-header-meta":"","adv-header-id-meta":"","stick-header-meta":"","header-above-stick-meta":"","header-main-stick-meta":"","header-below-stick-meta":"","astra-migrate-meta-layouts":"set","ast-page-background-enabled":"default","ast-page-background-meta":{"desktop":{"background-color":"var(--ast-global-color-4)","background-image":"","background-repeat":"repeat","background-position":"center center","background-size":"auto","background-attachment":"scroll","background-type":"","background-media":"","overlay-type":"","overlay-color":"","overlay-opacity":"","overlay-gradient":""},"tablet":{"background-color":"","background-image":"","background-repeat":"repeat","background-position":"center center","background-size":"auto","background-attachment":"scroll","background-type":"","background-media":"","overlay-type":"","overlay-color":"","overlay-opacity":"","overlay-gradient":""},"mobile":{"background-color":"","background-image":"","background-repeat":"repeat","background-position":"center center","background-size":"auto","background-attachment":"scroll","background-type":"","background-media":"","overlay-type":"","overlay-color":"","overlay-opacity":"","overlay-gradient":""}},"ast-content-background-meta":{"desktop":{"background-color":"var(--ast-global-color-5)","background-image":"","background-repeat":"repeat","background-position":"center center","background-size":"auto","background-attachment":"scroll","background-type":"","background-media":"","overlay-type":"","overlay-color":"","overlay-opacity":"","overlay-gradient":""},"tablet":{"background-color":"var(--ast-global-color-5)","background-image":"","background-repeat":"repeat","background-position":"center center","background-size":"auto","background-attachment":"scroll","background-type":"","background-media":"","overlay-type":"","overlay-color":"","overlay-opacity":"","overlay-gradient":""},"mobile":{"background-color":"var(--ast-global-color-5)","background-image":"","background-repeat":"repeat","background-position":"center center","background-size":"auto","background-attachment":"scroll","background-type":"","background-media":"","overlay-type":"","overlay-color":"","overlay-opacity":"","overlay-gradient":""}},"footnotes":""},"class_list":["post-585","page","type-page","status-publish","hentry"],"post_mailing_queue_ids":[],"_links":{"self":[{"href":"https:\/\/agora.xtec.cat\/escagustibartra\/wp-json\/wp\/v2\/pages\/585","targetHints":{"allow":["GET"]}}],"collection":[{"href":"https:\/\/agora.xtec.cat\/escagustibartra\/wp-json\/wp\/v2\/pages"}],"about":[{"href":"https:\/\/agora.xtec.cat\/escagustibartra\/wp-json\/wp\/v2\/types\/page"}],"author":[{"embeddable":true,"href":"https:\/\/agora.xtec.cat\/escagustibartra\/wp-json\/wp\/v2\/users\/1"}],"replies":[{"embeddable":true,"href":"https:\/\/agora.xtec.cat\/escagustibartra\/wp-json\/wp\/v2\/comments?post=585"}],"version-history":[{"count":6,"href":"https:\/\/agora.xtec.cat\/escagustibartra\/wp-json\/wp\/v2\/pages\/585\/revisions"}],"predecessor-version":[{"id":1682,"href":"https:\/\/agora.xtec.cat\/escagustibartra\/wp-json\/wp\/v2\/pages\/585\/revisions\/1682"}],"up":[{"embeddable":true,"href":"https:\/\/agora.xtec.cat\/escagustibartra\/wp-json\/wp\/v2\/pages\/64"}],"wp:attachment":[{"href":"https:\/\/agora.xtec.cat\/escagustibartra\/wp-json\/wp\/v2\/media?parent=585"}],"curies":[{"name":"wp","href":"https:\/\/api.w.org\/{rel}","templated":true}]}}