{"id":32,"date":"2014-09-18T12:31:33","date_gmt":"2014-09-18T10:31:33","guid":{"rendered":"http:\/\/agora.xtec.cat\/escagustibartra\/?page_id=32"},"modified":"2025-08-29T09:50:21","modified_gmt":"2025-08-29T07:50:21","slug":"calendari-del-curs","status":"publish","type":"page","link":"https:\/\/agora.xtec.cat\/escagustibartra\/calendari-del-curs\/","title":{"rendered":"Calendari del curs"},"content":{"rendered":"\n<figure class=\"wp-block-image alignfull size-full\"><a href=\"https:\/\/agora.xtec.cat\/escagustibartra\/wp-content\/uploads\/usu2289\/2025\/07\/Calendari-curs-2025-2026_EAB_page-0001.jpg\"><img loading=\"lazy\" decoding=\"async\" width=\"1241\" height=\"1755\" src=\"https:\/\/agora.xtec.cat\/escagustibartra\/wp-content\/uploads\/usu2289\/2025\/07\/Calendari-curs-2025-2026_EAB_page-0001.jpg\" alt=\"\" class=\"wp-image-1737\" srcset=\"https:\/\/agora.xtec.cat\/escagustibartra\/wp-content\/uploads\/usu2289\/2025\/07\/Calendari-curs-2025-2026_EAB_page-0001.jpg 1241w, https:\/\/agora.xtec.cat\/escagustibartra\/wp-content\/uploads\/usu2289\/2025\/07\/Calendari-curs-2025-2026_EAB_page-0001-212x300.jpg 212w, https:\/\/agora.xtec.cat\/escagustibartra\/wp-content\/uploads\/usu2289\/2025\/07\/Calendari-curs-2025-2026_EAB_page-0001-724x1024.jpg 724w, https:\/\/agora.xtec.cat\/escagustibartra\/wp-content\/uploads\/usu2289\/2025\/07\/Calendari-curs-2025-2026_EAB_page-0001-768x1086.jpg 768w, https:\/\/agora.xtec.cat\/escagustibartra\/wp-content\/uploads\/usu2289\/2025\/07\/Calendari-curs-2025-2026_EAB_page-0001-1086x1536.jpg 1086w\" sizes=\"auto, (max-width: 1241px) 100vw, 1241px\" \/><\/a><\/figure>\n\n\n\n<div data-wp-interactive=\"core\/file\" class=\"wp-block-file\"><object data-wp-bind--hidden=\"!state.hasPdfPreview\" hidden class=\"wp-block-file__embed\" data=\"https:\/\/agora.xtec.cat\/escagustibartra\/wp-content\/uploads\/usu2289\/2025\/07\/Calendari-curs-2025-2026_EAB.pdf\" type=\"application\/pdf\" style=\"width:100%;height:600px\" aria-label=\"Incrustaci\u00f3 del fitxer Calendari-curs-2025-2026_EAB.\"><\/object><a id=\"wp-block-file--media-9fe53b02-dcb6-4207-8766-4f060c8e334a\" href=\"https:\/\/agora.xtec.cat\/escagustibartra\/wp-content\/uploads\/usu2289\/2025\/07\/Calendari-curs-2025-2026_EAB.pdf\">Calendari-curs-2025-2026_EAB<\/a><a href=\"https:\/\/agora.xtec.cat\/escagustibartra\/wp-content\/uploads\/usu2289\/2025\/07\/Calendari-curs-2025-2026_EAB.pdf\" class=\"wp-block-file__button wp-element-button\" download aria-describedby=\"wp-block-file--media-9fe53b02-dcb6-4207-8766-4f060c8e334a\">Baixa<\/a><\/div>\n\n\n\n<div style=\"height:50px\" aria-hidden=\"true\" class=\"wp-block-spacer\"><\/div>\n\n\n\n<h2 class=\"wp-block-heading\"><strong>Inici de curs<\/strong><\/h2>\n\n\n\n<p>8 de setembre de 2025.<\/p>\n\n\n\n<h2 class=\"wp-block-heading\"><strong>Final de curs<\/strong><\/h2>\n\n\n\n<p>19 de juny de 2026.<\/p>\n\n\n\n<h2 class=\"wp-block-heading\"><strong>Vacances<\/strong><\/h2>\n\n\n\n<p>Nadal. Del 20 de desembre de 2025 al 7 de gener de 2026&nbsp; (ambd\u00f3s inclosos).<\/p>\n\n\n\n<p>Setmana Santa. Del 28 de mar\u00e7 al 6 d\u2019abril de 2025 (ambd\u00f3s inclosos).<\/p>\n\n\n\n<h2 class=\"wp-block-heading\"><strong>Dies festius de lliure disposici\u00f3<\/strong><\/h2>\n\n\n\n<p>Divendres 10 d&#8217;octubre de 2025.<\/p>\n\n\n\n<p>Dilluns 3 de novembre de 2025.<\/p>\n\n\n\n<p>Divendres 5 de desembre de 2025.<\/p>\n\n\n\n<p>Dilluns 16 de febrer de 2026.<\/p>\n\n\n\n<p>Dijous 30 d&#8217;abril de 2026.<\/p>\n\n\n\n<p>Dilluns 25 de maig de 2026.<\/p>\n\n\n\n<h2 class=\"wp-block-heading\"><strong>Jornada co<\/strong>ntinuada<\/h2>\n\n\n\n<p>19 de desembre de 2025 i del 8 al 19 de juny de 2026 (ambd\u00f3s inclosos).<\/p>\n\n\n\n<h2 class=\"wp-block-heading\"><strong>Horari<\/strong><\/h2>\n\n\n\n<p>L\u2019horari lectiu del centre \u00e9s de 9.00 a 12.30 h i de 15.00 a 16.30 h per a tot l&#8217;alumnat.<\/p>\n\n\n\n<p>El dia 19 de desembre de 2025 i a partir del 7 de juny de 2022 es realitza horari compactat de 9.00 a 13.00 h. (L&#8217;alumnat que utilitza el servei de menjador surt a les 15.00 h.)<\/p>\n\n\n\n<p>Per a l&#8217;alumnat que inicia l\u2019escolaritzaci\u00f3 a I3 s\u2019organitza un breu per\u00edode d\u2019adaptaci\u00f3 que suposa una certa modificaci\u00f3 dels horaris dels primers dies de classe, i que es fa saber a les fam\u00edlies en les reunions pr\u00e8vies d&#8217;inici de curs.<\/p>\n","protected":false},"excerpt":{"rendered":"<p>Inici de curs 8 de setembre de 2025. Final de curs 19 de juny de 2026. Vacances Nadal. Del 20 de desembre de 2025 al 7 de gener de 2026&nbsp; (ambd\u00f3s inclosos). Setmana Santa. Del 28 de mar\u00e7 al 6 d\u2019abril de 2025 (ambd\u00f3s inclosos). Dies festius de lliure disposici\u00f3 Divendres 10 d&#8217;octubre de 2025. [&hellip;]<\/p>\n","protected":false},"author":1,"featured_media":0,"parent":0,"menu_order":0,"comment_status":"closed","ping_status":"closed","template":"","meta":{"site-sidebar-layout":"default","site-content-layout":"","ast-site-content-layout":"default","site-content-style":"default","site-sidebar-style":"default","ast-global-header-display":"","ast-banner-title-visibility":"","ast-main-header-display":"","ast-hfb-above-header-display":"","ast-hfb-below-header-display":"","ast-hfb-mobile-header-display":"","site-post-title":"","ast-breadcrumbs-content":"","ast-featured-img":"","footer-sml-layout":"","theme-transparent-header-meta":"","adv-header-id-meta":"","stick-header-meta":"","header-above-stick-meta":"","header-main-stick-meta":"","header-below-stick-meta":"","astra-migrate-meta-layouts":"set","ast-page-background-enabled":"default","ast-page-background-meta":{"desktop":{"background-color":"var(--ast-global-color-4)","background-image":"","background-repeat":"repeat","background-position":"center center","background-size":"auto","background-attachment":"scroll","background-type":"","background-media":"","overlay-type":"","overlay-color":"","overlay-opacity":"","overlay-gradient":""},"tablet":{"background-color":"","background-image":"","background-repeat":"repeat","background-position":"center center","background-size":"auto","background-attachment":"scroll","background-type":"","background-media":"","overlay-type":"","overlay-color":"","overlay-opacity":"","overlay-gradient":""},"mobile":{"background-color":"","background-image":"","background-repeat":"repeat","background-position":"center center","background-size":"auto","background-attachment":"scroll","background-type":"","background-media":"","overlay-type":"","overlay-color":"","overlay-opacity":"","overlay-gradient":""}},"ast-content-background-meta":{"desktop":{"background-color":"var(--ast-global-color-5)","background-image":"","background-repeat":"repeat","background-position":"center center","background-size":"auto","background-attachment":"scroll","background-type":"","background-media":"","overlay-type":"","overlay-color":"","overlay-opacity":"","overlay-gradient":""},"tablet":{"background-color":"var(--ast-global-color-5)","background-image":"","background-repeat":"repeat","background-position":"center center","background-size":"auto","background-attachment":"scroll","background-type":"","background-media":"","overlay-type":"","overlay-color":"","overlay-opacity":"","overlay-gradient":""},"mobile":{"background-color":"var(--ast-global-color-5)","background-image":"","background-repeat":"repeat","background-position":"center center","background-size":"auto","background-attachment":"scroll","background-type":"","background-media":"","overlay-type":"","overlay-color":"","overlay-opacity":"","overlay-gradient":""}},"footnotes":""},"class_list":["post-32","page","type-page","status-publish","hentry"],"post_mailing_queue_ids":[],"_links":{"self":[{"href":"https:\/\/agora.xtec.cat\/escagustibartra\/wp-json\/wp\/v2\/pages\/32","targetHints":{"allow":["GET"]}}],"collection":[{"href":"https:\/\/agora.xtec.cat\/escagustibartra\/wp-json\/wp\/v2\/pages"}],"about":[{"href":"https:\/\/agora.xtec.cat\/escagustibartra\/wp-json\/wp\/v2\/types\/page"}],"author":[{"embeddable":true,"href":"https:\/\/agora.xtec.cat\/escagustibartra\/wp-json\/wp\/v2\/users\/1"}],"replies":[{"embeddable":true,"href":"https:\/\/agora.xtec.cat\/escagustibartra\/wp-json\/wp\/v2\/comments?post=32"}],"version-history":[{"count":6,"href":"https:\/\/agora.xtec.cat\/escagustibartra\/wp-json\/wp\/v2\/pages\/32\/revisions"}],"predecessor-version":[{"id":9560,"href":"https:\/\/agora.xtec.cat\/escagustibartra\/wp-json\/wp\/v2\/pages\/32\/revisions\/9560"}],"wp:attachment":[{"href":"https:\/\/agora.xtec.cat\/escagustibartra\/wp-json\/wp\/v2\/media?parent=32"}],"curies":[{"name":"wp","href":"https:\/\/api.w.org\/{rel}","templated":true}]}}