{"id":22,"date":"2014-09-18T12:19:57","date_gmt":"2014-09-18T11:19:57","guid":{"rendered":"http:\/\/agora.xtec.cat\/escagustibartra\/?page_id=22"},"modified":"2025-07-21T22:15:18","modified_gmt":"2025-07-21T20:15:18","slug":"escola","status":"publish","type":"page","link":"https:\/\/agora.xtec.cat\/escagustibartra\/escola\/","title":{"rendered":"Escola"},"content":{"rendered":"        <div class=\"wp-block-getwid-custom-post-type custom-post-type-post has-layout-grid has-spacing-medium\">\n            <div class=\"wp-block-getwid-custom-post-type__wrapper getwid-columns getwid-columns-2\">\n                \t\t\t\t\t\t\t\t<div class='wp-block-getwid-custom-post-type__post'>\n\t\t\t\t\t\t\t\t\t\n<div class=\"wp-block-getwid-custom-post-type__post-wrapper\">\n            <div class=\"wp-block-getwid-custom-post-type__post-thumbnail\">\n            <a href=\"https:\/\/agora.xtec.cat\/escagustibartra\/portada\/mostra-de-danses-de-lescola\/\"><img loading=\"lazy\" decoding=\"async\" width=\"1414\" height=\"2000\" src=\"https:\/\/agora.xtec.cat\/escagustibartra\/wp-content\/uploads\/usu2289\/2026\/04\/WhatsApp-Image-2026-04-23-at-13.56.58.jpeg\" class=\"attachment-post-thumbnail size-post-thumbnail wp-post-image\" alt=\"\" srcset=\"https:\/\/agora.xtec.cat\/escagustibartra\/wp-content\/uploads\/usu2289\/2026\/04\/WhatsApp-Image-2026-04-23-at-13.56.58.jpeg 1414w, https:\/\/agora.xtec.cat\/escagustibartra\/wp-content\/uploads\/usu2289\/2026\/04\/WhatsApp-Image-2026-04-23-at-13.56.58-212x300.jpeg 212w, https:\/\/agora.xtec.cat\/escagustibartra\/wp-content\/uploads\/usu2289\/2026\/04\/WhatsApp-Image-2026-04-23-at-13.56.58-724x1024.jpeg 724w, https:\/\/agora.xtec.cat\/escagustibartra\/wp-content\/uploads\/usu2289\/2026\/04\/WhatsApp-Image-2026-04-23-at-13.56.58-768x1086.jpeg 768w, https:\/\/agora.xtec.cat\/escagustibartra\/wp-content\/uploads\/usu2289\/2026\/04\/WhatsApp-Image-2026-04-23-at-13.56.58-1086x1536.jpeg 1086w\" sizes=\"auto, (max-width: 1414px) 100vw, 1414px\" \/><\/a>\n        <\/div>\n        <div class=\"wp-block-getwid-custom-post-type__content-wrapper\">\n        <div class=\"wp-block-getwid-custom-post-type__post-header\">\n            <h3 class=\"wp-block-getwid-custom-post-type__post-title\"><a href=\"https:\/\/agora.xtec.cat\/escagustibartra\/portada\/mostra-de-danses-de-lescola\/\">Mostra de danses de l&#8217;escola<\/a><\/h3>        <\/div>\n        <div class=\"wp-block-getwid-custom-post-type__post-excerpt \"><p>Dansa del tortell i la mona i3 i i4 Dansa dels bons amics i5 i primer El ballet del rotllet\u00f3 segon i tercer Dansa de l&#8217;indiot quart i cinqu\u00e8 Ball de cascavells sis\u00e8 Ball de l&#8217;\u00f3s mestres Els nans vells AFA L&#8217;estepera mestres<\/p>\n<\/div>\n    <\/div>\n<\/div>\n\t\t\t\t\t\t\t\t<\/div>\n\t\t\t\t\t\t\t\t\t\t\t\t\t\t\t<div class='wp-block-getwid-custom-post-type__post'>\n\t\t\t\t\t\t\t\t\t\n<div class=\"wp-block-getwid-custom-post-type__post-wrapper\">\n            <div class=\"wp-block-getwid-custom-post-type__post-thumbnail\">\n            <a href=\"https:\/\/agora.xtec.cat\/escagustibartra\/portada\/setmana-cultural-a-lescola\/\"><img loading=\"lazy\" decoding=\"async\" width=\"926\" height=\"710\" src=\"https:\/\/agora.xtec.cat\/escagustibartra\/wp-content\/uploads\/usu2289\/2026\/04\/Captura.jpg\" class=\"attachment-post-thumbnail size-post-thumbnail wp-post-image\" alt=\"\" srcset=\"https:\/\/agora.xtec.cat\/escagustibartra\/wp-content\/uploads\/usu2289\/2026\/04\/Captura.jpg 926w, https:\/\/agora.xtec.cat\/escagustibartra\/wp-content\/uploads\/usu2289\/2026\/04\/Captura-300x230.jpg 300w, https:\/\/agora.xtec.cat\/escagustibartra\/wp-content\/uploads\/usu2289\/2026\/04\/Captura-768x589.jpg 768w\" sizes=\"auto, (max-width: 926px) 100vw, 926px\" \/><\/a>\n        <\/div>\n        <div class=\"wp-block-getwid-custom-post-type__content-wrapper\">\n        <div class=\"wp-block-getwid-custom-post-type__post-header\">\n            <h3 class=\"wp-block-getwid-custom-post-type__post-title\"><a href=\"https:\/\/agora.xtec.cat\/escagustibartra\/portada\/setmana-cultural-a-lescola\/\">Setmana cultural a l&#8217;escola!<\/a><\/h3>        <\/div>\n        <div class=\"wp-block-getwid-custom-post-type__post-excerpt \"><p>Aquesta setmana, la nostra escola s\u2019ha omplert de color, tradici\u00f3 i alegria per celebrar la tan esperada Setmana Cultural! Han estat uns dies plens d\u2019activitats engrescadores que ens han fet viatjar pel cor de la cultura catalana. Hem comen\u00e7at amb una divertida gimcana on petits i grans han pogut gaudir de jocs inspirats en tem\u00e0tiques [&hellip;]<\/p>\n<\/div>\n    <\/div>\n<\/div>\n\t\t\t\t\t\t\t\t<\/div>\n\t\t\t\t\t\t\t\t\t\t\t\t\t\t\t<div class='wp-block-getwid-custom-post-type__post'>\n\t\t\t\t\t\t\t\t\t\n<div class=\"wp-block-getwid-custom-post-type__post-wrapper\">\n            <div class=\"wp-block-getwid-custom-post-type__post-thumbnail\">\n            <a href=\"https:\/\/agora.xtec.cat\/escagustibartra\/portada\/xxxvi-jornades-esportives-de-lescola\/\"><img loading=\"lazy\" decoding=\"async\" width=\"700\" height=\"554\" src=\"https:\/\/agora.xtec.cat\/escagustibartra\/wp-content\/uploads\/usu2289\/2026\/04\/jornades26.png\" class=\"attachment-post-thumbnail size-post-thumbnail wp-post-image\" alt=\"\" srcset=\"https:\/\/agora.xtec.cat\/escagustibartra\/wp-content\/uploads\/usu2289\/2026\/04\/jornades26.png 700w, https:\/\/agora.xtec.cat\/escagustibartra\/wp-content\/uploads\/usu2289\/2026\/04\/jornades26-300x237.png 300w\" sizes=\"auto, (max-width: 700px) 100vw, 700px\" \/><\/a>\n        <\/div>\n        <div class=\"wp-block-getwid-custom-post-type__content-wrapper\">\n        <div class=\"wp-block-getwid-custom-post-type__post-header\">\n            <h3 class=\"wp-block-getwid-custom-post-type__post-title\"><a href=\"https:\/\/agora.xtec.cat\/escagustibartra\/portada\/xxxvi-jornades-esportives-de-lescola\/\">XXXVI Jornades esportives de l&#8217;escola<\/a><\/h3>        <\/div>\n        <div class=\"wp-block-getwid-custom-post-type__post-excerpt \"><p>La darrera setmana del segon trimestre va tenir lloc a les instal\u00b7lacions de les pistes d&#8217;atletisme i el pavell\u00f3 de Can Jofresa una nova edici\u00f3 de les Jornades esportives de l&#8217;escola. En tres dies consecutius l&#8217;alumnat de primer cicle, segon cicle i tercer cicle va practicar una s\u00e8rie d&#8217;activitats atl\u00e8tiques, jocs, esports convencionals i alternatius. [&hellip;]<\/p>\n<\/div>\n    <\/div>\n<\/div>\n\t\t\t\t\t\t\t\t<\/div>\n\t\t\t\t\t\t\t\t\t\t\t\t\t\t\t<div class='wp-block-getwid-custom-post-type__post'>\n\t\t\t\t\t\t\t\t\t\n<div class=\"wp-block-getwid-custom-post-type__post-wrapper\">\n            <div class=\"wp-block-getwid-custom-post-type__post-thumbnail\">\n            <a href=\"https:\/\/agora.xtec.cat\/escagustibartra\/portada\/dia-de-les-llengues-4\/\"><img loading=\"lazy\" decoding=\"async\" width=\"2560\" height=\"1920\" src=\"https:\/\/agora.xtec.cat\/escagustibartra\/wp-content\/uploads\/usu2289\/2026\/02\/IMG_20260220_105505-scaled.jpg\" class=\"attachment-post-thumbnail size-post-thumbnail wp-post-image\" alt=\"\" srcset=\"https:\/\/agora.xtec.cat\/escagustibartra\/wp-content\/uploads\/usu2289\/2026\/02\/IMG_20260220_105505-scaled.jpg 2560w, https:\/\/agora.xtec.cat\/escagustibartra\/wp-content\/uploads\/usu2289\/2026\/02\/IMG_20260220_105505-300x225.jpg 300w, https:\/\/agora.xtec.cat\/escagustibartra\/wp-content\/uploads\/usu2289\/2026\/02\/IMG_20260220_105505-1024x768.jpg 1024w, https:\/\/agora.xtec.cat\/escagustibartra\/wp-content\/uploads\/usu2289\/2026\/02\/IMG_20260220_105505-768x576.jpg 768w, https:\/\/agora.xtec.cat\/escagustibartra\/wp-content\/uploads\/usu2289\/2026\/02\/IMG_20260220_105505-1536x1152.jpg 1536w, https:\/\/agora.xtec.cat\/escagustibartra\/wp-content\/uploads\/usu2289\/2026\/02\/IMG_20260220_105505-2048x1536.jpg 2048w\" sizes=\"auto, (max-width: 2560px) 100vw, 2560px\" \/><\/a>\n        <\/div>\n        <div class=\"wp-block-getwid-custom-post-type__content-wrapper\">\n        <div class=\"wp-block-getwid-custom-post-type__post-header\">\n            <h3 class=\"wp-block-getwid-custom-post-type__post-title\"><a href=\"https:\/\/agora.xtec.cat\/escagustibartra\/portada\/dia-de-les-llengues-4\/\">Dia de les lleng\u00fces<\/a><\/h3>        <\/div>\n        <div class=\"wp-block-getwid-custom-post-type__post-excerpt \"><p>El divendres 20 de febrer vam celebrar el Dia de les Lleng\u00fces a l&#8217;escola, una jornada plena de cultures compartides. Les fam\u00edlies procedents de diferents pa\u00efsos han participat activament en diferents activitats i tallers. Hem pogut escoltar paraules i expressions en \u00e0rab, castell\u00e0, urd\u00fa i catal\u00e0, descobrint la riquesa ling\u00fc\u00edstica que ens envolta. Tamb\u00e9 s&#8217;han [&hellip;]<\/p>\n<\/div>\n    <\/div>\n<\/div>\n\t\t\t\t\t\t\t\t<\/div>\n\t\t\t\t\t\t\t\t\t\t\t\t\t\t\t<div class='wp-block-getwid-custom-post-type__post'>\n\t\t\t\t\t\t\t\t\t\n<div class=\"wp-block-getwid-custom-post-type__post-wrapper\">\n            <div class=\"wp-block-getwid-custom-post-type__post-thumbnail\">\n            <a href=\"https:\/\/agora.xtec.cat\/escagustibartra\/portada\/carnaval-a-lescola\/\"><img loading=\"lazy\" decoding=\"async\" width=\"930\" height=\"646\" src=\"https:\/\/agora.xtec.cat\/escagustibartra\/wp-content\/uploads\/usu2289\/2026\/02\/image.png\" class=\"attachment-post-thumbnail size-post-thumbnail wp-post-image\" alt=\"\" srcset=\"https:\/\/agora.xtec.cat\/escagustibartra\/wp-content\/uploads\/usu2289\/2026\/02\/image.png 930w, https:\/\/agora.xtec.cat\/escagustibartra\/wp-content\/uploads\/usu2289\/2026\/02\/image-300x208.png 300w, https:\/\/agora.xtec.cat\/escagustibartra\/wp-content\/uploads\/usu2289\/2026\/02\/image-768x533.png 768w\" sizes=\"auto, (max-width: 930px) 100vw, 930px\" \/><\/a>\n        <\/div>\n        <div class=\"wp-block-getwid-custom-post-type__content-wrapper\">\n        <div class=\"wp-block-getwid-custom-post-type__post-header\">\n            <h3 class=\"wp-block-getwid-custom-post-type__post-title\"><a href=\"https:\/\/agora.xtec.cat\/escagustibartra\/portada\/carnaval-a-lescola\/\">Carnaval a l&#8217;escola!<\/a><\/h3>        <\/div>\n        <div class=\"wp-block-getwid-custom-post-type__post-excerpt \"><p>Aquesta setmana l\u2019escola s\u2019ha omplert de colors, rialles i molta, molta imaginaci\u00f3. Hem viscut una setmana boja de Carnestoltes inoblidable, plena de consignes esbojarrades, sorpreses i moments compartits que han fet vibrar petits i grans.I com no podia ser d\u2019altra manera, hem posat el punt final amb unes rues de Carnaval espectaculars! Tota l\u2019escola plegada [&hellip;]<\/p>\n<\/div>\n    <\/div>\n<\/div>\n\t\t\t\t\t\t\t\t<\/div>\n\t\t\t\t\t\t\t\t\t\t\t\t\t\t\t<div class='wp-block-getwid-custom-post-type__post'>\n\t\t\t\t\t\t\t\t\t\n<div class=\"wp-block-getwid-custom-post-type__post-wrapper\">\n            <div class=\"wp-block-getwid-custom-post-type__post-thumbnail\">\n            <a href=\"https:\/\/agora.xtec.cat\/escagustibartra\/portada\/dies-plens-de-magia-a-lescola\/\"><img loading=\"lazy\" decoding=\"async\" width=\"1187\" height=\"890\" src=\"https:\/\/agora.xtec.cat\/escagustibartra\/wp-content\/uploads\/usu2289\/2026\/01\/IMG_8235.jpg\" class=\"attachment-post-thumbnail size-post-thumbnail wp-post-image\" alt=\"\" srcset=\"https:\/\/agora.xtec.cat\/escagustibartra\/wp-content\/uploads\/usu2289\/2026\/01\/IMG_8235.jpg 1187w, https:\/\/agora.xtec.cat\/escagustibartra\/wp-content\/uploads\/usu2289\/2026\/01\/IMG_8235-300x225.jpg 300w, https:\/\/agora.xtec.cat\/escagustibartra\/wp-content\/uploads\/usu2289\/2026\/01\/IMG_8235-1024x768.jpg 1024w, https:\/\/agora.xtec.cat\/escagustibartra\/wp-content\/uploads\/usu2289\/2026\/01\/IMG_8235-768x576.jpg 768w\" sizes=\"auto, (max-width: 1187px) 100vw, 1187px\" \/><\/a>\n        <\/div>\n        <div class=\"wp-block-getwid-custom-post-type__content-wrapper\">\n        <div class=\"wp-block-getwid-custom-post-type__post-header\">\n            <h3 class=\"wp-block-getwid-custom-post-type__post-title\"><a href=\"https:\/\/agora.xtec.cat\/escagustibartra\/portada\/dies-plens-de-magia-a-lescola\/\">Dies plens de m\u00e0gia a l&#8217;escola!<\/a><\/h3>        <\/div>\n        <div class=\"wp-block-getwid-custom-post-type__post-excerpt \"><p>L\u2019\u00faltima setmana abans de les vacances de Nadal va ser molt especial a la nostra escola. Durant aquells dies tan m\u00e0gics, vam rebre visites molt esperades que ens van omplir d\u2019alegria i il\u00b7lusi\u00f3. Primer de tot, va venir el Ti\u00f3! Durant la setmana el vam cuidar molt b\u00e9, li vam donar menjar i li vam [&hellip;]<\/p>\n<\/div>\n    <\/div>\n<\/div>\n\t\t\t\t\t\t\t\t<\/div>\n\t\t\t\t\t\t\t\t\t\t\t\t\t\t\t<div class='wp-block-getwid-custom-post-type__post'>\n\t\t\t\t\t\t\t\t\t\n<div class=\"wp-block-getwid-custom-post-type__post-wrapper\">\n            <div class=\"wp-block-getwid-custom-post-type__post-thumbnail\">\n            <a href=\"https:\/\/agora.xtec.cat\/escagustibartra\/portada\/visita-de-laula-dacollida-a-la-fira-de-santa-llucia-de-terrassa\/\"><img loading=\"lazy\" decoding=\"async\" width=\"1067\" height=\"767\" src=\"https:\/\/agora.xtec.cat\/escagustibartra\/wp-content\/uploads\/usu2289\/2026\/01\/image.png\" class=\"attachment-post-thumbnail size-post-thumbnail wp-post-image\" alt=\"\" srcset=\"https:\/\/agora.xtec.cat\/escagustibartra\/wp-content\/uploads\/usu2289\/2026\/01\/image.png 1067w, https:\/\/agora.xtec.cat\/escagustibartra\/wp-content\/uploads\/usu2289\/2026\/01\/image-300x216.png 300w, https:\/\/agora.xtec.cat\/escagustibartra\/wp-content\/uploads\/usu2289\/2026\/01\/image-1024x736.png 1024w, https:\/\/agora.xtec.cat\/escagustibartra\/wp-content\/uploads\/usu2289\/2026\/01\/image-768x552.png 768w\" sizes=\"auto, (max-width: 1067px) 100vw, 1067px\" \/><\/a>\n        <\/div>\n        <div class=\"wp-block-getwid-custom-post-type__content-wrapper\">\n        <div class=\"wp-block-getwid-custom-post-type__post-header\">\n            <h3 class=\"wp-block-getwid-custom-post-type__post-title\"><a href=\"https:\/\/agora.xtec.cat\/escagustibartra\/portada\/visita-de-laula-dacollida-a-la-fira-de-santa-llucia-de-terrassa\/\">Visita de l&#8217;Aula d&#8217;Acollida a la Fira de Santa Ll\u00facia de Terrassa<\/a><\/h3>        <\/div>\n        <div class=\"wp-block-getwid-custom-post-type__post-excerpt \"><p>Els alumnes de l&#8217;Aula d&#8217;Acollida van gaudir d&#8217;una jornada molt especial a la Fira de Santa Ll\u00facia de Terrassa, on van poder con\u00e8ixer de primera m\u00e0 algunes de les tradicions nadalenques m\u00e9s arrelades a la ciutat. Durant la sortida, els estudiants van tenir l&#8217;oportunitat de comprar una figura tradicional de Nadal molt popular: el caganer. [&hellip;]<\/p>\n<\/div>\n    <\/div>\n<\/div>\n\t\t\t\t\t\t\t\t<\/div>\n\t\t\t\t\t\t\t\t\t\t\t\t\t\t\t<div class='wp-block-getwid-custom-post-type__post'>\n\t\t\t\t\t\t\t\t\t\n<div class=\"wp-block-getwid-custom-post-type__post-wrapper\">\n            <div class=\"wp-block-getwid-custom-post-type__post-thumbnail\">\n            <a href=\"https:\/\/agora.xtec.cat\/escagustibartra\/portada\/concert-de-nadal-2025\/\"><img loading=\"lazy\" decoding=\"async\" width=\"1280\" height=\"720\" src=\"https:\/\/agora.xtec.cat\/escagustibartra\/wp-content\/uploads\/usu2289\/2025\/12\/Concert-de-Nadal-2025.png\" class=\"attachment-post-thumbnail size-post-thumbnail wp-post-image\" alt=\"\" srcset=\"https:\/\/agora.xtec.cat\/escagustibartra\/wp-content\/uploads\/usu2289\/2025\/12\/Concert-de-Nadal-2025.png 1280w, https:\/\/agora.xtec.cat\/escagustibartra\/wp-content\/uploads\/usu2289\/2025\/12\/Concert-de-Nadal-2025-300x169.png 300w, https:\/\/agora.xtec.cat\/escagustibartra\/wp-content\/uploads\/usu2289\/2025\/12\/Concert-de-Nadal-2025-1024x576.png 1024w, https:\/\/agora.xtec.cat\/escagustibartra\/wp-content\/uploads\/usu2289\/2025\/12\/Concert-de-Nadal-2025-768x432.png 768w\" sizes=\"auto, (max-width: 1280px) 100vw, 1280px\" \/><\/a>\n        <\/div>\n        <div class=\"wp-block-getwid-custom-post-type__content-wrapper\">\n        <div class=\"wp-block-getwid-custom-post-type__post-header\">\n            <h3 class=\"wp-block-getwid-custom-post-type__post-title\"><a href=\"https:\/\/agora.xtec.cat\/escagustibartra\/portada\/concert-de-nadal-2025\/\">Concert de Nadal 2025<\/a><\/h3>        <\/div>\n        <div class=\"wp-block-getwid-custom-post-type__post-excerpt \"><p>Els dies 18 i 19 de desembre ha tingut lloc al gimn\u00e0s de l&#8217;escola el tradicional concert de Nadal com a cloenda de les classes del primer trimestre del curs. Tot l&#8217;alumnat de l&#8217;escola ha participat en aquest concert interpretant diferents nadales, i l&#8217;alumnat m\u00e9s petit tamb\u00e9 unes danses i recitant el poema de Nadal. [&hellip;]<\/p>\n<\/div>\n    <\/div>\n<\/div>\n\t\t\t\t\t\t\t\t<\/div>\n\t\t\t\t\t\t\t\t\t\t\t\t\t\t\t<div class='wp-block-getwid-custom-post-type__post'>\n\t\t\t\t\t\t\t\t\t\n<div class=\"wp-block-getwid-custom-post-type__post-wrapper\">\n            <div class=\"wp-block-getwid-custom-post-type__post-thumbnail\">\n            <a href=\"https:\/\/agora.xtec.cat\/escagustibartra\/portada\/nadal-a-educacio-infantil\/\"><img loading=\"lazy\" decoding=\"async\" width=\"662\" height=\"803\" src=\"https:\/\/agora.xtec.cat\/escagustibartra\/wp-content\/uploads\/usu2289\/2025\/12\/image-1.png\" class=\"attachment-post-thumbnail size-post-thumbnail wp-post-image\" alt=\"\" srcset=\"https:\/\/agora.xtec.cat\/escagustibartra\/wp-content\/uploads\/usu2289\/2025\/12\/image-1.png 662w, https:\/\/agora.xtec.cat\/escagustibartra\/wp-content\/uploads\/usu2289\/2025\/12\/image-1-247x300.png 247w\" sizes=\"auto, (max-width: 662px) 100vw, 662px\" \/><\/a>\n        <\/div>\n        <div class=\"wp-block-getwid-custom-post-type__content-wrapper\">\n        <div class=\"wp-block-getwid-custom-post-type__post-header\">\n            <h3 class=\"wp-block-getwid-custom-post-type__post-title\"><a href=\"https:\/\/agora.xtec.cat\/escagustibartra\/portada\/nadal-a-educacio-infantil\/\">Nadal a Educaci\u00f3 Infantil<\/a><\/h3>        <\/div>\n        <div class=\"wp-block-getwid-custom-post-type__post-excerpt \"><p>L\u2019alumnat d\u2019Educaci\u00f3 Infantil ha viscut un Nadal molt especial ple d\u2019activitats i sortides. A l\u2019escola han rebut el Patge, han fet cagar el Ti\u00f3, han jugat al quinto i han rebut la visita dels Bartris, els nans de Nadal de l\u2019escola, que han vingut a buscar els mitjons. A m\u00e9s, han gaudit de diverses sortides, [&hellip;]<\/p>\n<\/div>\n    <\/div>\n<\/div>\n\t\t\t\t\t\t\t\t<\/div>\n\t\t\t\t\t\t\t\t\t\t\t\t\t\t\t<div class='wp-block-getwid-custom-post-type__post'>\n\t\t\t\t\t\t\t\t\t\n<div class=\"wp-block-getwid-custom-post-type__post-wrapper\">\n            <div class=\"wp-block-getwid-custom-post-type__post-thumbnail\">\n            <a href=\"https:\/\/agora.xtec.cat\/escagustibartra\/portada\/castanyada-a-lescola\/\"><img loading=\"lazy\" decoding=\"async\" width=\"2000\" height=\"924\" src=\"https:\/\/agora.xtec.cat\/escagustibartra\/wp-content\/uploads\/usu2289\/2025\/11\/84999d5d-1367-4b1a-babd-eda9815e259e.jpg\" class=\"attachment-post-thumbnail size-post-thumbnail wp-post-image\" alt=\"\" srcset=\"https:\/\/agora.xtec.cat\/escagustibartra\/wp-content\/uploads\/usu2289\/2025\/11\/84999d5d-1367-4b1a-babd-eda9815e259e.jpg 2000w, https:\/\/agora.xtec.cat\/escagustibartra\/wp-content\/uploads\/usu2289\/2025\/11\/84999d5d-1367-4b1a-babd-eda9815e259e-300x139.jpg 300w, https:\/\/agora.xtec.cat\/escagustibartra\/wp-content\/uploads\/usu2289\/2025\/11\/84999d5d-1367-4b1a-babd-eda9815e259e-1024x473.jpg 1024w, https:\/\/agora.xtec.cat\/escagustibartra\/wp-content\/uploads\/usu2289\/2025\/11\/84999d5d-1367-4b1a-babd-eda9815e259e-768x355.jpg 768w, https:\/\/agora.xtec.cat\/escagustibartra\/wp-content\/uploads\/usu2289\/2025\/11\/84999d5d-1367-4b1a-babd-eda9815e259e-1536x710.jpg 1536w\" sizes=\"auto, (max-width: 2000px) 100vw, 2000px\" \/><\/a>\n        <\/div>\n        <div class=\"wp-block-getwid-custom-post-type__content-wrapper\">\n        <div class=\"wp-block-getwid-custom-post-type__post-header\">\n            <h3 class=\"wp-block-getwid-custom-post-type__post-title\"><a href=\"https:\/\/agora.xtec.cat\/escagustibartra\/portada\/castanyada-a-lescola\/\">Castanyada a l&#8217;escola!<\/a><\/h3>        <\/div>\n        <div class=\"wp-block-getwid-custom-post-type__post-excerpt \"><p>Aquesta setmana hem celebrat la Castanyada amb molta il\u00b7lusi\u00f3 i activitats per a tots els cursos, des d\u2019I3 fins a 6\u00e8. Han estat dos dies plens de tradici\u00f3, creativitat i germanor! El dijous al mat\u00ed, els infants d\u2019I5 han fet uns panellets bon\u00edssims, que han omplert l\u2019escola d\u2019olors de tardor. A la tarda del mateix [&hellip;]<\/p>\n<\/div>\n    <\/div>\n<\/div>\n\t\t\t\t\t\t\t\t<\/div>\n\t\t\t\t\t\t\t            <\/div>\n\n                            <nav class=\"navigation pagination\" role=\"navigation\">\n                    <h2 class=\"screen-reader-text\"><\/h2>\n                    <div class=\"nav-links\">\n                    <span aria-current=\"page\" class=\"page-numbers current\">1<\/span>\n<a class=\"page-numbers\" href=\"https:\/\/agora.xtec.cat\/escagustibartra\/wp-json\/wp\/v2\/pages\/22\/page\/2\/\">2<\/a>\n<span class=\"page-numbers dots\">&hellip;<\/span>\n<a class=\"page-numbers\" href=\"https:\/\/agora.xtec.cat\/escagustibartra\/wp-json\/wp\/v2\/pages\/22\/page\/68\/\">68<\/a>\n<a class=\"page-numbers\" href=\"https:\/\/agora.xtec.cat\/escagustibartra\/wp-json\/wp\/v2\/pages\/22\/page\/69\/\">69<\/a>\n<a class=\"next page-numbers\" href=\"https:\/\/agora.xtec.cat\/escagustibartra\/wp-json\/wp\/v2\/pages\/22\/page\/2\/\">> <i><\/i><\/a>                    <\/div>\n                <\/nav>\n                    <\/div>\n        ","protected":false},"excerpt":{"rendered":"","protected":false},"author":1,"featured_media":0,"parent":0,"menu_order":0,"comment_status":"closed","ping_status":"closed","template":"page-templates\/side-menu.php","meta":{"site-sidebar-layout":"left-sidebar","site-content-layout":"","ast-site-content-layout":"default","site-content-style":"default","site-sidebar-style":"default","ast-global-header-display":"","ast-banner-title-visibility":"","ast-main-header-display":"","ast-hfb-above-header-display":"","ast-hfb-below-header-display":"","ast-hfb-mobile-header-display":"","site-post-title":"","ast-breadcrumbs-content":"","ast-featured-img":"","footer-sml-layout":"","theme-transparent-header-meta":"","adv-header-id-meta":"","stick-header-meta":"","header-above-stick-meta":"","header-main-stick-meta":"","header-below-stick-meta":"","astra-migrate-meta-layouts":"set","ast-page-background-enabled":"default","ast-page-background-meta":{"desktop":{"background-color":"var(--ast-global-color-4)","background-image":"","background-repeat":"repeat","background-position":"center center","background-size":"auto","background-attachment":"scroll","background-type":"","background-media":"","overlay-type":"","overlay-color":"","overlay-opacity":"","overlay-gradient":""},"tablet":{"background-color":"","background-image":"","background-repeat":"repeat","background-position":"center center","background-size":"auto","background-attachment":"scroll","background-type":"","background-media":"","overlay-type":"","overlay-color":"","overlay-opacity":"","overlay-gradient":""},"mobile":{"background-color":"","background-image":"","background-repeat":"repeat","background-position":"center center","background-size":"auto","background-attachment":"scroll","background-type":"","background-media":"","overlay-type":"","overlay-color":"","overlay-opacity":"","overlay-gradient":""}},"ast-content-background-meta":{"desktop":{"background-color":"var(--ast-global-color-5)","background-image":"","background-repeat":"repeat","background-position":"center center","background-size":"auto","background-attachment":"scroll","background-type":"","background-media":"","overlay-type":"","overlay-color":"","overlay-opacity":"","overlay-gradient":""},"tablet":{"background-color":"var(--ast-global-color-5)","background-image":"","background-repeat":"repeat","background-position":"center center","background-size":"auto","background-attachment":"scroll","background-type":"","background-media":"","overlay-type":"","overlay-color":"","overlay-opacity":"","overlay-gradient":""},"mobile":{"background-color":"var(--ast-global-color-5)","background-image":"","background-repeat":"repeat","background-position":"center center","background-size":"auto","background-attachment":"scroll","background-type":"","background-media":"","overlay-type":"","overlay-color":"","overlay-opacity":"","overlay-gradient":""}},"footnotes":""},"class_list":["post-22","page","type-page","status-publish","hentry"],"post_mailing_queue_ids":[],"_links":{"self":[{"href":"https:\/\/agora.xtec.cat\/escagustibartra\/wp-json\/wp\/v2\/pages\/22","targetHints":{"allow":["GET"]}}],"collection":[{"href":"https:\/\/agora.xtec.cat\/escagustibartra\/wp-json\/wp\/v2\/pages"}],"about":[{"href":"https:\/\/agora.xtec.cat\/escagustibartra\/wp-json\/wp\/v2\/types\/page"}],"author":[{"embeddable":true,"href":"https:\/\/agora.xtec.cat\/escagustibartra\/wp-json\/wp\/v2\/users\/1"}],"replies":[{"embeddable":true,"href":"https:\/\/agora.xtec.cat\/escagustibartra\/wp-json\/wp\/v2\/comments?post=22"}],"version-history":[{"count":6,"href":"https:\/\/agora.xtec.cat\/escagustibartra\/wp-json\/wp\/v2\/pages\/22\/revisions"}],"predecessor-version":[{"id":9878,"href":"https:\/\/agora.xtec.cat\/escagustibartra\/wp-json\/wp\/v2\/pages\/22\/revisions\/9878"}],"wp:attachment":[{"href":"https:\/\/agora.xtec.cat\/escagustibartra\/wp-json\/wp\/v2\/media?parent=22"}],"curies":[{"name":"wp","href":"https:\/\/api.w.org\/{rel}","templated":true}]}}