{"id":8763,"date":"2025-09-05T13:01:03","date_gmt":"2025-09-05T11:01:03","guid":{"rendered":"https:\/\/agora.xtec.cat\/esc-voramarsalou\/?page_id=8763"},"modified":"2025-09-08T10:18:35","modified_gmt":"2025-09-08T08:18:35","slug":"dinantia","status":"publish","type":"page","link":"https:\/\/agora.xtec.cat\/esc-voramarsalou\/dinantia\/","title":{"rendered":"Dinantia"},"content":{"rendered":"\n<h2 class=\"wp-block-heading\">Comunicaci\u00f3 Fam\u00edlies \u2013 Escola<\/h2>\n\n\n\n<p>La comunicaci\u00f3 habitual entre fam\u00edlies i escola es fa a trav\u00e9s de l\u2019<strong>app Dinantia<\/strong>.<\/p>\n\n\n\n<figure class=\"wp-block-image\"><a href=\"https:\/\/agora.xtec.cat\/ieja\/wp-content\/uploads\/usu2185\/2020\/12\/dinantia.jpg\" target=\"_blank\" rel=\"noreferrer noopener\"><img decoding=\"async\" src=\"https:\/\/agora.xtec.cat\/ieja\/wp-content\/uploads\/usu2185\/2020\/12\/dinantia-300x115.jpg\" alt=\"\" class=\"wp-image-969\"\/><\/a><\/figure>\n\n\n\n<h3 class=\"wp-block-heading\">Com accedir-hi?<\/h3>\n\n\n\n<ul class=\"wp-block-list\">\n<li>Des del navegador: <a href=\"https:\/\/app.dinantia.com\">app.dinantia.com<\/a><\/li>\n\n\n\n<li>Si \u00e9s el primer cop i no disposeu de contrasenya, cliqueu <em>\u201cHas oblidat la contrasenya?\u201d<\/em>, introdu\u00efu el correu electr\u00f2nic que heu donat al centre i seguiu les instruccions.<\/li>\n<\/ul>\n\n\n\n<h3 class=\"wp-block-heading\">Instal\u00b7laci\u00f3 al m\u00f2bil<\/h3>\n\n\n\n<ol class=\"wp-block-list\">\n<li>Baixeu l\u2019aplicaci\u00f3 Dinantia a <strong>Google Play<\/strong> (Android) o a <strong>Apple Store<\/strong> (iOS).  <a href=\"https:\/\/play.google.com\/store\/apps\/details?id=com.dinantia.dinantia&amp;hl=es&amp;gl=ES\" target=\"_blank\" rel=\"noreferrer noopener\"><img loading=\"lazy\" decoding=\"async\" width=\"129\" height=\"45\" src=\"http:\/\/agora.xtec.cat\/escjoanardevol\/wp-content\/uploads\/usu550\/2018\/09\/unnamed.png\" alt=\"\"><\/a>&nbsp;&nbsp;<a href=\"https:\/\/play.google.com\/store\/apps\/details?id=com.dinantia.dinantia&amp;hl=es&amp;gl=ES\" target=\"_blank\" rel=\"noreferrer noopener\"><img loading=\"lazy\" decoding=\"async\" width=\"132\" height=\"45\" src=\"http:\/\/agora.xtec.cat\/escjoanardevol\/wp-content\/uploads\/usu550\/2018\/09\/unnamed2.png\" alt=\"\"><\/a><\/li>\n\n\n\n<li>Inscriviu-vos amb el mateix correu electr\u00f2nic que heu donat a l&#8217;escola.<\/li>\n\n\n\n<li>Introdu\u00efu la contrasenya rebuda al vostre correu. Si no l\u2019heu rebut, contacteu amb l&#8217;escola.<\/li>\n\n\n\n<li>Un cop activada, podreu rebre tots els missatges del centre.<\/li>\n<\/ol>\n\n\n\n<p>M\u00e9s informaci\u00f3: <a href=\"https:\/\/dinantia.com\/ca\/per-a-les-families\/\">Dinantia \u2013 per a les fam\u00edlies<\/a><\/p>\n\n\n\n<p><\/p>\n","protected":false},"excerpt":{"rendered":"<p>Comunicaci\u00f3 Fam\u00edlies \u2013 Escola La comunicaci\u00f3 habitual entre fam\u00edlies i escola es fa a trav\u00e9s de l\u2019app Dinantia. Com accedir-hi? [&hellip;]<\/p>\n","protected":false},"author":1,"featured_media":0,"parent":0,"menu_order":0,"comment_status":"closed","ping_status":"close","template":"","meta":{"_bbp_topic_count":0,"_bbp_reply_count":0,"_bbp_total_topic_count":0,"_bbp_total_reply_count":0,"_bbp_voice_count":0,"_bbp_anonymous_reply_count":0,"_bbp_topic_count_hidden":0,"_bbp_reply_count_hidden":0,"_bbp_forum_subforum_count":0,"site-sidebar-layout":"default","site-content-layout":"","ast-site-content-layout":"default","site-content-style":"default","site-sidebar-style":"default","ast-global-header-display":"","ast-banner-title-visibility":"","ast-main-header-display":"","ast-hfb-above-header-display":"","ast-hfb-below-header-display":"","ast-hfb-mobile-header-display":"","site-post-title":"","ast-breadcrumbs-content":"","ast-featured-img":"","footer-sml-layout":"","theme-transparent-header-meta":"","adv-header-id-meta":"","stick-header-meta":"","header-above-stick-meta":"","header-main-stick-meta":"","header-below-stick-meta":"","astra-migrate-meta-layouts":"set","ast-page-background-enabled":"default","ast-page-background-meta":{"desktop":{"background-color":"var(--ast-global-color-4)","background-image":"","background-repeat":"repeat","background-position":"center center","background-size":"auto","background-attachment":"scroll","background-type":"","background-media":"","overlay-type":"","overlay-color":"","overlay-opacity":"","overlay-gradient":""},"tablet":{"background-color":"","background-image":"","background-repeat":"repeat","background-position":"center center","background-size":"auto","background-attachment":"scroll","background-type":"","background-media":"","overlay-type":"","overlay-color":"","overlay-opacity":"","overlay-gradient":""},"mobile":{"background-color":"","background-image":"","background-repeat":"repeat","background-position":"center center","background-size":"auto","background-attachment":"scroll","background-type":"","background-media":"","overlay-type":"","overlay-color":"","overlay-opacity":"","overlay-gradient":""}},"ast-content-background-meta":{"desktop":{"background-color":"var(--ast-global-color-5)","background-image":"","background-repeat":"repeat","background-position":"center center","background-size":"auto","background-attachment":"scroll","background-type":"","background-media":"","overlay-type":"","overlay-color":"","overlay-opacity":"","overlay-gradient":""},"tablet":{"background-color":"var(--ast-global-color-5)","background-image":"","background-repeat":"repeat","background-position":"center center","background-size":"auto","background-attachment":"scroll","background-type":"","background-media":"","overlay-type":"","overlay-color":"","overlay-opacity":"","overlay-gradient":""},"mobile":{"background-color":"var(--ast-global-color-5)","background-image":"","background-repeat":"repeat","background-position":"center center","background-size":"auto","background-attachment":"scroll","background-type":"","background-media":"","overlay-type":"","overlay-color":"","overlay-opacity":"","overlay-gradient":""}},"footnotes":""},"class_list":["post-8763","page","type-page","status-publish","hentry"],"post_mailing_queue_ids":[],"_links":{"self":[{"href":"https:\/\/agora.xtec.cat\/esc-voramarsalou\/wp-json\/wp\/v2\/pages\/8763","targetHints":{"allow":["GET"]}}],"collection":[{"href":"https:\/\/agora.xtec.cat\/esc-voramarsalou\/wp-json\/wp\/v2\/pages"}],"about":[{"href":"https:\/\/agora.xtec.cat\/esc-voramarsalou\/wp-json\/wp\/v2\/types\/page"}],"author":[{"embeddable":true,"href":"https:\/\/agora.xtec.cat\/esc-voramarsalou\/wp-json\/wp\/v2\/users\/1"}],"replies":[{"embeddable":true,"href":"https:\/\/agora.xtec.cat\/esc-voramarsalou\/wp-json\/wp\/v2\/comments?post=8763"}],"version-history":[{"count":3,"href":"https:\/\/agora.xtec.cat\/esc-voramarsalou\/wp-json\/wp\/v2\/pages\/8763\/revisions"}],"predecessor-version":[{"id":8772,"href":"https:\/\/agora.xtec.cat\/esc-voramarsalou\/wp-json\/wp\/v2\/pages\/8763\/revisions\/8772"}],"wp:attachment":[{"href":"https:\/\/agora.xtec.cat\/esc-voramarsalou\/wp-json\/wp\/v2\/media?parent=8763"}],"curies":[{"name":"wp","href":"https:\/\/api.w.org\/{rel}","templated":true}]}}