{"id":26,"date":"2019-09-18T12:24:32","date_gmt":"2019-09-18T10:24:32","guid":{"rendered":"http:\/\/agora.xtec.cat\/esc-voramarsalou\/?page_id=26"},"modified":"2020-03-17T11:19:35","modified_gmt":"2020-03-17T10:19:35","slug":"historia","status":"publish","type":"page","link":"https:\/\/agora.xtec.cat\/esc-voramarsalou\/lescola\/historia\/","title":{"rendered":"Hist\u00f2ria"},"content":{"rendered":"<p style=\"text-align: justify;\">L\u2019<span style=\"color: #0000ff;\">Escola Vora Mar<\/span> va iniciar la seva traject\u00f2ria el curs 2007-2008, i des d\u2019aleshores ha anat creixent any rere any, fins arribar a ser una escola de dues l\u00ednies amb nens i nenes des de P3 d\u2019EI fins a 6\u00e8 d\u2019EP. Es tracta d\u2019un centre amb una capacitat f\u00edsica per a atendre fins a 450 alumnes en total.<\/p>\n<p style=\"text-align: justify;\">L&#8217;escola Vora Mar \u00e9s un espai i un temps per fer cr\u00e9ixer persones. Un espai i un temps d&#8217;est\u00edmuls i d&#8217;experi\u00e8ncies significatives que ajuden l&#8217;alumnat a formar-se en valors, en h\u00e0bits i en coneixements. L&#8217;espai i el temps per conviure i fer sentir la curiositat d&#8217;aprendre, per possibilitar als joves el desenvolupament del jo en cooperaci\u00f3 amb els altres.<\/p>\n<p><a href=\"https:\/\/agora.xtec.cat\/esc-voramarsalou\/wp-content\/uploads\/usu1992\/2019\/07\/IMG_20180221_152526_resized_20190322_121352354.jpg\"><img loading=\"lazy\" decoding=\"async\" class=\"alignnone size-large wp-image-502\" src=\"https:\/\/agora.xtec.cat\/esc-voramarsalou\/wp-content\/uploads\/usu1992\/2019\/07\/IMG_20180221_152526_resized_20190322_121352354-1024x768.jpg\" alt=\"\" width=\"1024\" height=\"768\" srcset=\"https:\/\/agora.xtec.cat\/esc-voramarsalou\/wp-content\/uploads\/usu1992\/2019\/07\/IMG_20180221_152526_resized_20190322_121352354-1024x768.jpg 1024w, https:\/\/agora.xtec.cat\/esc-voramarsalou\/wp-content\/uploads\/usu1992\/2019\/07\/IMG_20180221_152526_resized_20190322_121352354-300x225.jpg 300w, https:\/\/agora.xtec.cat\/esc-voramarsalou\/wp-content\/uploads\/usu1992\/2019\/07\/IMG_20180221_152526_resized_20190322_121352354-768x576.jpg 768w, https:\/\/agora.xtec.cat\/esc-voramarsalou\/wp-content\/uploads\/usu1992\/2019\/07\/IMG_20180221_152526_resized_20190322_121352354-200x150.jpg 200w, https:\/\/agora.xtec.cat\/esc-voramarsalou\/wp-content\/uploads\/usu1992\/2019\/07\/IMG_20180221_152526_resized_20190322_121352354.jpg 1984w\" sizes=\"auto, (max-width: 1024px) 100vw, 1024px\" \/><\/a><\/p>\n<p>&nbsp;<\/p>\n<p>&nbsp;<\/p>\n<p>&nbsp;<\/p>\n<p>&nbsp;<\/p>\n","protected":false},"excerpt":{"rendered":"<p>L\u2019Escola Vora Mar va iniciar la seva traject\u00f2ria el curs 2007-2008, i des d\u2019aleshores ha anat creixent any rere any, [&hellip;]<\/p>\n","protected":false},"author":1,"featured_media":0,"parent":22,"menu_order":20,"comment_status":"closed","ping_status":"closed","template":"page-templates\/side-menu.php","meta":{"_bbp_topic_count":0,"_bbp_reply_count":0,"_bbp_total_topic_count":0,"_bbp_total_reply_count":0,"_bbp_voice_count":0,"_bbp_anonymous_reply_count":0,"_bbp_topic_count_hidden":0,"_bbp_reply_count_hidden":0,"_bbp_forum_subforum_count":0,"site-sidebar-layout":"default","site-content-layout":"","ast-site-content-layout":"","site-content-style":"default","site-sidebar-style":"default","ast-global-header-display":"","ast-banner-title-visibility":"","ast-main-header-display":"","ast-hfb-above-header-display":"","ast-hfb-below-header-display":"","ast-hfb-mobile-header-display":"","site-post-title":"","ast-breadcrumbs-content":"","ast-featured-img":"","footer-sml-layout":"","theme-transparent-header-meta":"","adv-header-id-meta":"","stick-header-meta":"","header-above-stick-meta":"","header-main-stick-meta":"","header-below-stick-meta":"","astra-migrate-meta-layouts":"default","ast-page-background-enabled":"default","ast-page-background-meta":{"desktop":{"background-color":"var(--ast-global-color-4)","background-image":"","background-repeat":"repeat","background-position":"center center","background-size":"auto","background-attachment":"scroll","background-type":"","background-media":"","overlay-type":"","overlay-color":"","overlay-opacity":"","overlay-gradient":""},"tablet":{"background-color":"","background-image":"","background-repeat":"repeat","background-position":"center center","background-size":"auto","background-attachment":"scroll","background-type":"","background-media":"","overlay-type":"","overlay-color":"","overlay-opacity":"","overlay-gradient":""},"mobile":{"background-color":"","background-image":"","background-repeat":"repeat","background-position":"center center","background-size":"auto","background-attachment":"scroll","background-type":"","background-media":"","overlay-type":"","overlay-color":"","overlay-opacity":"","overlay-gradient":""}},"ast-content-background-meta":{"desktop":{"background-color":"var(--ast-global-color-5)","background-image":"","background-repeat":"repeat","background-position":"center center","background-size":"auto","background-attachment":"scroll","background-type":"","background-media":"","overlay-type":"","overlay-color":"","overlay-opacity":"","overlay-gradient":""},"tablet":{"background-color":"var(--ast-global-color-5)","background-image":"","background-repeat":"repeat","background-position":"center center","background-size":"auto","background-attachment":"scroll","background-type":"","background-media":"","overlay-type":"","overlay-color":"","overlay-opacity":"","overlay-gradient":""},"mobile":{"background-color":"var(--ast-global-color-5)","background-image":"","background-repeat":"repeat","background-position":"center center","background-size":"auto","background-attachment":"scroll","background-type":"","background-media":"","overlay-type":"","overlay-color":"","overlay-opacity":"","overlay-gradient":""}},"footnotes":""},"class_list":["post-26","page","type-page","status-publish","hentry"],"post_mailing_queue_ids":[],"_links":{"self":[{"href":"https:\/\/agora.xtec.cat\/esc-voramarsalou\/wp-json\/wp\/v2\/pages\/26","targetHints":{"allow":["GET"]}}],"collection":[{"href":"https:\/\/agora.xtec.cat\/esc-voramarsalou\/wp-json\/wp\/v2\/pages"}],"about":[{"href":"https:\/\/agora.xtec.cat\/esc-voramarsalou\/wp-json\/wp\/v2\/types\/page"}],"author":[{"embeddable":true,"href":"https:\/\/agora.xtec.cat\/esc-voramarsalou\/wp-json\/wp\/v2\/users\/1"}],"replies":[{"embeddable":true,"href":"https:\/\/agora.xtec.cat\/esc-voramarsalou\/wp-json\/wp\/v2\/comments?post=26"}],"version-history":[{"count":5,"href":"https:\/\/agora.xtec.cat\/esc-voramarsalou\/wp-json\/wp\/v2\/pages\/26\/revisions"}],"predecessor-version":[{"id":1433,"href":"https:\/\/agora.xtec.cat\/esc-voramarsalou\/wp-json\/wp\/v2\/pages\/26\/revisions\/1433"}],"up":[{"embeddable":true,"href":"https:\/\/agora.xtec.cat\/esc-voramarsalou\/wp-json\/wp\/v2\/pages\/22"}],"wp:attachment":[{"href":"https:\/\/agora.xtec.cat\/esc-voramarsalou\/wp-json\/wp\/v2\/media?parent=26"}],"curies":[{"name":"wp","href":"https:\/\/api.w.org\/{rel}","templated":true}]}}