{"id":969,"date":"2020-12-18T16:36:47","date_gmt":"2020-12-18T15:36:47","guid":{"rendered":"https:\/\/agora.xtec.cat\/esc-voltrega\/?page_id=969"},"modified":"2025-02-19T12:05:35","modified_gmt":"2025-02-19T11:05:35","slug":"tertulies-literaries","status":"publish","type":"page","link":"https:\/\/agora.xtec.cat\/esc-voltrega\/documents-de-centre\/pojecte-enxaneta\/tertulies-literaries\/","title":{"rendered":"Tert\u00falies liter\u00e0ries"},"content":{"rendered":"<p style=\"text-align: center;\"><a href=\"https:\/\/photos.app.goo.gl\/TuMd9LqoSvBbVHqT9\" target=\"_blank\" rel=\"noopener noreferrer\"><img loading=\"lazy\" decoding=\"async\" class=\" wp-image-1191 aligncenter\" src=\"https:\/\/agora.xtec.cat\/esc-voltrega\/wp-content\/uploads\/usu2227\/2021\/02\/IMG-20210121-WA0008-1024x768.jpg\" alt=\"\" width=\"876\" height=\"657\" srcset=\"https:\/\/agora.xtec.cat\/esc-voltrega\/wp-content\/uploads\/usu2227\/2021\/02\/IMG-20210121-WA0008-1024x768.jpg 1024w, https:\/\/agora.xtec.cat\/esc-voltrega\/wp-content\/uploads\/usu2227\/2021\/02\/IMG-20210121-WA0008-300x225.jpg 300w, https:\/\/agora.xtec.cat\/esc-voltrega\/wp-content\/uploads\/usu2227\/2021\/02\/IMG-20210121-WA0008-768x576.jpg 768w, https:\/\/agora.xtec.cat\/esc-voltrega\/wp-content\/uploads\/usu2227\/2021\/02\/IMG-20210121-WA0008-200x150.jpg 200w, https:\/\/agora.xtec.cat\/esc-voltrega\/wp-content\/uploads\/usu2227\/2021\/02\/IMG-20210121-WA0008.jpg 1504w\" sizes=\"auto, (max-width: 876px) 100vw, 876px\" \/>Clica la imatge per veure m\u00e9s fotografies.<\/a><\/p>\n<p><strong>QU\u00c8 S\u00d3N?<\/strong><\/p>\n<p>Es tracta de la construcci\u00f3 col\u00b7lectiva de significat i coneixement sobre la base del di\u00e0leg amb tot l\u2019alumnat participant en la tert\u00falia. El funcionament de les tert\u00falies dial\u00f2giques es basa en els 7 principis de l\u2019Aprenentatge Dial\u00f2gic i es desenvolupen en base a les millors creacions de la humanitat en diferents camps: des de la literatura fins a l\u2019art o la m\u00fasica.\u00a0A trav\u00e9s de les tert\u00falies dial\u00f2giques es potencia l\u2019apropament directe de l\u2019alumnat sense distinci\u00f3 d\u2019edat, g\u00e8nere, cultura o capacitat a la cultura cl\u00e0ssica universal i al coneixement cient\u00edfic acumulat per la humanitat al llarg del temps.\u00a0Les Tert\u00falies Dial\u00f2giques d\u2019aquests \u00e0mbits es basen nom\u00e9s en les obres que tothom est\u00e0 d\u2019acord que formen part de les millors creacions de la humanitat.<\/p>\n<p><strong>COM S\u2019ORGANITZEN?<\/strong><\/p>\n<p>A cada sessi\u00f3, tot l\u2019alumnat participant exposa la seva interpretaci\u00f3 sobre all\u00f2 en el que s\u2019est\u00e0 treballant en la tert\u00falia dial\u00f2gica (un text literari, una obra d\u2019art, una pe\u00e7a musical, una aportaci\u00f3 matem\u00e0tica, etc.). Aix\u00ed, expressa a la resta all\u00f2 que li ha suscitat, explicant per qu\u00e8 li ha cridat l\u2019atenci\u00f3, relacionant-lo amb di\u00e0legs previs en tert\u00falies anteriors, exposant la seva reflexi\u00f3 cr\u00edtica sobre aquest tema, etc. \u00a0A trav\u00e9s del di\u00e0leg i les aportacions de cada estudiant es genera un intercanvi enriquidor que permet aprofundir en all\u00f2 sobre el que es parla a la tert\u00falia, promovent al mateix temps la construcci\u00f3 de nous coneixements. \u00a0En cada sessi\u00f3 una de les persones participants assumeix el paper de moderadora amb la idea d\u2019afavorir una participaci\u00f3 igualit\u00e0ria entre tot l\u2019alumnat.\u00a0Per exemple, a la tert\u00falia liter\u00e0ria tot l\u2019alumnat es compromet a llegir un nombre de p\u00e0gines o cap\u00edtols i a triar par\u00e0grafs que despr\u00e9s a la tert\u00falia llegeixen en veu alta i expliquen el per qu\u00e8 de la seva elecci\u00f3. Debatent al voltant d\u2019ells.<\/p>\n","protected":false},"excerpt":{"rendered":"<p><a href=\"https:\/\/photos.app.goo.gl\/TuMd9LqoSvBbVHqT9\" target=\"_blank\" rel=\"noopener noreferrer\">Clica la imatge per veure m\u00e9s fotografies.<\/a><br \/>\nQU\u00c8 S\u00d3N?<br \/>\nEs tracta de la construcci\u00f3 col\u00b7lectiva de significat i coneixement sobre la base del di\u00e0leg amb tot l\u2019alumnat participant en la tert\u00falia. El funcionament de les tert\u00falies dial\u00f2giques es basa en els 7 principis&hellip;  <a href=\"https:\/\/agora.xtec.cat\/esc-voltrega\/documents-de-centre\/pojecte-enxaneta\/tertulies-literaries\/\" title=\"Read Tert\u00falies liter\u00e0ries\">Llegeix m\u00e9s\u00bb<\/a><\/p>\n","protected":false},"author":1,"featured_media":0,"parent":965,"menu_order":30,"comment_status":"closed","ping_status":"closed","template":"page-templates\/side-menu.php","meta":{"_bbp_topic_count":0,"_bbp_reply_count":0,"_bbp_total_topic_count":0,"_bbp_total_reply_count":0,"_bbp_voice_count":0,"_bbp_anonymous_reply_count":0,"_bbp_topic_count_hidden":0,"_bbp_reply_count_hidden":0,"_bbp_forum_subforum_count":0,"footnotes":""},"class_list":["post-969","page","type-page","status-publish","hentry"],"post_mailing_queue_ids":[],"_links":{"self":[{"href":"https:\/\/agora.xtec.cat\/esc-voltrega\/wp-json\/wp\/v2\/pages\/969","targetHints":{"allow":["GET"]}}],"collection":[{"href":"https:\/\/agora.xtec.cat\/esc-voltrega\/wp-json\/wp\/v2\/pages"}],"about":[{"href":"https:\/\/agora.xtec.cat\/esc-voltrega\/wp-json\/wp\/v2\/types\/page"}],"author":[{"embeddable":true,"href":"https:\/\/agora.xtec.cat\/esc-voltrega\/wp-json\/wp\/v2\/users\/1"}],"replies":[{"embeddable":true,"href":"https:\/\/agora.xtec.cat\/esc-voltrega\/wp-json\/wp\/v2\/comments?post=969"}],"version-history":[{"count":4,"href":"https:\/\/agora.xtec.cat\/esc-voltrega\/wp-json\/wp\/v2\/pages\/969\/revisions"}],"predecessor-version":[{"id":1194,"href":"https:\/\/agora.xtec.cat\/esc-voltrega\/wp-json\/wp\/v2\/pages\/969\/revisions\/1194"}],"up":[{"embeddable":true,"href":"https:\/\/agora.xtec.cat\/esc-voltrega\/wp-json\/wp\/v2\/pages\/965"}],"wp:attachment":[{"href":"https:\/\/agora.xtec.cat\/esc-voltrega\/wp-json\/wp\/v2\/media?parent=969"}],"curies":[{"name":"wp","href":"https:\/\/api.w.org\/{rel}","templated":true}]}}