{"id":80,"date":"2014-09-18T14:09:48","date_gmt":"2014-09-18T13:09:48","guid":{"rendered":"http:\/\/agora.xtec.cat\/esc-voltrega\/?page_id=80"},"modified":"2026-02-12T13:21:46","modified_gmt":"2026-02-12T12:21:46","slug":"transport-escolar","status":"publish","type":"page","link":"https:\/\/agora.xtec.cat\/esc-voltrega\/serveis\/transport-escolar\/","title":{"rendered":"Socialitzaci\u00f3 de llibres"},"content":{"rendered":"<p><strong>Qu\u00e8 vol dir socialitzar?<\/strong><br \/>\nSocialitzaci\u00f3 vol dir que els llibres i material did\u00e0ctic comprat no pertanyen a l\u2019alumne, sin\u00f3 que s\u00f3n propietat de l\u2019escola. En aquest format de compra, les fam\u00edlies no han de fer una despesa tan elevada comprant alguns dels materials de forma individual per a cada infant, sin\u00f3 que s\u2019utilitza material i llibres comuns entre els diferents infants i durant m\u00e9s d\u2019un curs. Acostumen a ser llibres de consulta del projecte, llibres de tert\u00falies, material de lectroescriptora, Innovamat i agendes.<\/p>\n<p><strong>Qui <em>participa<\/em> en el projecte?<\/strong><br \/>\nEn poden formar part tots els alumnes de l\u2019escola que els seus familiars siguin socis de l\u2019AFA i estiguin al corrent de pagament de les quotes. Les fam\u00edlies que s\u2019adhereixin al projecte, pagaran la quota corresponent (infantil o prim\u00e0ria) i se\u2019ls subministraran els llibres necessaris. Les fam\u00edlies que no s\u2019adhereixin al projecte se\u2019ls far\u00e0 arribar un llistat dels llibres i materials necessaris, que s\u2019hauran de comprar ells mateixos (el cost \u00e9s molt m\u00e9s elevat que utilitzant la socialitzaci\u00f3).<\/p>\n<p><strong>Qu\u00e8 haur\u00e0 de fer cadasc\u00fa?<\/strong><br \/>\n<em>Escola:<\/em> La seva tasca consistir\u00e0 en vetllar pel bon \u00fas del material dins les aules. Escolliran els llibres tenint en compte els criteris pedag\u00f2gics. Recordaran als alumnes, dia a dia, la necessitat de tractar amb cura i respecte els llibres.<br \/>\n<em>Alumnes<\/em>: S\u00f3n els veritables protagonistes del projecte. L\u2019\u00e8xit d\u2019aquest dep\u00e8n de la seva actitud responsable amb el material.<br \/>\n<em>Fam\u00edlies<\/em>: La seva responsabilitat passa per la inculcaci\u00f3 de valors del respecte vers als objectes comunitaris i tamb\u00e9 pels propis.<\/p>\n<p>CONCEPTE QUOTA A PAGAR<\/p>\n<p>LLIBRES EDUCACI\u00d3 INFANTIL (I3 a I5) 20\u20ac\/alumne\/any<br \/>\nLLIBRES EDUCACI\u00d3 PRIMARIA (1er a 6\u00e8) 55\u20ac\/alumne\/any<\/p>\n<p>L\u2019import corresponent es passar\u00e0 per dinantia durant l\u2019agost.<\/p>\n<p><em><strong>NOTA<\/strong><\/em>: Aquests imports fan refer\u00e8ncia a socialitzaci\u00f3 de llibres i material did\u00e0ctic. La quota de material escolar va a part i \u00e9s l\u2019escola qui informar\u00e0 de l\u2019import associat.<\/p>\n","protected":false},"excerpt":{"rendered":"<p>Qu\u00e8 vol dir socialitzar?<br \/>\nSocialitzaci\u00f3 vol dir que els llibres i material did\u00e0ctic comprat no pertanyen a l\u2019alumne, sin\u00f3 que s\u00f3n propietat de l\u2019escola. En aquest format de compra, les fam\u00edlies no han de fer una despesa tan elevada comprant alguns dels materials de forma individual&hellip;  <a href=\"https:\/\/agora.xtec.cat\/esc-voltrega\/serveis\/transport-escolar\/\" title=\"Read Socialitzaci\u00f3 de llibres\">Llegeix m\u00e9s\u00bb<\/a><\/p>\n","protected":false},"author":1,"featured_media":0,"parent":66,"menu_order":40,"comment_status":"closed","ping_status":"closed","template":"page-templates\/side-menu.php","meta":{"_bbp_topic_count":0,"_bbp_reply_count":0,"_bbp_total_topic_count":0,"_bbp_total_reply_count":0,"_bbp_voice_count":0,"_bbp_anonymous_reply_count":0,"_bbp_topic_count_hidden":0,"_bbp_reply_count_hidden":0,"_bbp_forum_subforum_count":0,"footnotes":""},"class_list":["post-80","page","type-page","status-publish","hentry"],"post_mailing_queue_ids":[],"_links":{"self":[{"href":"https:\/\/agora.xtec.cat\/esc-voltrega\/wp-json\/wp\/v2\/pages\/80","targetHints":{"allow":["GET"]}}],"collection":[{"href":"https:\/\/agora.xtec.cat\/esc-voltrega\/wp-json\/wp\/v2\/pages"}],"about":[{"href":"https:\/\/agora.xtec.cat\/esc-voltrega\/wp-json\/wp\/v2\/types\/page"}],"author":[{"embeddable":true,"href":"https:\/\/agora.xtec.cat\/esc-voltrega\/wp-json\/wp\/v2\/users\/1"}],"replies":[{"embeddable":true,"href":"https:\/\/agora.xtec.cat\/esc-voltrega\/wp-json\/wp\/v2\/comments?post=80"}],"version-history":[{"count":3,"href":"https:\/\/agora.xtec.cat\/esc-voltrega\/wp-json\/wp\/v2\/pages\/80\/revisions"}],"predecessor-version":[{"id":5323,"href":"https:\/\/agora.xtec.cat\/esc-voltrega\/wp-json\/wp\/v2\/pages\/80\/revisions\/5323"}],"up":[{"embeddable":true,"href":"https:\/\/agora.xtec.cat\/esc-voltrega\/wp-json\/wp\/v2\/pages\/66"}],"wp:attachment":[{"href":"https:\/\/agora.xtec.cat\/esc-voltrega\/wp-json\/wp\/v2\/media?parent=80"}],"curies":[{"name":"wp","href":"https:\/\/api.w.org\/{rel}","templated":true}]}}