{"id":73,"date":"2014-09-18T14:01:51","date_gmt":"2014-09-18T13:01:51","guid":{"rendered":"http:\/\/agora.xtec.cat\/esc-voltrega\/?page_id=73"},"modified":"2026-02-12T13:27:43","modified_gmt":"2026-02-12T12:27:43","slug":"menjador-escolar","status":"publish","type":"page","link":"https:\/\/agora.xtec.cat\/esc-voltrega\/families\/menjador-escolar\/","title":{"rendered":"Menjador escolar"},"content":{"rendered":"<p><span class=\"im\"><b>Aquest any 2024, com a novetat, el menjador escolar ha passat ha ser concessi\u00f3 del Consell Escolar i per tant l&#8217;AFA ja no \u00e9s l&#8217;associaci\u00f3 gestora. El Consell ha subcontractat l&#8217;empresa 7 i tria perqu\u00e8 gestioni el seu funcionament.<\/b><\/span><\/p>\n<p><span class=\"im\"><b><br \/>\n<iframe loading=\"lazy\" src=\"https:\/\/agora.xtec.cat\/esc-voltrega\/wp-content\/uploads\/usu2227\/2024\/10\/CARTA-BENVIGUDA-CURS-1.pdf\" width=\"700\" height=\"600\"><span style=\"display: inline-block; width: 0px; overflow: hidden; line-height: 0;\" data-mce-type=\"bookmark\" class=\"mce_SELRES_start\">\ufeff<\/span><span style=\"display: inline-block; width: 0px; overflow: hidden; line-height: 0;\" data-mce-type=\"bookmark\" class=\"mce_SELRES_start\">\ufeff<\/span><span style=\"display: inline-block; width: 0px; overflow: hidden; line-height: 0;\" data-mce-type=\"bookmark\" class=\"mce_SELRES_start\">\ufeff<\/span><span style=\"display: inline-block; width: 0px; overflow: hidden; line-height: 0;\" data-mce-type=\"bookmark\" class=\"mce_SELRES_start\">\ufeff<\/span><span style=\"display: inline-block; width: 0px; overflow: hidden; line-height: 0;\" data-mce-type=\"bookmark\" class=\"mce_SELRES_start\">\ufeff<\/span><\/iframe><\/b><\/span><\/p>\n","protected":false},"excerpt":{"rendered":"<p>Aquest any 2024, com a novetat, el menjador escolar ha passat ha ser concessi\u00f3 del Consell Escolar i per tant l&#8217;AFA ja no \u00e9s l&#8217;associaci\u00f3 gestora. El Consell ha subcontractat l&#8217;empresa 7 i tria perqu\u00e8 gestioni el seu funcionament.<\/p>\n<p>\ufeff\ufeff\ufeff\ufeff\ufeff<\/p>\n","protected":false},"author":1,"featured_media":0,"parent":4906,"menu_order":30,"comment_status":"closed","ping_status":"closed","template":"page-templates\/side-menu.php","meta":{"_bbp_topic_count":0,"_bbp_reply_count":0,"_bbp_total_topic_count":0,"_bbp_total_reply_count":0,"_bbp_voice_count":0,"_bbp_anonymous_reply_count":0,"_bbp_topic_count_hidden":0,"_bbp_reply_count_hidden":0,"_bbp_forum_subforum_count":0,"footnotes":""},"class_list":["post-73","page","type-page","status-publish","hentry"],"post_mailing_queue_ids":[],"_links":{"self":[{"href":"https:\/\/agora.xtec.cat\/esc-voltrega\/wp-json\/wp\/v2\/pages\/73","targetHints":{"allow":["GET"]}}],"collection":[{"href":"https:\/\/agora.xtec.cat\/esc-voltrega\/wp-json\/wp\/v2\/pages"}],"about":[{"href":"https:\/\/agora.xtec.cat\/esc-voltrega\/wp-json\/wp\/v2\/types\/page"}],"author":[{"embeddable":true,"href":"https:\/\/agora.xtec.cat\/esc-voltrega\/wp-json\/wp\/v2\/users\/1"}],"replies":[{"embeddable":true,"href":"https:\/\/agora.xtec.cat\/esc-voltrega\/wp-json\/wp\/v2\/comments?post=73"}],"version-history":[{"count":2,"href":"https:\/\/agora.xtec.cat\/esc-voltrega\/wp-json\/wp\/v2\/pages\/73\/revisions"}],"predecessor-version":[{"id":4901,"href":"https:\/\/agora.xtec.cat\/esc-voltrega\/wp-json\/wp\/v2\/pages\/73\/revisions\/4901"}],"up":[{"embeddable":true,"href":"https:\/\/agora.xtec.cat\/esc-voltrega\/wp-json\/wp\/v2\/pages\/4906"}],"wp:attachment":[{"href":"https:\/\/agora.xtec.cat\/esc-voltrega\/wp-json\/wp\/v2\/media?parent=73"}],"curies":[{"name":"wp","href":"https:\/\/api.w.org\/{rel}","templated":true}]}}