{"id":71,"date":"2014-09-18T12:44:56","date_gmt":"2014-09-18T10:44:56","guid":{"rendered":"http:\/\/agora.xtec.cat\/esc-voltrega\/?page_id=71"},"modified":"2024-02-14T14:56:28","modified_gmt":"2024-02-14T13:56:28","slug":"serveis-digitals","status":"publish","type":"page","link":"https:\/\/agora.xtec.cat\/esc-voltrega\/documents-de-centre\/serveis-digitals\/","title":{"rendered":"Estrat\u00e8gia digital de centre"},"content":{"rendered":"<p>Durant el curs 2022-2023, la Comissi\u00f3 d&#8217;Estrat\u00e8gia Digital de Centre ha estat elaborant el pla que defineix i estructura els objectius marcats pel Departament d&#8217;Educaci\u00f3 en mat\u00e8ria de compet\u00e8ncia digital per tal de fer possible l&#8217;assoliment de les compet\u00e8ncies per part de l&#8217;alumnat, docents i centre.<\/p>\n<p>En el seg\u00fcent <a href=\"https:\/\/sites.google.com\/escolavoltrega.cat\/fic\/inici\" target=\"_blank\" rel=\"noopener\">enlla\u00e7<\/a> trobareu la p\u00e0gina web que cont\u00e9 aquest pla.<\/p>\n<p>&nbsp;<\/p>\n","protected":false},"excerpt":{"rendered":"<p>Durant el curs 2022-2023, la Comissi\u00f3 d&#8217;Estrat\u00e8gia Digital de Centre ha estat elaborant el pla que defineix i estructura els objectius marcats pel Departament d&#8217;Educaci\u00f3 en mat\u00e8ria de compet\u00e8ncia digital per tal de fer possible l&#8217;assoliment de les compet\u00e8ncies per part de l&#8217;alumnat, docents i&hellip;  <a href=\"https:\/\/agora.xtec.cat\/esc-voltrega\/documents-de-centre\/serveis-digitals\/\" title=\"Read Estrat\u00e8gia digital de centre\">Llegeix m\u00e9s\u00bb<\/a><\/p>\n","protected":false},"author":1,"featured_media":0,"parent":4484,"menu_order":20,"comment_status":"closed","ping_status":"closed","template":"page-templates\/side-menu.php","meta":{"_bbp_topic_count":0,"_bbp_reply_count":0,"_bbp_total_topic_count":0,"_bbp_total_reply_count":0,"_bbp_voice_count":0,"_bbp_anonymous_reply_count":0,"_bbp_topic_count_hidden":0,"_bbp_reply_count_hidden":0,"_bbp_forum_subforum_count":0,"footnotes":""},"class_list":["post-71","page","type-page","status-publish","hentry"],"post_mailing_queue_ids":[],"_links":{"self":[{"href":"https:\/\/agora.xtec.cat\/esc-voltrega\/wp-json\/wp\/v2\/pages\/71","targetHints":{"allow":["GET"]}}],"collection":[{"href":"https:\/\/agora.xtec.cat\/esc-voltrega\/wp-json\/wp\/v2\/pages"}],"about":[{"href":"https:\/\/agora.xtec.cat\/esc-voltrega\/wp-json\/wp\/v2\/types\/page"}],"author":[{"embeddable":true,"href":"https:\/\/agora.xtec.cat\/esc-voltrega\/wp-json\/wp\/v2\/users\/1"}],"replies":[{"embeddable":true,"href":"https:\/\/agora.xtec.cat\/esc-voltrega\/wp-json\/wp\/v2\/comments?post=71"}],"version-history":[{"count":3,"href":"https:\/\/agora.xtec.cat\/esc-voltrega\/wp-json\/wp\/v2\/pages\/71\/revisions"}],"predecessor-version":[{"id":4198,"href":"https:\/\/agora.xtec.cat\/esc-voltrega\/wp-json\/wp\/v2\/pages\/71\/revisions\/4198"}],"up":[{"embeddable":true,"href":"https:\/\/agora.xtec.cat\/esc-voltrega\/wp-json\/wp\/v2\/pages\/4484"}],"wp:attachment":[{"href":"https:\/\/agora.xtec.cat\/esc-voltrega\/wp-json\/wp\/v2\/media?parent=71"}],"curies":[{"name":"wp","href":"https:\/\/api.w.org\/{rel}","templated":true}]}}