{"id":4906,"date":"2024-10-01T16:48:38","date_gmt":"2024-10-01T14:48:38","guid":{"rendered":"https:\/\/agora.xtec.cat\/esc-voltrega\/?page_id=4906"},"modified":"2024-10-01T16:48:38","modified_gmt":"2024-10-01T14:48:38","slug":"families","status":"publish","type":"page","link":"https:\/\/agora.xtec.cat\/esc-voltrega\/families\/","title":{"rendered":"Fam\u00edlies"},"content":{"rendered":"<p>Aqu\u00ed trobareu informacions que poden ser \u00fatils pel dia a dia de l&#8217;escola i que s&#8217;han tractat a reunions amb fam\u00edlies.<\/p>\n","protected":false},"excerpt":{"rendered":"<p>Aqu\u00ed trobareu informacions que poden ser \u00fatils pel dia a dia de l&#8217;escola i que s&#8217;han tractat a reunions amb fam\u00edlies.<\/p>\n","protected":false},"author":1,"featured_media":0,"parent":0,"menu_order":0,"comment_status":"closed","ping_status":"closed","template":"page-templates\/side-menu.php","meta":{"_bbp_topic_count":0,"_bbp_reply_count":0,"_bbp_total_topic_count":0,"_bbp_total_reply_count":0,"_bbp_voice_count":0,"_bbp_anonymous_reply_count":0,"_bbp_topic_count_hidden":0,"_bbp_reply_count_hidden":0,"_bbp_forum_subforum_count":0,"footnotes":""},"class_list":["post-4906","page","type-page","status-publish","hentry"],"post_mailing_queue_ids":[],"_links":{"self":[{"href":"https:\/\/agora.xtec.cat\/esc-voltrega\/wp-json\/wp\/v2\/pages\/4906","targetHints":{"allow":["GET"]}}],"collection":[{"href":"https:\/\/agora.xtec.cat\/esc-voltrega\/wp-json\/wp\/v2\/pages"}],"about":[{"href":"https:\/\/agora.xtec.cat\/esc-voltrega\/wp-json\/wp\/v2\/types\/page"}],"author":[{"embeddable":true,"href":"https:\/\/agora.xtec.cat\/esc-voltrega\/wp-json\/wp\/v2\/users\/1"}],"replies":[{"embeddable":true,"href":"https:\/\/agora.xtec.cat\/esc-voltrega\/wp-json\/wp\/v2\/comments?post=4906"}],"version-history":[{"count":1,"href":"https:\/\/agora.xtec.cat\/esc-voltrega\/wp-json\/wp\/v2\/pages\/4906\/revisions"}],"predecessor-version":[{"id":4911,"href":"https:\/\/agora.xtec.cat\/esc-voltrega\/wp-json\/wp\/v2\/pages\/4906\/revisions\/4911"}],"wp:attachment":[{"href":"https:\/\/agora.xtec.cat\/esc-voltrega\/wp-json\/wp\/v2\/media?parent=4906"}],"curies":[{"name":"wp","href":"https:\/\/api.w.org\/{rel}","templated":true}]}}