{"id":4501,"date":"2024-02-14T13:32:25","date_gmt":"2024-02-14T12:32:25","guid":{"rendered":"https:\/\/agora.xtec.cat\/esc-voltrega\/?page_id=4501"},"modified":"2024-02-14T13:34:52","modified_gmt":"2024-02-14T12:34:52","slug":"projecte-linguistic","status":"publish","type":"page","link":"https:\/\/agora.xtec.cat\/esc-voltrega\/documents-de-centre\/projecte-linguistic\/","title":{"rendered":"Projecte ling\u00fc\u00edstic"},"content":{"rendered":"<p>El projecte ling\u00fc\u00edstic recull els aspectes fonamentals en relacions a les lleng\u00fces que s&#8217;utilitzen a l&#8217;escola i al context social de la mateixa.<\/p>\n<p><iframe loading=\"lazy\" src=\"https:\/\/agora.xtec.cat\/esc-voltrega\/wp-content\/uploads\/usu2227\/2024\/02\/PROJECTE-LINGUISTIC-DEFINITIU.docx.pdf\" width=\"800\" height=\"700\" ><\/iframe><\/p>\n","protected":false},"excerpt":{"rendered":"<p>El projecte ling\u00fc\u00edstic recull els aspectes fonamentals en relacions a les lleng\u00fces que s&#8217;utilitzen a l&#8217;escola i al context social de la mateixa.<\/p>\n","protected":false},"author":1,"featured_media":0,"parent":4484,"menu_order":10,"comment_status":"closed","ping_status":"closed","template":"page-templates\/side-menu.php","meta":{"_bbp_topic_count":0,"_bbp_reply_count":0,"_bbp_total_topic_count":0,"_bbp_total_reply_count":0,"_bbp_voice_count":0,"_bbp_anonymous_reply_count":0,"_bbp_topic_count_hidden":0,"_bbp_reply_count_hidden":0,"_bbp_forum_subforum_count":0,"footnotes":""},"class_list":["post-4501","page","type-page","status-publish","hentry"],"post_mailing_queue_ids":[],"_links":{"self":[{"href":"https:\/\/agora.xtec.cat\/esc-voltrega\/wp-json\/wp\/v2\/pages\/4501","targetHints":{"allow":["GET"]}}],"collection":[{"href":"https:\/\/agora.xtec.cat\/esc-voltrega\/wp-json\/wp\/v2\/pages"}],"about":[{"href":"https:\/\/agora.xtec.cat\/esc-voltrega\/wp-json\/wp\/v2\/types\/page"}],"author":[{"embeddable":true,"href":"https:\/\/agora.xtec.cat\/esc-voltrega\/wp-json\/wp\/v2\/users\/1"}],"replies":[{"embeddable":true,"href":"https:\/\/agora.xtec.cat\/esc-voltrega\/wp-json\/wp\/v2\/comments?post=4501"}],"version-history":[{"count":2,"href":"https:\/\/agora.xtec.cat\/esc-voltrega\/wp-json\/wp\/v2\/pages\/4501\/revisions"}],"predecessor-version":[{"id":4506,"href":"https:\/\/agora.xtec.cat\/esc-voltrega\/wp-json\/wp\/v2\/pages\/4501\/revisions\/4506"}],"up":[{"embeddable":true,"href":"https:\/\/agora.xtec.cat\/esc-voltrega\/wp-json\/wp\/v2\/pages\/4484"}],"wp:attachment":[{"href":"https:\/\/agora.xtec.cat\/esc-voltrega\/wp-json\/wp\/v2\/media?parent=4501"}],"curies":[{"name":"wp","href":"https:\/\/api.w.org\/{rel}","templated":true}]}}