{"id":26,"date":"2014-09-18T12:24:32","date_gmt":"2014-09-18T11:24:32","guid":{"rendered":"http:\/\/agora.xtec.cat\/esc-voltrega\/?page_id=26"},"modified":"2024-09-26T16:32:07","modified_gmt":"2024-09-26T14:32:07","slug":"historia","status":"publish","type":"page","link":"https:\/\/agora.xtec.cat\/esc-voltrega\/historia\/","title":{"rendered":"Hist\u00f2ria"},"content":{"rendered":"<p>L\u2019Escola Voltreg\u00e0 neix l\u2019any 2020 de la uni\u00f3 de dues escoles; l&#8217;Abat Oliba i El Despujol. El nom de l&#8217;escola representa les poblacions que engloben la zona del Voltregan\u00e8s; Masies, Sant Hip\u00f2lit i Santa Cec\u00edlia. En aquests moments la conformen 335 infants de P3 a 6\u00e8 organitzats en dues l\u00ednies.<\/p>\n<p>La nostra hist\u00f2ria \u00e9s recent i curta, encara est\u00e0 per escriure. Per\u00f2 volem fer-ho amb les fam\u00edlies i, sobretot, les nenes i nens que en formen part. Volem que sigui la hist\u00f2ria d&#8217;un projecte transformador i integrador, on cada dia hi passin coses de les que tothom en pugui aprendre, per\u00f2 sempre amb l&#8217;infant al centre.<\/p>\n<p>&nbsp;<\/p>\n<p>&nbsp;<\/p>\n","protected":false},"excerpt":{"rendered":"<p>L\u2019Escola Voltreg\u00e0 neix l\u2019any 2020 de la uni\u00f3 de dues escoles; l&#8217;Abat Oliba i El Despujol. El nom de l&#8217;escola representa les poblacions que engloben la zona del Voltregan\u00e8s; Masies, Sant Hip\u00f2lit i Santa Cec\u00edlia. En aquests moments la conformen 335 infants de P3 a&hellip;  <a href=\"https:\/\/agora.xtec.cat\/esc-voltrega\/historia\/\" title=\"Read Hist\u00f2ria\">Llegeix m\u00e9s\u00bb<\/a><\/p>\n","protected":false},"author":1,"featured_media":0,"parent":0,"menu_order":10,"comment_status":"closed","ping_status":"closed","template":"page-templates\/side-menu.php","meta":{"_bbp_topic_count":0,"_bbp_reply_count":0,"_bbp_total_topic_count":0,"_bbp_total_reply_count":0,"_bbp_voice_count":0,"_bbp_anonymous_reply_count":0,"_bbp_topic_count_hidden":0,"_bbp_reply_count_hidden":0,"_bbp_forum_subforum_count":0,"footnotes":""},"class_list":["post-26","page","type-page","status-publish","hentry"],"post_mailing_queue_ids":[],"_links":{"self":[{"href":"https:\/\/agora.xtec.cat\/esc-voltrega\/wp-json\/wp\/v2\/pages\/26","targetHints":{"allow":["GET"]}}],"collection":[{"href":"https:\/\/agora.xtec.cat\/esc-voltrega\/wp-json\/wp\/v2\/pages"}],"about":[{"href":"https:\/\/agora.xtec.cat\/esc-voltrega\/wp-json\/wp\/v2\/types\/page"}],"author":[{"embeddable":true,"href":"https:\/\/agora.xtec.cat\/esc-voltrega\/wp-json\/wp\/v2\/users\/1"}],"replies":[{"embeddable":true,"href":"https:\/\/agora.xtec.cat\/esc-voltrega\/wp-json\/wp\/v2\/comments?post=26"}],"version-history":[{"count":3,"href":"https:\/\/agora.xtec.cat\/esc-voltrega\/wp-json\/wp\/v2\/pages\/26\/revisions"}],"predecessor-version":[{"id":704,"href":"https:\/\/agora.xtec.cat\/esc-voltrega\/wp-json\/wp\/v2\/pages\/26\/revisions\/704"}],"wp:attachment":[{"href":"https:\/\/agora.xtec.cat\/esc-voltrega\/wp-json\/wp\/v2\/media?parent=26"}],"curies":[{"name":"wp","href":"https:\/\/api.w.org\/{rel}","templated":true}]}}