{"id":764,"date":"2017-10-18T10:24:36","date_gmt":"2017-10-18T08:24:36","guid":{"rendered":"http:\/\/agora.xtec.cat\/esc-vinyesverdes\/?page_id=764"},"modified":"2024-12-10T12:00:49","modified_gmt":"2024-12-10T11:00:49","slug":"carta-de-compromis-educatiu","status":"publish","type":"page","link":"https:\/\/agora.xtec.cat\/esc-vinyesverdes\/carta-de-compromis-educatiu\/","title":{"rendered":"Carta de Comprom\u00eds Educatiu"},"content":{"rendered":"<p>L&#8217;objectiu de la Carta de Comprom\u00eds Educatiu a cadascun dels cicles (Hi ha tres models adaptats a les necessitats: al 1r i al 2n cicle d&#8217;educaci\u00f3 infantil i a Prim\u00e0ria) \u00e9s expressar els objectius necessaris per assolir un entorn de conviv\u00e8ncia i respecte pel desenvolupament de les activitats educatives. Centre i fam\u00edlia s&#8217;han d&#8217;avenir a compartir els principis que inspiren la Carta, i que han de respectar els drets i les llibertats de les fam\u00edlies, aix\u00ed com el Projecte Educatiu del Centre.<\/p>\n<p>Aquesta carta t\u00e9 per finalitat facilitar la cooperaci\u00f3 entre les accions educatives de les fam\u00edlies i les del centre educatiu.<\/p>\n<p>En concret:<\/p>\n<ul>\n<li>Que la fam\u00edlia conegui el Projecte Educatiu del Centre i s&#8217;hi comprometi.<\/li>\n<li>Millorar la informaci\u00f3 i comunicaci\u00f3 entre el centre educatiu i les fam\u00edlies.<\/li>\n<li>Facilitar el compliment dels drets i deures de la comunitat educativa.<\/li>\n<li>Fomentar la conviv\u00e8ncia i el bon clima escolar.<\/li>\n<li>Corresponsabilitzar el centre i la fam\u00edlia en les diferents mesures educatives que puguin rebre els\/les vostres fills\/es.<\/li>\n<\/ul>\n<p><strong>Aqu\u00ed us podeu descarregar les cartes de comprom\u00eds educatiu:<\/strong><\/p>\n<p><strong><span style=\"color: #3366ff;\">Carta comprom\u00eds 1er Cicle Educaci\u00f3 Infantil_ I1-I2 <\/span><\/strong><\/p>\n<p><a href=\"https:\/\/agora.xtec.cat\/esc-vinyesverdes\/wp-content\/uploads\/usu1644\/2024\/12\/2024_06_14-Carta-compromis-Ed_Infantil-I1-I2-escola.pdf\"><span style=\"color: #3366ff;\">Carta comprom\u00eds Educaci\u00f3 Infantil I1-I2 escola<\/span><\/a><\/p>\n<p><span style=\"color: #3366ff;\"><a style=\"color: #3366ff;\" href=\"https:\/\/agora.xtec.cat\/esc-vinyesverdes\/wp-content\/uploads\/usu1644\/2024\/12\/2024_06_14-Carta-compromis-Ed_Infantil-I1-I2-familia.pdf\"><span style=\"color: #3366ff;\">Carta comprom\u00eds Educaci\u00f3 Infantil I1-I2 fam\u00edlia<\/span><\/a><\/span><\/p>\n<p>&nbsp;<\/p>\n<p><strong><span style=\"color: #993366;\">Carta comprom\u00eds 2on Cicle Educaci\u00f3 Infantil_ I3-I4-I5<\/span><\/strong><\/p>\n<p><a href=\"https:\/\/agora.xtec.cat\/esc-vinyesverdes\/wp-content\/uploads\/usu1644\/2024\/12\/2024_06_14-Carta-compromis-Ed_Infantil-I3-I5-escola.pdf\"><span style=\"color: #993366;\">Carta comprom\u00eds Educaci\u00f3 Infantil I3-I5 escola<\/span><\/a><\/p>\n<p><span style=\"color: #993366;\"><a style=\"color: #993366;\" href=\"https:\/\/agora.xtec.cat\/esc-vinyesverdes\/wp-content\/uploads\/usu1644\/2024\/12\/2024_06_14-Carta-compromis-Ed_Infantil-I3-I5-familia.pdf\"><span style=\"color: #993366;\">Carta comprom\u00eds Educaci\u00f3 Infantil I3-I5 fam\u00edlia<\/span><\/a><\/span><\/p>\n<p>&nbsp;<\/p>\n<p><span style=\"color: #339966;\"><strong>Carta comprom\u00eds Prim\u00e0ria 1r a 6\u00e8<\/strong><\/span><\/p>\n<p><span style=\"color: #339966;\"><a style=\"color: #339966;\" href=\"https:\/\/agora.xtec.cat\/esc-vinyesverdes\/wp-content\/uploads\/usu1644\/2024\/12\/2024_12_10-Carta-compromis-Ed_Primaria-escola.pdf\">Carta comprom\u00eds Educaci\u00f3 Prim\u00e0ria escola<\/a><\/span><\/p>\n<p><span style=\"color: #339966;\"><a style=\"color: #339966;\" href=\"https:\/\/agora.xtec.cat\/esc-vinyesverdes\/wp-content\/uploads\/usu1644\/2024\/12\/2024_12_10-Carta-compromis-Ed_Primaria-familia.pdf\">Carta comprom\u00eds Educaci\u00f3 Prim\u00e0ria fam\u00edlia<\/a><\/span><\/p>\n<p>&nbsp;<\/p>\n<p>&nbsp;<\/p>\n<p style=\"text-align: right;\">\n","protected":false},"excerpt":{"rendered":"<p>L&#8217;objectiu de la Carta de Comprom\u00eds Educatiu a cadascun dels cicles (Hi ha tres models adaptats a les necessitats: al 1r i al 2n cicle d&#8217;educaci\u00f3 infantil i a Prim\u00e0ria) \u00e9s expressar els objectius necessaris per assolir un entorn de conviv\u00e8ncia i respecte pel desenvolupament&hellip;  <a href=\"https:\/\/agora.xtec.cat\/esc-vinyesverdes\/carta-de-compromis-educatiu\/\" title=\"Read Carta de Comprom\u00eds Educatiu\">Llegeix m\u00e9s\u00bb<\/a><\/p>\n","protected":false},"author":1,"featured_media":0,"parent":0,"menu_order":0,"comment_status":"closed","ping_status":"closed","template":"page-templates\/side-menu.php","meta":{"_bbp_topic_count":0,"_bbp_reply_count":0,"_bbp_total_topic_count":0,"_bbp_total_reply_count":0,"_bbp_voice_count":0,"_bbp_anonymous_reply_count":0,"_bbp_topic_count_hidden":0,"_bbp_reply_count_hidden":0,"_bbp_forum_subforum_count":0,"footnotes":""},"class_list":["post-764","page","type-page","status-publish","hentry"],"post_mailing_queue_ids":[],"_links":{"self":[{"href":"https:\/\/agora.xtec.cat\/esc-vinyesverdes\/wp-json\/wp\/v2\/pages\/764","targetHints":{"allow":["GET"]}}],"collection":[{"href":"https:\/\/agora.xtec.cat\/esc-vinyesverdes\/wp-json\/wp\/v2\/pages"}],"about":[{"href":"https:\/\/agora.xtec.cat\/esc-vinyesverdes\/wp-json\/wp\/v2\/types\/page"}],"author":[{"embeddable":true,"href":"https:\/\/agora.xtec.cat\/esc-vinyesverdes\/wp-json\/wp\/v2\/users\/1"}],"replies":[{"embeddable":true,"href":"https:\/\/agora.xtec.cat\/esc-vinyesverdes\/wp-json\/wp\/v2\/comments?post=764"}],"version-history":[{"count":7,"href":"https:\/\/agora.xtec.cat\/esc-vinyesverdes\/wp-json\/wp\/v2\/pages\/764\/revisions"}],"predecessor-version":[{"id":3982,"href":"https:\/\/agora.xtec.cat\/esc-vinyesverdes\/wp-json\/wp\/v2\/pages\/764\/revisions\/3982"}],"wp:attachment":[{"href":"https:\/\/agora.xtec.cat\/esc-vinyesverdes\/wp-json\/wp\/v2\/media?parent=764"}],"curies":[{"name":"wp","href":"https:\/\/api.w.org\/{rel}","templated":true}]}}