{"id":660,"date":"2017-09-13T11:25:50","date_gmt":"2017-09-13T09:25:50","guid":{"rendered":"http:\/\/agora.xtec.cat\/esc-vinyesverdes\/?page_id=660"},"modified":"2024-10-03T12:48:23","modified_gmt":"2024-10-03T10:48:23","slug":"english-day","status":"publish","type":"page","link":"https:\/\/agora.xtec.cat\/esc-vinyesverdes\/activitats\/english-day\/","title":{"rendered":"English Day"},"content":{"rendered":"<p class=\"Estilo4\" style=\"text-align: center;\"><img loading=\"lazy\" decoding=\"async\" class=\"alignnone wp-image-776\" src=\"http:\/\/agora.xtec.cat\/esc-vinyesverdes\/wp-content\/uploads\/usu1644\/2017\/09\/alargaaaada.jpg\" alt=\"\" width=\"412\" height=\"153\" srcset=\"https:\/\/agora.xtec.cat\/esc-vinyesverdes\/wp-content\/uploads\/usu1644\/2017\/09\/alargaaaada.jpg 628w, https:\/\/agora.xtec.cat\/esc-vinyesverdes\/wp-content\/uploads\/usu1644\/2017\/09\/alargaaaada-300x111.jpg 300w\" sizes=\"auto, (max-width: 412px) 100vw, 412px\" \/><\/p>\n<p class=\"Estilo4\" style=\"text-align: left;\"><span style=\"color: #000000;\">L&#8217;English Day \u00e9s una activitat que ofereix i dinamitza el CRP (Centre de Recursos Pedag\u00f2gics) de l&#8217;Anoia amb les escoles de la comarca que volen participar-hi, com \u00e9s la nostra. <\/span><\/p>\n<p class=\"Estilo4\" style=\"text-align: left;\"><span style=\"color: #000000;\">El seu objectiu \u00e9s gaudir i explorar diferents aspectes de la cultura dels pa\u00efsos de parla anglesa.<\/span><\/p>\n<p class=\"Estilo4\" style=\"text-align: left;\"><span style=\"color: #000000;\">Les activitats que es proposen tenen un centre d&#8217;inter\u00e8s com\u00fa que va canviant cada any.<\/span><\/p>\n<p class=\"Estilo4\" style=\"text-align: left;\"><span style=\"color: #000000;\">Durant aquest dia l&#8217;angl\u00e8s ser\u00e0 el protagonista de diversos tallers pels quals l&#8217;alumnat del centre anir\u00e0 passant i gaudint de la llengua d&#8217;una manera l\u00fadica, engrescadora i molt participativa.<\/span><\/p>\n","protected":false},"excerpt":{"rendered":"<p>L&#8217;English Day \u00e9s una activitat que ofereix i dinamitza el CRP (Centre de Recursos Pedag\u00f2gics) de l&#8217;Anoia amb les escoles de la comarca que volen participar-hi, com \u00e9s la nostra.<br \/>\nEl seu objectiu \u00e9s gaudir i explorar diferents aspectes de la cultura dels pa\u00efsos de&hellip;  <a href=\"https:\/\/agora.xtec.cat\/esc-vinyesverdes\/activitats\/english-day\/\" title=\"Read English Day\">Llegeix m\u00e9s\u00bb<\/a><\/p>\n","protected":false},"author":1,"featured_media":0,"parent":66,"menu_order":4,"comment_status":"closed","ping_status":"closed","template":"page-templates\/side-menu.php","meta":{"_bbp_topic_count":0,"_bbp_reply_count":0,"_bbp_total_topic_count":0,"_bbp_total_reply_count":0,"_bbp_voice_count":0,"_bbp_anonymous_reply_count":0,"_bbp_topic_count_hidden":0,"_bbp_reply_count_hidden":0,"_bbp_forum_subforum_count":0,"footnotes":""},"class_list":["post-660","page","type-page","status-publish","hentry"],"post_mailing_queue_ids":[],"_links":{"self":[{"href":"https:\/\/agora.xtec.cat\/esc-vinyesverdes\/wp-json\/wp\/v2\/pages\/660","targetHints":{"allow":["GET"]}}],"collection":[{"href":"https:\/\/agora.xtec.cat\/esc-vinyesverdes\/wp-json\/wp\/v2\/pages"}],"about":[{"href":"https:\/\/agora.xtec.cat\/esc-vinyesverdes\/wp-json\/wp\/v2\/types\/page"}],"author":[{"embeddable":true,"href":"https:\/\/agora.xtec.cat\/esc-vinyesverdes\/wp-json\/wp\/v2\/users\/1"}],"replies":[{"embeddable":true,"href":"https:\/\/agora.xtec.cat\/esc-vinyesverdes\/wp-json\/wp\/v2\/comments?post=660"}],"version-history":[{"count":5,"href":"https:\/\/agora.xtec.cat\/esc-vinyesverdes\/wp-json\/wp\/v2\/pages\/660\/revisions"}],"predecessor-version":[{"id":3860,"href":"https:\/\/agora.xtec.cat\/esc-vinyesverdes\/wp-json\/wp\/v2\/pages\/660\/revisions\/3860"}],"up":[{"embeddable":true,"href":"https:\/\/agora.xtec.cat\/esc-vinyesverdes\/wp-json\/wp\/v2\/pages\/66"}],"wp:attachment":[{"href":"https:\/\/agora.xtec.cat\/esc-vinyesverdes\/wp-json\/wp\/v2\/media?parent=660"}],"curies":[{"name":"wp","href":"https:\/\/api.w.org\/{rel}","templated":true}]}}