{"id":605,"date":"2017-09-08T16:27:02","date_gmt":"2017-09-08T14:27:02","guid":{"rendered":"http:\/\/agora.xtec.cat\/esc-vinyesverdes\/?page_id=605"},"modified":"2024-10-03T14:22:15","modified_gmt":"2024-10-03T12:22:15","slug":"nostraescola","status":"publish","type":"page","link":"https:\/\/agora.xtec.cat\/esc-vinyesverdes\/nostraescola\/","title":{"rendered":"La nostra escola"},"content":{"rendered":"<p>Som una escola arrelada al poble de La Beguda Alta (localitat que pertany al municipi de Masquefa) que ha evolucionat tenint molt present d\u2019on venim per anar adaptant-nos a les noves realitats. Aquella petita escola rural s\u2019ha anat fent gran, sense renunciar als seus trets identitaris. Per aix\u00f2, mantenim els agrupaments c\u00edclics que permeten el modelatge entre iguals. Els aprenentatges s\u2019incorporen de forma m\u00e9s natural respectant el ritme maduratiu de cada infant.<\/p>\n<p>La nostra escola prioritza l\u2019educaci\u00f3 integral: ser, saber i conviure. Donant especial \u00e8mfasi a l\u2019educaci\u00f3 emocional i en valors com l\u2019esfor\u00e7, la const\u00e0ncia, el comprom\u00eds&#8230; Volem formar persones respectuoses, tolerants, amb sentit cr\u00edtic, aut\u00f2nomes, actives i capaces de conviure en societat. \u00a0Entenem que el conflicte \u00e9s una oportunitat per aprendre d\u2019un mateix i dels altres.<\/p>\n<p>El benestar emocional \u00e9s clau per aconseguir que l\u2019aprenentatge sigui significatiu. Utilitzem metodologies actives (racons, tallers, projectes, confer\u00e8ncies, etc.) . Amb diferents tipus d\u2019agrupaments (intercicles, internivells, nivells, petit grup, etc.). Fent-nos sentir com una gran fam\u00edlia des dels 12 mesos fins als 12 anys.<\/p>\n<p>La participaci\u00f3 i la implicaci\u00f3 de les fam\u00edlies \u00e9s estreta i constant, ja que l\u2019escola \u00e9s un referent \u00a0important dins del poble. Les fam\u00edlies intervenen en la din\u00e0mica habitual del centre mitjan\u00e7ant activitats com la Setmana Cultural o tallers&#8230; I en aspectes m\u00e9s organitzatius en els quals hi col\u00b7laboren l\u2019AMPA, les fam\u00edlies delegades&#8230;<\/p>\n<p>&nbsp;<\/p>\n<p>&nbsp;<\/p>\n","protected":false},"excerpt":{"rendered":"<p>Som una escola arrelada al poble de La Beguda Alta (localitat que pertany al municipi de Masquefa) que ha evolucionat tenint molt present d\u2019on venim per anar adaptant-nos a les noves realitats. Aquella petita escola rural s\u2019ha anat fent gran, sense renunciar als seus trets&hellip;  <a href=\"https:\/\/agora.xtec.cat\/esc-vinyesverdes\/nostraescola\/\" title=\"Read La nostra escola\">Llegeix m\u00e9s\u00bb<\/a><\/p>\n","protected":false},"author":1,"featured_media":0,"parent":0,"menu_order":3,"comment_status":"closed","ping_status":"closed","template":"page-templates\/side-menu.php","meta":{"_bbp_topic_count":0,"_bbp_reply_count":0,"_bbp_total_topic_count":0,"_bbp_total_reply_count":0,"_bbp_voice_count":0,"_bbp_anonymous_reply_count":0,"_bbp_topic_count_hidden":0,"_bbp_reply_count_hidden":0,"_bbp_forum_subforum_count":0,"footnotes":""},"class_list":["post-605","page","type-page","status-publish","hentry"],"post_mailing_queue_ids":[],"_links":{"self":[{"href":"https:\/\/agora.xtec.cat\/esc-vinyesverdes\/wp-json\/wp\/v2\/pages\/605","targetHints":{"allow":["GET"]}}],"collection":[{"href":"https:\/\/agora.xtec.cat\/esc-vinyesverdes\/wp-json\/wp\/v2\/pages"}],"about":[{"href":"https:\/\/agora.xtec.cat\/esc-vinyesverdes\/wp-json\/wp\/v2\/types\/page"}],"author":[{"embeddable":true,"href":"https:\/\/agora.xtec.cat\/esc-vinyesverdes\/wp-json\/wp\/v2\/users\/1"}],"replies":[{"embeddable":true,"href":"https:\/\/agora.xtec.cat\/esc-vinyesverdes\/wp-json\/wp\/v2\/comments?post=605"}],"version-history":[{"count":4,"href":"https:\/\/agora.xtec.cat\/esc-vinyesverdes\/wp-json\/wp\/v2\/pages\/605\/revisions"}],"predecessor-version":[{"id":3892,"href":"https:\/\/agora.xtec.cat\/esc-vinyesverdes\/wp-json\/wp\/v2\/pages\/605\/revisions\/3892"}],"wp:attachment":[{"href":"https:\/\/agora.xtec.cat\/esc-vinyesverdes\/wp-json\/wp\/v2\/media?parent=605"}],"curies":[{"name":"wp","href":"https:\/\/api.w.org\/{rel}","templated":true}]}}