{"id":598,"date":"2017-09-06T10:50:24","date_gmt":"2017-09-06T08:50:24","guid":{"rendered":"http:\/\/agora.xtec.cat\/esc-vinyesverdes\/?page_id=598"},"modified":"2025-09-08T13:25:10","modified_gmt":"2025-09-08T11:25:10","slug":"consell-escolar","status":"publish","type":"page","link":"https:\/\/agora.xtec.cat\/esc-vinyesverdes\/consell-escolar\/","title":{"rendered":"Consell Escolar"},"content":{"rendered":"<p style=\"text-align: justify;\">El Consell Escolar del centre \u00e9s l&#8217;<strong>\u00f2rgan col\u00b7legiat de participaci\u00f3<\/strong> de la comunitat escolar en el govern del centre. En el Consell Escolar hi ha representats tots els col\u00b7lectius\/sectors que intervenen en la comunitat educativa: director\/a, docents, alumnat (a partir de secund\u00e0ria), personal d&#8217;administraci\u00f3 i serveis, etc.<\/p>\n<p style=\"text-align: justify;\">En els centres p\u00fablics, la funci\u00f3 principal del Consell Escolar \u00e9s participar en la presa de decisions en relaci\u00f3 amb aquells temes importants per al funcionament i l&#8217;organitzaci\u00f3 del centre: el projecte educatiu, la programaci\u00f3 general, la gesti\u00f3 econ\u00f2mica, etc. En el cas dels centres privats concertats, el consell escolar debat, avalua, analitza i pren decisions sobre els temes proposats pel titular del centre.<\/p>\n<p style=\"text-align: justify;\">Els membres del consell escolar s\u00f3n elegits per un per\u00edode de quatre anys i es renoven per meitats cada dos anys.<\/p>\n<table style=\"width: 733px;\">\n<tbody>\n<tr style=\"height: 23px;\">\n<td style=\"height: 23px; width: 726.667px; background-color: #c2fccc;\" colspan=\"2\">\n<h3 style=\"text-align: center;\"><strong>MEMBRES DEL CONSELL ESCOLAR <\/strong><\/h3>\n<\/td>\n<\/tr>\n<tr style=\"height: 55px;\">\n<td style=\"height: 55px; text-align: center; width: 269.333px;\"><strong>Equip Directiu<\/strong><\/td>\n<td style=\"height: 55px; width: 456px;\">Margarita Zambrano, Montserrat Vila, Judith Pardo<\/td>\n<\/tr>\n<tr style=\"height: 77px;\">\n<td style=\"height: 77px; text-align: center; width: 269.333px;\"><strong>Representants Mestres<\/strong><\/td>\n<td style=\"height: 77px; width: 456px;\">Maria de Castro, , Asun Gracia, S\u00edlvia Saloni<\/td>\n<\/tr>\n<tr style=\"height: 77px;\">\n<td style=\"height: 77px; text-align: center; width: 269.333px;\"><strong>Representants Pares i Mares<\/strong><\/td>\n<td style=\"height: 77px; width: 456px;\">\n<div>Mireia, Eduardo Peverini,<\/div>\n<\/td>\n<\/tr>\n<tr style=\"height: 77px;\">\n<td style=\"height: 77px; text-align: center; width: 269.333px;\"><strong>Representant de l\u2019AMPA<\/strong><\/td>\n<td style=\"height: 77px; width: 456px;\">Noem\u00ed Cervilla<\/td>\n<\/tr>\n<tr style=\"height: 99px;\">\n<td style=\"height: 99px; text-align: center; width: 269.333px;\"><strong>Representant dels Ajuntaments<\/strong><\/td>\n<td style=\"height: 99px; width: 456px;\">Lenny Abreu (regidora d&#8217;educaci\u00f3) i Lourdes Bosch (en substituci\u00f3)<\/td>\n<\/tr>\n<tr style=\"height: 99px;\">\n<td style=\"height: 99px; width: 269.333px;\">\n<p style=\"text-align: center;\"><strong>Personal d\u2019Administraci\u00f3 i Serveis<\/strong><\/p>\n<\/td>\n<td style=\"height: 99px; width: 456px;\">Francesc Subirana<\/td>\n<\/tr>\n<\/tbody>\n<\/table>\n<p>&nbsp;<\/p>\n<table style=\"width: 740px; height: 170px;\">\n<tbody>\n<tr style=\"height: 30px;\">\n<td style=\"width: 734.667px; height: 20px; background-color: #c2fccc;\" colspan=\"2\">\n<h3 style=\"text-align: center;\"><strong>COMISSIONS DEL CONSELL ESCOLAR<\/strong><\/h3>\n<\/td>\n<\/tr>\n<tr style=\"height: 30px;\">\n<td style=\"width: 272px; height: 30px;\"><strong>Comissi\u00f3 Permanent<\/strong><\/td>\n<td style=\"width: 461.333px; height: 30px;\"><span style=\"color: #ffffff;\">Lourdes Bosch, Ingrid Nu\u00f1ez, S\u00edlvia Saloni, S\u00f2nia Sant\u00edn, Margarita Zambrano<\/span><\/td>\n<\/tr>\n<tr style=\"height: 30px;\">\n<td style=\"width: 272px; height: 30px;\"><strong>Comissi\u00f3 Econ\u00f2mica<\/strong><\/td>\n<td style=\"width: 461.333px; height: 30px;\"><span style=\"color: #ffffff;\">Amaia Mart\u00ednez, David Navarro,\u00a0Ingrid Nu\u00f1ez, S\u00f2nia Sant\u00edn,<\/span><\/td>\n<\/tr>\n<tr style=\"height: 30px;\">\n<td style=\"width: 272px; height: 30px;\"><strong>Comissi\u00f3 de Conviv\u00e8ncia<\/strong><\/td>\n<td style=\"width: 461.333px; height: 30px;\"><span style=\"color: #ffffff;\">Sandra Climent, Maria de Castro, Alex Guivernau, Ingrid Nu\u00f1ez<\/span><\/td>\n<\/tr>\n<tr style=\"height: 30px;\">\n<td style=\"width: 272px; height: 30px;\"><strong>Comissi\u00f3 Coeducaci\u00f3<\/strong><\/td>\n<td style=\"width: 461.333px; height: 30px;\"><span style=\"color: #ffffff;\">Raquel Fern\u00e0ndez, Millaray Gra\u00f1a,<\/span><\/p>\n<p><span style=\"color: #ffffff;\">Chantal Mart\u00edn, <span style=\"font-family: inherit; font-size: 0.875em;\">Ingrid Nu\u00f1ez, Helena P\u00e9rez<\/span><\/span><\/p>\n<p><span style=\"color: #ffffff;\"><strong>Referent CoCoBe:<\/strong> Judith Pardo<\/span><\/td>\n<\/tr>\n<tr style=\"height: 30px;\">\n<td style=\"width: 272px; height: 30px;\"><strong>Comissi\u00f3 Menjador<\/strong><\/td>\n<td style=\"width: 461.333px; height: 30px;\"><span style=\"color: #ffffff;\">Sandra Climent, Millaray Gra\u00f1a, Chantal Mart\u00edn, Ingrid Nu\u00f1ez, S\u00f2nia Sant\u00edn,<\/span><\/td>\n<\/tr>\n<\/tbody>\n<\/table>\n","protected":false},"excerpt":{"rendered":"<p>El Consell Escolar del centre \u00e9s l&#8217;\u00f2rgan col\u00b7legiat de participaci\u00f3 de la comunitat escolar en el govern del centre. En el Consell Escolar hi ha representats tots els col\u00b7lectius\/sectors que intervenen en la comunitat educativa: director\/a, docents, alumnat (a partir de secund\u00e0ria), personal d&#8217;administraci\u00f3 i&hellip;  <a href=\"https:\/\/agora.xtec.cat\/esc-vinyesverdes\/consell-escolar\/\" title=\"Read Consell Escolar\">Llegeix m\u00e9s\u00bb<\/a><\/p>\n","protected":false},"author":1,"featured_media":0,"parent":0,"menu_order":6,"comment_status":"closed","ping_status":"closed","template":"page-templates\/side-menu.php","meta":{"_bbp_topic_count":0,"_bbp_reply_count":0,"_bbp_total_topic_count":0,"_bbp_total_reply_count":0,"_bbp_voice_count":0,"_bbp_anonymous_reply_count":0,"_bbp_topic_count_hidden":0,"_bbp_reply_count_hidden":0,"_bbp_forum_subforum_count":0,"footnotes":""},"class_list":["post-598","page","type-page","status-publish","hentry"],"post_mailing_queue_ids":[],"_links":{"self":[{"href":"https:\/\/agora.xtec.cat\/esc-vinyesverdes\/wp-json\/wp\/v2\/pages\/598","targetHints":{"allow":["GET"]}}],"collection":[{"href":"https:\/\/agora.xtec.cat\/esc-vinyesverdes\/wp-json\/wp\/v2\/pages"}],"about":[{"href":"https:\/\/agora.xtec.cat\/esc-vinyesverdes\/wp-json\/wp\/v2\/types\/page"}],"author":[{"embeddable":true,"href":"https:\/\/agora.xtec.cat\/esc-vinyesverdes\/wp-json\/wp\/v2\/users\/1"}],"replies":[{"embeddable":true,"href":"https:\/\/agora.xtec.cat\/esc-vinyesverdes\/wp-json\/wp\/v2\/comments?post=598"}],"version-history":[{"count":6,"href":"https:\/\/agora.xtec.cat\/esc-vinyesverdes\/wp-json\/wp\/v2\/pages\/598\/revisions"}],"predecessor-version":[{"id":4478,"href":"https:\/\/agora.xtec.cat\/esc-vinyesverdes\/wp-json\/wp\/v2\/pages\/598\/revisions\/4478"}],"wp:attachment":[{"href":"https:\/\/agora.xtec.cat\/esc-vinyesverdes\/wp-json\/wp\/v2\/media?parent=598"}],"curies":[{"name":"wp","href":"https:\/\/api.w.org\/{rel}","templated":true}]}}