{"id":572,"date":"2017-09-05T20:39:16","date_gmt":"2017-09-05T18:39:16","guid":{"rendered":"http:\/\/agora.xtec.cat\/esc-vinyesverdes\/?page_id=572"},"modified":"2021-09-12T12:27:31","modified_gmt":"2021-09-12T10:27:31","slug":"tallers-de-plastica-filosofia-318","status":"publish","type":"page","link":"https:\/\/agora.xtec.cat\/esc-vinyesverdes\/activitats\/tallers-de-plastica-filosofia-318\/","title":{"rendered":"Tallers de Pl\u00e0stica"},"content":{"rendered":"<p>&nbsp;<\/p>\n<p>&nbsp;<\/p>\n<p><img loading=\"lazy\" decoding=\"async\" class=\"aligncenter size-full wp-image-2191\" src=\"https:\/\/agora.xtec.cat\/esc-vinyesverdes\/wp-content\/uploads\/usu1644\/2021\/09\/en-construccio.jpg\" alt=\"\" width=\"860\" height=\"563\" srcset=\"https:\/\/agora.xtec.cat\/esc-vinyesverdes\/wp-content\/uploads\/usu1644\/2021\/09\/en-construccio.jpg 860w, https:\/\/agora.xtec.cat\/esc-vinyesverdes\/wp-content\/uploads\/usu1644\/2021\/09\/en-construccio-300x196.jpg 300w, https:\/\/agora.xtec.cat\/esc-vinyesverdes\/wp-content\/uploads\/usu1644\/2021\/09\/en-construccio-768x503.jpg 768w\" sizes=\"auto, (max-width: 860px) 100vw, 860px\" \/><span style=\"color: #ffffff;\">El projecte d\u2019escola \u201cEns apropem als artistes\u201d desenvolupat des de l\u2019\u00e0rea d\u2019Educaci\u00f3 Art\u00edstica (Visual i Pl\u00e0stica) est\u00e0 basat en el projecte de Filosofia 3\/18. El projecte de Filosofia 3\/18 \u00e9s un curr\u00edculum sistem\u00e0tic que pret\u00e9n afavorir la pr\u00e0ctica de les habilitats de pensament mitjan\u00e7ant la reflexi\u00f3 individual i el di\u00e0leg.<\/span><\/p>\n<p><span style=\"color: #ffffff;\">L\u2019objectiu \u00e9s formar ciutadans que pensin i parlin raonablement, elements esencials per a la participaci\u00f3 democr\u00e0tica. Es treballen particularment les \u00e0rees de comprensi\u00f3, an\u00e0lisi i soluci\u00f3 de problemes, i es fa a trav\u00e9s de la filosofia com a disciplina mitjan\u00e7ant un m\u00e8tode particular d\u2019aprenentatge anomenat \u201ccomunitat de recerca\u201d. Pretenem per tant, fer que els nostres alumnes pensin millor per si mateixos des d\u2019una perspectiva democr\u00e0tica.<\/span><\/p>\n<p><span style=\"color: #ffffff;\">\u00a0<\/span><\/p>\n<p><span style=\"color: #ffffff;\">Els dos eixos de la proposta s\u00f3n les habilitats de pensament i les activitats que les concreten des de diferents \u00e0mbits (el joc, la literatura i l\u2019art).<\/span><\/p>\n<p><span style=\"color: #ffffff;\">Es treballen les habilitats de pensament com: buscar i donar raons,\u00a0 fer infer\u00e8ncies, raonar condicionalment, establir relacions de causa i efecte, usar i buscar criteris&#8230;<\/span><\/p>\n<p><span style=\"color: #ffffff;\">El treball a trav\u00e9s de l\u2019art permet:<\/span><\/p>\n<p style=\"padding-left: 30px;\"><span style=\"color: #ffffff;\">\uf0d8 Afavorir una observaci\u00f3 atenta per poder dialogar i aix\u00ed enriquir encara m\u00e9s les experi\u00e8ncies est\u00e8tiques. Es planteja aquest apartat com una aportaci\u00f3 al desenvolupament expressiu del llenguatge, especialment el llenguatge dels sentits (sensacions, formes, colors, impressions) i el conceptual de l\u2019art.<\/span><br \/>\n<span style=\"color: #ffffff;\">\uf0d8 Elaborar criteris propis, conscients i argumentats, per\u00f2 que no afecten el judici de gust.<\/span><br \/>\n<span style=\"color: #ffffff;\">\uf0d8 Afavoreix la creaci\u00f3 d\u2019un gust personal, justificat i conscient.<\/span><br \/>\n<span style=\"color: #ffffff;\">\uf0d8 Potenciar el pluralisme i el no relativisme (es poden dir coses contradict\u00f2ries d\u2019una obra, es poden sostenir dues actituds contr\u00e0ries).<\/span><\/p>\n<p>&nbsp;<\/p>\n","protected":false},"excerpt":{"rendered":"<p>&nbsp;<br \/>\n&nbsp;<br \/>\nEl projecte d\u2019escola \u201cEns apropem als artistes\u201d desenvolupat des de l\u2019\u00e0rea d\u2019Educaci\u00f3 Art\u00edstica (Visual i Pl\u00e0stica) est\u00e0 basat en el projecte de Filosofia 3\/18. El projecte de Filosofia 3\/18 \u00e9s un curr\u00edculum sistem\u00e0tic que pret\u00e9n afavorir la pr\u00e0ctica de les habilitats de pensament mitjan\u00e7ant la&hellip;  <a href=\"https:\/\/agora.xtec.cat\/esc-vinyesverdes\/activitats\/tallers-de-plastica-filosofia-318\/\" title=\"Read Tallers de Pl\u00e0stica\">Llegeix m\u00e9s\u00bb<\/a><\/p>\n","protected":false},"author":1,"featured_media":0,"parent":66,"menu_order":2,"comment_status":"closed","ping_status":"closed","template":"page-templates\/side-menu.php","meta":{"_bbp_topic_count":0,"_bbp_reply_count":0,"_bbp_total_topic_count":0,"_bbp_total_reply_count":0,"_bbp_voice_count":0,"_bbp_anonymous_reply_count":0,"_bbp_topic_count_hidden":0,"_bbp_reply_count_hidden":0,"_bbp_forum_subforum_count":0,"footnotes":""},"class_list":["post-572","page","type-page","status-publish","hentry"],"post_mailing_queue_ids":[],"_links":{"self":[{"href":"https:\/\/agora.xtec.cat\/esc-vinyesverdes\/wp-json\/wp\/v2\/pages\/572","targetHints":{"allow":["GET"]}}],"collection":[{"href":"https:\/\/agora.xtec.cat\/esc-vinyesverdes\/wp-json\/wp\/v2\/pages"}],"about":[{"href":"https:\/\/agora.xtec.cat\/esc-vinyesverdes\/wp-json\/wp\/v2\/types\/page"}],"author":[{"embeddable":true,"href":"https:\/\/agora.xtec.cat\/esc-vinyesverdes\/wp-json\/wp\/v2\/users\/1"}],"replies":[{"embeddable":true,"href":"https:\/\/agora.xtec.cat\/esc-vinyesverdes\/wp-json\/wp\/v2\/comments?post=572"}],"version-history":[{"count":3,"href":"https:\/\/agora.xtec.cat\/esc-vinyesverdes\/wp-json\/wp\/v2\/pages\/572\/revisions"}],"predecessor-version":[{"id":2193,"href":"https:\/\/agora.xtec.cat\/esc-vinyesverdes\/wp-json\/wp\/v2\/pages\/572\/revisions\/2193"}],"up":[{"embeddable":true,"href":"https:\/\/agora.xtec.cat\/esc-vinyesverdes\/wp-json\/wp\/v2\/pages\/66"}],"wp:attachment":[{"href":"https:\/\/agora.xtec.cat\/esc-vinyesverdes\/wp-json\/wp\/v2\/media?parent=572"}],"curies":[{"name":"wp","href":"https:\/\/api.w.org\/{rel}","templated":true}]}}