{"id":3481,"date":"2023-10-27T11:16:12","date_gmt":"2023-10-27T09:16:12","guid":{"rendered":"https:\/\/agora.xtec.cat\/esc-vinyesverdes\/?page_id=3481"},"modified":"2024-10-03T13:55:08","modified_gmt":"2024-10-03T11:55:08","slug":"pla-dorganitzacio-de-centre-per-altes-temperaturespocat","status":"publish","type":"page","link":"https:\/\/agora.xtec.cat\/esc-vinyesverdes\/pla-dorganitzacio-de-centre-per-altes-temperaturespocat\/","title":{"rendered":"POCAT- Pla d&#8217;Organitzaci\u00f3 de Centre per Altes Temperatures"},"content":{"rendered":"<p>Aquest \u00e9s el nostre Pla d&#8217;Organitzaci\u00f3 de Centre per Altes Temperatures (POCAT) :<\/p>\n<h3><a href=\"https:\/\/agora.xtec.cat\/esc-vinyesverdes\/wp-content\/uploads\/usu1644\/2023\/10\/POCAT.pdf\">POCAT<\/a><\/h3>\n","protected":false},"excerpt":{"rendered":"<p>Aquest \u00e9s el nostre Pla d&#8217;Organitzaci\u00f3 de Centre per Altes Temperatures (POCAT) :<br \/>\n<a href=\"https:\/\/agora.xtec.cat\/esc-vinyesverdes\/wp-content\/uploads\/usu1644\/2023\/10\/POCAT.pdf\">POCAT<\/a><\/p>\n","protected":false},"author":1,"featured_media":0,"parent":0,"menu_order":0,"comment_status":"closed","ping_status":"closed","template":"","meta":{"_bbp_topic_count":0,"_bbp_reply_count":0,"_bbp_total_topic_count":0,"_bbp_total_reply_count":0,"_bbp_voice_count":0,"_bbp_anonymous_reply_count":0,"_bbp_topic_count_hidden":0,"_bbp_reply_count_hidden":0,"_bbp_forum_subforum_count":0,"footnotes":""},"class_list":["post-3481","page","type-page","status-publish","hentry"],"post_mailing_queue_ids":[],"_links":{"self":[{"href":"https:\/\/agora.xtec.cat\/esc-vinyesverdes\/wp-json\/wp\/v2\/pages\/3481","targetHints":{"allow":["GET"]}}],"collection":[{"href":"https:\/\/agora.xtec.cat\/esc-vinyesverdes\/wp-json\/wp\/v2\/pages"}],"about":[{"href":"https:\/\/agora.xtec.cat\/esc-vinyesverdes\/wp-json\/wp\/v2\/types\/page"}],"author":[{"embeddable":true,"href":"https:\/\/agora.xtec.cat\/esc-vinyesverdes\/wp-json\/wp\/v2\/users\/1"}],"replies":[{"embeddable":true,"href":"https:\/\/agora.xtec.cat\/esc-vinyesverdes\/wp-json\/wp\/v2\/comments?post=3481"}],"version-history":[{"count":5,"href":"https:\/\/agora.xtec.cat\/esc-vinyesverdes\/wp-json\/wp\/v2\/pages\/3481\/revisions"}],"predecessor-version":[{"id":3877,"href":"https:\/\/agora.xtec.cat\/esc-vinyesverdes\/wp-json\/wp\/v2\/pages\/3481\/revisions\/3877"}],"wp:attachment":[{"href":"https:\/\/agora.xtec.cat\/esc-vinyesverdes\/wp-json\/wp\/v2\/media?parent=3481"}],"curies":[{"name":"wp","href":"https:\/\/api.w.org\/{rel}","templated":true}]}}