{"id":26,"date":"2014-09-18T12:24:32","date_gmt":"2014-09-18T11:24:32","guid":{"rendered":"http:\/\/agora.xtec.cat\/esc-vinyesverdes\/?page_id=26"},"modified":"2026-02-10T16:56:42","modified_gmt":"2026-02-10T15:56:42","slug":"organigrama","status":"publish","type":"page","link":"https:\/\/agora.xtec.cat\/esc-vinyesverdes\/organigrama\/","title":{"rendered":"Organitzaci\u00f3"},"content":{"rendered":"<h3 style=\"text-align: left;\"><span style=\"color: #008000;\">CLAUSTRE 2024-2025<\/span><\/h3>\n<table style=\"height: 126px; width: 74.9398%;\" width=\"540\">\n<tbody>\n<tr style=\"height: 33px;\">\n<td style=\"height: 10px; width: 741.333px; background-color: #c2fccc;\" colspan=\"4\">\n<h4><strong>EQUIP DIRECTIU<\/strong><\/h4>\n<\/td>\n<\/tr>\n<tr style=\"height: 33px;\">\n<td style=\"height: 50px; width: 228px;\"><strong>Directora<\/strong><\/td>\n<td style=\"height: 50px; width: 238.667px;\" colspan=\"2\">Marga Zambrano<\/td>\n<td style=\"width: 272px; height: 50px;\">a8026889@xtec.cat<\/td>\n<\/tr>\n<tr style=\"height: 33px;\">\n<td style=\"height: 33px; width: 228px;\"><strong>Cap d\u2019estudis<\/strong><\/td>\n<td style=\"height: 33px; width: 238.667px;\" colspan=\"2\">Montserrat Vila<\/td>\n<td style=\"width: 272px; height: 33px;\">a8026889@xtec.cat<\/td>\n<\/tr>\n<tr style=\"height: 33px;\">\n<td style=\"height: 33px; width: 228px;\"><strong>Secret\u00e0ria<\/strong><\/td>\n<td style=\"height: 33px; width: 238.667px;\" colspan=\"2\">Judith Pardo<\/td>\n<td style=\"width: 272px; height: 33px;\">a8026889@xtec.cat<\/td>\n<\/tr>\n<\/tbody>\n<\/table>\n<p>&nbsp;<\/p>\n<table style=\"height: 469px; width: 91.0272%;\">\n<tbody>\n<tr style=\"height: 33px;\">\n<td style=\"height: 33px; width: 127.36%; background-color: #c2fccc;\" colspan=\"4\">\n<h4><strong>MESTRES<\/strong><\/h4>\n<\/td>\n<\/tr>\n<tr style=\"height: 46px;\">\n<td style=\"width: 26.7823%; height: 61px;\"><strong>Primer Cicle Educaci\u00f3 Infantil (I1-I2)<\/strong><\/td>\n<td style=\"width: 6.55106%; height: 61px;\"><strong>\u00a0<\/strong><\/td>\n<td style=\"width: 22.736%; height: 61px;\">M. Luisa Mart\u00ednez,<\/p>\n<p>Anna Bosch<\/p>\n<p>\u00c0frica Rovira<\/td>\n<td style=\"width: 71.2909%; height: 61px;\">luisa.martinez@vinyes-verdes.cat<\/td>\n<\/tr>\n<tr style=\"height: 33px;\">\n<td style=\"height: 76px; width: 26.7823%;\" rowspan=\"3\"><strong>Segon Cicle Educaci\u00f3 Infantil (I3-I4-I5)<\/strong><\/td>\n<td style=\"height: 10px; width: 6.55106%;\">A<\/td>\n<td style=\"height: 10px; width: 22.736%;\">Sandra Climent<\/td>\n<td style=\"width: 71.2909%; height: 10px;\"><span style=\"font-weight: 400;\">sandra.climent<span class=\"\">@vinyes-verdes.ca<\/span>t<\/span><\/td>\n<\/tr>\n<tr style=\"height: 33px;\">\n<td style=\"height: 33px; width: 6.55106%;\">B<\/td>\n<td style=\"height: 33px; width: 22.736%;\">S\u00f2nia Sant\u00edn<\/td>\n<td style=\"width: 71.2909%; height: 33px;\"><span style=\"font-weight: 400;\">sonia.santin<span class=\"\">@vinyes-verdes.c<\/span>a<\/span><\/td>\n<\/tr>\n<tr style=\"height: 33px;\">\n<td style=\"width: 6.55106%; height: 33px;\">C<\/td>\n<td style=\"width: 22.736%; height: 33px;\">S\u00edlvia Saloni<\/td>\n<td style=\"width: 71.2909%; height: 33px;\">siliva.saloni@vinyes-verdes.cat<\/td>\n<\/tr>\n<tr style=\"height: 97px;\">\n<td style=\"width: 26.7823%; height: 97px;\"><strong>Refor\u00e7os d&#8217;Educaci\u00f3 Infantil<\/strong><\/td>\n<td style=\"width: 6.55106%; height: 97px;\"><\/td>\n<td style=\"width: 22.736%; height: 97px;\">Feli<\/p>\n<p>Sara Cuadrado<\/p>\n<p>Anna Bosch<\/td>\n<td style=\"width: 71.2909%; height: 97px;\">sara.cuadrado<span style=\"font-weight: 400;\">@vinyes-verdes.cat<\/span><\/p>\n<p><span style=\"font-weight: 400;\">anna.bosch<\/span><span style=\"font-weight: 400;\">@vinyes-verdes.cat<\/span><\/td>\n<\/tr>\n<tr style=\"height: 33px;\">\n<td style=\"height: 80px; width: 26.7823%;\" rowspan=\"2\"><strong>Cicle Inicial<\/strong><br \/>\n<strong><br \/>\n<\/strong><\/td>\n<td style=\"height: 47px; width: 6.55106%;\">A<\/td>\n<td style=\"height: 47px; width: 22.736%;\">\u00cdngrid N\u00fa\u00f1ez<\/td>\n<td style=\"width: 71.2909%; height: 47px;\">ingrid.nunez<span style=\"font-weight: 400;\">@vinyes-verdes.cat<\/span><\/td>\n<\/tr>\n<tr style=\"height: 33px;\">\n<td style=\"width: 6.55106%; height: 33px;\">B<\/td>\n<td style=\"width: 22.736%; height: 33px;\">Alba Tortosa<\/td>\n<td style=\"width: 71.2909%; height: 33px;\">alba.tortosa<span style=\"font-weight: 400;\">@vinyes-verdes.cat<\/span><\/td>\n<\/tr>\n<tr style=\"height: 33px;\">\n<td style=\"height: 79px; width: 26.7823%;\"><strong>Cicle Mitj\u00e0<\/strong><\/td>\n<td style=\"height: 69px; width: 6.55106%;\">A<\/td>\n<td style=\"height: 69px; width: 22.736%;\">Anna Estiarte<\/td>\n<td style=\"width: 71.2909%; height: 69px;\">anna.estiarte@vinyes-verdes.cat<\/td>\n<\/tr>\n<tr>\n<td style=\"width: 26.7823%;\"><strong>Refor\u00e7 de Cicle Mitj\u00e0<\/strong><\/td>\n<td style=\"width: 6.55106%;\"><\/td>\n<td style=\"width: 22.736%;\">Andrea Baciu<\/td>\n<td style=\"width: 71.2909%;\">andrea.baciu<span style=\"font-weight: 400;\">@vinyes-verdes.cat<\/span><\/td>\n<\/tr>\n<tr style=\"height: 33px;\">\n<td style=\"height: 43px; width: 26.7823%;\"><strong>Cicle Superior<\/strong><\/td>\n<td style=\"height: 10px; width: 6.55106%;\">A<\/td>\n<td style=\"height: 10px; width: 22.736%;\">Becky Oliva<\/td>\n<td style=\"width: 71.2909%; height: 10px;\"><span style=\"font-weight: 400;\">becky.oliva@vinyes-verdes.cat<\/span><\/td>\n<\/tr>\n<tr>\n<td style=\"width: 26.7823%;\"><strong>Refor\u00e7 de Cicle Superior<\/strong><\/td>\n<td style=\"width: 6.55106%;\"><\/td>\n<td style=\"width: 22.736%;\">Pep Ortiz<\/td>\n<td style=\"width: 71.2909%;\"><span style=\"font-weight: 400;\">pep.ortiz@vinyes-verdes.cat<\/span><\/td>\n<\/tr>\n<\/tbody>\n<\/table>\n<p>&nbsp;<\/p>\n<p>&nbsp;<\/p>\n<table style=\"width: 74.0213%; height: 175px;\">\n<tbody>\n<tr style=\"height: 33px;\">\n<td style=\"height: 33px; width: 738px; background-color: #c2fccc;\" colspan=\"4\">\n<h4><strong>ESPECIALISTES<\/strong><\/h4>\n<\/td>\n<\/tr>\n<tr style=\"height: 33px;\">\n<td style=\"height: 10px; width: 228px;\"><strong>Angl\u00e8s<\/strong><\/td>\n<td style=\"height: 10px; width: 237px;\" colspan=\"2\">Maria de Castro<\/td>\n<td style=\"width: 273px; height: 10px;\"><span style=\"font-weight: 400;\">maria.castro@vinyes-verdes.cat<\/span><\/td>\n<\/tr>\n<tr style=\"height: 33px;\">\n<td style=\"height: 33px; width: 228px;\"><strong>Educaci\u00f3 F\u00edsica<\/strong><\/td>\n<td style=\"height: 33px; width: 237px;\" colspan=\"2\">Becky Oliva<\/td>\n<td style=\"width: 273px; height: 33px;\"><span style=\"font-weight: 400;\">becky.oliva@vinyes-verdes.cat<\/span><\/td>\n<\/tr>\n<tr style=\"height: 33px;\">\n<td style=\"height: 33px; width: 228px;\"><strong>M\u00fasica<\/strong><\/td>\n<td style=\"height: 33px; width: 237px;\" colspan=\"2\">Anna Estiarte<\/td>\n<td style=\"width: 273px; height: 33px;\">anna.estiarte@vinyes-verdes.cat<\/td>\n<\/tr>\n<tr style=\"height: 33px;\">\n<td style=\"height: 33px; width: 228px;\"><strong>Suport inclusiu<\/strong><\/td>\n<td style=\"height: 33px; width: 237px;\" colspan=\"2\">Raquel Fern\u00e1ndez<\/td>\n<td style=\"width: 273px; height: 33px;\">raquel.fernandez@vinyes-verdes.cat<\/td>\n<\/tr>\n<tr style=\"height: 33px;\">\n<td style=\"height: 33px; width: 228px;\"><strong>Religi\u00f3<\/strong><\/td>\n<td style=\"height: 33px; width: 237px;\" colspan=\"2\">Maite Montagut<\/td>\n<td style=\"width: 273px; height: 33px;\">maite.montagut@vinyes-verdes.cat<\/td>\n<\/tr>\n<\/tbody>\n<\/table>\n<p>&nbsp;<\/p>\n<table style=\"height: 198px; width: 466.889px;\">\n<tbody>\n<tr style=\"height: 33px;\">\n<td style=\"height: 33px; width: 462.222px; background-color: #c2fccc;\" colspan=\"3\">\n<h4><strong>COORDINADORS\/ES<\/strong><strong style=\"font-family: inherit; font-size: 0.875em;\">\u00a0<\/strong><\/h4>\n<\/td>\n<\/tr>\n<tr style=\"height: 33px;\">\n<td style=\"height: 33px; width: 227.407px;\"><strong>Infantil<\/strong><\/td>\n<td style=\"height: 33px; width: 233.333px;\" colspan=\"2\">S\u00edlvia Saloni<\/td>\n<\/tr>\n<tr style=\"height: 33px;\">\n<td style=\"height: 33px; width: 227.407px;\"><strong>Prim\u00e0ria<\/strong><\/td>\n<td style=\"height: 33px; width: 233.333px;\" colspan=\"2\">Raquel Fern\u00e1ndez<\/td>\n<\/tr>\n<tr style=\"height: 33px;\">\n<td style=\"height: 33px; width: 227.407px;\"><strong>Digital<\/strong><\/td>\n<td style=\"height: 33px; width: 233.333px;\" colspan=\"2\">Maria de Castro<\/td>\n<\/tr>\n<tr style=\"height: 33px;\">\n<td style=\"height: 33px; width: 227.407px;\"><strong>Riscos<\/strong><\/td>\n<td style=\"height: 33px; width: 233.333px;\" colspan=\"2\">S\u00f2nia Sant\u00edn<\/td>\n<\/tr>\n<tr style=\"height: 33px;\">\n<td style=\"height: 33px; width: 227.407px;\"><strong>LIC<\/strong><\/td>\n<td style=\"height: 33px;\" colspan=\"2\">Pep Ortiz<\/td>\n<\/tr>\n<tr>\n<td style=\"width: 227.407px;\"><strong>Cocobe<\/strong><\/td>\n<td style=\"width: 233.333px;\" colspan=\"2\">Sandra Climent<\/td>\n<\/tr>\n<\/tbody>\n<\/table>\n<p>&nbsp;<\/p>\n<p><span style=\"font-size: medium;\">A l&#8217;escola tamb\u00e9 hi ha altres professionals necessaris pel bon funcionament del centre i que alhora intervenen en l&#8217;educaci\u00f3 dels nostres alumnes.<\/span><\/p>\n<ul>\n<li><span style=\"font-size: medium;\"><b>Conserge<\/b>: Francesc Subirana<\/span><\/li>\n<li><span style=\"font-size: medium;\"><b>Administrativa<\/b>: J\u00falia Martin<\/span><\/li>\n<li><span style=\"font-size: medium;\"><b>Psicopedagog de l&#8217;EAP<\/b>: Alejandro Pino<\/span><\/li>\n<li><span style=\"font-size: medium;\"><b>Vetlladores<\/b>: Adriana Dormu\u00e0 i Eva Mart\u00edn<\/span><\/li>\n<li><span style=\"font-size: medium;\"><b>Cuinera<\/b>: Mariona Ort\u00edn<\/span><\/li>\n<li><span style=\"font-size: medium;\"><b>Monitores del menjador i acollida<\/b>:\u00a0 Gema Marin, Patricia Tormo, Adriana Dormu\u00e0.<\/span><\/li>\n<li><strong>Coordinadora pedag\u00f2gica FUNDESPLAI<\/strong>: Pati Hern\u00e1ndez<\/li>\n<li><span style=\"font-size: medium;\"><b>Personal de neteja<\/b>: M\u00aa del Mar, Magnolia, S\u00f2nia i Sara<\/span><\/li>\n<\/ul>\n","protected":false},"excerpt":{"rendered":"<p>CLAUSTRE 2024-2025<\/p>\n<p>EQUIP DIRECTIU<\/p>\n<p>Directora<br \/>\nMarga Zambrano<br \/>\na8026889@xtec.cat<\/p>\n<p>Cap d\u2019estudis<br \/>\nMontserrat Vila<br \/>\na8026889@xtec.cat<\/p>\n<p>Secret\u00e0ria<br \/>\nJudith Pardo<br \/>\na8026889@xtec.cat<\/p>\n<p>&nbsp;<\/p>\n<p>MESTRES<\/p>\n<p>Primer Cicle Educaci\u00f3 Infantil (I1-I2)<br \/>\n\u00a0<br \/>\nM. Luisa Mart\u00ednez,<br \/>\nAnna Bosch<br \/>\n\u00c0frica Rovira<br \/>\nluisa.martinez@vinyes-verdes.cat<\/p>\n<p>Segon Cicle Educaci\u00f3 Infantil (I3-I4-I5)<br \/>\nA<br \/>\nSandra Climent<br \/>\nsandra.climent@vinyes-verdes.cat<\/p>\n<p>B<br \/>\nS\u00f2nia Sant\u00edn<br \/>\nsonia.santin@vinyes-verdes.ca<\/p>\n<p>C<br \/>\nS\u00edlvia Saloni<br \/>\nsiliva.saloni@vinyes-verdes.cat<\/p>\n<p>Refor\u00e7os d&#8217;Educaci\u00f3 Infantil<\/p>\n<p>Feli<br \/>\nSara Cuadrado<br \/>\nAnna Bosch<br \/>\nsara.cuadrado@vinyes-verdes.cat<br \/>\nanna.bosch@vinyes-verdes.cat<\/p>\n<p>Cicle Inicial<\/p>\n<p>A<br \/>\n\u00cdngrid N\u00fa\u00f1ez<br \/>\ningrid.nunez@vinyes-verdes.cat<\/p>\n<p>B<br \/>\nAlba Tortosa<br \/>\nalba.tortosa@vinyes-verdes.cat<\/p>\n<p>Cicle Mitj\u00e0<br \/>\nA<br \/>\nAnna Estiarte<br \/>\nanna.estiarte@vinyes-verdes.cat<\/p>\n<p>Refor\u00e7 de Cicle Mitj\u00e0<\/p>\n<p>Andrea Baciu<br \/>\nandrea.baciu@vinyes-verdes.cat<\/p>\n<p>Cicle Superior<br \/>\nA<br \/>\nBecky Oliva<br \/>\nbecky.oliva@vinyes-verdes.cat<\/p>\n<p>Refor\u00e7 de Cicle Superior<\/p>\n<p>Pep Ortiz<br \/>\npep.ortiz@vinyes-verdes.cat<\/p>\n<p>&nbsp;<br \/>\n&nbsp;<\/p>\n<p>ESPECIALISTES<\/p>\n<p>Angl\u00e8s<br \/>\nMaria de Castro<br \/>\nmaria.castro@vinyes-verdes.cat<\/p>\n<p>Educaci\u00f3 F\u00edsica<br \/>\nBecky Oliva<br \/>\nbecky.oliva@vinyes-verdes.cat<\/p>\n<p>M\u00fasica<br \/>\nAnna&hellip;  <a href=\"https:\/\/agora.xtec.cat\/esc-vinyesverdes\/organigrama\/\" title=\"Read Organitzaci\u00f3\">Llegeix m\u00e9s\u00bb<\/a><\/p>\n","protected":false},"author":1,"featured_media":0,"parent":0,"menu_order":3,"comment_status":"closed","ping_status":"closed","template":"page-templates\/side-menu.php","meta":{"_bbp_topic_count":0,"_bbp_reply_count":0,"_bbp_total_topic_count":0,"_bbp_total_reply_count":0,"_bbp_voice_count":0,"_bbp_anonymous_reply_count":0,"_bbp_topic_count_hidden":0,"_bbp_reply_count_hidden":0,"_bbp_forum_subforum_count":0,"footnotes":""},"class_list":["post-26","page","type-page","status-publish","hentry"],"post_mailing_queue_ids":[],"_links":{"self":[{"href":"https:\/\/agora.xtec.cat\/esc-vinyesverdes\/wp-json\/wp\/v2\/pages\/26","targetHints":{"allow":["GET"]}}],"collection":[{"href":"https:\/\/agora.xtec.cat\/esc-vinyesverdes\/wp-json\/wp\/v2\/pages"}],"about":[{"href":"https:\/\/agora.xtec.cat\/esc-vinyesverdes\/wp-json\/wp\/v2\/types\/page"}],"author":[{"embeddable":true,"href":"https:\/\/agora.xtec.cat\/esc-vinyesverdes\/wp-json\/wp\/v2\/users\/1"}],"replies":[{"embeddable":true,"href":"https:\/\/agora.xtec.cat\/esc-vinyesverdes\/wp-json\/wp\/v2\/comments?post=26"}],"version-history":[{"count":6,"href":"https:\/\/agora.xtec.cat\/esc-vinyesverdes\/wp-json\/wp\/v2\/pages\/26\/revisions"}],"predecessor-version":[{"id":4679,"href":"https:\/\/agora.xtec.cat\/esc-vinyesverdes\/wp-json\/wp\/v2\/pages\/26\/revisions\/4679"}],"wp:attachment":[{"href":"https:\/\/agora.xtec.cat\/esc-vinyesverdes\/wp-json\/wp\/v2\/media?parent=26"}],"curies":[{"name":"wp","href":"https:\/\/api.w.org\/{rel}","templated":true}]}}